{"id":2052,"date":"2025-08-20T13:49:16","date_gmt":"2025-08-20T13:49:16","guid":{"rendered":"https:\/\/www.sotopmachine.com\/?post_type=product&#038;p=2052"},"modified":"2025-08-31T03:49:14","modified_gmt":"2025-08-31T03:49:14","slug":"automatic-concrete-brick-making-machine-qt5","status":"publish","type":"product","link":"https:\/\/www.sotopmachine.com\/ar\/product\/automatic-concrete-brick-making-machine-qt5\/","title":{"rendered":"\u0645\u0627\u0643\u064a\u0646\u0629 \u0635\u0646\u0639 \u0627\u0644\u0637\u0648\u0628 \u0627\u0644\u062e\u0631\u0633\u0627\u0646\u064a \u0627\u0644\u0623\u0648\u062a\u0648\u0645\u0627\u062a\u064a\u0643\u064a\u0629 - QT5"},"content":{"rendered":"<figure class=\"wp-block-table\"><table class=\"has-fixed-layout\"><tbody><tr><td class=\"has-text-align-center\" data-align=\"center\">\u0628\u064f\u0639\u062f \u0627\u0644\u062c\u0647\u0627\u0632 \u0627\u0644\u0645\u0636\u064a\u0641<\/td><td class=\"has-text-align-center\" data-align=\"center\">2900 \u00d7 2280 \u00d7 2650 (\u0645\u0645)<\/td><td class=\"has-text-align-center\" data-align=\"center\">\u0637\u0627\u0642\u0629 \u0627\u0644\u062c\u0647\u0627\u0632 \u0627\u0644\u0645\u0636\u064a\u0641<\/td><td class=\"has-text-align-center\" data-align=\"center\">41.1 (\u0643\u064a\u0644\u0648\u0648\u0627\u0637)<\/td><\/tr><tr><td class=\"has-text-align-center\" data-align=\"center\">\u0645\u0646\u0637\u0642\u0629 \u0627\u0644\u062a\u0634\u0643\u064a\u0644<\/td><td class=\"has-text-align-center\" data-align=\"center\">1000 \u00d7 550 (\u0645\u0645)<\/td><td class=\"has-text-align-center\" data-align=\"center\">\u0642\u0648\u0629 \u0627\u0644\u0627\u0647\u062a\u0632\u0627\u0632<\/td><td class=\"has-text-align-center\" data-align=\"center\">45-65 (\u0643 \u0646)<\/td><\/tr><tr><td class=\"has-text-align-center\" data-align=\"center\">\u0641\u062a\u0631\u0629 \u0627\u0644\u062a\u0634\u0643\u064a\u0644<\/td><td class=\"has-text-align-center\" data-align=\"center\">15-20(S)<\/td><td class=\"has-text-align-center\" data-align=\"center\">\u0645\u0646\u0637\u0642\u0629 \u0627\u0644\u0645\u0635\u0646\u0639<\/td><td class=\"has-text-align-center\" data-align=\"center\">600(\u33a1) <\/td><\/tr><tr><td class=\"has-text-align-center\" data-align=\"center\">\u0645\u0648\u0627\u0635\u0641\u0627\u062a \u0627\u0644\u0645\u0646\u0635\u0629 \u0627\u0644\u0646\u0642\u0627\u0644\u0629<\/td><td class=\"has-text-align-center\" data-align=\"center\">1100 \u00d7 580 \u00d7 20 \u00d7 20\/25 (\u0645\u0645)<\/td><td class=\"has-text-align-center\" data-align=\"center\">\u0627\u0644\u0637\u0627\u0642\u0629 \u0627\u0644\u0627\u0633\u062a\u064a\u0639\u0627\u0628\u064a\u0629<\/td><td class=\"has-text-align-center\" data-align=\"center\">80 (\u0643\u064a\u0644\u0648 \u0641\u0648\u0644\u062a \u0623\u0645\u0628\u064a\u0631)<\/td><\/tr><tr><td class=\"has-text-align-center\" data-align=\"center\">\u0648\u0632\u0646 \u0627\u0644\u0645\u0627\u0643\u064a\u0646\u0629<\/td><td class=\"has-text-align-center\" data-align=\"center\">7.8(T)<\/td><td class=\"has-text-align-center\" data-align=\"center\">\u0637\u0631\u0627\u0632 \u0627\u0644\u062e\u0644\u0627\u0637<\/td><td class=\"has-text-align-center\" data-align=\"center\">JS500<\/td><\/tr><\/tbody><\/table><\/figure>\n\n\n\n<figure class=\"wp-block-table aligncenter\"><table class=\"has-fixed-layout\"><tbody><tr><td class=\"has-text-align-center\" data-align=\"center\">\u0627\u0644\u0646\u0648\u0639 (\u0635\u0644\u0628\/\u062c\u0648\u0641\u0627\u0621)<\/td><td class=\"has-text-align-center\" data-align=\"center\">\u0627\u0644\u0645\u0648\u0627\u0635\u0641\u0627\u062a (\u0645\u0645)<\/td><td class=\"has-text-align-center\" data-align=\"center\">\u0623\u062c\u0647\u0632\u0629 \u0627\u0644\u0643\u0645\u0628\u064a\u0648\u062a\u0631\/\u0627\u0644\u0642\u0627\u0644\u0628<\/td><td class=\"has-text-align-center\" data-align=\"center\">\u0642\/\u0642\u0627\u0644\u0628<\/td><td class=\"has-text-align-center\" data-align=\"center\">\u0623\u062c\u0647\u0632\u0629 \u0627\u0644\u0643\u0645\u0628\u064a\u0648\u062a\u0631\/\u0627\u0644\u0633\u0627\u0639\u0629<\/td><td class=\"has-text-align-center\" data-align=\"center\">8 \u0633\u0627\u0639\u0627\u062a\/\u0645\u062e\u0631\u062c\u0627\u062a \u0627\u0644\u0641\u0635\u0644 \u0627\u0644\u062f\u0631\u0627\u0633\u064a<\/td><\/tr><tr><td class=\"has-text-align-center\" data-align=\"center\"><img decoding=\"async\" width=\"40\" height=\"40\" class=\"wp-image-2200\" style=\"width: 40px;\" src=\"https:\/\/www.sotopmachine.com\/wp-content\/uploads\/2025\/08\/solid-brick.webp\" alt=\"\" srcset=\"https:\/\/www.sotopmachine.com\/wp-content\/uploads\/2025\/08\/solid-brick.webp 255w, https:\/\/www.sotopmachine.com\/wp-content\/uploads\/2025\/08\/solid-brick-150x150.webp 150w\" sizes=\"(max-width: 40px) 100vw, 40px\" \/><\/td><td class=\"has-text-align-center\" data-align=\"center\">240\u00d7115\u00d7115\u00d753<\/td><td class=\"has-text-align-center\" data-align=\"center\">32<\/td><td class=\"has-text-align-center\" data-align=\"center\">15-20<\/td><td class=\"has-text-align-center\" data-align=\"center\">6000-7500<\/td><td class=\"has-text-align-center\" data-align=\"center\">48000-60000<\/td><\/tr><tr><td class=\"has-text-align-center\" data-align=\"center\"><img decoding=\"async\" width=\"40\" height=\"40\" class=\"wp-image-2262\" style=\"width: 40px;\" src=\"https:\/\/www.sotopmachine.com\/wp-content\/uploads\/2025\/08\/hollow-BRICK.webp\" alt=\"\" srcset=\"https:\/\/www.sotopmachine.com\/wp-content\/uploads\/2025\/08\/hollow-BRICK.webp 255w, https:\/\/www.sotopmachine.com\/wp-content\/uploads\/2025\/08\/hollow-BRICK-150x150.webp 150w\" sizes=\"(max-width: 40px) 100vw, 40px\" \/><\/td><td class=\"has-text-align-center\" data-align=\"center\">390 \u00d7 190 \u00d7 190 \u00d7 190<\/td><td class=\"has-text-align-center\" data-align=\"center\">5<\/td><td class=\"has-text-align-center\" data-align=\"center\">15-20<\/td><td class=\"has-text-align-center\" data-align=\"center\">900-1200<\/td><td class=\"has-text-align-center\" data-align=\"center\">7200-9600<\/td><\/tr><tr><td class=\"has-text-align-center\" data-align=\"center\"><img decoding=\"async\" width=\"40\" height=\"40\" class=\"wp-image-2263\" style=\"width: 40px;\" src=\"https:\/\/www.sotopmachine.com\/wp-content\/uploads\/2025\/08\/8-hole-hollow-brick.webp\" alt=\"\" srcset=\"https:\/\/www.sotopmachine.com\/wp-content\/uploads\/2025\/08\/8-hole-hollow-brick.webp 255w, https:\/\/www.sotopmachine.com\/wp-content\/uploads\/2025\/08\/8-hole-hollow-brick-150x150.webp 150w\" sizes=\"(max-width: 40px) 100vw, 40px\" \/><\/td><td class=\"has-text-align-center\" data-align=\"center\">240\u00d7115\u00d7115\u00d790<\/td><td class=\"has-text-align-center\" data-align=\"center\">15<\/td><td class=\"has-text-align-center\" data-align=\"center\">15-20<\/td><td class=\"has-text-align-center\" data-align=\"center\">2700-3600<\/td><td class=\"has-text-align-center\" data-align=\"center\">216000-28800<\/td><\/tr><tr><td class=\"has-text-align-center\" data-align=\"center\"><img loading=\"lazy\" decoding=\"async\" width=\"40\" height=\"40\" class=\"wp-image-2264\" style=\"width: 40px;\" src=\"https:\/\/www.sotopmachine.com\/wp-content\/uploads\/2025\/08\/150x100x100.webp\" alt=\"\" srcset=\"https:\/\/www.sotopmachine.com\/wp-content\/uploads\/2025\/08\/150x100x100.webp 255w, https:\/\/www.sotopmachine.com\/wp-content\/uploads\/2025\/08\/150x100x100-150x150.webp 150w\" sizes=\"(max-width: 40px) 100vw, 40px\" \/><\/td><td class=\"has-text-align-center\" data-align=\"center\">150 \u00d7 100 \u00d7 100 \u00d7 100<\/td><td class=\"has-text-align-center\" data-align=\"center\">27<\/td><td class=\"has-text-align-center\" data-align=\"center\">15-20<\/td><td class=\"has-text-align-center\" data-align=\"center\">4860-6480<\/td><td class=\"has-text-align-center\" data-align=\"center\">38880-51840<\/td><\/tr><tr><td class=\"has-text-align-center\" data-align=\"center\"><img loading=\"lazy\" decoding=\"async\" width=\"40\" height=\"40\" class=\"wp-image-2265\" style=\"width: 40px;\" src=\"https:\/\/www.sotopmachine.com\/wp-content\/uploads\/2025\/08\/190x190x190.webp\" alt=\"\" srcset=\"https:\/\/www.sotopmachine.com\/wp-content\/uploads\/2025\/08\/190x190x190.webp 255w, https:\/\/www.sotopmachine.com\/wp-content\/uploads\/2025\/08\/190x190x190-150x150.webp 150w\" sizes=\"(max-width: 40px) 100vw, 40px\" \/><\/td><td class=\"has-text-align-center\" data-align=\"center\">190 \u00d7 190 \u00d7 190 \u00d7 190 \u00d7 190<br><\/td><td class=\"has-text-align-center\" data-align=\"center\">10<\/td><td class=\"has-text-align-center\" data-align=\"center\">15-20<\/td><td class=\"has-text-align-center\" data-align=\"center\">1800-2400<\/td><td class=\"has-text-align-center\" data-align=\"center\">14400-19200<\/td><\/tr><tr><td class=\"has-text-align-center\" data-align=\"center\"><img loading=\"lazy\" decoding=\"async\" width=\"40\" height=\"40\" class=\"wp-image-2266\" style=\"width: 40px;\" src=\"https:\/\/www.sotopmachine.com\/wp-content\/uploads\/2025\/08\/Solid-lawn-bricks.webp\" alt=\"\" srcset=\"https:\/\/www.sotopmachine.com\/wp-content\/uploads\/2025\/08\/Solid-lawn-bricks.webp 255w, https:\/\/www.sotopmachine.com\/wp-content\/uploads\/2025\/08\/Solid-lawn-bricks-150x150.webp 150w\" sizes=\"(max-width: 40px) 100vw, 40px\" \/><\/td><td class=\"has-text-align-center\" data-align=\"center\">200 \u00d7 100 \u00d7 60<\/td><td class=\"has-text-align-center\" data-align=\"center\">20<\/td><td class=\"has-text-align-center\" data-align=\"center\">20-25<\/td><td class=\"has-text-align-center\" data-align=\"center\">2880-3600<\/td><td class=\"has-text-align-center\" data-align=\"center\">23040-28800<\/td><\/tr><tr><td class=\"has-text-align-center\" data-align=\"center\"><img loading=\"lazy\" decoding=\"async\" width=\"40\" height=\"40\" class=\"wp-image-2267\" style=\"width: 40px;\" src=\"https:\/\/www.sotopmachine.com\/wp-content\/uploads\/2025\/08\/lawn-bricks.webp\" alt=\"\" srcset=\"https:\/\/www.sotopmachine.com\/wp-content\/uploads\/2025\/08\/lawn-bricks.webp 255w, https:\/\/www.sotopmachine.com\/wp-content\/uploads\/2025\/08\/lawn-bricks-150x150.webp 150w\" sizes=\"(max-width: 40px) 100vw, 40px\" \/><\/td><td class=\"has-text-align-center\" data-align=\"center\">200\u00d7200\u00d7200\u00d760<\/td><td class=\"has-text-align-center\" data-align=\"center\">10<\/td><td class=\"has-text-align-center\" data-align=\"center\">20-25<\/td><td class=\"has-text-align-center\" data-align=\"center\">1440-1800<\/td><td class=\"has-text-align-center\" data-align=\"center\">11520-14400<\/td><\/tr><\/tbody><\/table><\/figure>","protected":false},"featured_media":2053,"parent":0,"template":"","meta":{"_acf_changed":true,"site-sidebar-layout":"default","site-content-layout":"","ast-site-content-layout":"default","site-content-style":"default","site-sidebar-style":"default","ast-global-header-display":"","ast-banner-title-visibility":"","ast-main-header-display":"","ast-hfb-above-header-display":"","ast-hfb-below-header-display":"","ast-hfb-mobile-header-display":"","site-post-title":"","ast-breadcrumbs-content":"","ast-featured-img":"","footer-sml-layout":"","theme-transparent-header-meta":"","adv-header-id-meta":"","stick-header-meta":"","header-above-stick-meta":"","header-main-stick-meta":"","header-below-stick-meta":"","astra-migrate-meta-layouts":"set","ast-page-background-enabled":"default","ast-page-background-meta":{"desktop":{"background-color":"var(--ast-global-color-4)","background-image":"","background-repeat":"repeat","background-position":"center center","background-size":"auto","background-attachment":"scroll","background-type":"","background-media":"","overlay-type":"","overlay-color":"","overlay-opacity":"","overlay-gradient":""},"tablet":{"background-color":"","background-image":"","background-repeat":"repeat","background-position":"center center","background-size":"auto","background-attachment":"scroll","background-type":"","background-media":"","overlay-type":"","overlay-color":"","overlay-opacity":"","overlay-gradient":""},"mobile":{"background-color":"","background-image":"","background-repeat":"repeat","background-position":"center center","background-size":"auto","background-attachment":"scroll","background-type":"","background-media":"","overlay-type":"","overlay-color":"","overlay-opacity":"","overlay-gradient":""}},"ast-content-background-meta":{"desktop":{"background-color":"var(--ast-global-color-5)","background-image":"","background-repeat":"repeat","background-position":"center center","background-size":"auto","background-attachment":"scroll","background-type":"","background-media":"","overlay-type":"","overlay-color":"","overlay-opacity":"","overlay-gradient":""},"tablet":{"background-color":"var(--ast-global-color-5)","background-image":"","background-repeat":"repeat","background-position":"center center","background-size":"auto","background-attachment":"scroll","background-type":"","background-media":"","overlay-type":"","overlay-color":"","overlay-opacity":"","overlay-gradient":""},"mobile":{"background-color":"var(--ast-global-color-5)","background-image":"","background-repeat":"repeat","background-position":"center center","background-size":"auto","background-attachment":"scroll","background-type":"","background-media":"","overlay-type":"","overlay-color":"","overlay-opacity":"","overlay-gradient":""}}},"product-categores":[78],"class_list":["post-2052","product","type-product","status-publish","has-post-thumbnail","hentry","product-categores-brick-machine"],"acf":[],"_links":{"self":[{"href":"https:\/\/www.sotopmachine.com\/ar\/wp-json\/wp\/v2\/product\/2052","targetHints":{"allow":["GET"]}}],"collection":[{"href":"https:\/\/www.sotopmachine.com\/ar\/wp-json\/wp\/v2\/product"}],"about":[{"href":"https:\/\/www.sotopmachine.com\/ar\/wp-json\/wp\/v2\/types\/product"}],"wp:featuredmedia":[{"embeddable":true,"href":"https:\/\/www.sotopmachine.com\/ar\/wp-json\/wp\/v2\/media\/2053"}],"wp:attachment":[{"href":"https:\/\/www.sotopmachine.com\/ar\/wp-json\/wp\/v2\/media?parent=2052"}],"wp:term":[{"taxonomy":"product-categores","embeddable":true,"href":"https:\/\/www.sotopmachine.com\/ar\/wp-json\/wp\/v2\/product-categores?post=2052"}],"curies":[{"name":"\u062f\u0628\u0644\u064a\u0648 \u0628\u064a","href":"https:\/\/api.w.org\/{rel}","templated":true}]}}