{"id":2320,"date":"2025-09-01T15:20:09","date_gmt":"2025-09-01T15:20:09","guid":{"rendered":"https:\/\/www.sotopmachine.com\/?post_type=product&#038;p=2320"},"modified":"2025-09-01T15:20:11","modified_gmt":"2025-09-01T15:20:11","slug":"hollow-block-molds","status":"publish","type":"product","link":"https:\/\/www.sotopmachine.com\/ar\/product\/hollow-block-molds\/","title":{"rendered":"\u0642\u0648\u0627\u0644\u0628 \u0627\u0644\u0643\u062a\u0644 \u0627\u0644\u0645\u062c\u0648\u0641\u0629"},"content":{"rendered":"<p>\u0642\u0648\u0627\u0644\u0628 \u0627\u0644\u0628\u0644\u0648\u0643 \u0627\u0644\u0645\u062c\u0648\u0641\u0629 \u0645\u0646 SOTOP \u0645\u062a\u0639\u062f\u062f\u0629 \u0627\u0644\u0627\u0633\u062a\u062e\u062f\u0627\u0645\u0627\u062a \u0644\u0645\u062e\u062a\u0644\u0641 \u0627\u0644\u0645\u0648\u0627\u062f \u0627\u0644\u062e\u0627\u0645\u060c \u0628\u0645\u0627 \u0641\u064a \u0630\u0644\u0643 \u0627\u0644\u062a\u0631\u0628\u0629 \u0648\u0627\u0644\u062d\u0635\u0649 \u0648\u0627\u0644\u0623\u0633\u0645\u0646\u062a \u0648\u0627\u0644\u0631\u0643\u0627\u0645 \u0648\u0627\u0644\u0645\u062e\u0644\u0641\u0627\u062a \u0627\u0644\u0635\u0646\u0627\u0639\u064a\u0629\u060c \u0645\u0645\u0627 \u064a\u0646\u062a\u062c \u0642\u0648\u0627\u0644\u0628 \u0628\u0644\u0648\u0643\u0627\u062a \u0635\u062f\u064a\u0642\u0629 \u0644\u0644\u0628\u064a\u0626\u0629 \u0648\u0639\u0627\u0644\u064a\u0629 \u0627\u0644\u0642\u0648\u0629 \u0644\u0644\u0628\u0646\u0627\u0621 \u0648\u062a\u0646\u0633\u064a\u0642 \u0627\u0644\u062d\u062f\u0627\u0626\u0642\u060c \u0648\u0643\u0644 \u0630\u0644\u0643 \u0645\u0646 \u0634\u0631\u0643\u0629 \u0631\u0627\u0626\u062f\u0629 \u0641\u064a \u062a\u0635\u0646\u064a\u0639 \u0642\u0648\u0627\u0644\u0628 \u0627\u0644\u0628\u0644\u0648\u0643 \u0627\u0644\u0645\u062c\u0648\u0641\u0629.<\/p>\n\n\n\n<p><strong>\u0627\u0644\u0645\u0648\u0627\u0635\u0641\u0627\u062a \u0627\u0644\u0641\u0646\u064a\u0629<\/strong>:<\/p>\n\n\n\n<ul class=\"wp-block-list\">\n<li>\u062e\u064a\u0627\u0631\u0627\u062a \u0627\u0644\u0645\u0648\u0627\u062f: \u0633\u0628\u0627\u0626\u0643 \u0641\u0648\u0644\u0627\u0630 \u0639\u0627\u0644\u064a \u0627\u0644\u062c\u0648\u062f\u0629 \u0645\u0642\u0627\u0648\u0645 \u0644\u0644\u062a\u0622\u0643\u0644\u060c \u0623\u0648 \u0628\u0644\u0627\u0633\u062a\u064a\u0643 ABS \u0627\u0644\u0647\u0646\u062f\u0633\u064a \u0627\u0644\u0642\u0627\u0626\u0645 \u0639\u0644\u0649 \u0627\u0644\u0623\u0633\u0645\u0646\u062a\u060c \u0623\u0648 \u0645\u0648\u0627\u062f \u0647\u062c\u064a\u0646\u0629 \u0642\u0627\u0628\u0644\u0629 \u0644\u0644\u062a\u062e\u0635\u064a\u0635.<\/li>\n\n\n\n<li>\u062a\u0635\u0646\u064a\u0641 \u0627\u0644\u0635\u0644\u0627\u0628\u0629: 62-68HRC (\u0635\u0644\u0627\u0628\u0629 \u0639\u0644\u0628\u0629 \u0645\u0642\u0648\u0627\u0629 \u0644\u0644\u0645\u062a\u0627\u0646\u0629 \u0627\u0644\u0642\u0635\u0648\u0649).<\/li>\n\n\n\n<li>\u062e\u0644\u0648\u0635 \u062d\u0630\u0627\u0621 \u0627\u0644\u0639\u0628\u062b: 0.5 - 0.8 \u0645\u0645 (\u0642\u0627\u0628\u0644 \u0644\u0644\u062a\u0639\u062f\u064a\u0644 \u0644\u0644\u0636\u063a\u0637 \u0627\u0644\u0623\u0645\u062b\u0644).<\/li>\n\n\n\n<li>\u0623\u0628\u0639\u0627\u062f \u0627\u0644\u0642\u0627\u0644\u0628: \u0642\u0627\u0628\u0644\u0629 \u0644\u0644\u062a\u062e\u0635\u064a\u0635 (\u0639\u0644\u0649 \u0633\u0628\u064a\u0644 \u0627\u0644\u0645\u062b\u0627\u0644\u060c \u0627\u0644\u0623\u062d\u062c\u0627\u0645 \u0627\u0644\u0642\u064a\u0627\u0633\u064a\u0629: 390 \u00d7 190 \u00d7 190 \u00d7 190 \u0645\u0645 \u0644\u0644\u0637\u0648\u0628 \u0627\u0644\u0645\u062c\u0648\u0641\u060c \u0648240 \u00d7 160 \u00d7 160 \u00d7 160 \u0645\u0645 \u0644\u0623\u062d\u062c\u0627\u0631 \u0627\u0644\u0631\u0635\u0641\u061b \u064a\u062a\u0631\u0627\u0648\u062d \u0627\u0644\u0637\u0648\u0644 120-400 \u0645\u0645\u060c \u0648\u0627\u0644\u0633\u0645\u0627\u0643\u0629 3-8 \u0645\u0645).<\/li>\n\n\n\n<li>\u0635\u0641\u064a\u062d\u0629 \u062a\u062b\u0628\u064a\u062a \u0627\u0644\u0634\u0628\u0643\u0629: \u0645\u0644\u0648\u0644\u0628\u0629 \u0648\u0642\u0627\u0628\u0644\u0629 \u0644\u0644\u062a\u063a\u064a\u064a\u0631 \u0644\u0644\u0627\u0633\u062a\u0628\u062f\u0627\u0644 \u0627\u0644\u0633\u0631\u064a\u0639.<\/li>\n\n\n\n<li>\u062d\u0630\u0627\u0621 \u0627\u0644\u062a\u0622\u0643\u0644: \u0642\u0627\u0628\u0644 \u0644\u0644\u062a\u063a\u064a\u064a\u0631\u060c \u0645\u0639 \u0637\u0644\u0627\u0621 \u0627\u062e\u062a\u064a\u0627\u0631\u064a \u0645\u0636\u0627\u062f \u0644\u0644\u062a\u0622\u0643\u0644.<\/li>\n\n\n\n<li>\u062a\u0635\u0645\u064a\u0645 \u0648\u0631\u0642\u0629 \u0627\u0644\u0633\u062d\u0628: \u0627\u062e\u062a\u064a\u0627\u0631\u064a \u0644\u062a\u062d\u0633\u064a\u0646 \u062a\u062d\u0631\u064a\u0631 \u0627\u0644\u0643\u062a\u0644\u0629 \u0648\u062a\u0642\u0644\u064a\u0644 \u0627\u0644\u0639\u064a\u0648\u0628.<\/li>\n\n\n\n<li>\u0627\u0644\u062a\u0648\u0627\u0641\u0642: \u0645\u0646\u0627\u0633\u0628\u0629 \u0644\u0645\u0627\u0643\u064a\u0646\u0627\u062a \u0627\u0644\u0637\u0648\u0628 \u0627\u0644\u064a\u062f\u0648\u064a\u0629 \u0623\u0648 \u0634\u0628\u0647 \u0627\u0644\u0622\u0644\u064a\u0629 \u0623\u0648 \u0627\u0644\u0622\u0644\u064a\u0629 \u0628\u0627\u0644\u0643\u0627\u0645\u0644\u061b \u062a\u062a\u0643\u0627\u0645\u0644 \u0645\u0639 \u0623\u0646\u0638\u0645\u0629 \u0627\u0644\u0627\u0647\u062a\u0632\u0627\u0632 \u0639\u0627\u0644\u064a\u0629 \u0627\u0644\u062a\u0631\u062f\u062f.<\/li>\n\n\n\n<li>\u0627\u0644\u0648\u0632\u0646: \u064a\u062e\u062a\u0644\u0641 \u062d\u0633\u0628 \u0627\u0644\u062d\u062c\u0645 (\u0639\u0644\u0649 \u0633\u0628\u064a\u0644 \u0627\u0644\u0645\u062b\u0627\u0644\u060c 11.8-15 \u0643\u062c\u0645 \u0644\u0644\u0637\u0631\u0627\u0632\u0627\u062a \u0627\u0644\u0642\u064a\u0627\u0633\u064a\u0629).<\/li>\n\n\n\n<li>\u0627\u0644\u0639\u0645\u0631 \u0627\u0644\u0627\u0641\u062a\u0631\u0627\u0636\u064a: \u062d\u062a\u0649 150,000 \u062f\u0648\u0631\u0629 \u0645\u0639 \u0627\u0644\u0635\u064a\u0627\u0646\u0629 \u0627\u0644\u0645\u0646\u0627\u0633\u0628\u0629.<\/li>\n\n\n\n<li>\u0645\u0639\u0627\u0644\u062c\u0629 \u0627\u0644\u0633\u0637\u062d: \u0637\u0644\u0627\u0621 \u0645\u0636\u0627\u062f \u0644\u0644\u062a\u0622\u0643\u0644\u060c \u0648\u062a\u0644\u0645\u064a\u0639 \u062f\u0642\u064a\u0642 \u0644\u062a\u0634\u0637\u064a\u0628\u0627\u062a \u062e\u0627\u0644\u064a\u0629 \u0645\u0646 \u0627\u0644\u0639\u064a\u0648\u0628.<\/li>\n<\/ul>\n\n\n\n<p><strong>\u0645\u0648\u0627\u0635\u0641\u0627\u062a \u0627\u0644\u0625\u062e\u0631\u0627\u062c:<\/strong><\/p>\n\n\n\n<ul class=\"wp-block-list\">\n<li>\u062a\u0648\u0627\u0641\u0642 \u0627\u0644\u0625\u0646\u062a\u0627\u062c: \u062a\u0645\u0643\u064a\u0646 \u0627\u0644\u0625\u0646\u062a\u0627\u062c \u0628\u0643\u0645\u064a\u0627\u062a \u0643\u0628\u064a\u0631\u0629 (\u0639\u0644\u0649 \u0633\u0628\u064a\u0644 \u0627\u0644\u0645\u062b\u0627\u0644\u060c 10,000-14,000 \u0642\u0637\u0639\u0629\/\u064a\u0648\u0645\u064a\u064b\u0627 \u0644\u0644\u0642\u0631\u0645\u064a\u062f \u0627\u0644\u0635\u0644\u0628\u060c \u06488,000-12,000 \u0642\u0637\u0639\u0629\/\u064a\u0648\u0645\u064a\u064b\u0627 \u0644\u0644\u0642\u0631\u0645\u064a\u062f \u0627\u0644\u0645\u062c\u0648\u0641 \u0639\u0646\u062f \u0625\u0642\u0631\u0627\u0646\u0647\u0627 \u0645\u0639 \u0627\u0644\u0645\u0627\u0643\u064a\u0646\u0627\u062a \u0627\u0644\u0645\u062a\u0648\u0627\u0641\u0642\u0629).<\/li>\n\n\n\n<li>\u0623\u0646\u0648\u0627\u0639 \u0627\u0644\u0628\u0644\u0648\u0643 \u0627\u0644\u0645\u062e\u0635\u0635: \u0627\u0644\u0637\u0648\u0628 \u0627\u0644\u0642\u064a\u0627\u0633\u064a (390 \u00d7 190 \u00d7 190 \u00d7 190 \u0645\u0645)\u060c \u0648\u0627\u0644\u0637\u0648\u0628 \u0627\u0644\u0645\u062c\u0648\u0641 (390 \u00d7 190 \u00d7 190 \u00d7 190 \u0645\u0645)\u060c \u0648\u062d\u062c\u0631 \u0627\u0644\u0631\u0635\u0641 (240 \u00d7 160 \u00d7 160 \u0645\u0645)\u060c \u0645\u0639 \u062e\u064a\u0627\u0631\u0627\u062a \u0644\u0644\u0628\u0646\u0627\u0621 \u0627\u0644\u062e\u0644\u0648\u064a\u060c \u0648\u0627\u0644\u062a\u062f\u0627\u062e\u0644\u0627\u062a\u060c \u0648\u0623\u062d\u062c\u0627\u0631 \u0627\u0644\u0631\u0635\u064a\u0641.<\/li>\n<\/ul>","protected":false},"featured_media":1823,"parent":0,"template":"","meta":{"_acf_changed":true,"site-sidebar-layout":"default","site-content-layout":"","ast-site-content-layout":"default","site-content-style":"default","site-sidebar-style":"default","ast-global-header-display":"","ast-banner-title-visibility":"","ast-main-header-display":"","ast-hfb-above-header-display":"","ast-hfb-below-header-display":"","ast-hfb-mobile-header-display":"","site-post-title":"","ast-breadcrumbs-content":"","ast-featured-img":"","footer-sml-layout":"","theme-transparent-header-meta":"","adv-header-id-meta":"","stick-header-meta":"","header-above-stick-meta":"","header-main-stick-meta":"","header-below-stick-meta":"","astra-migrate-meta-layouts":"set","ast-page-background-enabled":"default","ast-page-background-meta":{"desktop":{"background-color":"var(--ast-global-color-4)","background-image":"","background-repeat":"repeat","background-position":"center center","background-size":"auto","background-attachment":"scroll","background-type":"","background-media":"","overlay-type":"","overlay-color":"","overlay-opacity":"","overlay-gradient":""},"tablet":{"background-color":"","background-image":"","background-repeat":"repeat","background-position":"center center","background-size":"auto","background-attachment":"scroll","background-type":"","background-media":"","overlay-type":"","overlay-color":"","overlay-opacity":"","overlay-gradient":""},"mobile":{"background-color":"","background-image":"","background-repeat":"repeat","background-position":"center center","background-size":"auto","background-attachment":"scroll","background-type":"","background-media":"","overlay-type":"","overlay-color":"","overlay-opacity":"","overlay-gradient":""}},"ast-content-background-meta":{"desktop":{"background-color":"var(--ast-global-color-5)","background-image":"","background-repeat":"repeat","background-position":"center center","background-size":"auto","background-attachment":"scroll","background-type":"","background-media":"","overlay-type":"","overlay-color":"","overlay-opacity":"","overlay-gradient":""},"tablet":{"background-color":"var(--ast-global-color-5)","background-image":"","background-repeat":"repeat","background-position":"center center","background-size":"auto","background-attachment":"scroll","background-type":"","background-media":"","overlay-type":"","overlay-color":"","overlay-opacity":"","overlay-gradient":""},"mobile":{"background-color":"var(--ast-global-color-5)","background-image":"","background-repeat":"repeat","background-position":"center center","background-size":"auto","background-attachment":"scroll","background-type":"","background-media":"","overlay-type":"","overlay-color":"","overlay-opacity":"","overlay-gradient":""}}},"product-categores":[79],"class_list":["post-2320","product","type-product","status-publish","has-post-thumbnail","hentry","product-categores-brick-machine-molds"],"acf":[],"_links":{"self":[{"href":"https:\/\/www.sotopmachine.com\/ar\/wp-json\/wp\/v2\/product\/2320","targetHints":{"allow":["GET"]}}],"collection":[{"href":"https:\/\/www.sotopmachine.com\/ar\/wp-json\/wp\/v2\/product"}],"about":[{"href":"https:\/\/www.sotopmachine.com\/ar\/wp-json\/wp\/v2\/types\/product"}],"wp:featuredmedia":[{"embeddable":true,"href":"https:\/\/www.sotopmachine.com\/ar\/wp-json\/wp\/v2\/media\/1823"}],"wp:attachment":[{"href":"https:\/\/www.sotopmachine.com\/ar\/wp-json\/wp\/v2\/media?parent=2320"}],"wp:term":[{"taxonomy":"product-categores","embeddable":true,"href":"https:\/\/www.sotopmachine.com\/ar\/wp-json\/wp\/v2\/product-categores?post=2320"}],"curies":[{"name":"\u062f\u0628\u0644\u064a\u0648 \u0628\u064a","href":"https:\/\/api.w.org\/{rel}","templated":true}]}}