{"id":2321,"date":"2025-09-01T15:46:47","date_gmt":"2025-09-01T15:46:47","guid":{"rendered":"https:\/\/www.sotopmachine.com\/?post_type=product&#038;p=2321"},"modified":"2025-09-01T15:58:10","modified_gmt":"2025-09-01T15:58:10","slug":"solid-block-molds","status":"publish","type":"product","link":"https:\/\/www.sotopmachine.com\/ar\/product\/solid-block-molds\/","title":{"rendered":"\u0642\u0648\u0627\u0644\u0628 \u0627\u0644\u0643\u062a\u0644 \u0627\u0644\u0635\u0644\u0628\u0629"},"content":{"rendered":"<p><mark style=\"background-color:rgba(0, 0, 0, 0)\" class=\"has-inline-color has-ast-global-color-2-color\">\u0642\u0648\u0627\u0644\u0628 \u0627\u0644\u0628\u0644\u0648\u0643 \u0627\u0644\u0635\u0644\u0628 SOTOP \u0645\u062a\u0639\u062f\u062f\u0629 \u0627\u0644\u0627\u0633\u062a\u062e\u062f\u0627\u0645\u0627\u062a \u0644\u0644\u0645\u0648\u0627\u062f \u0627\u0644\u062e\u0627\u0645 \u0645\u062b\u0644 \u0627\u0644\u062a\u0631\u0628\u0629 \u0648\u0627\u0644\u062d\u0635\u0649 \u0648\u0627\u0644\u0623\u0633\u0645\u0646\u062a \u0648\u0627\u0644\u0631\u0643\u0627\u0645 \u0648\u0627\u0644\u0645\u062e\u0644\u0641\u0627\u062a \u0627\u0644\u0635\u0646\u0627\u0639\u064a\u0629\u060c \u0645\u0645\u0627 \u064a\u0646\u062a\u062c \u0642\u0648\u0627\u0644\u0628 \u0628\u0644\u0648\u0643\u0627\u062a \u0635\u062f\u064a\u0642\u0629 \u0644\u0644\u0628\u064a\u0626\u0629 \u0648\u0639\u0627\u0644\u064a\u0629 \u0627\u0644\u0643\u062b\u0627\u0641\u0629 \u0645\u0646 \u0623\u062c\u0644 \u0627\u0644\u0633\u0644\u0627\u0645\u0629 \u0627\u0644\u0625\u0646\u0634\u0627\u0626\u064a\u0629\u060c \u0648\u0643\u0644 \u0630\u0644\u0643 \u0645\u0646 \u0634\u0631\u0643\u0629 \u0631\u0627\u0626\u062f\u0629 \u0641\u064a \u062a\u0635\u0646\u064a\u0639 \u0642\u0648\u0627\u0644\u0628 \u0627\u0644\u0628\u0644\u0648\u0643 \u0627\u0644\u0635\u0644\u0628.<\/mark><\/p>\n\n\n\n<ul class=\"wp-block-list\">\n<li class=\"has-ast-global-color-2-color has-text-color has-link-color wp-elements-ced1698d37bf91ff0f3ecfbcaff25314\">\u062e\u064a\u0627\u0631\u0627\u062a \u0627\u0644\u0645\u0648\u0627\u062f: \u0633\u0628\u0627\u0626\u0643 \u0627\u0644\u0635\u0644\u0628 \u0639\u0627\u0644\u064a\u0629 \u0627\u0644\u0635\u0644\u0627\u0628\u0629 (Q235\/Q345)\u060c \u0623\u0648 \u0627\u0644\u0641\u0648\u0644\u0627\u0630 \u0627\u0644\u0643\u0631\u0628\u0648\u0646\u064a\u060c \u0623\u0648 \u0628\u0644\u0627\u0633\u062a\u064a\u0643 ABS \u0627\u0644\u0647\u0646\u062f\u0633\u064a \u0645\u0639 \u0645\u0631\u0643\u0628\u0627\u062a \u0645\u0639\u0632\u0632\u0629 \u0644\u0645\u0648\u0627\u062f \u062e\u0641\u064a\u0641\u0629 \u0627\u0644\u0648\u0632\u0646.<\/li>\n\n\n\n<li class=\"has-ast-global-color-2-color has-text-color has-link-color wp-elements-b716dd8aeab9c464bec9229566207d37\">\u062a\u0635\u0646\u064a\u0641 \u0627\u0644\u0635\u0644\u0627\u0628\u0629: 62-68HRC (\u0645\u0627 \u0628\u0639\u062f \u0627\u0644\u0643\u0631\u0628\u0646\u0629 \u0648\u0627\u0644\u062a\u0628\u0631\u064a\u062f)\u060c \u0645\u0639 \u0645\u0639\u0627\u0644\u062c\u0629 \u0627\u062e\u062a\u064a\u0627\u0631\u064a\u0629 \u0628\u0627\u0644\u0646\u062a\u0631\u064a\u062f \u0644\u062a\u0639\u0632\u064a\u0632 \u062d\u0645\u0627\u064a\u0629 \u0627\u0644\u0633\u0637\u062d.<\/li>\n\n\n\n<li class=\"has-ast-global-color-2-color has-text-color has-link-color wp-elements-48a7de68b0a5cffe49ddcc66353ec71a\">\u062e\u0644\u0648\u0635 \u062d\u0630\u0627\u0621 \u0627\u0644\u0639\u0628\u062b: 0.5-0.8 \u0645\u0645 (\u0642\u0627\u0628\u0644 \u0644\u0644\u062a\u0639\u062f\u064a\u0644 \u0639\u0628\u0631 \u0628\u0631\u0627\u063a\u064a \u062f\u0642\u064a\u0642\u0629).<\/li>\n\n\n\n<li class=\"has-ast-global-color-2-color has-text-color has-link-color wp-elements-317183fc7e678753078a92eaeacf87ae\">\u0623\u0628\u0639\u0627\u062f \u0627\u0644\u0642\u0627\u0644\u0628: \u0642\u0627\u0628\u0644 \u0644\u0644\u062a\u062e\u0635\u064a\u0635 (\u0627\u0644\u0646\u0637\u0627\u0642\u0627\u062a \u0627\u0644\u0642\u064a\u0627\u0633\u064a\u0629: \u0627\u0644\u0637\u0648\u0644 200-400 \u0645\u0645\u060c \u0648\u0627\u0644\u0639\u0631\u0636 100-200 \u0645\u0645\u060c \u0648\u0627\u0644\u0627\u0631\u062a\u0641\u0627\u0639 60-200 \u0645\u0645\u061b \u0639\u0644\u0649 \u0633\u0628\u064a\u0644 \u0627\u0644\u0645\u062b\u0627\u0644\u060c 240 \u00d7 115 \u00d7 115 \u00d7 53 \u0645\u0645 \u0644\u0644\u0637\u0648\u0628 \u0627\u0644\u0635\u0644\u0628).<\/li>\n\n\n\n<li class=\"has-ast-global-color-2-color has-text-color has-link-color wp-elements-40def3b2b24248053e3727c1afccf5da\">\u0635\u0641\u064a\u062d\u0629 \u0627\u0644\u0648\u064a\u0628 \u0627\u0644\u0642\u0627\u0628\u0636\u0629: \u0645\u0644\u0648\u0644\u0628\u0629\u060c \u0642\u0627\u0628\u0644\u0629 \u0644\u0644\u062a\u063a\u064a\u064a\u0631\u060c \u0628\u0633\u0645\u0627\u0643\u0629 \u0645\u0646 3-8 \u0645\u0645 \u0644\u0644\u062f\u0639\u0645 \u0627\u0644\u0647\u064a\u0643\u0644\u064a.<\/li>\n\n\n\n<li class=\"has-ast-global-color-2-color has-text-color has-link-color wp-elements-eb83cea214779c935c796264c8548e00\">\u062d\u0630\u0627\u0621 \u0627\u0644\u0639\u0628\u062b: \u0642\u0627\u0628\u0644 \u0644\u0644\u062a\u0628\u062f\u064a\u0644\u060c \u0645\u0639 \u0637\u0644\u0627\u0621 \u0627\u062e\u062a\u064a\u0627\u0631\u064a \u0645\u0642\u0627\u0648\u0645 \u0644\u0644\u062a\u0622\u0643\u0644 (\u0639\u0644\u0649 \u0633\u0628\u064a\u0644 \u0627\u0644\u0645\u062b\u0627\u0644\u060c \u0625\u062f\u062e\u0627\u0644\u0627\u062a \u0643\u0631\u0628\u064a\u062f \u0623\u0648 \u0633\u064a\u0631\u0627\u0645\u064a\u0643).<\/li>\n\n\n\n<li class=\"has-ast-global-color-2-color has-text-color has-link-color wp-elements-b94cab5dd5e50c1273b1816e9d91d4b0\">\u062a\u0635\u0645\u064a\u0645 \u0648\u0631\u0642\u0629 \u0627\u0644\u0633\u062d\u0628: \u0627\u062e\u062a\u064a\u0627\u0631\u064a\u060c \u0645\u0639 \u062a\u062d\u0631\u064a\u0631 \u0647\u064a\u062f\u0631\u0648\u0644\u064a\u0643\u064a \u0623\u0648 \u064a\u062f\u0648\u064a \u0644\u0625\u0632\u0627\u0644\u0629 \u0627\u0644\u0642\u0648\u0627\u0644\u0628 \u0627\u0644\u062e\u0627\u0644\u064a\u0629 \u0645\u0646 \u0627\u0644\u0639\u064a\u0648\u0628.<\/li>\n\n\n\n<li class=\"has-ast-global-color-2-color has-text-color has-link-color wp-elements-37e9145d6ece0cad27a6f55f209a04f1\">\u0627\u0644\u062a\u0648\u0627\u0641\u0642: \u064a\u0644\u0627\u0626\u0645 \u0623\u0646\u0638\u0645\u0629 \u0627\u0644\u0636\u063a\u0637 \u0627\u0644\u0639\u0627\u0644\u064a (25-50 \u0645\u064a\u062c\u0627 \u0628\u0627\u0633\u0643\u0627\u0644)\u060c \u0648\u0627\u0644\u0623\u0646\u0648\u0627\u0639 \u0627\u0644\u0643\u0647\u0631\u0648\u0645\u063a\u0646\u0627\u0637\u064a\u0633\u064a\u0629 \u0623\u0648 \u0627\u0644\u0627\u0647\u062a\u0632\u0627\u0632\u0627\u062a \u0627\u0644\u0645\u0646\u0636\u062f\u064a\u0629\u060c \u0648\u0623\u062d\u062c\u0627\u0645 \u0627\u0644\u0645\u0646\u0635\u0627\u062a \u062d\u062a\u0649 1000 \u00d7 700 \u0645\u0645.<\/li>\n\n\n\n<li class=\"has-ast-global-color-2-color has-text-color has-link-color wp-elements-7076a20133518a164ab67ab4ef24caaf\">\u0627\u0644\u0648\u0632\u0646: 10-15 \u0643\u062c\u0645 (\u062d\u0633\u0628 \u0627\u0644\u062d\u062c\u0645 \u0648\u0627\u0644\u062e\u0627\u0645\u0629\u061b \u0639\u0644\u0649 \u0633\u0628\u064a\u0644 \u0627\u0644\u0645\u062b\u0627\u0644\u060c 11.8 \u0643\u062c\u0645 \u0644\u0644\u0637\u0631\u0627\u0632\u0627\u062a \u0627\u0644\u0642\u064a\u0627\u0633\u064a\u0629 \u0627\u0644\u0645\u0635\u0646\u0648\u0639\u0629 \u0645\u0646 \u0633\u0628\u0627\u0626\u0643 \u0627\u0644\u0635\u0644\u0628).<\/li>\n\n\n\n<li class=\"has-ast-global-color-2-color has-text-color has-link-color wp-elements-69461e2d84eeeca605b1c1fe2f7ca7b9\">\u0627\u0644\u0639\u0645\u0631 \u0627\u0644\u0627\u0641\u062a\u0631\u0627\u0636\u064a: \u0645\u0646 150,000 \u0625\u0644\u0649 200,000 \u062f\u0648\u0631\u0629 \u0641\u064a \u0638\u0644 \u0627\u0644\u0627\u0633\u062a\u062e\u062f\u0627\u0645 \u0627\u0644\u0639\u0627\u062f\u064a\u060c \u0645\u0639 \u062a\u0648\u0641\u0631 \u0645\u062c\u0645\u0648\u0639\u0627\u062a \u0627\u0644\u0635\u064a\u0627\u0646\u0629.<\/li>\n\n\n\n<li class=\"has-ast-global-color-2-color has-text-color has-link-color wp-elements-1eaff4c17510c2b137578fc829f2680a\">\u0645\u0639\u0627\u0644\u062c\u0629 \u0627\u0644\u0633\u0637\u062d: \u0637\u0644\u0627\u0621 \u0625\u064a\u0628\u0648\u0643\u0633\u064a \u0645\u0636\u0627\u062f \u0644\u0644\u062a\u0622\u0643\u0644\u060c \u0648\u062a\u0644\u0645\u064a\u0639 \u062f\u0642\u064a\u0642 (Ra &lt; 0.8 \u0645\u064a\u0643\u0631\u0648\u0645\u062a\u0631)\u060c \u0648\u062c\u0644\u0641\u0646\u0629 \u0627\u062e\u062a\u064a\u0627\u0631\u064a\u0629 \u0644\u0644\u0628\u064a\u0626\u0627\u062a \u0627\u0644\u0642\u0627\u0633\u064a\u0629.<\/li>\n\n\n\n<li class=\"has-ast-global-color-2-color has-text-color has-link-color wp-elements-de59881d62dd32ba2eb761d6ad88445b\">\u0646\u0637\u0627\u0642 \u062f\u0631\u062c\u0629 \u062d\u0631\u0627\u0631\u0629 \u0627\u0644\u062a\u0634\u063a\u064a\u0644: \u0645\u0646 -20 \u062f\u0631\u062c\u0629 \u0645\u0626\u0648\u064a\u0629 \u0625\u0644\u0649 80 \u062f\u0631\u062c\u0629 \u0645\u0626\u0648\u064a\u0629\u060c \u0645\u0642\u0627\u0648\u0645 \u0644\u0644\u062a\u0645\u062f\u062f \u0627\u0644\u062d\u0631\u0627\u0631\u064a.<\/li>\n<\/ul>\n\n\n\n<p><mark style=\"background-color:rgba(0, 0, 0, 0)\" class=\"has-inline-color has-ast-global-color-2-color\"><strong>\u0645\u0648\u0627\u0635\u0641\u0627\u062a \u0627\u0644\u0645\u062e\u0631\u062c\u0627\u062a<\/strong>:<\/mark><\/p>\n\n\n\n<ul class=\"wp-block-list\">\n<li class=\"has-ast-global-color-2-color has-text-color has-link-color wp-elements-d39785f64ec3e0f93b7bb48653e18221\">\u062a\u0648\u0627\u0641\u0642 \u0627\u0644\u0625\u0646\u062a\u0627\u062c: \u062a\u0645\u0643\u064a\u0646 \u0627\u0644\u0625\u0646\u062a\u0627\u062c \u0628\u0643\u0645\u064a\u0627\u062a \u0643\u0628\u064a\u0631\u0629 (\u0639\u0644\u0649 \u0633\u0628\u064a\u0644 \u0627\u0644\u0645\u062b\u0627\u0644\u060c \u0645\u0646 10,000 \u0625\u0644\u0649 14,000 \u0642\u0637\u0639\u0629\/\u064a\u0648\u0645\u064a\u064b\u0627 \u0644\u0644\u0642\u0631\u0645\u064a\u062f \u0627\u0644\u0635\u0644\u0628 \u0639\u0646\u062f \u0625\u0642\u0631\u0627\u0646\u0647\u0627 \u0628\u0645\u0627\u0643\u064a\u0646\u0627\u062a \u0645\u062a\u0648\u0627\u0641\u0642\u0629).<\/li>\n\n\n\n<li class=\"has-ast-global-color-2-color has-text-color has-link-color wp-elements-f5ad6d84913d52e0cd9d422e50468fd4\">\u0623\u0646\u0648\u0627\u0639 \u0627\u0644\u0628\u0644\u0648\u0643 \u0627\u0644\u0645\u062e\u0635\u0635: \u0627\u0644\u0642\u0631\u0645\u064a\u062f \u0627\u0644\u0635\u0644\u0628 (240 \u00d7 115 \u00d7 115 \u00d7 53 \u0645\u0645)\u060c \u0648\u0627\u0644\u0628\u0644\u0648\u0643 \u0627\u0644\u0642\u064a\u0627\u0633\u064a (390 \u00d7 190 \u00d7 190 \u00d7 190 \u0645\u0645)\u060c \u0648\u062d\u062c\u0631 \u0627\u0644\u0631\u0635\u0641 (240 \u00d7 160 \u00d7 160 \u0645\u0645)\u060c \u0645\u0639 \u062e\u064a\u0627\u0631\u0627\u062a \u0644\u0644\u0628\u0644\u0648\u0643 \u0627\u0644\u062e\u0644\u0648\u064a \u0648\u0627\u0644\u0645\u062a\u0634\u0627\u0628\u0643 \u0648\u062d\u062c\u0631 \u0627\u0644\u0631\u0635\u064a\u0641.<\/li>\n<\/ul>","protected":false},"featured_media":1869,"parent":0,"template":"","meta":{"_acf_changed":true,"site-sidebar-layout":"default","site-content-layout":"","ast-site-content-layout":"default","site-content-style":"default","site-sidebar-style":"default","ast-global-header-display":"","ast-banner-title-visibility":"","ast-main-header-display":"","ast-hfb-above-header-display":"","ast-hfb-below-header-display":"","ast-hfb-mobile-header-display":"","site-post-title":"","ast-breadcrumbs-content":"","ast-featured-img":"","footer-sml-layout":"","theme-transparent-header-meta":"","adv-header-id-meta":"","stick-header-meta":"","header-above-stick-meta":"","header-main-stick-meta":"","header-below-stick-meta":"","astra-migrate-meta-layouts":"set","ast-page-background-enabled":"default","ast-page-background-meta":{"desktop":{"background-color":"var(--ast-global-color-4)","background-image":"","background-repeat":"repeat","background-position":"center center","background-size":"auto","background-attachment":"scroll","background-type":"","background-media":"","overlay-type":"","overlay-color":"","overlay-opacity":"","overlay-gradient":""},"tablet":{"background-color":"","background-image":"","background-repeat":"repeat","background-position":"center center","background-size":"auto","background-attachment":"scroll","background-type":"","background-media":"","overlay-type":"","overlay-color":"","overlay-opacity":"","overlay-gradient":""},"mobile":{"background-color":"","background-image":"","background-repeat":"repeat","background-position":"center center","background-size":"auto","background-attachment":"scroll","background-type":"","background-media":"","overlay-type":"","overlay-color":"","overlay-opacity":"","overlay-gradient":""}},"ast-content-background-meta":{"desktop":{"background-color":"var(--ast-global-color-5)","background-image":"","background-repeat":"repeat","background-position":"center center","background-size":"auto","background-attachment":"scroll","background-type":"","background-media":"","overlay-type":"","overlay-color":"","overlay-opacity":"","overlay-gradient":""},"tablet":{"background-color":"var(--ast-global-color-5)","background-image":"","background-repeat":"repeat","background-position":"center center","background-size":"auto","background-attachment":"scroll","background-type":"","background-media":"","overlay-type":"","overlay-color":"","overlay-opacity":"","overlay-gradient":""},"mobile":{"background-color":"var(--ast-global-color-5)","background-image":"","background-repeat":"repeat","background-position":"center center","background-size":"auto","background-attachment":"scroll","background-type":"","background-media":"","overlay-type":"","overlay-color":"","overlay-opacity":"","overlay-gradient":""}}},"product-categores":[79],"class_list":["post-2321","product","type-product","status-publish","has-post-thumbnail","hentry","product-categores-brick-machine-molds"],"acf":[],"_links":{"self":[{"href":"https:\/\/www.sotopmachine.com\/ar\/wp-json\/wp\/v2\/product\/2321","targetHints":{"allow":["GET"]}}],"collection":[{"href":"https:\/\/www.sotopmachine.com\/ar\/wp-json\/wp\/v2\/product"}],"about":[{"href":"https:\/\/www.sotopmachine.com\/ar\/wp-json\/wp\/v2\/types\/product"}],"wp:featuredmedia":[{"embeddable":true,"href":"https:\/\/www.sotopmachine.com\/ar\/wp-json\/wp\/v2\/media\/1869"}],"wp:attachment":[{"href":"https:\/\/www.sotopmachine.com\/ar\/wp-json\/wp\/v2\/media?parent=2321"}],"wp:term":[{"taxonomy":"product-categores","embeddable":true,"href":"https:\/\/www.sotopmachine.com\/ar\/wp-json\/wp\/v2\/product-categores?post=2321"}],"curies":[{"name":"\u062f\u0628\u0644\u064a\u0648 \u0628\u064a","href":"https:\/\/api.w.org\/{rel}","templated":true}]}}