{"id":2331,"date":"2025-09-01T16:03:25","date_gmt":"2025-09-01T16:03:25","guid":{"rendered":"https:\/\/www.sotopmachine.com\/?post_type=product&#038;p=2331"},"modified":"2025-09-01T16:03:27","modified_gmt":"2025-09-01T16:03:27","slug":"paving-brick-molds","status":"publish","type":"product","link":"https:\/\/www.sotopmachine.com\/ar\/product\/paving-brick-molds\/","title":{"rendered":"\u0642\u0648\u0627\u0644\u0628 \u0637\u0648\u0628 \u0627\u0644\u0631\u0635\u0641"},"content":{"rendered":"<p class=\"has-ast-global-color-2-color has-text-color has-link-color wp-elements-fb8f9efbb8e0ce09e23a094f918ea23a\"><strong>\u0627\u0644\u0645\u0648\u0627\u0635\u0641\u0627\u062a \u0627\u0644\u0641\u0646\u064a\u0629<\/strong>:<\/p>\n\n\n\n<ul class=\"wp-block-list\">\n<li class=\"has-ast-global-color-2-color has-text-color has-link-color wp-elements-565d3f61ec1b2b89e18148863d7a760c\">\u062e\u064a\u0627\u0631\u0627\u062a \u0627\u0644\u0645\u0648\u0627\u062f: \u0633\u0628\u0627\u0626\u0643 \u0627\u0644\u0641\u0648\u0644\u0627\u0630 \u0639\u0627\u0644\u064a\u0629 \u0627\u0644\u0642\u0648\u0629 (Q235\/Q345)\u060c \u0623\u0648 \u0627\u0644\u0628\u0644\u0627\u0633\u062a\u064a\u0643 \u0627\u0644\u0647\u0646\u062f\u0633\u064a ABS \u0645\u0639 \u062a\u062b\u0628\u064a\u062a \u0627\u0644\u0623\u0634\u0639\u0629 \u0641\u0648\u0642 \u0627\u0644\u0628\u0646\u0641\u0633\u062c\u064a\u0629\u060c \u0623\u0648 \u0645\u0631\u0643\u0628\u0627\u062a \u0647\u062c\u064a\u0646\u0629 \u0644\u0645\u0646\u0627\u062e\u0627\u062a \u0645\u062d\u062f\u062f\u0629.<\/li>\n\n\n\n<li class=\"has-ast-global-color-2-color has-text-color has-link-color wp-elements-638345ef3f4a4fe02bef1a4b207c5cf5\">\u062a\u0635\u0646\u064a\u0641 \u0627\u0644\u0635\u0644\u0627\u0628\u0629: 62-68HRC (\u0645\u0627 \u0628\u0639\u062f \u0627\u0644\u0643\u0631\u0628\u0646\u0629 \u0648\u0627\u0644\u062a\u0628\u0631\u064a\u062f)\u060c \u0645\u0639 \u0637\u0644\u0627\u0621 \u0627\u062e\u062a\u064a\u0627\u0631\u064a \u0628\u0627\u0644\u0646\u064a\u062a\u0631\u064a\u062f \u0623\u0648 \u0627\u0644\u0643\u0631\u0648\u0645 \u0644\u0645\u0632\u064a\u062f \u0645\u0646 \u0627\u0644\u062d\u0645\u0627\u064a\u0629.<\/li>\n\n\n\n<li class=\"has-ast-global-color-2-color has-text-color has-link-color wp-elements-3ac2924093eff831a2de5b6e32c07eed\">\u062e\u0644\u0648\u0635 \u062d\u0630\u0627\u0621 \u0627\u0644\u0639\u0628\u062b: 0.5-0.8 \u0645\u0645 (\u0642\u0627\u0628\u0644 \u0644\u0644\u062a\u0639\u062f\u064a\u0644 \u0628\u062f\u0642\u0629).<\/li>\n\n\n\n<li class=\"has-ast-global-color-2-color has-text-color has-link-color wp-elements-64f6ad4b563f092a6454080f3145fce8\">\u0623\u0628\u0639\u0627\u062f \u0627\u0644\u0642\u0627\u0644\u0628: \u0642\u0627\u0628\u0644 \u0644\u0644\u062a\u062e\u0635\u064a\u0635 (\u0627\u0644\u0623\u062d\u062c\u0627\u0645 \u0627\u0644\u0642\u064a\u0627\u0633\u064a\u0629: 200 \u00d7 100 \u00d7 60 \u0645\u0645\u060c 240 \u00d7 160 \u00d7 160 \u00d7 60 \u0645\u0645\u060c 300 \u00d7 300 \u00d7 80 \u0645\u0645\u061b \u064a\u062a\u0631\u0627\u0648\u062d \u0627\u0644\u0637\u0648\u0644 \u0628\u064a\u0646 200 \u0648400 \u0645\u0645\u060c \u0648\u0627\u0644\u0633\u0645\u0627\u0643\u0629 3-8 \u0645\u0645).<\/li>\n\n\n\n<li class=\"has-ast-global-color-2-color has-text-color has-link-color wp-elements-12c46255a0f3d318f7834664b21d476d\">\u0635\u0641\u064a\u062d\u0629 \u0627\u0644\u0648\u064a\u0628 \u0627\u0644\u0642\u0627\u0628\u0636\u0629: \u0645\u0644\u0648\u0644\u0628\u0629\u060c \u0642\u0627\u0628\u0644\u0629 \u0644\u0644\u062a\u063a\u064a\u064a\u0631\u060c \u0628\u0633\u0645\u0627\u0643\u0629 \u0645\u0646 3-10 \u0645\u0645 \u0644\u0644\u062f\u0639\u0645 \u0627\u0644\u0647\u064a\u0643\u0644\u064a.<\/li>\n\n\n\n<li class=\"has-ast-global-color-2-color has-text-color has-link-color wp-elements-0a21e022b19b11385617bb6ce065e588\">\u062d\u0630\u0627\u0621 \u0627\u0644\u0639\u0628\u062b: \u0642\u0627\u0628\u0644 \u0644\u0644\u062a\u0628\u062f\u064a\u0644\u060c \u0645\u0639 \u0625\u062f\u062e\u0627\u0644\u0627\u062a \u0627\u062e\u062a\u064a\u0627\u0631\u064a\u0629 \u0645\u0646 \u0627\u0644\u0643\u0631\u0628\u064a\u062f \u0623\u0648 \u0627\u0644\u0633\u064a\u0631\u0627\u0645\u064a\u0643 \u0644\u0645\u0642\u0627\u0648\u0645\u0629 \u0627\u0644\u062a\u0622\u0643\u0644.<\/li>\n\n\n\n<li class=\"has-ast-global-color-2-color has-text-color has-link-color wp-elements-de01d2d4d21e15db45b2d6efb69014a8\">\u062a\u0635\u0645\u064a\u0645 \u0644\u0648\u062d \u0627\u0644\u0633\u062d\u0628: \u0627\u062e\u062a\u064a\u0627\u0631\u064a\u060c \u0645\u0639 \u062a\u062d\u0631\u064a\u0631 \u0647\u064a\u062f\u0631\u0648\u0644\u064a\u0643\u064a \u0623\u0648 \u064a\u062f\u0648\u064a \u0644\u0625\u0632\u0627\u0644\u0629 \u0627\u0644\u0642\u0648\u0627\u0644\u0628 \u0628\u0633\u0644\u0627\u0633\u0629.<\/li>\n\n\n\n<li class=\"has-ast-global-color-2-color has-text-color has-link-color wp-elements-56e0a77e055c43c2454eb4d3fc5a7ff1\">\u0627\u0644\u062a\u0648\u0627\u0641\u0642: \u064a\u062f\u0639\u0645 \u0623\u0646\u0638\u0645\u0629 \u0627\u0644\u0636\u063a\u0637 \u0627\u0644\u0639\u0627\u0644\u064a (25-50 \u0645\u064a\u062c\u0627 \u0628\u0627\u0633\u0643\u0627\u0644)\u060c \u0648\u0627\u0644\u0627\u0647\u062a\u0632\u0627\u0632 \u0627\u0644\u0643\u0647\u0631\u0648\u0645\u063a\u0646\u0627\u0637\u064a\u0633\u064a \u0623\u0648 \u0627\u0644\u0627\u0647\u062a\u0632\u0627\u0632\u0627\u062a \u0627\u0644\u0645\u0646\u0636\u062f\u064a\u0629\u060c \u0648\u0623\u062d\u062c\u0627\u0645 \u0627\u0644\u0645\u0646\u0635\u0627\u062a \u062d\u062a\u0649 1100 \u00d7 800 \u0645\u0645.<\/li>\n\n\n\n<li class=\"has-ast-global-color-2-color has-text-color has-link-color wp-elements-ccb2802418ca4cbd02c0d2ad0ad66921\">\u0627\u0644\u0648\u0632\u0646: 10 \u0625\u0644\u0649 18 \u0643\u062c\u0645 (\u062d\u0633\u0628 \u0627\u0644\u062d\u062c\u0645 \u0648\u0627\u0644\u062e\u0627\u0645\u0629\u061b \u0639\u0644\u0649 \u0633\u0628\u064a\u0644 \u0627\u0644\u0645\u062b\u0627\u0644\u060c 12.5 \u0643\u062c\u0645 \u0644\u0644\u0637\u0631\u0627\u0632\u0627\u062a \u0627\u0644\u0642\u064a\u0627\u0633\u064a\u0629 \u0627\u0644\u0645\u0635\u0646\u0648\u0639\u0629 \u0645\u0646 \u0633\u0628\u0627\u0626\u0643 \u0627\u0644\u0635\u0644\u0628).<\/li>\n\n\n\n<li class=\"has-ast-global-color-2-color has-text-color has-link-color wp-elements-01c21dfd2ec42e93f845fddc05a53c2a\">\u0627\u0644\u0639\u0645\u0631 \u0627\u0644\u0627\u0641\u062a\u0631\u0627\u0636\u064a: \u0645\u0646 150,000 \u0625\u0644\u0649 200,000 \u062f\u0648\u0631\u0629 \u0645\u0639 \u0627\u0644\u0639\u0646\u0627\u064a\u0629 \u0627\u0644\u0645\u0646\u0627\u0633\u0628\u0629\u060c \u0645\u0639 \u062a\u0648\u0641\u0631 \u0645\u062c\u0645\u0648\u0639\u0627\u062a \u0627\u0644\u0635\u064a\u0627\u0646\u0629.<\/li>\n\n\n\n<li class=\"has-ast-global-color-2-color has-text-color has-link-color wp-elements-7516ff8adbe41583037f78454cf2e8ef\">\u0645\u0639\u0627\u0644\u062c\u0629 \u0627\u0644\u0633\u0637\u062d: \u0637\u0644\u0627\u0621 \u0625\u064a\u0628\u0648\u0643\u0633\u064a \u0645\u0642\u0627\u0648\u0645 \u0644\u0644\u0623\u0634\u0639\u0629 \u0641\u0648\u0642 \u0627\u0644\u0628\u0646\u0641\u0633\u062c\u064a\u0629\u060c \u0648\u062a\u0644\u0645\u064a\u0639 \u062f\u0642\u064a\u0642 (Ra &lt; 0.8 \u0645\u064a\u0643\u0631\u0648\u0645\u062a\u0631)\u060c \u0648\u062a\u0631\u0643\u064a\u0628 \u0627\u062e\u062a\u064a\u0627\u0631\u064a \u0645\u0636\u0627\u062f \u0644\u0644\u0627\u0646\u0632\u0644\u0627\u0642.<\/li>\n\n\n\n<li class=\"has-ast-global-color-2-color has-text-color has-link-color wp-elements-18b2e42a777d3dac78aeb496030664c4\">\u0646\u0637\u0627\u0642 \u062f\u0631\u062c\u0629 \u062d\u0631\u0627\u0631\u0629 \u0627\u0644\u062a\u0634\u063a\u064a\u0644: -30 \u062f\u0631\u062c\u0629 \u0645\u0626\u0648\u064a\u0629 \u0625\u0644\u0649 90 \u062f\u0631\u062c\u0629 \u0645\u0626\u0648\u064a\u0629\u060c \u0645\u0642\u0627\u0648\u0645 \u0644\u0644\u062a\u062f\u0647\u0648\u0631 \u0627\u0644\u062d\u0631\u0627\u0631\u064a \u0648\u0627\u0644\u0623\u0634\u0639\u0629 \u0641\u0648\u0642 \u0627\u0644\u0628\u0646\u0641\u0633\u062c\u064a\u0629.<\/li>\n<\/ul>\n\n\n\n<p><strong>\u0645\u0648\u0627\u0635\u0641\u0627\u062a \u0627\u0644\u0645\u062e\u0631\u062c\u0627\u062a<\/strong>:<\/p>\n\n\n\n<ul class=\"wp-block-list has-ast-global-color-2-color has-text-color has-link-color wp-elements-185bf8b71b93a3067c5e361cf0e0f3bd\">\n<li>\u062a\u0648\u0627\u0641\u0642 \u0627\u0644\u0625\u0646\u062a\u0627\u062c: \u062a\u0645\u0643\u064a\u0646 \u0627\u0644\u0625\u0646\u062a\u0627\u062c \u0628\u0643\u0645\u064a\u0627\u062a \u0643\u0628\u064a\u0631\u0629 (\u0639\u0644\u0649 \u0633\u0628\u064a\u0644 \u0627\u0644\u0645\u062b\u0627\u0644\u060c 12,000 \u0625\u0644\u0649 14,000 \u0642\u0637\u0639\u0629\/\u064a\u0648\u0645\u064a\u064b\u0627 \u0644\u0637\u0648\u0628 \u0627\u0644\u0631\u0635\u0641 \u0639\u0646\u062f \u0625\u0642\u0631\u0627\u0646\u0647\u0627 \u0628\u0645\u0627\u0643\u064a\u0646\u0627\u062a \u0645\u062a\u0648\u0627\u0641\u0642\u0629).<\/li>\n\n\n\n<li>\u0623\u0646\u0648\u0627\u0639 \u0627\u0644\u0628\u0644\u0648\u0643\u0627\u062a \u0627\u0644\u0645\u062e\u0635\u0635\u0629: \u0642\u0631\u0645\u064a\u062f \u0627\u0644\u0631\u0635\u0641 (200\u00d7100\u00d760 \u0645\u0645\u060c 240\u00d7160\u00d760 \u0645\u0645\u060c 300\u00d7300\u00d780 \u0645\u0645)\u060c \u0648\u0623\u0646\u0645\u0627\u0637 \u0627\u0644\u062a\u0639\u0634\u064a\u0642 (\u0645\u062b\u0644: \u0639\u0638\u0645 \u0627\u0644\u0633\u0645\u0643\u0629 \u0627\u0644\u0645\u062a\u0639\u0631\u062c\u060c \u0648\u0646\u0633\u062c \u0627\u0644\u0633\u0644\u0629)\u060c \u0648\u0623\u062d\u062c\u0627\u0631 \u0627\u0644\u0631\u0635\u064a\u0641\u060c \u0645\u0639 \u062e\u064a\u0627\u0631\u0627\u062a \u0644\u0644\u062a\u0634\u0637\u064a\u0628\u0627\u062a \u0627\u0644\u0645\u0644\u0648\u0646\u0629 \u0623\u0648 \u0627\u0644\u0645\u0632\u062e\u0631\u0641\u0629.<\/li>\n<\/ul>","protected":false},"featured_media":1872,"parent":0,"template":"","meta":{"_acf_changed":true,"site-sidebar-layout":"default","site-content-layout":"","ast-site-content-layout":"default","site-content-style":"default","site-sidebar-style":"default","ast-global-header-display":"","ast-banner-title-visibility":"","ast-main-header-display":"","ast-hfb-above-header-display":"","ast-hfb-below-header-display":"","ast-hfb-mobile-header-display":"","site-post-title":"","ast-breadcrumbs-content":"","ast-featured-img":"","footer-sml-layout":"","theme-transparent-header-meta":"","adv-header-id-meta":"","stick-header-meta":"","header-above-stick-meta":"","header-main-stick-meta":"","header-below-stick-meta":"","astra-migrate-meta-layouts":"set","ast-page-background-enabled":"default","ast-page-background-meta":{"desktop":{"background-color":"var(--ast-global-color-4)","background-image":"","background-repeat":"repeat","background-position":"center center","background-size":"auto","background-attachment":"scroll","background-type":"","background-media":"","overlay-type":"","overlay-color":"","overlay-opacity":"","overlay-gradient":""},"tablet":{"background-color":"","background-image":"","background-repeat":"repeat","background-position":"center center","background-size":"auto","background-attachment":"scroll","background-type":"","background-media":"","overlay-type":"","overlay-color":"","overlay-opacity":"","overlay-gradient":""},"mobile":{"background-color":"","background-image":"","background-repeat":"repeat","background-position":"center center","background-size":"auto","background-attachment":"scroll","background-type":"","background-media":"","overlay-type":"","overlay-color":"","overlay-opacity":"","overlay-gradient":""}},"ast-content-background-meta":{"desktop":{"background-color":"var(--ast-global-color-5)","background-image":"","background-repeat":"repeat","background-position":"center center","background-size":"auto","background-attachment":"scroll","background-type":"","background-media":"","overlay-type":"","overlay-color":"","overlay-opacity":"","overlay-gradient":""},"tablet":{"background-color":"var(--ast-global-color-5)","background-image":"","background-repeat":"repeat","background-position":"center center","background-size":"auto","background-attachment":"scroll","background-type":"","background-media":"","overlay-type":"","overlay-color":"","overlay-opacity":"","overlay-gradient":""},"mobile":{"background-color":"var(--ast-global-color-5)","background-image":"","background-repeat":"repeat","background-position":"center center","background-size":"auto","background-attachment":"scroll","background-type":"","background-media":"","overlay-type":"","overlay-color":"","overlay-opacity":"","overlay-gradient":""}}},"product-categores":[79],"class_list":["post-2331","product","type-product","status-publish","has-post-thumbnail","hentry","product-categores-brick-machine-molds"],"acf":[],"_links":{"self":[{"href":"https:\/\/www.sotopmachine.com\/ar\/wp-json\/wp\/v2\/product\/2331","targetHints":{"allow":["GET"]}}],"collection":[{"href":"https:\/\/www.sotopmachine.com\/ar\/wp-json\/wp\/v2\/product"}],"about":[{"href":"https:\/\/www.sotopmachine.com\/ar\/wp-json\/wp\/v2\/types\/product"}],"wp:featuredmedia":[{"embeddable":true,"href":"https:\/\/www.sotopmachine.com\/ar\/wp-json\/wp\/v2\/media\/1872"}],"wp:attachment":[{"href":"https:\/\/www.sotopmachine.com\/ar\/wp-json\/wp\/v2\/media?parent=2331"}],"wp:term":[{"taxonomy":"product-categores","embeddable":true,"href":"https:\/\/www.sotopmachine.com\/ar\/wp-json\/wp\/v2\/product-categores?post=2331"}],"curies":[{"name":"\u062f\u0628\u0644\u064a\u0648 \u0628\u064a","href":"https:\/\/api.w.org\/{rel}","templated":true}]}}