{"id":594,"date":"2025-06-11T06:22:02","date_gmt":"2025-06-11T06:22:02","guid":{"rendered":"https:\/\/www.sotopmachine.com\/about-us\/"},"modified":"2025-11-28T09:12:46","modified_gmt":"2025-11-28T09:12:46","slug":"about-us","status":"publish","type":"page","link":"https:\/\/www.sotopmachine.com\/de\/about-us\/","title":{"rendered":"\u00dcber uns"},"content":{"rendered":"<div data-elementor-type=\"wp-page\" data-elementor-id=\"594\" class=\"elementor elementor-594\" data-elementor-post-type=\"page\">\n\t\t\t\t<div data-particle_enable=\"false\" data-particle-mobile-disabled=\"false\" class=\"elementor-element elementor-element-071f7e0 e-flex e-con-boxed e-con e-parent\" data-id=\"071f7e0\" data-element_type=\"container\" data-e-type=\"container\" data-settings=\"{&quot;background_background&quot;:&quot;classic&quot;,&quot;ekit_has_onepagescroll_dot&quot;:&quot;yes&quot;}\">\n\t\t\t\t\t<div class=\"e-con-inner\">\n\t\t\t\t<div class=\"elementor-element elementor-element-df6742c elementor-widget elementor-widget-elementskit-heading\" data-id=\"df6742c\" data-element_type=\"widget\" data-e-type=\"widget\" data-settings=\"{&quot;ekit_we_effect_on&quot;:&quot;none&quot;}\" data-widget_type=\"elementskit-heading.default\">\n\t\t\t\t<div class=\"elementor-widget-container\">\n\t\t\t\t\t<div class=\"ekit-wid-con\" ><div class=\"ekit-heading elementskit-section-title-wraper text_left   ekit_heading_tablet-   ekit_heading_mobile-\"><h1 class=\"ekit-heading--title elementskit-section-title\">Ihr Prime <span><span>Ziegel &amp; Teile<\/span><\/span> Lieferant und Innovator weltweit<\/h1><div class=\"ekit_heading_separetor_wraper ekit_heading_elementskit-border-divider ekit-dotted\"><div class=\"elementskit-border-divider ekit-dotted\"><\/div><\/div>\t\t\t\t<div class='ekit-heading__description'>\n\t\t\t\t\t<p>hebt SOTOP als weltweit f\u00fchrendes Unternehmen im Bereich Baumaschinen hervor, das Ziegelmaschinen, Formen und Fahrwerksteile abdeckt.<\/p>\n<p>Mehr als 20 Jahre Erfahrung im Baumaschinenhandel<\/p>\n\t\t\t\t<\/div>\n\t\t\t<\/div><\/div>\t\t\t\t<\/div>\n\t\t\t\t<\/div>\n\t\t\t\t<div class=\"elementor-element elementor-element-1674114 elementor-icon-list--layout-traditional elementor-list-item-link-full_width elementor-widget elementor-widget-icon-list\" data-id=\"1674114\" data-element_type=\"widget\" data-e-type=\"widget\" data-settings=\"{&quot;ekit_we_effect_on&quot;:&quot;none&quot;}\" data-widget_type=\"icon-list.default\">\n\t\t\t\t<div class=\"elementor-widget-container\">\n\t\t\t\t\t\t\t<ul class=\"elementor-icon-list-items\">\n\t\t\t\t\t\t\t<li class=\"elementor-icon-list-item\">\n\t\t\t\t\t\t\t\t\t\t\t<span class=\"elementor-icon-list-icon\">\n\t\t\t\t\t\t\t<i aria-hidden=\"true\" class=\"icon icon-check\"><\/i>\t\t\t\t\t\t<\/span>\n\t\t\t\t\t\t\t\t\t\t<span class=\"elementor-icon-list-text\">\u00dcber 200 qualifizierte Fachleute in unserem globalen Team<\/span>\n\t\t\t\t\t\t\t\t\t<\/li>\n\t\t\t\t\t\t\t\t<li class=\"elementor-icon-list-item\">\n\t\t\t\t\t\t\t\t\t\t\t<span class=\"elementor-icon-list-icon\">\n\t\t\t\t\t\t\t<i aria-hidden=\"true\" class=\"icon icon-check\"><\/i>\t\t\t\t\t\t<\/span>\n\t\t\t\t\t\t\t\t\t\t<span class=\"elementor-icon-list-text\">Fortschrittliche CNC-Technologie f\u00fcr die Pr\u00e4zisionsfertigung<\/span>\n\t\t\t\t\t\t\t\t\t<\/li>\n\t\t\t\t\t\t\t\t<li class=\"elementor-icon-list-item\">\n\t\t\t\t\t\t\t\t\t\t\t<span class=\"elementor-icon-list-icon\">\n\t\t\t\t\t\t\t<i aria-hidden=\"true\" class=\"icon icon-check\"><\/i>\t\t\t\t\t\t<\/span>\n\t\t\t\t\t\t\t\t\t\t<span class=\"elementor-icon-list-text\">Betreuung von Kunden in \u00fcber 40 L\u00e4ndern<\/span>\n\t\t\t\t\t\t\t\t\t<\/li>\n\t\t\t\t\t\t<\/ul>\n\t\t\t\t\t\t<\/div>\n\t\t\t\t<\/div>\n\t\t\t\t<div class=\"elementor-element elementor-element-6804a32 elementor-widget elementor-widget-button\" data-id=\"6804a32\" data-element_type=\"widget\" data-e-type=\"widget\" data-settings=\"{&quot;ekit_we_effect_on&quot;:&quot;none&quot;}\" data-widget_type=\"button.default\">\n\t\t\t\t<div class=\"elementor-widget-container\">\n\t\t\t\t\t\t\t\t\t<div class=\"elementor-button-wrapper\">\n\t\t\t\t\t<a class=\"elementor-button elementor-button-link elementor-size-sm\" href=\"#elementor-action%3Aaction%3Dpopup%3Aopen%26settings%3DeyJpZCI6IjE3MjQiLCJ0b2dnbGUiOmZhbHNlfQ%3D%3D\">\n\t\t\t\t\t\t<span class=\"elementor-button-content-wrapper\">\n\t\t\t\t\t\t<span class=\"elementor-button-icon\">\n\t\t\t\t<i aria-hidden=\"true\" class=\"icon icon-right-arrow\"><\/i>\t\t\t<\/span>\n\t\t\t\t\t\t\t\t\t<span class=\"elementor-button-text\">Schnelles Angebot einholen<\/span>\n\t\t\t\t\t<\/span>\n\t\t\t\t\t<\/a>\n\t\t\t\t<\/div>\n\t\t\t\t\t\t\t\t<\/div>\n\t\t\t\t<\/div>\n\t\t\t\t\t<\/div>\n\t\t\t\t<\/div>\n\t\t<div data-particle_enable=\"false\" data-particle-mobile-disabled=\"false\" class=\"elementor-element elementor-element-8bceba8 e-flex e-con-boxed e-con e-parent\" data-id=\"8bceba8\" data-element_type=\"container\" data-e-type=\"container\" data-settings=\"{&quot;background_background&quot;:&quot;classic&quot;,&quot;ekit_has_onepagescroll_dot&quot;:&quot;yes&quot;}\">\n\t\t\t\t\t<div class=\"e-con-inner\">\n\t\t\t\t<div class=\"elementor-element elementor-element-458cdae elementor-widget elementor-widget-elementskit-heading\" data-id=\"458cdae\" data-element_type=\"widget\" data-e-type=\"widget\" data-settings=\"{&quot;ekit_we_effect_on&quot;:&quot;none&quot;}\" data-widget_type=\"elementskit-heading.default\">\n\t\t\t\t<div class=\"elementor-widget-container\">\n\t\t\t\t\t<div class=\"ekit-wid-con\" ><div class=\"ekit-heading elementskit-section-title-wraper text_left   ekit_heading_tablet-   ekit_heading_mobile-\"><p class=\"ekit-heading--title elementskit-section-title\">\u00dcber uns<\/p><div class=\"ekit_heading_separetor_wraper ekit_heading_elementskit-border-divider ekit-dotted\"><div class=\"elementskit-border-divider ekit-dotted\"><\/div><\/div><h3 class=\"ekit-heading--subtitle elementskit-section-subtitle\">\n\t\t\t\t\t\tSOTOP Machinery Solutions\n\t\t\t\t\t<\/h3><\/div><\/div>\t\t\t\t<\/div>\n\t\t\t\t<\/div>\n\t\t\t\t<div class=\"elementor-element elementor-element-0a03d4d elementor-widget elementor-widget-text-editor\" data-id=\"0a03d4d\" data-element_type=\"widget\" data-e-type=\"widget\" data-settings=\"{&quot;ekit_we_effect_on&quot;:&quot;none&quot;}\" data-widget_type=\"text-editor.default\">\n\t\t\t\t<div class=\"elementor-widget-container\">\n\t\t\t\t\t\t\t\t\t<p dir=\"auto\">Willkommen bei SOTOP Machinery, Ihrem zuverl\u00e4ssigen globalen Partner f\u00fcr moderne Baumaschinen. Gegr\u00fcndet im Jahr 2005 und mit Hauptsitz in Quanzhou, China - der kulturellen Hauptstadt Ostasiens und einem f\u00fchrenden Zentrum f\u00fcr Chinas Ziegelmaschinenindustrie - hat sich SOTOP zu einem f\u00fchrenden Handelsunternehmen entwickelt, das sich auf <strong>hochwertige Ziegelherstellungsmaschinen<\/strong>\u00a0und <strong>Schimmelpilze<\/strong>. Als Hightech-Unternehmen, das Forschung und Entwicklung, Produktion, Vertrieb und Service vereint, sind wir \u00fcber unsere Tochtergesellschaft Quanzhou Qisheng Machinery Manufacturing Co. t\u00e4tig, ein staatlich anerkanntes Hightech-Unternehmen und ein auf Wissenschaft und Technologie basierendes kleines und mittleres Unternehmen aus Fujian, das am Straits Equity Trading Center notiert ist (Code: 687416). Mit fast zwei Jahrzehnten Branchenerfahrung haben wir uns verpflichtet, innovative, zuverl\u00e4ssige und kosteneffektive L\u00f6sungen f\u00fcr Baufachleute auf der ganzen Welt zu liefern.<\/p><p dir=\"auto\">Unser Team besteht aus mehr als 150 qualifizierten Ingenieuren und Technikern, die modernste Technologien wie CNC-Bearbeitungszentren, Laserschneidsysteme und automatisierte Montagelinien einsetzen, um Pr\u00e4zision und Langlebigkeit in jedem Produkt zu gew\u00e4hrleisten. Unterst\u00fctzt durch strategische Partnerschaften mit Universit\u00e4ten und Forschungseinrichtungen hat Qisheng Machinery zahlreiche Erfindungs- und Gebrauchsmusterpatente erhalten und treibt die kontinuierliche Innovation in der Ziegelmaschinenherstellung voran. Zu unseren Vorzeigeprodukten geh\u00f6ren hochmoderne Ziegelmaschinen, anpassbare Formen und robuste Fahrwerkskomponenten, die den vielf\u00e4ltigen Anforderungen der globalen M\u00e4rkte gerecht werden und gleichzeitig der Philosophie von \u201cPionierarbeit und Innovation, Integrit\u00e4t und Win-Win\u201d folgen.\u201d<\/p><p dir=\"auto\">SOTOP ist stolz darauf, Kunden in mehr als 40 L\u00e4ndern zu betreuen, mit regionalen Niederlassungen in Indonesien, S\u00fcdafrika, Vietnam, Brasilien und den Vereinigten Staaten. Diese strategisch gelegenen Zentren bieten lokalisierten Support, einschlie\u00dflich technischer Unterst\u00fctzung, Installationsanleitung und Kundendienst, um einen reibungslosen Betrieb f\u00fcr unsere Kunden zu gew\u00e4hrleisten. Als ein <strong>f\u00fchrender Hersteller von Ziegelmaschinen<\/strong> und Zulieferer legen wir gro\u00dfen Wert auf Energieeinsparung, Emissionsreduzierung, hohe Effizienz und Umweltschutz und orientieren uns dabei an den globalen Nachhaltigkeitszielen.<\/p><p dir=\"auto\">Unser Engagement f\u00fcr hervorragende Leistungen spiegelt sich in unserer ISO 9001:2015-Zertifizierung und der Einhaltung internationaler Qualit\u00e4tsstandards wider. Mit einer kundenorientierten Philosophie legen wir Wert auf ma\u00dfgeschneiderte L\u00f6sungen, p\u00fcnktliche Lieferung und kontinuierliche Unterst\u00fctzung, damit unsere Partner bei ihren Projekten au\u00dfergew\u00f6hnliche Ergebnisse erzielen k\u00f6nnen. Durch das Fachwissen von Qisheng Machinery im Bereich der Automatisierungsanlagen f\u00fcr die Betonstein- und Pflastersteinproduktion liefern wir optimale Unterst\u00fctzungsprodukte, die die realen Herausforderungen in der Ziegelproduktion l\u00f6sen und den Wert jeder Anlage maximieren.<\/p><p dir=\"auto\">Wir bei SOTOP stellen uns eine Zukunft vor, in der das Bauen effizient, nachhaltig und zug\u00e4nglich ist. Begleiten Sie uns auf dieser Reise, w\u00e4hrend wir weiterhin innovativ sind und unsere globale Pr\u00e4senz ausbauen, um dauerhafte Partnerschaften mit jedem Kunden aufzubauen. Ganz gleich, ob Sie nach L\u00f6sungen von Qisheng Machinery oder nach SOTOPs umfassendem Angebot an Ziegelmaschinen suchen, wir sind hier, um Ihren Erfolg zu unterst\u00fctzen.<\/p>\t\t\t\t\t\t\t\t<\/div>\n\t\t\t\t<\/div>\n\t\t\t\t<div class=\"elementor-element elementor-element-cc091e6 elementor-widget elementor-widget-button\" data-id=\"cc091e6\" data-element_type=\"widget\" data-e-type=\"widget\" data-settings=\"{&quot;ekit_we_effect_on&quot;:&quot;none&quot;}\" data-widget_type=\"button.default\">\n\t\t\t\t<div class=\"elementor-widget-container\">\n\t\t\t\t\t\t\t\t\t<div class=\"elementor-button-wrapper\">\n\t\t\t\t\t<a class=\"elementor-button elementor-button-link elementor-size-sm\" href=\"#elementor-action%3Aaction%3Dpopup%3Aopen%26settings%3DeyJpZCI6IjE3MjQiLCJ0b2dnbGUiOmZhbHNlfQ%3D%3D\">\n\t\t\t\t\t\t<span class=\"elementor-button-content-wrapper\">\n\t\t\t\t\t\t<span class=\"elementor-button-icon\">\n\t\t\t\t<i aria-hidden=\"true\" class=\"icon icon-right-arrow\"><\/i>\t\t\t<\/span>\n\t\t\t\t\t\t\t\t\t<span class=\"elementor-button-text\">Schnelles Angebot einholen<\/span>\n\t\t\t\t\t<\/span>\n\t\t\t\t\t<\/a>\n\t\t\t\t<\/div>\n\t\t\t\t\t\t\t\t<\/div>\n\t\t\t\t<\/div>\n\t\t\t\t\t<\/div>\n\t\t\t\t<\/div>\n\t\t<div data-particle_enable=\"false\" data-particle-mobile-disabled=\"false\" class=\"elementor-element elementor-element-c6b81ec e-flex e-con-boxed e-con e-parent\" data-id=\"c6b81ec\" data-element_type=\"container\" data-e-type=\"container\" data-settings=\"{&quot;background_background&quot;:&quot;classic&quot;,&quot;ekit_has_onepagescroll_dot&quot;:&quot;yes&quot;}\">\n\t\t\t\t\t<div class=\"e-con-inner\">\n\t\t<div data-particle_enable=\"false\" data-particle-mobile-disabled=\"false\" class=\"elementor-element elementor-element-0ab103a e-con-full e-flex e-con e-child\" data-id=\"0ab103a\" data-element_type=\"container\" data-e-type=\"container\" data-settings=\"{&quot;ekit_has_onepagescroll_dot&quot;:&quot;yes&quot;}\">\n\t\t\t\t<div class=\"elementor-element elementor-element-07962e5 elementor-widget elementor-widget-elementskit-heading\" data-id=\"07962e5\" data-element_type=\"widget\" data-e-type=\"widget\" data-settings=\"{&quot;ekit_we_effect_on&quot;:&quot;none&quot;}\" data-widget_type=\"elementskit-heading.default\">\n\t\t\t\t<div class=\"elementor-widget-container\">\n\t\t\t\t\t<div class=\"ekit-wid-con\" ><div class=\"ekit-heading elementskit-section-title-wraper text_left   ekit_heading_tablet-   ekit_heading_mobile-\"><p class=\"ekit-heading--title elementskit-section-title\">\u00dcber uns<\/p><div class=\"ekit_heading_separetor_wraper ekit_heading_elementskit-border-divider ekit-dotted\"><div class=\"elementskit-border-divider ekit-dotted\"><\/div><\/div><h3 class=\"ekit-heading--subtitle elementskit-section-subtitle\">\n\t\t\t\t\t\tVerarbeitungsger\u00e4te\n\t\t\t\t\t<\/h3><\/div><\/div>\t\t\t\t<\/div>\n\t\t\t\t<\/div>\n\t\t\t\t<\/div>\n\t\t<div data-particle_enable=\"false\" data-particle-mobile-disabled=\"false\" class=\"elementor-element elementor-element-55451b3 e-con-full e-flex e-con e-child\" data-id=\"55451b3\" data-element_type=\"container\" data-e-type=\"container\" data-settings=\"{&quot;ekit_has_onepagescroll_dot&quot;:&quot;yes&quot;}\">\n\t\t\t\t<div class=\"elementor-element elementor-element-54ce3d5 elementor-widget elementor-widget-image\" data-id=\"54ce3d5\" data-element_type=\"widget\" data-e-type=\"widget\" data-settings=\"{&quot;ekit_we_effect_on&quot;:&quot;none&quot;}\" data-widget_type=\"image.default\">\n\t\t\t\t<div class=\"elementor-widget-container\">\n\t\t\t\t\t\t\t\t\t\t\t\t\t\t\t<img fetchpriority=\"high\" decoding=\"async\" width=\"700\" height=\"255\" src=\"https:\/\/www.sotopmachine.com\/wp-content\/uploads\/2025\/06\/202206291546578538028.jpg\" class=\"elementor-animation-float attachment-full size-full wp-image-1396\" alt=\"\" srcset=\"https:\/\/www.sotopmachine.com\/wp-content\/uploads\/2025\/06\/202206291546578538028.jpg 700w, https:\/\/www.sotopmachine.com\/wp-content\/uploads\/2025\/06\/202206291546578538028-300x109.jpg 300w\" sizes=\"(max-width: 700px) 100vw, 700px\" \/>\t\t\t\t\t\t\t\t\t\t\t\t\t\t\t<\/div>\n\t\t\t\t<\/div>\n\t\t\t\t<\/div>\n\t\t<div data-particle_enable=\"false\" data-particle-mobile-disabled=\"false\" class=\"elementor-element elementor-element-8255d3b e-con-full e-flex e-con e-child\" data-id=\"8255d3b\" data-element_type=\"container\" data-e-type=\"container\" data-settings=\"{&quot;ekit_has_onepagescroll_dot&quot;:&quot;yes&quot;}\">\n\t\t\t\t<div class=\"elementor-element elementor-element-dda63ed elementor-widget elementor-widget-image\" data-id=\"dda63ed\" data-element_type=\"widget\" data-e-type=\"widget\" data-settings=\"{&quot;ekit_we_effect_on&quot;:&quot;none&quot;}\" data-widget_type=\"image.default\">\n\t\t\t\t<div class=\"elementor-widget-container\">\n\t\t\t\t\t\t\t\t\t\t\t\t\t\t\t<img decoding=\"async\" width=\"700\" height=\"255\" src=\"https:\/\/www.sotopmachine.com\/wp-content\/uploads\/2025\/06\/202206291546576781366.jpg\" class=\"elementor-animation-float attachment-large size-large wp-image-1395\" alt=\"\" srcset=\"https:\/\/www.sotopmachine.com\/wp-content\/uploads\/2025\/06\/202206291546576781366.jpg 700w, https:\/\/www.sotopmachine.com\/wp-content\/uploads\/2025\/06\/202206291546576781366-300x109.jpg 300w\" sizes=\"(max-width: 700px) 100vw, 700px\" \/>\t\t\t\t\t\t\t\t\t\t\t\t\t\t\t<\/div>\n\t\t\t\t<\/div>\n\t\t\t\t<div class=\"elementor-element elementor-element-5a24616 elementor-widget elementor-widget-image\" data-id=\"5a24616\" data-element_type=\"widget\" data-e-type=\"widget\" data-settings=\"{&quot;ekit_we_effect_on&quot;:&quot;none&quot;}\" data-widget_type=\"image.default\">\n\t\t\t\t<div class=\"elementor-widget-container\">\n\t\t\t\t\t\t\t\t\t\t\t\t\t\t\t<img decoding=\"async\" width=\"700\" height=\"255\" src=\"https:\/\/www.sotopmachine.com\/wp-content\/uploads\/2025\/06\/202206291546582266507.jpg\" class=\"elementor-animation-float attachment-large size-large wp-image-1397\" alt=\"\" srcset=\"https:\/\/www.sotopmachine.com\/wp-content\/uploads\/2025\/06\/202206291546582266507.jpg 700w, https:\/\/www.sotopmachine.com\/wp-content\/uploads\/2025\/06\/202206291546582266507-300x109.jpg 300w\" sizes=\"(max-width: 700px) 100vw, 700px\" \/>\t\t\t\t\t\t\t\t\t\t\t\t\t\t\t<\/div>\n\t\t\t\t<\/div>\n\t\t\t\t<div class=\"elementor-element elementor-element-eb16aa0 elementor-widget elementor-widget-image\" data-id=\"eb16aa0\" data-element_type=\"widget\" data-e-type=\"widget\" data-settings=\"{&quot;ekit_we_effect_on&quot;:&quot;none&quot;}\" data-widget_type=\"image.default\">\n\t\t\t\t<div class=\"elementor-widget-container\">\n\t\t\t\t\t\t\t\t\t\t\t\t\t\t\t<img loading=\"lazy\" decoding=\"async\" width=\"700\" height=\"255\" src=\"https:\/\/www.sotopmachine.com\/wp-content\/uploads\/2025\/06\/202206291546584523936.jpg\" class=\"elementor-animation-float attachment-large size-large wp-image-1399\" alt=\"\" srcset=\"https:\/\/www.sotopmachine.com\/wp-content\/uploads\/2025\/06\/202206291546584523936.jpg 700w, https:\/\/www.sotopmachine.com\/wp-content\/uploads\/2025\/06\/202206291546584523936-300x109.jpg 300w\" sizes=\"(max-width: 700px) 100vw, 700px\" \/>\t\t\t\t\t\t\t\t\t\t\t\t\t\t\t<\/div>\n\t\t\t\t<\/div>\n\t\t\t\t<\/div>\n\t\t<div data-particle_enable=\"false\" data-particle-mobile-disabled=\"false\" class=\"elementor-element elementor-element-1604558 e-con-full e-flex e-con e-child\" data-id=\"1604558\" data-element_type=\"container\" data-e-type=\"container\" data-settings=\"{&quot;ekit_has_onepagescroll_dot&quot;:&quot;yes&quot;}\">\n\t\t\t\t<div class=\"elementor-element elementor-element-724d4f6 elementor-widget elementor-widget-image\" data-id=\"724d4f6\" data-element_type=\"widget\" data-e-type=\"widget\" data-settings=\"{&quot;ekit_we_effect_on&quot;:&quot;none&quot;}\" data-widget_type=\"image.default\">\n\t\t\t\t<div class=\"elementor-widget-container\">\n\t\t\t\t\t\t\t\t\t\t\t\t\t\t\t<img loading=\"lazy\" decoding=\"async\" width=\"700\" height=\"255\" src=\"https:\/\/www.sotopmachine.com\/wp-content\/uploads\/2025\/06\/202206291546582767274.jpg\" class=\"elementor-animation-float attachment-large size-large wp-image-1401\" alt=\"\" srcset=\"https:\/\/www.sotopmachine.com\/wp-content\/uploads\/2025\/06\/202206291546582767274.jpg 700w, https:\/\/www.sotopmachine.com\/wp-content\/uploads\/2025\/06\/202206291546582767274-300x109.jpg 300w\" sizes=\"(max-width: 700px) 100vw, 700px\" \/>\t\t\t\t\t\t\t\t\t\t\t\t\t\t\t<\/div>\n\t\t\t\t<\/div>\n\t\t\t\t<div class=\"elementor-element elementor-element-d0aee65 elementor-widget elementor-widget-image\" data-id=\"d0aee65\" data-element_type=\"widget\" data-e-type=\"widget\" data-settings=\"{&quot;ekit_we_effect_on&quot;:&quot;none&quot;}\" data-widget_type=\"image.default\">\n\t\t\t\t<div class=\"elementor-widget-container\">\n\t\t\t\t\t\t\t\t\t\t\t\t\t\t\t<img loading=\"lazy\" decoding=\"async\" width=\"700\" height=\"255\" src=\"https:\/\/www.sotopmachine.com\/wp-content\/uploads\/2025\/06\/202206291546586280599.jpg\" class=\"elementor-animation-float attachment-large size-large wp-image-1398\" alt=\"\" srcset=\"https:\/\/www.sotopmachine.com\/wp-content\/uploads\/2025\/06\/202206291546586280599.jpg 700w, https:\/\/www.sotopmachine.com\/wp-content\/uploads\/2025\/06\/202206291546586280599-300x109.jpg 300w\" sizes=\"(max-width: 700px) 100vw, 700px\" \/>\t\t\t\t\t\t\t\t\t\t\t\t\t\t\t<\/div>\n\t\t\t\t<\/div>\n\t\t\t\t<div class=\"elementor-element elementor-element-6b5855c elementor-widget elementor-widget-image\" data-id=\"6b5855c\" data-element_type=\"widget\" data-e-type=\"widget\" data-settings=\"{&quot;ekit_we_effect_on&quot;:&quot;none&quot;}\" data-widget_type=\"image.default\">\n\t\t\t\t<div class=\"elementor-widget-container\">\n\t\t\t\t\t\t\t\t\t\t\t\t\t\t\t<img loading=\"lazy\" decoding=\"async\" width=\"700\" height=\"255\" src=\"https:\/\/www.sotopmachine.com\/wp-content\/uploads\/2025\/06\/202206291546581294691.jpg\" class=\"elementor-animation-float attachment-large size-large wp-image-1400\" alt=\"\" srcset=\"https:\/\/www.sotopmachine.com\/wp-content\/uploads\/2025\/06\/202206291546581294691.jpg 700w, https:\/\/www.sotopmachine.com\/wp-content\/uploads\/2025\/06\/202206291546581294691-300x109.jpg 300w\" sizes=\"(max-width: 700px) 100vw, 700px\" \/>\t\t\t\t\t\t\t\t\t\t\t\t\t\t\t<\/div>\n\t\t\t\t<\/div>\n\t\t\t\t<\/div>\n\t\t\t\t\t<\/div>\n\t\t\t\t<\/div>\n\t\t<div data-particle_enable=\"false\" data-particle-mobile-disabled=\"false\" class=\"elementor-element elementor-element-5d22111 e-flex e-con-boxed e-con e-parent\" data-id=\"5d22111\" data-element_type=\"container\" data-e-type=\"container\" data-settings=\"{&quot;background_background&quot;:&quot;classic&quot;,&quot;ekit_has_onepagescroll_dot&quot;:&quot;yes&quot;}\">\n\t\t\t\t\t<div class=\"e-con-inner\">\n\t\t\t\t<div class=\"elementor-element elementor-element-161e116 elementor-widget elementor-widget-heading\" data-id=\"161e116\" data-element_type=\"widget\" data-e-type=\"widget\" data-settings=\"{&quot;ekit_we_effect_on&quot;:&quot;none&quot;}\" data-widget_type=\"heading.default\">\n\t\t\t\t<div class=\"elementor-widget-container\">\n\t\t\t\t\t<h2 class=\"elementor-heading-title elementor-size-default\">Steigern Sie Ihr Gesch\u00e4ft mit SOTOP-L\u00f6sungen<\/h2>\t\t\t\t<\/div>\n\t\t\t\t<\/div>\n\t\t\t\t<div class=\"elementor-element elementor-element-3e5fbee elementor-widget elementor-widget-heading\" data-id=\"3e5fbee\" data-element_type=\"widget\" data-e-type=\"widget\" data-settings=\"{&quot;ekit_we_effect_on&quot;:&quot;none&quot;}\" data-widget_type=\"heading.default\">\n\t\t\t\t<div class=\"elementor-widget-container\">\n\t\t\t\t\t<p class=\"elementor-heading-title elementor-size-default\">Senden Sie uns noch heute Ihre Anfrage und nutzen Sie die M\u00f6glichkeit, Maschinen der Enterprise-Klasse f\u00fcr Ihre Projekte einzusetzen.<\/p>\t\t\t\t<\/div>\n\t\t\t\t<\/div>\n\t\t\t\t<div class=\"elementor-element elementor-element-414f36d elementor-align-left elementor-widget elementor-widget-button\" data-id=\"414f36d\" data-element_type=\"widget\" data-e-type=\"widget\" data-settings=\"{&quot;ekit_we_effect_on&quot;:&quot;none&quot;}\" data-widget_type=\"button.default\">\n\t\t\t\t<div class=\"elementor-widget-container\">\n\t\t\t\t\t\t\t\t\t<div class=\"elementor-button-wrapper\">\n\t\t\t\t\t<a class=\"elementor-button elementor-button-link elementor-size-sm\" href=\"#elementor-action%3Aaction%3Dpopup%3Aopen%26settings%3DeyJpZCI6IjE3MjQiLCJ0b2dnbGUiOmZhbHNlfQ%3D%3D\">\n\t\t\t\t\t\t<span class=\"elementor-button-content-wrapper\">\n\t\t\t\t\t\t<span class=\"elementor-button-icon\">\n\t\t\t\t<i aria-hidden=\"true\" class=\"icon icon-right-arrow\"><\/i>\t\t\t<\/span>\n\t\t\t\t\t\t\t\t\t<span class=\"elementor-button-text\">Kontaktieren Sie uns jetzt<\/span>\n\t\t\t\t\t<\/span>\n\t\t\t\t\t<\/a>\n\t\t\t\t<\/div>\n\t\t\t\t\t\t\t\t<\/div>\n\t\t\t\t<\/div>\n\t\t\t\t\t<\/div>\n\t\t\t\t<\/div>\n\t\t\t\t<\/div>","protected":false},"excerpt":{"rendered":"<p>Your Prime Brick &amp; Parts Supplier &amp; Innovator Globally Highlights SOTOP as a global leader in construction machinery, covering brick machines, molds, and undercarriage parts. 20+ Years\u2019 Experience in Construction Machinery Trade 200+ Skilled Professionals in Our Global Team Advanced CNC Technology for Precision Manufacturing Serving Clients in Over 40 Countries Get Quick Quote About [&hellip;]<\/p>\n","protected":false},"author":1,"featured_media":0,"parent":0,"menu_order":0,"comment_status":"closed","ping_status":"closed","template":"","meta":{"_acf_changed":false,"site-sidebar-layout":"no-sidebar","site-content-layout":"page-builder","ast-site-content-layout":"full-width-container","site-content-style":"default","site-sidebar-style":"default","ast-global-header-display":"","ast-banner-title-visibility":"disabled","ast-main-header-display":"","ast-hfb-above-header-display":"","ast-hfb-below-header-display":"","ast-hfb-mobile-header-display":"","site-post-title":"disabled","ast-breadcrumbs-content":"","ast-featured-img":"disabled","footer-sml-layout":"","theme-transparent-header-meta":"enabled","adv-header-id-meta":"","stick-header-meta":"","header-above-stick-meta":"","header-main-stick-meta":"","header-below-stick-meta":"","astra-migrate-meta-layouts":"set","ast-page-background-enabled":"default","ast-page-background-meta":{"desktop":{"background-color":"var(--ast-global-color-4)","background-image":"","background-repeat":"repeat","background-position":"center center","background-size":"auto","background-attachment":"scroll","background-type":"","background-media":"","overlay-type":"","overlay-color":"","overlay-opacity":"","overlay-gradient":""},"tablet":{"background-color":"","background-image":"","background-repeat":"repeat","background-position":"center center","background-size":"auto","background-attachment":"scroll","background-type":"","background-media":"","overlay-type":"","overlay-color":"","overlay-opacity":"","overlay-gradient":""},"mobile":{"background-color":"","background-image":"","background-repeat":"repeat","background-position":"center center","background-size":"auto","background-attachment":"scroll","background-type":"","background-media":"","overlay-type":"","overlay-color":"","overlay-opacity":"","overlay-gradient":""}},"ast-content-background-meta":{"desktop":{"background-color":"var(--ast-global-color-5)","background-image":"","background-repeat":"repeat","background-position":"center center","background-size":"auto","background-attachment":"scroll","background-type":"","background-media":"","overlay-type":"","overlay-color":"","overlay-opacity":"","overlay-gradient":""},"tablet":{"background-color":"var(--ast-global-color-5)","background-image":"","background-repeat":"repeat","background-position":"center center","background-size":"auto","background-attachment":"scroll","background-type":"","background-media":"","overlay-type":"","overlay-color":"","overlay-opacity":"","overlay-gradient":""},"mobile":{"background-color":"var(--ast-global-color-5)","background-image":"","background-repeat":"repeat","background-position":"center center","background-size":"auto","background-attachment":"scroll","background-type":"","background-media":"","overlay-type":"","overlay-color":"","overlay-opacity":"","overlay-gradient":""}},"footnotes":""},"class_list":["post-594","page","type-page","status-publish","hentry"],"acf":[],"_links":{"self":[{"href":"https:\/\/www.sotopmachine.com\/de\/wp-json\/wp\/v2\/pages\/594","targetHints":{"allow":["GET"]}}],"collection":[{"href":"https:\/\/www.sotopmachine.com\/de\/wp-json\/wp\/v2\/pages"}],"about":[{"href":"https:\/\/www.sotopmachine.com\/de\/wp-json\/wp\/v2\/types\/page"}],"author":[{"embeddable":true,"href":"https:\/\/www.sotopmachine.com\/de\/wp-json\/wp\/v2\/users\/1"}],"replies":[{"embeddable":true,"href":"https:\/\/www.sotopmachine.com\/de\/wp-json\/wp\/v2\/comments?post=594"}],"version-history":[{"count":5,"href":"https:\/\/www.sotopmachine.com\/de\/wp-json\/wp\/v2\/pages\/594\/revisions"}],"predecessor-version":[{"id":2379,"href":"https:\/\/www.sotopmachine.com\/de\/wp-json\/wp\/v2\/pages\/594\/revisions\/2379"}],"wp:attachment":[{"href":"https:\/\/www.sotopmachine.com\/de\/wp-json\/wp\/v2\/media?parent=594"}],"curies":[{"name":"wp","href":"https:\/\/api.w.org\/{rel}","templated":true}]}}