{"id":2320,"date":"2025-09-01T15:20:09","date_gmt":"2025-09-01T15:20:09","guid":{"rendered":"https:\/\/www.sotopmachine.com\/?post_type=product&#038;p=2320"},"modified":"2025-09-01T15:20:11","modified_gmt":"2025-09-01T15:20:11","slug":"hollow-block-molds","status":"publish","type":"product","link":"https:\/\/www.sotopmachine.com\/de\/product\/hollow-block-molds\/","title":{"rendered":"Hohlblock-Formen"},"content":{"rendered":"<p>SOTOP-Hohlblockformen sind vielseitig einsetzbar f\u00fcr verschiedene Rohmaterialien, einschlie\u00dflich Erde, Kies, Zement, Zuschlagstoffe und Industrieabf\u00e4lle, und produzieren umweltfreundliche, hochfeste Bl\u00f6cke f\u00fcr den Bau und die Landschaftsgestaltung, alles von einem f\u00fchrenden Hersteller von Hohlblockformen.<\/p>\n\n\n\n<p><strong>Technische Daten<\/strong>:<\/p>\n\n\n\n<ul class=\"wp-block-list\">\n<li>Material-Optionen: Hochwertiger, verschlei\u00dffester legierter Stahl, zementbasierter technischer ABS-Kunststoff oder anpassbare Mischwerkstoffe.<\/li>\n\n\n\n<li>H\u00e4rtegrad: 62-68HRC (einsatzgeh\u00e4rtet f\u00fcr extreme Haltbarkeit).<\/li>\n\n\n\n<li>Tamper Shoe Clearance: 0,5-0,8 mm (einstellbar f\u00fcr optimale Verdichtung).<\/li>\n\n\n\n<li>Abmessungen der Form: Anpassbar (z.B. Standardgr\u00f6\u00dfen: 390x190x190mm f\u00fcr Hohlziegel, 240x160x60mm f\u00fcr Pflastersteine; L\u00e4ngenbereich 120-400mm, Dicke 3-8mm).<\/li>\n\n\n\n<li>Haltestegplatte: Geschraubt und auswechselbar f\u00fcr schnellen Austausch.<\/li>\n\n\n\n<li>Manipulationsschutzschuh: Austauschbar, mit optionaler Verschlei\u00dfschutzbeschichtung.<\/li>\n\n\n\n<li>Zeichnungsblatt-Design: Optional f\u00fcr verbesserte Blockfreigabe und weniger Defekte.<\/li>\n\n\n\n<li>Kompatibilit\u00e4t: Geeignet f\u00fcr manuelle, halbautomatische oder vollautomatische Ziegelmaschinen; integrierbar mit Hochfrequenz-Vibrationssystemen.<\/li>\n\n\n\n<li>Gewicht: Variiert je nach Gr\u00f6\u00dfe (z. B. 11,8-15 kg f\u00fcr Standardmodelle).<\/li>\n\n\n\n<li>Lebenserwartung: Bis zu 150.000 Zyklen bei ordnungsgem\u00e4\u00dfer Wartung.<\/li>\n\n\n\n<li>Oberfl\u00e4chenbehandlung: Anti-Korrosions-Beschichtung, Pr\u00e4zisionspolieren f\u00fcr makellose Oberfl\u00e4chen.<\/li>\n<\/ul>\n\n\n\n<p><strong>Ausgangsspezifikationen:<\/strong><\/p>\n\n\n\n<ul class=\"wp-block-list\">\n<li>Produktionskompatibilit\u00e4t: Erm\u00f6glicht hohe Produktionsmengen (z. B. 10.000-14.000 St\u00fcck\/Tag f\u00fcr Vollziegel, 8.000-12.000 St\u00fcck\/Tag f\u00fcr Hohlziegel, wenn sie mit kompatiblen Maschinen kombiniert werden).<\/li>\n\n\n\n<li>Kundenspezifische Blocktypen: Standardziegel (390x190x190mm), Hohlziegel (390x190x190mm), Pflastersteine (240x160x60mm), mit Optionen f\u00fcr zellulares Mauerwerk, Interlocks und Randsteine.<\/li>\n<\/ul>","protected":false},"featured_media":1823,"parent":0,"template":"","meta":{"_acf_changed":true,"site-sidebar-layout":"default","site-content-layout":"","ast-site-content-layout":"default","site-content-style":"default","site-sidebar-style":"default","ast-global-header-display":"","ast-banner-title-visibility":"","ast-main-header-display":"","ast-hfb-above-header-display":"","ast-hfb-below-header-display":"","ast-hfb-mobile-header-display":"","site-post-title":"","ast-breadcrumbs-content":"","ast-featured-img":"","footer-sml-layout":"","theme-transparent-header-meta":"","adv-header-id-meta":"","stick-header-meta":"","header-above-stick-meta":"","header-main-stick-meta":"","header-below-stick-meta":"","astra-migrate-meta-layouts":"set","ast-page-background-enabled":"default","ast-page-background-meta":{"desktop":{"background-color":"var(--ast-global-color-4)","background-image":"","background-repeat":"repeat","background-position":"center center","background-size":"auto","background-attachment":"scroll","background-type":"","background-media":"","overlay-type":"","overlay-color":"","overlay-opacity":"","overlay-gradient":""},"tablet":{"background-color":"","background-image":"","background-repeat":"repeat","background-position":"center center","background-size":"auto","background-attachment":"scroll","background-type":"","background-media":"","overlay-type":"","overlay-color":"","overlay-opacity":"","overlay-gradient":""},"mobile":{"background-color":"","background-image":"","background-repeat":"repeat","background-position":"center center","background-size":"auto","background-attachment":"scroll","background-type":"","background-media":"","overlay-type":"","overlay-color":"","overlay-opacity":"","overlay-gradient":""}},"ast-content-background-meta":{"desktop":{"background-color":"var(--ast-global-color-5)","background-image":"","background-repeat":"repeat","background-position":"center center","background-size":"auto","background-attachment":"scroll","background-type":"","background-media":"","overlay-type":"","overlay-color":"","overlay-opacity":"","overlay-gradient":""},"tablet":{"background-color":"var(--ast-global-color-5)","background-image":"","background-repeat":"repeat","background-position":"center center","background-size":"auto","background-attachment":"scroll","background-type":"","background-media":"","overlay-type":"","overlay-color":"","overlay-opacity":"","overlay-gradient":""},"mobile":{"background-color":"var(--ast-global-color-5)","background-image":"","background-repeat":"repeat","background-position":"center center","background-size":"auto","background-attachment":"scroll","background-type":"","background-media":"","overlay-type":"","overlay-color":"","overlay-opacity":"","overlay-gradient":""}}},"product-categores":[79],"class_list":["post-2320","product","type-product","status-publish","has-post-thumbnail","hentry","product-categores-brick-machine-molds"],"acf":[],"_links":{"self":[{"href":"https:\/\/www.sotopmachine.com\/de\/wp-json\/wp\/v2\/product\/2320","targetHints":{"allow":["GET"]}}],"collection":[{"href":"https:\/\/www.sotopmachine.com\/de\/wp-json\/wp\/v2\/product"}],"about":[{"href":"https:\/\/www.sotopmachine.com\/de\/wp-json\/wp\/v2\/types\/product"}],"wp:featuredmedia":[{"embeddable":true,"href":"https:\/\/www.sotopmachine.com\/de\/wp-json\/wp\/v2\/media\/1823"}],"wp:attachment":[{"href":"https:\/\/www.sotopmachine.com\/de\/wp-json\/wp\/v2\/media?parent=2320"}],"wp:term":[{"taxonomy":"product-categores","embeddable":true,"href":"https:\/\/www.sotopmachine.com\/de\/wp-json\/wp\/v2\/product-categores?post=2320"}],"curies":[{"name":"wp","href":"https:\/\/api.w.org\/{rel}","templated":true}]}}