{"id":2321,"date":"2025-09-01T15:46:47","date_gmt":"2025-09-01T15:46:47","guid":{"rendered":"https:\/\/www.sotopmachine.com\/?post_type=product&#038;p=2321"},"modified":"2025-09-01T15:58:10","modified_gmt":"2025-09-01T15:58:10","slug":"solid-block-molds","status":"publish","type":"product","link":"https:\/\/www.sotopmachine.com\/de\/product\/solid-block-molds\/","title":{"rendered":"Massivblock-Formen"},"content":{"rendered":"<p><mark style=\"background-color:rgba(0, 0, 0, 0)\" class=\"has-inline-color has-ast-global-color-2-color\">SOTOP Massivsteinformen sind vielseitig einsetzbar f\u00fcr Rohmaterialien wie Erde, Kies, Zement, Zuschlagstoffe und Industrieabf\u00e4lle und produzieren umweltfreundliche Bl\u00f6cke mit hoher Dichte und struktureller Integrit\u00e4t - alles von einem f\u00fchrenden Hersteller von Massivsteinformen.<\/mark><\/p>\n\n\n\n<ul class=\"wp-block-list\">\n<li class=\"has-ast-global-color-2-color has-text-color has-link-color wp-elements-ced1698d37bf91ff0f3ecfbcaff25314\">Werkstoff-Optionen: Hochfester legierter Stahl (Q235\/Q345), Kohlenstoffstahl oder technischer ABS-Kunststoff mit verst\u00e4rkten Verbundwerkstoffen f\u00fcr leichte Varianten.<\/li>\n\n\n\n<li class=\"has-ast-global-color-2-color has-text-color has-link-color wp-elements-b716dd8aeab9c464bec9229566207d37\">H\u00e4rtegrad: 62-68HRC (nach dem Aufkohlen und Abschrecken), mit optionaler Nitrierbehandlung f\u00fcr verbesserten Oberfl\u00e4chenschutz.<\/li>\n\n\n\n<li class=\"has-ast-global-color-2-color has-text-color has-link-color wp-elements-48a7de68b0a5cffe49ddcc66353ec71a\">Spielraum des Manipulationsschuhs: 0,5-0,8 mm (einstellbar \u00fcber Pr\u00e4zisionsschrauben).<\/li>\n\n\n\n<li class=\"has-ast-global-color-2-color has-text-color has-link-color wp-elements-317183fc7e678753078a92eaeacf87ae\">Abmessungen der Form: Anpassbar (Standardabmessungen: L\u00e4nge 200-400mm, Breite 100-200mm, H\u00f6he 60-200mm; z.B. 240x115x53mm f\u00fcr Vollziegel).<\/li>\n\n\n\n<li class=\"has-ast-global-color-2-color has-text-color has-link-color wp-elements-40def3b2b24248053e3727c1afccf5da\">Haltestegplatte: Geschraubt, austauschbar, mit St\u00e4rken von 3-8 mm zur strukturellen Unterst\u00fctzung.<\/li>\n\n\n\n<li class=\"has-ast-global-color-2-color has-text-color has-link-color wp-elements-eb83cea214779c935c796264c8548e00\">Tamper-Schuh: Auswechselbar, mit optionalen verschlei\u00dffesten Beschichtungen (z. B. Hartmetall- oder Keramikeins\u00e4tze).<\/li>\n\n\n\n<li class=\"has-ast-global-color-2-color has-text-color has-link-color wp-elements-b94cab5dd5e50c1273b1816e9d91d4b0\">Draw Sheet Design: Optional, mit hydraulischer oder manueller Entriegelung f\u00fcr fehlerfreies Entformen.<\/li>\n\n\n\n<li class=\"has-ast-global-color-2-color has-text-color has-link-color wp-elements-37e9145d6ece0cad27a6f55f209a04f1\">Kompatibilit\u00e4t: Geeignet f\u00fcr Hochdrucksysteme (25-50 MPa), elektromagnetische oder Tischvibrations-Typen und Palettengr\u00f6\u00dfen bis zu 1000x700mm.<\/li>\n\n\n\n<li class=\"has-ast-global-color-2-color has-text-color has-link-color wp-elements-7076a20133518a164ab67ab4ef24caaf\">Gewicht: 10-15 kg (je nach Gr\u00f6\u00dfe und Material; z. B. 11,8 kg f\u00fcr Standardmodelle aus legiertem Stahl).<\/li>\n\n\n\n<li class=\"has-ast-global-color-2-color has-text-color has-link-color wp-elements-69461e2d84eeeca605b1c1fe2f7ca7b9\">Lebensdauer: 150.000-200.000 Zyklen bei normalem Gebrauch, Wartungskits erh\u00e4ltlich.<\/li>\n\n\n\n<li class=\"has-ast-global-color-2-color has-text-color has-link-color wp-elements-1eaff4c17510c2b137578fc829f2680a\">Oberfl\u00e4chenbehandlung: Anti-Korrosions-Epoxid-Beschichtung, Pr\u00e4zisionspolieren (Ra &lt; 0,8\u03bcm) und optional Galvanisierung f\u00fcr raue Umgebungen.<\/li>\n\n\n\n<li class=\"has-ast-global-color-2-color has-text-color has-link-color wp-elements-de59881d62dd32ba2eb761d6ad88445b\">Betriebstemperaturbereich: -20\u00b0C bis 80\u00b0C, best\u00e4ndig gegen thermische Ausdehnung.<\/li>\n<\/ul>\n\n\n\n<p><mark style=\"background-color:rgba(0, 0, 0, 0)\" class=\"has-inline-color has-ast-global-color-2-color\"><strong>Ausgangsspezifikationen<\/strong>:<\/mark><\/p>\n\n\n\n<ul class=\"wp-block-list\">\n<li class=\"has-ast-global-color-2-color has-text-color has-link-color wp-elements-d39785f64ec3e0f93b7bb48653e18221\">Produktionskompatibilit\u00e4t: Erm\u00f6glicht die Produktion hoher St\u00fcckzahlen (z. B. 10.000-14.000 St\u00fcck\/Tag f\u00fcr Vollziegel, wenn sie mit kompatiblen Maschinen kombiniert werden).<\/li>\n\n\n\n<li class=\"has-ast-global-color-2-color has-text-color has-link-color wp-elements-f5ad6d84913d52e0cd9d422e50468fd4\">Kundenspezifische Blocktypen: Vollziegel (240x115x53mm), Standardblock (390x190x190mm), Pflasterstein (240x160x60mm), mit Optionen f\u00fcr zellulare, Interlock- und Bordsteinvarianten.<\/li>\n<\/ul>","protected":false},"featured_media":1869,"parent":0,"template":"","meta":{"_acf_changed":true,"site-sidebar-layout":"default","site-content-layout":"","ast-site-content-layout":"default","site-content-style":"default","site-sidebar-style":"default","ast-global-header-display":"","ast-banner-title-visibility":"","ast-main-header-display":"","ast-hfb-above-header-display":"","ast-hfb-below-header-display":"","ast-hfb-mobile-header-display":"","site-post-title":"","ast-breadcrumbs-content":"","ast-featured-img":"","footer-sml-layout":"","theme-transparent-header-meta":"","adv-header-id-meta":"","stick-header-meta":"","header-above-stick-meta":"","header-main-stick-meta":"","header-below-stick-meta":"","astra-migrate-meta-layouts":"set","ast-page-background-enabled":"default","ast-page-background-meta":{"desktop":{"background-color":"var(--ast-global-color-4)","background-image":"","background-repeat":"repeat","background-position":"center center","background-size":"auto","background-attachment":"scroll","background-type":"","background-media":"","overlay-type":"","overlay-color":"","overlay-opacity":"","overlay-gradient":""},"tablet":{"background-color":"","background-image":"","background-repeat":"repeat","background-position":"center center","background-size":"auto","background-attachment":"scroll","background-type":"","background-media":"","overlay-type":"","overlay-color":"","overlay-opacity":"","overlay-gradient":""},"mobile":{"background-color":"","background-image":"","background-repeat":"repeat","background-position":"center center","background-size":"auto","background-attachment":"scroll","background-type":"","background-media":"","overlay-type":"","overlay-color":"","overlay-opacity":"","overlay-gradient":""}},"ast-content-background-meta":{"desktop":{"background-color":"var(--ast-global-color-5)","background-image":"","background-repeat":"repeat","background-position":"center center","background-size":"auto","background-attachment":"scroll","background-type":"","background-media":"","overlay-type":"","overlay-color":"","overlay-opacity":"","overlay-gradient":""},"tablet":{"background-color":"var(--ast-global-color-5)","background-image":"","background-repeat":"repeat","background-position":"center center","background-size":"auto","background-attachment":"scroll","background-type":"","background-media":"","overlay-type":"","overlay-color":"","overlay-opacity":"","overlay-gradient":""},"mobile":{"background-color":"var(--ast-global-color-5)","background-image":"","background-repeat":"repeat","background-position":"center center","background-size":"auto","background-attachment":"scroll","background-type":"","background-media":"","overlay-type":"","overlay-color":"","overlay-opacity":"","overlay-gradient":""}}},"product-categores":[79],"class_list":["post-2321","product","type-product","status-publish","has-post-thumbnail","hentry","product-categores-brick-machine-molds"],"acf":[],"_links":{"self":[{"href":"https:\/\/www.sotopmachine.com\/de\/wp-json\/wp\/v2\/product\/2321","targetHints":{"allow":["GET"]}}],"collection":[{"href":"https:\/\/www.sotopmachine.com\/de\/wp-json\/wp\/v2\/product"}],"about":[{"href":"https:\/\/www.sotopmachine.com\/de\/wp-json\/wp\/v2\/types\/product"}],"wp:featuredmedia":[{"embeddable":true,"href":"https:\/\/www.sotopmachine.com\/de\/wp-json\/wp\/v2\/media\/1869"}],"wp:attachment":[{"href":"https:\/\/www.sotopmachine.com\/de\/wp-json\/wp\/v2\/media?parent=2321"}],"wp:term":[{"taxonomy":"product-categores","embeddable":true,"href":"https:\/\/www.sotopmachine.com\/de\/wp-json\/wp\/v2\/product-categores?post=2321"}],"curies":[{"name":"wp","href":"https:\/\/api.w.org\/{rel}","templated":true}]}}