{"id":2359,"date":"2025-11-19T16:15:39","date_gmt":"2025-11-19T16:15:39","guid":{"rendered":"https:\/\/www.sotopmachine.com\/?post_type=product&#038;p=2359"},"modified":"2025-12-03T02:53:30","modified_gmt":"2025-12-03T02:53:30","slug":"retaining-wall-brick-molds","status":"publish","type":"product","link":"https:\/\/www.sotopmachine.com\/de\/product\/retaining-wall-brick-molds\/","title":{"rendered":"Formen f\u00fcr St\u00fctzmauerziegel"},"content":{"rendered":"<ul class=\"wp-block-list\">\n<li>Material-Optionen: Hochfester legierter Stahl (Q345B \/ 42CrMo), hochschlagfester PP-Kunststoff oder Hybridstahl + Hartmetalleins\u00e4tze<\/li>\n\n\n\n<li>H\u00e4rtegrad: Kern 62-68 HRC (aufgekohlte Schicht \u22651,5 mm), optionale Nitrierbehandlung bis zu 70 HRC<\/li>\n\n\n\n<li>Spielraum des Manipulationsschuhs: 0,5-0,8 mm (mm), pr\u00e4zise einstellbar<\/li>\n\n\n\n<li>Abmessungen der Form: Anpassbar (Standardbereich: 400\u00d7300\u00d7200 mm, 500\u00d7300\u00d7200 mm, 600\u00d7400\u00d7200 mm; Dicke 5-12 mm)<\/li>\n\n\n\n<li>Verriegelungssystem: Eingebautes Nut-und-Feder-, Schwalbenschwanz- oder Stiftlochdesign f\u00fcr perfekte vertikale und horizontale Verriegelung<\/li>\n\n\n\n<li>Haltestegplatte: Geschraubt &amp; austauschbar, verst\u00e4rkt 8-12 mm St\u00e4rke<\/li>\n\n\n\n<li>Stampfer-Schuh: Auswechselbar, wahlweise Hartmetall- oder Keramikbeschichtung, 2 cm abgeschr\u00e4gter Kantenschutz<\/li>\n\n\n\n<li>Ziehblech-Design: Standardm\u00e4\u00dfige hydraulische\/manuelle Entriegelung f\u00fcr Null-Entformungswinkel zur einfachen Entformung<\/li>\n\n\n\n<li>Kompatibilit\u00e4t: Unterst\u00fctzt 30-60 MPa Umformdruck, Hochfrequenzvibration, Palettengr\u00f6\u00dfe bis zu 1200\u00d7900 mm<\/li>\n\n\n\n<li>Gewicht: 15-25 kg pro Form (Stahl), 8-12 kg (PP-Kunststoffversion)<\/li>\n\n\n\n<li>Lebensdauer: 180.000-250.000 Zyklen (Stahl), 80.000+ Zyklen (PP)<\/li>\n\n\n\n<li>Oberfl\u00e4chenbehandlung: Korrosionsschutz Epoxid + PVD Chrom optional, Ra \u2264 0,6 \u03bcm Polieren<\/li>\n\n\n\n<li>Temperaturbest\u00e4ndigkeit: -40 \u00b0C bis +100 \u00b0C (geeignet f\u00fcr extreme Klimazonen)<\/li>\n<\/ul>\n\n\n\n<p><strong>Ausgangsspezifikationen<\/strong><\/p>\n\n\n\n<ul class=\"wp-block-list\">\n<li>Tageskapazit\u00e4t (in Verbindung mit einer geeigneten Maschine): 6.000-10.000 St\u00fcck\/Tag (Standard-St\u00fctzmauerbl\u00f6cke 400\u00d7300\u00d7200 mm)<\/li>\n\n\n\n<li>G\u00e4ngige Blocktypen: L-f\u00f6rmig, T-f\u00f6rmig, trapezf\u00f6rmig, gebogen, Pflanzsteine, Decksteine, Ecksteine<\/li>\n<\/ul>","protected":false},"featured_media":2530,"parent":0,"template":"","meta":{"_acf_changed":true,"site-sidebar-layout":"default","site-content-layout":"","ast-site-content-layout":"default","site-content-style":"default","site-sidebar-style":"default","ast-global-header-display":"","ast-banner-title-visibility":"","ast-main-header-display":"","ast-hfb-above-header-display":"","ast-hfb-below-header-display":"","ast-hfb-mobile-header-display":"","site-post-title":"","ast-breadcrumbs-content":"","ast-featured-img":"","footer-sml-layout":"","theme-transparent-header-meta":"","adv-header-id-meta":"","stick-header-meta":"","header-above-stick-meta":"","header-main-stick-meta":"","header-below-stick-meta":"","astra-migrate-meta-layouts":"set","ast-page-background-enabled":"default","ast-page-background-meta":{"desktop":{"background-color":"var(--ast-global-color-4)","background-image":"","background-repeat":"repeat","background-position":"center center","background-size":"auto","background-attachment":"scroll","background-type":"","background-media":"","overlay-type":"","overlay-color":"","overlay-opacity":"","overlay-gradient":""},"tablet":{"background-color":"","background-image":"","background-repeat":"repeat","background-position":"center center","background-size":"auto","background-attachment":"scroll","background-type":"","background-media":"","overlay-type":"","overlay-color":"","overlay-opacity":"","overlay-gradient":""},"mobile":{"background-color":"","background-image":"","background-repeat":"repeat","background-position":"center center","background-size":"auto","background-attachment":"scroll","background-type":"","background-media":"","overlay-type":"","overlay-color":"","overlay-opacity":"","overlay-gradient":""}},"ast-content-background-meta":{"desktop":{"background-color":"var(--ast-global-color-5)","background-image":"","background-repeat":"repeat","background-position":"center center","background-size":"auto","background-attachment":"scroll","background-type":"","background-media":"","overlay-type":"","overlay-color":"","overlay-opacity":"","overlay-gradient":""},"tablet":{"background-color":"var(--ast-global-color-5)","background-image":"","background-repeat":"repeat","background-position":"center center","background-size":"auto","background-attachment":"scroll","background-type":"","background-media":"","overlay-type":"","overlay-color":"","overlay-opacity":"","overlay-gradient":""},"mobile":{"background-color":"var(--ast-global-color-5)","background-image":"","background-repeat":"repeat","background-position":"center center","background-size":"auto","background-attachment":"scroll","background-type":"","background-media":"","overlay-type":"","overlay-color":"","overlay-opacity":"","overlay-gradient":""}}},"product-categores":[79],"class_list":["post-2359","product","type-product","status-publish","has-post-thumbnail","hentry","product-categores-brick-machine-molds"],"acf":[],"_links":{"self":[{"href":"https:\/\/www.sotopmachine.com\/de\/wp-json\/wp\/v2\/product\/2359","targetHints":{"allow":["GET"]}}],"collection":[{"href":"https:\/\/www.sotopmachine.com\/de\/wp-json\/wp\/v2\/product"}],"about":[{"href":"https:\/\/www.sotopmachine.com\/de\/wp-json\/wp\/v2\/types\/product"}],"wp:featuredmedia":[{"embeddable":true,"href":"https:\/\/www.sotopmachine.com\/de\/wp-json\/wp\/v2\/media\/2530"}],"wp:attachment":[{"href":"https:\/\/www.sotopmachine.com\/de\/wp-json\/wp\/v2\/media?parent=2359"}],"wp:term":[{"taxonomy":"product-categores","embeddable":true,"href":"https:\/\/www.sotopmachine.com\/de\/wp-json\/wp\/v2\/product-categores?post=2359"}],"curies":[{"name":"wp","href":"https:\/\/api.w.org\/{rel}","templated":true}]}}