{"id":594,"date":"2025-06-11T06:22:02","date_gmt":"2025-06-11T06:22:02","guid":{"rendered":"https:\/\/www.sotopmachine.com\/about-us\/"},"modified":"2025-11-28T09:12:46","modified_gmt":"2025-11-28T09:12:46","slug":"about-us","status":"publish","type":"page","link":"https:\/\/www.sotopmachine.com\/es\/about-us\/","title":{"rendered":"Acerca de nosotros"},"content":{"rendered":"<div data-elementor-type=\"wp-page\" data-elementor-id=\"594\" class=\"elementor elementor-594\" data-elementor-post-type=\"page\">\n\t\t\t\t<div data-particle_enable=\"false\" data-particle-mobile-disabled=\"false\" class=\"elementor-element elementor-element-071f7e0 e-flex e-con-boxed e-con e-parent\" data-id=\"071f7e0\" data-element_type=\"container\" data-e-type=\"container\" data-settings=\"{&quot;background_background&quot;:&quot;classic&quot;,&quot;ekit_has_onepagescroll_dot&quot;:&quot;yes&quot;}\">\n\t\t\t\t\t<div class=\"e-con-inner\">\n\t\t\t\t<div class=\"elementor-element elementor-element-df6742c elementor-widget elementor-widget-elementskit-heading\" data-id=\"df6742c\" data-element_type=\"widget\" data-e-type=\"widget\" data-settings=\"{&quot;ekit_we_effect_on&quot;:&quot;none&quot;}\" data-widget_type=\"elementskit-heading.default\">\n\t\t\t\t<div class=\"elementor-widget-container\">\n\t\t\t\t\t<div class=\"ekit-wid-con\" ><div class=\"ekit-heading elementskit-section-title-wraper text_left   ekit_heading_tablet-   ekit_heading_mobile-\"><h1 class=\"ekit-heading--title elementskit-section-title\">Tu Prime <span><span>Ladrillos y piezas<\/span><\/span> Proveedor e innovador a nivel mundial<\/h1><div class=\"ekit_heading_separetor_wraper ekit_heading_elementskit-border-divider ekit-dotted\"><div class=\"elementskit-border-divider ekit-dotted\"><\/div><\/div>\t\t\t\t<div class='ekit-heading__description'>\n\t\t\t\t\t<p>Destaca a SOTOP como l\u00edder mundial en maquinaria de construcci\u00f3n, que abarca m\u00e1quinas para fabricar ladrillos, moldes y piezas para trenes de rodaje.<\/p>\n<p>M\u00e1s de 20 a\u00f1os de experiencia en el comercio de maquinaria de construcci\u00f3n<\/p>\n\t\t\t\t<\/div>\n\t\t\t<\/div><\/div>\t\t\t\t<\/div>\n\t\t\t\t<\/div>\n\t\t\t\t<div class=\"elementor-element elementor-element-1674114 elementor-icon-list--layout-traditional elementor-list-item-link-full_width elementor-widget elementor-widget-icon-list\" data-id=\"1674114\" data-element_type=\"widget\" data-e-type=\"widget\" data-settings=\"{&quot;ekit_we_effect_on&quot;:&quot;none&quot;}\" data-widget_type=\"icon-list.default\">\n\t\t\t\t<div class=\"elementor-widget-container\">\n\t\t\t\t\t\t\t<ul class=\"elementor-icon-list-items\">\n\t\t\t\t\t\t\t<li class=\"elementor-icon-list-item\">\n\t\t\t\t\t\t\t\t\t\t\t<span class=\"elementor-icon-list-icon\">\n\t\t\t\t\t\t\t<i aria-hidden=\"true\" class=\"icon icon-check\"><\/i>\t\t\t\t\t\t<\/span>\n\t\t\t\t\t\t\t\t\t\t<span class=\"elementor-icon-list-text\">M\u00e1s de 200 profesionales cualificados en nuestro equipo global<\/span>\n\t\t\t\t\t\t\t\t\t<\/li>\n\t\t\t\t\t\t\t\t<li class=\"elementor-icon-list-item\">\n\t\t\t\t\t\t\t\t\t\t\t<span class=\"elementor-icon-list-icon\">\n\t\t\t\t\t\t\t<i aria-hidden=\"true\" class=\"icon icon-check\"><\/i>\t\t\t\t\t\t<\/span>\n\t\t\t\t\t\t\t\t\t\t<span class=\"elementor-icon-list-text\">Tecnolog\u00eda CNC avanzada para la fabricaci\u00f3n de precisi\u00f3n<\/span>\n\t\t\t\t\t\t\t\t\t<\/li>\n\t\t\t\t\t\t\t\t<li class=\"elementor-icon-list-item\">\n\t\t\t\t\t\t\t\t\t\t\t<span class=\"elementor-icon-list-icon\">\n\t\t\t\t\t\t\t<i aria-hidden=\"true\" class=\"icon icon-check\"><\/i>\t\t\t\t\t\t<\/span>\n\t\t\t\t\t\t\t\t\t\t<span class=\"elementor-icon-list-text\">Prestamos servicio a clientes en m\u00e1s de 40 pa\u00edses.<\/span>\n\t\t\t\t\t\t\t\t\t<\/li>\n\t\t\t\t\t\t<\/ul>\n\t\t\t\t\t\t<\/div>\n\t\t\t\t<\/div>\n\t\t\t\t<div class=\"elementor-element elementor-element-6804a32 elementor-widget elementor-widget-button\" data-id=\"6804a32\" data-element_type=\"widget\" data-e-type=\"widget\" data-settings=\"{&quot;ekit_we_effect_on&quot;:&quot;none&quot;}\" data-widget_type=\"button.default\">\n\t\t\t\t<div class=\"elementor-widget-container\">\n\t\t\t\t\t\t\t\t\t<div class=\"elementor-button-wrapper\">\n\t\t\t\t\t<a class=\"elementor-button elementor-button-link elementor-size-sm\" href=\"#elementor-action%3Aaction%3Dpopup%3Aopen%26settings%3DeyJpZCI6IjE3MjQiLCJ0b2dnbGUiOmZhbHNlfQ%3D%3D\">\n\t\t\t\t\t\t<span class=\"elementor-button-content-wrapper\">\n\t\t\t\t\t\t<span class=\"elementor-button-icon\">\n\t\t\t\t<i aria-hidden=\"true\" class=\"icon icon-right-arrow\"><\/i>\t\t\t<\/span>\n\t\t\t\t\t\t\t\t\t<span class=\"elementor-button-text\">Obtenga un presupuesto r\u00e1pido<\/span>\n\t\t\t\t\t<\/span>\n\t\t\t\t\t<\/a>\n\t\t\t\t<\/div>\n\t\t\t\t\t\t\t\t<\/div>\n\t\t\t\t<\/div>\n\t\t\t\t\t<\/div>\n\t\t\t\t<\/div>\n\t\t<div data-particle_enable=\"false\" data-particle-mobile-disabled=\"false\" class=\"elementor-element elementor-element-8bceba8 e-flex e-con-boxed e-con e-parent\" data-id=\"8bceba8\" data-element_type=\"container\" data-e-type=\"container\" data-settings=\"{&quot;background_background&quot;:&quot;classic&quot;,&quot;ekit_has_onepagescroll_dot&quot;:&quot;yes&quot;}\">\n\t\t\t\t\t<div class=\"e-con-inner\">\n\t\t\t\t<div class=\"elementor-element elementor-element-458cdae elementor-widget elementor-widget-elementskit-heading\" data-id=\"458cdae\" data-element_type=\"widget\" data-e-type=\"widget\" data-settings=\"{&quot;ekit_we_effect_on&quot;:&quot;none&quot;}\" data-widget_type=\"elementskit-heading.default\">\n\t\t\t\t<div class=\"elementor-widget-container\">\n\t\t\t\t\t<div class=\"ekit-wid-con\" ><div class=\"ekit-heading elementskit-section-title-wraper text_left   ekit_heading_tablet-   ekit_heading_mobile-\"><p class=\"ekit-heading--title elementskit-section-title\">Acerca de nosotros<\/p><div class=\"ekit_heading_separetor_wraper ekit_heading_elementskit-border-divider ekit-dotted\"><div class=\"elementskit-border-divider ekit-dotted\"><\/div><\/div><h3 class=\"ekit-heading--subtitle elementskit-section-subtitle\">\n\t\t\t\t\t\tSoluciones de maquinaria SOTOP\n\t\t\t\t\t<\/h3><\/div><\/div>\t\t\t\t<\/div>\n\t\t\t\t<\/div>\n\t\t\t\t<div class=\"elementor-element elementor-element-0a03d4d elementor-widget elementor-widget-text-editor\" data-id=\"0a03d4d\" data-element_type=\"widget\" data-e-type=\"widget\" data-settings=\"{&quot;ekit_we_effect_on&quot;:&quot;none&quot;}\" data-widget_type=\"text-editor.default\">\n\t\t\t\t<div class=\"elementor-widget-container\">\n\t\t\t\t\t\t\t\t\t<p dir=\"auto\">Bienvenido a SOTOP Machinery, su socio global de confianza en maquinaria de construcci\u00f3n avanzada. Fundada en 2005 y con sede en Quanzhou, China, la capital cultural de Asia Oriental y centro neur\u00e1lgico de la industria china de m\u00e1quinas para fabricar ladrillos, SOTOP se ha convertido en una empresa comercial de primer orden especializada en <strong>M\u00e1quinas de alta calidad para la fabricaci\u00f3n de ladrillos<\/strong>\u00a0y <strong>moldes<\/strong>. Como empresa de alta tecnolog\u00eda que integra I+D, producci\u00f3n, ventas y servicio, operamos a trav\u00e9s de nuestra filial Quanzhou Qisheng Machinery Manufacturing Co., Ltd., una empresa de alta tecnolog\u00eda reconocida a nivel nacional y una peque\u00f1a y mediana empresa basada en la ciencia y la tecnolog\u00eda de Fujian, que cotiza en el Straits Equity Trading Center (c\u00f3digo: 687416). Con casi dos d\u00e9cadas de experiencia en el sector, nos comprometemos a ofrecer soluciones innovadoras, fiables y rentables a los profesionales de la construcci\u00f3n de todo el mundo.<\/p><p dir=\"auto\">Nuestro equipo est\u00e1 compuesto por m\u00e1s de 150 ingenieros y t\u00e9cnicos cualificados, que aprovechan tecnolog\u00eda de vanguardia, como centros de mecanizado CNC, sistemas de corte por l\u00e1ser y l\u00edneas de montaje automatizadas, para garantizar la precisi\u00f3n y la durabilidad de cada producto. Respaldada por alianzas estrat\u00e9gicas con universidades e instituciones de investigaci\u00f3n, Qisheng Machinery ha obtenido numerosas patentes de invenci\u00f3n y modelos de utilidad, lo que impulsa la innovaci\u00f3n continua en la fabricaci\u00f3n de m\u00e1quinas para ladrillos. Nuestras ofertas estrella incluyen m\u00e1quinas para fabricar ladrillos de \u00faltima generaci\u00f3n, moldes personalizables y componentes robustos para el tren de rodaje, dise\u00f1ados para satisfacer las diversas necesidades de los mercados globales, al tiempo que se adhiere a la filosof\u00eda de \u201cpioneros e innovaci\u00f3n, integridad y beneficio mutuo\u201d.\u201d<\/p><p dir=\"auto\">SOTOP se enorgullece de prestar servicio a clientes en m\u00e1s de 40 pa\u00edses, con oficinas regionales en Indonesia, Sud\u00e1frica, Vietnam, Brasil y Estados Unidos. Estos centros, situados estrat\u00e9gicamente, proporcionan asistencia localizada, incluyendo asistencia t\u00e9cnica, orientaci\u00f3n para la instalaci\u00f3n y servicio posventa, lo que garantiza un funcionamiento sin problemas para nuestros clientes. Como <strong>fabricante l\u00edder de m\u00e1quinas para ladrillos<\/strong> Como fabricante y proveedor, hacemos hincapi\u00e9 en el ahorro energ\u00e9tico, la reducci\u00f3n de emisiones, la alta eficiencia y la protecci\u00f3n del medio ambiente, en consonancia con los objetivos globales de sostenibilidad.<\/p><p dir=\"auto\">Nuestro compromiso con la excelencia se refleja en nuestra certificaci\u00f3n ISO 9001:2015 y en el cumplimiento de las normas internacionales de calidad. Con una filosof\u00eda centrada en el cliente, damos prioridad a las soluciones personalizadas, la entrega puntual y el apoyo continuo, lo que permite a nuestros socios lograr resultados excepcionales en sus proyectos. Gracias a la experiencia de Qisheng Machinery en equipos de automatizaci\u00f3n para la producci\u00f3n de bloques y adoquines de hormig\u00f3n, ofrecemos productos de apoyo \u00f3ptimos que resuelven los retos del mundo real en la producci\u00f3n de ladrillos, maximizando el valor de cada equipo.<\/p><p dir=\"auto\">En SOTOP, imaginamos un futuro en el que la construcci\u00f3n sea eficiente, sostenible y accesible. \u00danase a nosotros en este viaje mientras continuamos innovando y ampliando nuestra presencia global, creando asociaciones duraderas con cada cliente. Tanto si busca soluciones de Qisheng Machinery como la amplia gama de m\u00e1quinas para ladrillos de SOTOP, estamos aqu\u00ed para ayudarle a alcanzar el \u00e9xito.<\/p>\t\t\t\t\t\t\t\t<\/div>\n\t\t\t\t<\/div>\n\t\t\t\t<div class=\"elementor-element elementor-element-cc091e6 elementor-widget elementor-widget-button\" data-id=\"cc091e6\" data-element_type=\"widget\" data-e-type=\"widget\" data-settings=\"{&quot;ekit_we_effect_on&quot;:&quot;none&quot;}\" data-widget_type=\"button.default\">\n\t\t\t\t<div class=\"elementor-widget-container\">\n\t\t\t\t\t\t\t\t\t<div class=\"elementor-button-wrapper\">\n\t\t\t\t\t<a class=\"elementor-button elementor-button-link elementor-size-sm\" href=\"#elementor-action%3Aaction%3Dpopup%3Aopen%26settings%3DeyJpZCI6IjE3MjQiLCJ0b2dnbGUiOmZhbHNlfQ%3D%3D\">\n\t\t\t\t\t\t<span class=\"elementor-button-content-wrapper\">\n\t\t\t\t\t\t<span class=\"elementor-button-icon\">\n\t\t\t\t<i aria-hidden=\"true\" class=\"icon icon-right-arrow\"><\/i>\t\t\t<\/span>\n\t\t\t\t\t\t\t\t\t<span class=\"elementor-button-text\">Obtenga un presupuesto r\u00e1pido<\/span>\n\t\t\t\t\t<\/span>\n\t\t\t\t\t<\/a>\n\t\t\t\t<\/div>\n\t\t\t\t\t\t\t\t<\/div>\n\t\t\t\t<\/div>\n\t\t\t\t\t<\/div>\n\t\t\t\t<\/div>\n\t\t<div data-particle_enable=\"false\" data-particle-mobile-disabled=\"false\" class=\"elementor-element elementor-element-c6b81ec e-flex e-con-boxed e-con e-parent\" data-id=\"c6b81ec\" data-element_type=\"container\" data-e-type=\"container\" data-settings=\"{&quot;background_background&quot;:&quot;classic&quot;,&quot;ekit_has_onepagescroll_dot&quot;:&quot;yes&quot;}\">\n\t\t\t\t\t<div class=\"e-con-inner\">\n\t\t<div data-particle_enable=\"false\" data-particle-mobile-disabled=\"false\" class=\"elementor-element elementor-element-0ab103a e-con-full e-flex e-con e-child\" data-id=\"0ab103a\" data-element_type=\"container\" data-e-type=\"container\" data-settings=\"{&quot;ekit_has_onepagescroll_dot&quot;:&quot;yes&quot;}\">\n\t\t\t\t<div class=\"elementor-element elementor-element-07962e5 elementor-widget elementor-widget-elementskit-heading\" data-id=\"07962e5\" data-element_type=\"widget\" data-e-type=\"widget\" data-settings=\"{&quot;ekit_we_effect_on&quot;:&quot;none&quot;}\" data-widget_type=\"elementskit-heading.default\">\n\t\t\t\t<div class=\"elementor-widget-container\">\n\t\t\t\t\t<div class=\"ekit-wid-con\" ><div class=\"ekit-heading elementskit-section-title-wraper text_left   ekit_heading_tablet-   ekit_heading_mobile-\"><p class=\"ekit-heading--title elementskit-section-title\">Acerca de nosotros<\/p><div class=\"ekit_heading_separetor_wraper ekit_heading_elementskit-border-divider ekit-dotted\"><div class=\"elementskit-border-divider ekit-dotted\"><\/div><\/div><h3 class=\"ekit-heading--subtitle elementskit-section-subtitle\">\n\t\t\t\t\t\tEquipo de procesamiento\n\t\t\t\t\t<\/h3><\/div><\/div>\t\t\t\t<\/div>\n\t\t\t\t<\/div>\n\t\t\t\t<\/div>\n\t\t<div data-particle_enable=\"false\" data-particle-mobile-disabled=\"false\" class=\"elementor-element elementor-element-55451b3 e-con-full e-flex e-con e-child\" data-id=\"55451b3\" data-element_type=\"container\" data-e-type=\"container\" data-settings=\"{&quot;ekit_has_onepagescroll_dot&quot;:&quot;yes&quot;}\">\n\t\t\t\t<div class=\"elementor-element elementor-element-54ce3d5 elementor-widget elementor-widget-image\" data-id=\"54ce3d5\" data-element_type=\"widget\" data-e-type=\"widget\" data-settings=\"{&quot;ekit_we_effect_on&quot;:&quot;none&quot;}\" data-widget_type=\"image.default\">\n\t\t\t\t<div class=\"elementor-widget-container\">\n\t\t\t\t\t\t\t\t\t\t\t\t\t\t\t<img fetchpriority=\"high\" decoding=\"async\" width=\"700\" height=\"255\" src=\"https:\/\/www.sotopmachine.com\/wp-content\/uploads\/2025\/06\/202206291546578538028.jpg\" class=\"elementor-animation-float attachment-full size-full wp-image-1396\" alt=\"\" srcset=\"https:\/\/www.sotopmachine.com\/wp-content\/uploads\/2025\/06\/202206291546578538028.jpg 700w, https:\/\/www.sotopmachine.com\/wp-content\/uploads\/2025\/06\/202206291546578538028-300x109.jpg 300w\" sizes=\"(max-width: 700px) 100vw, 700px\" \/>\t\t\t\t\t\t\t\t\t\t\t\t\t\t\t<\/div>\n\t\t\t\t<\/div>\n\t\t\t\t<\/div>\n\t\t<div data-particle_enable=\"false\" data-particle-mobile-disabled=\"false\" class=\"elementor-element elementor-element-8255d3b e-con-full e-flex e-con e-child\" data-id=\"8255d3b\" data-element_type=\"container\" data-e-type=\"container\" data-settings=\"{&quot;ekit_has_onepagescroll_dot&quot;:&quot;yes&quot;}\">\n\t\t\t\t<div class=\"elementor-element elementor-element-dda63ed elementor-widget elementor-widget-image\" data-id=\"dda63ed\" data-element_type=\"widget\" data-e-type=\"widget\" data-settings=\"{&quot;ekit_we_effect_on&quot;:&quot;none&quot;}\" data-widget_type=\"image.default\">\n\t\t\t\t<div class=\"elementor-widget-container\">\n\t\t\t\t\t\t\t\t\t\t\t\t\t\t\t<img decoding=\"async\" width=\"700\" height=\"255\" src=\"https:\/\/www.sotopmachine.com\/wp-content\/uploads\/2025\/06\/202206291546576781366.jpg\" class=\"elementor-animation-float attachment-large size-large wp-image-1395\" alt=\"\" srcset=\"https:\/\/www.sotopmachine.com\/wp-content\/uploads\/2025\/06\/202206291546576781366.jpg 700w, https:\/\/www.sotopmachine.com\/wp-content\/uploads\/2025\/06\/202206291546576781366-300x109.jpg 300w\" sizes=\"(max-width: 700px) 100vw, 700px\" \/>\t\t\t\t\t\t\t\t\t\t\t\t\t\t\t<\/div>\n\t\t\t\t<\/div>\n\t\t\t\t<div class=\"elementor-element elementor-element-5a24616 elementor-widget elementor-widget-image\" data-id=\"5a24616\" data-element_type=\"widget\" data-e-type=\"widget\" data-settings=\"{&quot;ekit_we_effect_on&quot;:&quot;none&quot;}\" data-widget_type=\"image.default\">\n\t\t\t\t<div class=\"elementor-widget-container\">\n\t\t\t\t\t\t\t\t\t\t\t\t\t\t\t<img decoding=\"async\" width=\"700\" height=\"255\" src=\"https:\/\/www.sotopmachine.com\/wp-content\/uploads\/2025\/06\/202206291546582266507.jpg\" class=\"elementor-animation-float attachment-large size-large wp-image-1397\" alt=\"\" srcset=\"https:\/\/www.sotopmachine.com\/wp-content\/uploads\/2025\/06\/202206291546582266507.jpg 700w, https:\/\/www.sotopmachine.com\/wp-content\/uploads\/2025\/06\/202206291546582266507-300x109.jpg 300w\" sizes=\"(max-width: 700px) 100vw, 700px\" \/>\t\t\t\t\t\t\t\t\t\t\t\t\t\t\t<\/div>\n\t\t\t\t<\/div>\n\t\t\t\t<div class=\"elementor-element elementor-element-eb16aa0 elementor-widget elementor-widget-image\" data-id=\"eb16aa0\" data-element_type=\"widget\" data-e-type=\"widget\" data-settings=\"{&quot;ekit_we_effect_on&quot;:&quot;none&quot;}\" data-widget_type=\"image.default\">\n\t\t\t\t<div class=\"elementor-widget-container\">\n\t\t\t\t\t\t\t\t\t\t\t\t\t\t\t<img loading=\"lazy\" decoding=\"async\" width=\"700\" height=\"255\" src=\"https:\/\/www.sotopmachine.com\/wp-content\/uploads\/2025\/06\/202206291546584523936.jpg\" class=\"elementor-animation-float attachment-large size-large wp-image-1399\" alt=\"\" srcset=\"https:\/\/www.sotopmachine.com\/wp-content\/uploads\/2025\/06\/202206291546584523936.jpg 700w, https:\/\/www.sotopmachine.com\/wp-content\/uploads\/2025\/06\/202206291546584523936-300x109.jpg 300w\" sizes=\"(max-width: 700px) 100vw, 700px\" \/>\t\t\t\t\t\t\t\t\t\t\t\t\t\t\t<\/div>\n\t\t\t\t<\/div>\n\t\t\t\t<\/div>\n\t\t<div data-particle_enable=\"false\" data-particle-mobile-disabled=\"false\" class=\"elementor-element elementor-element-1604558 e-con-full e-flex e-con e-child\" data-id=\"1604558\" data-element_type=\"container\" data-e-type=\"container\" data-settings=\"{&quot;ekit_has_onepagescroll_dot&quot;:&quot;yes&quot;}\">\n\t\t\t\t<div class=\"elementor-element elementor-element-724d4f6 elementor-widget elementor-widget-image\" data-id=\"724d4f6\" data-element_type=\"widget\" data-e-type=\"widget\" data-settings=\"{&quot;ekit_we_effect_on&quot;:&quot;none&quot;}\" data-widget_type=\"image.default\">\n\t\t\t\t<div class=\"elementor-widget-container\">\n\t\t\t\t\t\t\t\t\t\t\t\t\t\t\t<img loading=\"lazy\" decoding=\"async\" width=\"700\" height=\"255\" src=\"https:\/\/www.sotopmachine.com\/wp-content\/uploads\/2025\/06\/202206291546582767274.jpg\" class=\"elementor-animation-float attachment-large size-large wp-image-1401\" alt=\"\" srcset=\"https:\/\/www.sotopmachine.com\/wp-content\/uploads\/2025\/06\/202206291546582767274.jpg 700w, https:\/\/www.sotopmachine.com\/wp-content\/uploads\/2025\/06\/202206291546582767274-300x109.jpg 300w\" sizes=\"(max-width: 700px) 100vw, 700px\" \/>\t\t\t\t\t\t\t\t\t\t\t\t\t\t\t<\/div>\n\t\t\t\t<\/div>\n\t\t\t\t<div class=\"elementor-element elementor-element-d0aee65 elementor-widget elementor-widget-image\" data-id=\"d0aee65\" data-element_type=\"widget\" data-e-type=\"widget\" data-settings=\"{&quot;ekit_we_effect_on&quot;:&quot;none&quot;}\" data-widget_type=\"image.default\">\n\t\t\t\t<div class=\"elementor-widget-container\">\n\t\t\t\t\t\t\t\t\t\t\t\t\t\t\t<img loading=\"lazy\" decoding=\"async\" width=\"700\" height=\"255\" src=\"https:\/\/www.sotopmachine.com\/wp-content\/uploads\/2025\/06\/202206291546586280599.jpg\" class=\"elementor-animation-float attachment-large size-large wp-image-1398\" alt=\"\" srcset=\"https:\/\/www.sotopmachine.com\/wp-content\/uploads\/2025\/06\/202206291546586280599.jpg 700w, https:\/\/www.sotopmachine.com\/wp-content\/uploads\/2025\/06\/202206291546586280599-300x109.jpg 300w\" sizes=\"(max-width: 700px) 100vw, 700px\" \/>\t\t\t\t\t\t\t\t\t\t\t\t\t\t\t<\/div>\n\t\t\t\t<\/div>\n\t\t\t\t<div class=\"elementor-element elementor-element-6b5855c elementor-widget elementor-widget-image\" data-id=\"6b5855c\" data-element_type=\"widget\" data-e-type=\"widget\" data-settings=\"{&quot;ekit_we_effect_on&quot;:&quot;none&quot;}\" data-widget_type=\"image.default\">\n\t\t\t\t<div class=\"elementor-widget-container\">\n\t\t\t\t\t\t\t\t\t\t\t\t\t\t\t<img loading=\"lazy\" decoding=\"async\" width=\"700\" height=\"255\" src=\"https:\/\/www.sotopmachine.com\/wp-content\/uploads\/2025\/06\/202206291546581294691.jpg\" class=\"elementor-animation-float attachment-large size-large wp-image-1400\" alt=\"\" srcset=\"https:\/\/www.sotopmachine.com\/wp-content\/uploads\/2025\/06\/202206291546581294691.jpg 700w, https:\/\/www.sotopmachine.com\/wp-content\/uploads\/2025\/06\/202206291546581294691-300x109.jpg 300w\" sizes=\"(max-width: 700px) 100vw, 700px\" \/>\t\t\t\t\t\t\t\t\t\t\t\t\t\t\t<\/div>\n\t\t\t\t<\/div>\n\t\t\t\t<\/div>\n\t\t\t\t\t<\/div>\n\t\t\t\t<\/div>\n\t\t<div data-particle_enable=\"false\" data-particle-mobile-disabled=\"false\" class=\"elementor-element elementor-element-5d22111 e-flex e-con-boxed e-con e-parent\" data-id=\"5d22111\" data-element_type=\"container\" data-e-type=\"container\" data-settings=\"{&quot;background_background&quot;:&quot;classic&quot;,&quot;ekit_has_onepagescroll_dot&quot;:&quot;yes&quot;}\">\n\t\t\t\t\t<div class=\"e-con-inner\">\n\t\t\t\t<div class=\"elementor-element elementor-element-161e116 elementor-widget elementor-widget-heading\" data-id=\"161e116\" data-element_type=\"widget\" data-e-type=\"widget\" data-settings=\"{&quot;ekit_we_effect_on&quot;:&quot;none&quot;}\" data-widget_type=\"heading.default\">\n\t\t\t\t<div class=\"elementor-widget-container\">\n\t\t\t\t\t<h2 class=\"elementor-heading-title elementor-size-default\">Mejore su negocio con las soluciones SOTOP<\/h2>\t\t\t\t<\/div>\n\t\t\t\t<\/div>\n\t\t\t\t<div class=\"elementor-element elementor-element-3e5fbee elementor-widget elementor-widget-heading\" data-id=\"3e5fbee\" data-element_type=\"widget\" data-e-type=\"widget\" data-settings=\"{&quot;ekit_we_effect_on&quot;:&quot;none&quot;}\" data-widget_type=\"heading.default\">\n\t\t\t\t<div class=\"elementor-widget-container\">\n\t\t\t\t\t<p class=\"elementor-heading-title elementor-size-default\">Env\u00ede su consulta hoy mismo y acceda a maquinaria de nivel empresarial para sus proyectos.<\/p>\t\t\t\t<\/div>\n\t\t\t\t<\/div>\n\t\t\t\t<div class=\"elementor-element elementor-element-414f36d elementor-align-left elementor-widget elementor-widget-button\" data-id=\"414f36d\" data-element_type=\"widget\" data-e-type=\"widget\" data-settings=\"{&quot;ekit_we_effect_on&quot;:&quot;none&quot;}\" data-widget_type=\"button.default\">\n\t\t\t\t<div class=\"elementor-widget-container\">\n\t\t\t\t\t\t\t\t\t<div class=\"elementor-button-wrapper\">\n\t\t\t\t\t<a class=\"elementor-button elementor-button-link elementor-size-sm\" href=\"#elementor-action%3Aaction%3Dpopup%3Aopen%26settings%3DeyJpZCI6IjE3MjQiLCJ0b2dnbGUiOmZhbHNlfQ%3D%3D\">\n\t\t\t\t\t\t<span class=\"elementor-button-content-wrapper\">\n\t\t\t\t\t\t<span class=\"elementor-button-icon\">\n\t\t\t\t<i aria-hidden=\"true\" class=\"icon icon-right-arrow\"><\/i>\t\t\t<\/span>\n\t\t\t\t\t\t\t\t\t<span class=\"elementor-button-text\">Cont\u00e1ctenos ahora<\/span>\n\t\t\t\t\t<\/span>\n\t\t\t\t\t<\/a>\n\t\t\t\t<\/div>\n\t\t\t\t\t\t\t\t<\/div>\n\t\t\t\t<\/div>\n\t\t\t\t\t<\/div>\n\t\t\t\t<\/div>\n\t\t\t\t<\/div>","protected":false},"excerpt":{"rendered":"<p>Your Prime Brick &amp; Parts Supplier &amp; Innovator Globally Highlights SOTOP as a global leader in construction machinery, covering brick machines, molds, and undercarriage parts. 20+ Years\u2019 Experience in Construction Machinery Trade 200+ Skilled Professionals in Our Global Team Advanced CNC Technology for Precision Manufacturing Serving Clients in Over 40 Countries Get Quick Quote About [&hellip;]<\/p>\n","protected":false},"author":1,"featured_media":0,"parent":0,"menu_order":0,"comment_status":"closed","ping_status":"closed","template":"","meta":{"_acf_changed":false,"site-sidebar-layout":"no-sidebar","site-content-layout":"page-builder","ast-site-content-layout":"full-width-container","site-content-style":"default","site-sidebar-style":"default","ast-global-header-display":"","ast-banner-title-visibility":"disabled","ast-main-header-display":"","ast-hfb-above-header-display":"","ast-hfb-below-header-display":"","ast-hfb-mobile-header-display":"","site-post-title":"disabled","ast-breadcrumbs-content":"","ast-featured-img":"disabled","footer-sml-layout":"","theme-transparent-header-meta":"enabled","adv-header-id-meta":"","stick-header-meta":"","header-above-stick-meta":"","header-main-stick-meta":"","header-below-stick-meta":"","astra-migrate-meta-layouts":"set","ast-page-background-enabled":"default","ast-page-background-meta":{"desktop":{"background-color":"var(--ast-global-color-4)","background-image":"","background-repeat":"repeat","background-position":"center center","background-size":"auto","background-attachment":"scroll","background-type":"","background-media":"","overlay-type":"","overlay-color":"","overlay-opacity":"","overlay-gradient":""},"tablet":{"background-color":"","background-image":"","background-repeat":"repeat","background-position":"center center","background-size":"auto","background-attachment":"scroll","background-type":"","background-media":"","overlay-type":"","overlay-color":"","overlay-opacity":"","overlay-gradient":""},"mobile":{"background-color":"","background-image":"","background-repeat":"repeat","background-position":"center center","background-size":"auto","background-attachment":"scroll","background-type":"","background-media":"","overlay-type":"","overlay-color":"","overlay-opacity":"","overlay-gradient":""}},"ast-content-background-meta":{"desktop":{"background-color":"var(--ast-global-color-5)","background-image":"","background-repeat":"repeat","background-position":"center center","background-size":"auto","background-attachment":"scroll","background-type":"","background-media":"","overlay-type":"","overlay-color":"","overlay-opacity":"","overlay-gradient":""},"tablet":{"background-color":"var(--ast-global-color-5)","background-image":"","background-repeat":"repeat","background-position":"center center","background-size":"auto","background-attachment":"scroll","background-type":"","background-media":"","overlay-type":"","overlay-color":"","overlay-opacity":"","overlay-gradient":""},"mobile":{"background-color":"var(--ast-global-color-5)","background-image":"","background-repeat":"repeat","background-position":"center center","background-size":"auto","background-attachment":"scroll","background-type":"","background-media":"","overlay-type":"","overlay-color":"","overlay-opacity":"","overlay-gradient":""}},"footnotes":""},"class_list":["post-594","page","type-page","status-publish","hentry"],"acf":[],"_links":{"self":[{"href":"https:\/\/www.sotopmachine.com\/es\/wp-json\/wp\/v2\/pages\/594","targetHints":{"allow":["GET"]}}],"collection":[{"href":"https:\/\/www.sotopmachine.com\/es\/wp-json\/wp\/v2\/pages"}],"about":[{"href":"https:\/\/www.sotopmachine.com\/es\/wp-json\/wp\/v2\/types\/page"}],"author":[{"embeddable":true,"href":"https:\/\/www.sotopmachine.com\/es\/wp-json\/wp\/v2\/users\/1"}],"replies":[{"embeddable":true,"href":"https:\/\/www.sotopmachine.com\/es\/wp-json\/wp\/v2\/comments?post=594"}],"version-history":[{"count":5,"href":"https:\/\/www.sotopmachine.com\/es\/wp-json\/wp\/v2\/pages\/594\/revisions"}],"predecessor-version":[{"id":2379,"href":"https:\/\/www.sotopmachine.com\/es\/wp-json\/wp\/v2\/pages\/594\/revisions\/2379"}],"wp:attachment":[{"href":"https:\/\/www.sotopmachine.com\/es\/wp-json\/wp\/v2\/media?parent=594"}],"curies":[{"name":"wp","href":"https:\/\/api.w.org\/{rel}","templated":true}]}}