{"id":2320,"date":"2025-09-01T15:20:09","date_gmt":"2025-09-01T15:20:09","guid":{"rendered":"https:\/\/www.sotopmachine.com\/?post_type=product&#038;p=2320"},"modified":"2025-09-01T15:20:11","modified_gmt":"2025-09-01T15:20:11","slug":"hollow-block-molds","status":"publish","type":"product","link":"https:\/\/www.sotopmachine.com\/es\/product\/hollow-block-molds\/","title":{"rendered":"Moldes para bloques huecos"},"content":{"rendered":"<p>Los moldes para bloques huecos SOTOP son vers\u00e1tiles para varias materias primas, incluyendo tierra, grava, cemento, \u00e1ridos y residuos industriales, produciendo bloques ecol\u00f3gicos y de alta resistencia para la construcci\u00f3n y el paisajismo, todo ello de la mano de un fabricante l\u00edder de moldes para bloques huecos.<\/p>\n\n\n\n<p><strong>Especificaciones t\u00e9cnicas<\/strong>:<\/p>\n\n\n\n<ul class=\"wp-block-list\">\n<li>Opciones de materiales: Acero aleado de alta calidad resistente al desgaste, pl\u00e1stico ABS de ingenier\u00eda con base de cemento o h\u00edbridos personalizables.<\/li>\n\n\n\n<li>Grado de dureza: 62-68HRC (cementado para una durabilidad extrema).<\/li>\n\n\n\n<li>Distancia de la zapata: 0,5-0,8 mm (ajustable para una compactaci\u00f3n \u00f3ptima).<\/li>\n\n\n\n<li>Dimensiones del molde: Personalizables (por ejemplo, tama\u00f1os est\u00e1ndar: 390x190x190mm para ladrillos huecos, 240x160x60mm para adoquines; rango de longitud 120-400mm, espesor 3-8mm).<\/li>\n\n\n\n<li>Placa de sujeci\u00f3n: Atornillada y cambiable para sustituciones r\u00e1pidas.<\/li>\n\n\n\n<li>Zapata antisabotaje: Cambiable, con revestimientos antidesgaste opcionales.<\/li>\n\n\n\n<li>Dise\u00f1o de hoja de dibujo: Opcional para mejorar el desprendimiento de bloques y reducir los defectos.<\/li>\n\n\n\n<li>Compatibilidad: Adecuada para m\u00e1quinas de ladrillos manuales, semiautom\u00e1ticas o totalmente autom\u00e1ticas; se integra con sistemas de vibraci\u00f3n de alta frecuencia.<\/li>\n\n\n\n<li>Peso: Var\u00eda seg\u00fan el tama\u00f1o (por ejemplo, 11,8-15 kg para los modelos est\u00e1ndar).<\/li>\n\n\n\n<li>Vida \u00fatil: Hasta 150.000 ciclos con un mantenimiento adecuado.<\/li>\n\n\n\n<li>Tratamiento de superficie: Recubrimiento anticorrosi\u00f3n, pulido de precisi\u00f3n para acabados impecables.<\/li>\n<\/ul>\n\n\n\n<p><strong>Especificaciones de salida:<\/strong><\/p>\n\n\n\n<ul class=\"wp-block-list\">\n<li>Compatibilidad de producci\u00f3n: Permite una producci\u00f3n de gran volumen (por ejemplo, 10.000-14.000 piezas\/d\u00eda para ladrillos macizos, 8.000-12.000 piezas\/d\u00eda para ladrillos huecos cuando se combina con m\u00e1quinas compatibles).<\/li>\n\n\n\n<li>Tipos de bloques a medida: Ladrillo est\u00e1ndar (390x190x190 mm), ladrillo hueco (390x190x190 mm), adoqu\u00edn (240x160x60 mm), con opciones de mamposter\u00eda celular, enclavamientos y bordillos.<\/li>\n<\/ul>","protected":false},"featured_media":1823,"parent":0,"template":"","meta":{"_acf_changed":true,"site-sidebar-layout":"default","site-content-layout":"","ast-site-content-layout":"default","site-content-style":"default","site-sidebar-style":"default","ast-global-header-display":"","ast-banner-title-visibility":"","ast-main-header-display":"","ast-hfb-above-header-display":"","ast-hfb-below-header-display":"","ast-hfb-mobile-header-display":"","site-post-title":"","ast-breadcrumbs-content":"","ast-featured-img":"","footer-sml-layout":"","theme-transparent-header-meta":"","adv-header-id-meta":"","stick-header-meta":"","header-above-stick-meta":"","header-main-stick-meta":"","header-below-stick-meta":"","astra-migrate-meta-layouts":"set","ast-page-background-enabled":"default","ast-page-background-meta":{"desktop":{"background-color":"var(--ast-global-color-4)","background-image":"","background-repeat":"repeat","background-position":"center center","background-size":"auto","background-attachment":"scroll","background-type":"","background-media":"","overlay-type":"","overlay-color":"","overlay-opacity":"","overlay-gradient":""},"tablet":{"background-color":"","background-image":"","background-repeat":"repeat","background-position":"center center","background-size":"auto","background-attachment":"scroll","background-type":"","background-media":"","overlay-type":"","overlay-color":"","overlay-opacity":"","overlay-gradient":""},"mobile":{"background-color":"","background-image":"","background-repeat":"repeat","background-position":"center center","background-size":"auto","background-attachment":"scroll","background-type":"","background-media":"","overlay-type":"","overlay-color":"","overlay-opacity":"","overlay-gradient":""}},"ast-content-background-meta":{"desktop":{"background-color":"var(--ast-global-color-5)","background-image":"","background-repeat":"repeat","background-position":"center center","background-size":"auto","background-attachment":"scroll","background-type":"","background-media":"","overlay-type":"","overlay-color":"","overlay-opacity":"","overlay-gradient":""},"tablet":{"background-color":"var(--ast-global-color-5)","background-image":"","background-repeat":"repeat","background-position":"center center","background-size":"auto","background-attachment":"scroll","background-type":"","background-media":"","overlay-type":"","overlay-color":"","overlay-opacity":"","overlay-gradient":""},"mobile":{"background-color":"var(--ast-global-color-5)","background-image":"","background-repeat":"repeat","background-position":"center center","background-size":"auto","background-attachment":"scroll","background-type":"","background-media":"","overlay-type":"","overlay-color":"","overlay-opacity":"","overlay-gradient":""}}},"product-categores":[79],"class_list":["post-2320","product","type-product","status-publish","has-post-thumbnail","hentry","product-categores-brick-machine-molds"],"acf":[],"_links":{"self":[{"href":"https:\/\/www.sotopmachine.com\/es\/wp-json\/wp\/v2\/product\/2320","targetHints":{"allow":["GET"]}}],"collection":[{"href":"https:\/\/www.sotopmachine.com\/es\/wp-json\/wp\/v2\/product"}],"about":[{"href":"https:\/\/www.sotopmachine.com\/es\/wp-json\/wp\/v2\/types\/product"}],"wp:featuredmedia":[{"embeddable":true,"href":"https:\/\/www.sotopmachine.com\/es\/wp-json\/wp\/v2\/media\/1823"}],"wp:attachment":[{"href":"https:\/\/www.sotopmachine.com\/es\/wp-json\/wp\/v2\/media?parent=2320"}],"wp:term":[{"taxonomy":"product-categores","embeddable":true,"href":"https:\/\/www.sotopmachine.com\/es\/wp-json\/wp\/v2\/product-categores?post=2320"}],"curies":[{"name":"wp","href":"https:\/\/api.w.org\/{rel}","templated":true}]}}