{"id":2321,"date":"2025-09-01T15:46:47","date_gmt":"2025-09-01T15:46:47","guid":{"rendered":"https:\/\/www.sotopmachine.com\/?post_type=product&#038;p=2321"},"modified":"2025-09-01T15:58:10","modified_gmt":"2025-09-01T15:58:10","slug":"solid-block-molds","status":"publish","type":"product","link":"https:\/\/www.sotopmachine.com\/es\/product\/solid-block-molds\/","title":{"rendered":"Moldes de bloques s\u00f3lidos"},"content":{"rendered":"<p><mark style=\"background-color:rgba(0, 0, 0, 0)\" class=\"has-inline-color has-ast-global-color-2-color\">Los moldes para bloques macizos SOTOP son vers\u00e1tiles para materias primas como tierra, grava, cemento, \u00e1ridos y residuos industriales, produciendo bloques ecol\u00f3gicos de alta densidad para la integridad estructural, todo ello de la mano de un fabricante l\u00edder de moldes para bloques macizos.<\/mark><\/p>\n\n\n\n<ul class=\"wp-block-list\">\n<li class=\"has-ast-global-color-2-color has-text-color has-link-color wp-elements-ced1698d37bf91ff0f3ecfbcaff25314\">Opciones de materiales: Acero de aleaci\u00f3n de alta resistencia (Q235\/Q345), acero al carbono o pl\u00e1stico ABS de ingenier\u00eda con compuestos reforzados para variantes ligeras.<\/li>\n\n\n\n<li class=\"has-ast-global-color-2-color has-text-color has-link-color wp-elements-b716dd8aeab9c464bec9229566207d37\">Grado de dureza: 62-68HRC (postcarburaci\u00f3n y temple), con tratamiento opcional de nitruro para una mayor protecci\u00f3n de la superficie.<\/li>\n\n\n\n<li class=\"has-ast-global-color-2-color has-text-color has-link-color wp-elements-48a7de68b0a5cffe49ddcc66353ec71a\">Distancia de la zapata: 0,5-0,8 mm (ajustable mediante tornillos de precisi\u00f3n).<\/li>\n\n\n\n<li class=\"has-ast-global-color-2-color has-text-color has-link-color wp-elements-317183fc7e678753078a92eaeacf87ae\">Dimensiones del molde: Personalizables (rangos est\u00e1ndar: longitud 200-400 mm, anchura 100-200 mm, altura 60-200 mm; por ejemplo, 240x115x53 mm para ladrillos macizos).<\/li>\n\n\n\n<li class=\"has-ast-global-color-2-color has-text-color has-link-color wp-elements-40def3b2b24248053e3727c1afccf5da\">Placa de sujeci\u00f3n: Atornillada, cambiable, con espesores de 3-8mm para soporte estructural.<\/li>\n\n\n\n<li class=\"has-ast-global-color-2-color has-text-color has-link-color wp-elements-eb83cea214779c935c796264c8548e00\">Zapata antisabotaje: Intercambiable, con revestimientos opcionales resistentes al desgaste (por ejemplo, insertos de carburo o cer\u00e1mica).<\/li>\n\n\n\n<li class=\"has-ast-global-color-2-color has-text-color has-link-color wp-elements-b94cab5dd5e50c1273b1816e9d91d4b0\">Dise\u00f1o de hoja de tracci\u00f3n: Opcional, con desbloqueo hidr\u00e1ulico o manual para un desmoldeo sin defectos.<\/li>\n\n\n\n<li class=\"has-ast-global-color-2-color has-text-color has-link-color wp-elements-37e9145d6ece0cad27a6f55f209a04f1\">Compatibilidad: Se adapta a sistemas de alta presi\u00f3n (25-50 MPa), tipos electromagn\u00e9ticos o de vibraci\u00f3n de mesa, y tama\u00f1os de pal\u00e9s de hasta 1000x700mm.<\/li>\n\n\n\n<li class=\"has-ast-global-color-2-color has-text-color has-link-color wp-elements-7076a20133518a164ab67ab4ef24caaf\">Peso: 10-15 kg (dependiendo del tama\u00f1o y el material; por ejemplo, 11,8 kg para los modelos est\u00e1ndar de acero aleado).<\/li>\n\n\n\n<li class=\"has-ast-global-color-2-color has-text-color has-link-color wp-elements-69461e2d84eeeca605b1c1fe2f7ca7b9\">Vida \u00fatil: 150.000-200.000 ciclos en condiciones normales de uso, con kits de mantenimiento disponibles.<\/li>\n\n\n\n<li class=\"has-ast-global-color-2-color has-text-color has-link-color wp-elements-1eaff4c17510c2b137578fc829f2680a\">Tratamiento de superficies: Recubrimiento epoxi anticorrosi\u00f3n, pulido de precisi\u00f3n (Ra &lt; 0,8\u03bcm) y galvanizado opcional para entornos dif\u00edciles.<\/li>\n\n\n\n<li class=\"has-ast-global-color-2-color has-text-color has-link-color wp-elements-de59881d62dd32ba2eb761d6ad88445b\">Temperatura de funcionamiento: -20\u00b0C a 80\u00b0C, resistente a la dilataci\u00f3n t\u00e9rmica.<\/li>\n<\/ul>\n\n\n\n<p><mark style=\"background-color:rgba(0, 0, 0, 0)\" class=\"has-inline-color has-ast-global-color-2-color\"><strong>Especificaciones de salida<\/strong>:<\/mark><\/p>\n\n\n\n<ul class=\"wp-block-list\">\n<li class=\"has-ast-global-color-2-color has-text-color has-link-color wp-elements-d39785f64ec3e0f93b7bb48653e18221\">Compatibilidad de producci\u00f3n: Permite una producci\u00f3n de gran volumen (por ejemplo, 10.000-14.000 piezas\/d\u00eda de ladrillos macizos cuando se combina con m\u00e1quinas compatibles).<\/li>\n\n\n\n<li class=\"has-ast-global-color-2-color has-text-color has-link-color wp-elements-f5ad6d84913d52e0cd9d422e50468fd4\">Tipos de bloques a medida: Ladrillo macizo (240x115x53mm), bloque est\u00e1ndar (390x190x190mm), adoqu\u00edn (240x160x60mm), con opciones de variantes celular, interlock y adoqu\u00edn para bordillo.<\/li>\n<\/ul>","protected":false},"featured_media":1869,"parent":0,"template":"","meta":{"_acf_changed":true,"site-sidebar-layout":"default","site-content-layout":"","ast-site-content-layout":"default","site-content-style":"default","site-sidebar-style":"default","ast-global-header-display":"","ast-banner-title-visibility":"","ast-main-header-display":"","ast-hfb-above-header-display":"","ast-hfb-below-header-display":"","ast-hfb-mobile-header-display":"","site-post-title":"","ast-breadcrumbs-content":"","ast-featured-img":"","footer-sml-layout":"","theme-transparent-header-meta":"","adv-header-id-meta":"","stick-header-meta":"","header-above-stick-meta":"","header-main-stick-meta":"","header-below-stick-meta":"","astra-migrate-meta-layouts":"set","ast-page-background-enabled":"default","ast-page-background-meta":{"desktop":{"background-color":"var(--ast-global-color-4)","background-image":"","background-repeat":"repeat","background-position":"center center","background-size":"auto","background-attachment":"scroll","background-type":"","background-media":"","overlay-type":"","overlay-color":"","overlay-opacity":"","overlay-gradient":""},"tablet":{"background-color":"","background-image":"","background-repeat":"repeat","background-position":"center center","background-size":"auto","background-attachment":"scroll","background-type":"","background-media":"","overlay-type":"","overlay-color":"","overlay-opacity":"","overlay-gradient":""},"mobile":{"background-color":"","background-image":"","background-repeat":"repeat","background-position":"center center","background-size":"auto","background-attachment":"scroll","background-type":"","background-media":"","overlay-type":"","overlay-color":"","overlay-opacity":"","overlay-gradient":""}},"ast-content-background-meta":{"desktop":{"background-color":"var(--ast-global-color-5)","background-image":"","background-repeat":"repeat","background-position":"center center","background-size":"auto","background-attachment":"scroll","background-type":"","background-media":"","overlay-type":"","overlay-color":"","overlay-opacity":"","overlay-gradient":""},"tablet":{"background-color":"var(--ast-global-color-5)","background-image":"","background-repeat":"repeat","background-position":"center center","background-size":"auto","background-attachment":"scroll","background-type":"","background-media":"","overlay-type":"","overlay-color":"","overlay-opacity":"","overlay-gradient":""},"mobile":{"background-color":"var(--ast-global-color-5)","background-image":"","background-repeat":"repeat","background-position":"center center","background-size":"auto","background-attachment":"scroll","background-type":"","background-media":"","overlay-type":"","overlay-color":"","overlay-opacity":"","overlay-gradient":""}}},"product-categores":[79],"class_list":["post-2321","product","type-product","status-publish","has-post-thumbnail","hentry","product-categores-brick-machine-molds"],"acf":[],"_links":{"self":[{"href":"https:\/\/www.sotopmachine.com\/es\/wp-json\/wp\/v2\/product\/2321","targetHints":{"allow":["GET"]}}],"collection":[{"href":"https:\/\/www.sotopmachine.com\/es\/wp-json\/wp\/v2\/product"}],"about":[{"href":"https:\/\/www.sotopmachine.com\/es\/wp-json\/wp\/v2\/types\/product"}],"wp:featuredmedia":[{"embeddable":true,"href":"https:\/\/www.sotopmachine.com\/es\/wp-json\/wp\/v2\/media\/1869"}],"wp:attachment":[{"href":"https:\/\/www.sotopmachine.com\/es\/wp-json\/wp\/v2\/media?parent=2321"}],"wp:term":[{"taxonomy":"product-categores","embeddable":true,"href":"https:\/\/www.sotopmachine.com\/es\/wp-json\/wp\/v2\/product-categores?post=2321"}],"curies":[{"name":"wp","href":"https:\/\/api.w.org\/{rel}","templated":true}]}}