{"id":2331,"date":"2025-09-01T16:03:25","date_gmt":"2025-09-01T16:03:25","guid":{"rendered":"https:\/\/www.sotopmachine.com\/?post_type=product&#038;p=2331"},"modified":"2025-09-01T16:03:27","modified_gmt":"2025-09-01T16:03:27","slug":"paving-brick-molds","status":"publish","type":"product","link":"https:\/\/www.sotopmachine.com\/es\/product\/paving-brick-molds\/","title":{"rendered":"Moldes para ladrillos de pavimentaci\u00f3n"},"content":{"rendered":"<p class=\"has-ast-global-color-2-color has-text-color has-link-color wp-elements-fb8f9efbb8e0ce09e23a094f918ea23a\"><strong>Especificaciones t\u00e9cnicas<\/strong>:<\/p>\n\n\n\n<ul class=\"wp-block-list\">\n<li class=\"has-ast-global-color-2-color has-text-color has-link-color wp-elements-565d3f61ec1b2b89e18148863d7a760c\">Opciones de materiales: Acero de aleaci\u00f3n de alta resistencia (Q235\/Q345), pl\u00e1stico de ingenier\u00eda ABS con estabilizaci\u00f3n UV, o compuestos h\u00edbridos para climas espec\u00edficos.<\/li>\n\n\n\n<li class=\"has-ast-global-color-2-color has-text-color has-link-color wp-elements-638345ef3f4a4fe02bef1a4b207c5cf5\">Dureza: 62-68HRC (postcarburaci\u00f3n y temple), con nitruro opcional o cromado para mayor protecci\u00f3n.<\/li>\n\n\n\n<li class=\"has-ast-global-color-2-color has-text-color has-link-color wp-elements-3ac2924093eff831a2de5b6e32c07eed\">Distancia de la zapata: 0,5-0,8 mm (ajustable con precisi\u00f3n).<\/li>\n\n\n\n<li class=\"has-ast-global-color-2-color has-text-color has-link-color wp-elements-64f6ad4b563f092a6454080f3145fce8\">Dimensiones del molde: Personalizables (tama\u00f1os est\u00e1ndar: 200x100x60mm, 240x160x60mm, 300x300x80mm; rango de longitud 200-400mm, espesor 3-8mm).<\/li>\n\n\n\n<li class=\"has-ast-global-color-2-color has-text-color has-link-color wp-elements-12c46255a0f3d318f7834664b21d476d\">Placa de sujeci\u00f3n: Atornillada, cambiable, con espesores de 3-10mm para soporte estructural.<\/li>\n\n\n\n<li class=\"has-ast-global-color-2-color has-text-color has-link-color wp-elements-0a21e022b19b11385617bb6ce065e588\">Zapata antisabotaje: Intercambiable, con insertos opcionales de carburo o cer\u00e1mica para mayor resistencia al desgaste.<\/li>\n\n\n\n<li class=\"has-ast-global-color-2-color has-text-color has-link-color wp-elements-de01d2d4d21e15db45b2d6efb69014a8\">Dise\u00f1o de hoja de tracci\u00f3n: Opcional, con desbloqueo hidr\u00e1ulico o manual para un desmoldeo suave.<\/li>\n\n\n\n<li class=\"has-ast-global-color-2-color has-text-color has-link-color wp-elements-56e0a77e055c43c2454eb4d3fc5a7ff1\">Compatibilidad: Admite sistemas de alta presi\u00f3n (25-50 MPa), vibraci\u00f3n electromagn\u00e9tica o de la mesa, y tama\u00f1os de pal\u00e9s de hasta 1100x800mm.<\/li>\n\n\n\n<li class=\"has-ast-global-color-2-color has-text-color has-link-color wp-elements-ccb2802418ca4cbd02c0d2ad0ad66921\">Peso: 10-18 kg (dependiendo del tama\u00f1o y el material; por ejemplo, 12,5 kg para los modelos est\u00e1ndar de acero aleado).<\/li>\n\n\n\n<li class=\"has-ast-global-color-2-color has-text-color has-link-color wp-elements-01c21dfd2ec42e93f845fddc05a53c2a\">Vida \u00fatil: 150.000-200.000 ciclos con los cuidados adecuados, con kits de mantenimiento disponibles.<\/li>\n\n\n\n<li class=\"has-ast-global-color-2-color has-text-color has-link-color wp-elements-7516ff8adbe41583037f78454cf2e8ef\">Tratamiento de la superficie: Recubrimiento epoxi resistente a los rayos UV, pulido de precisi\u00f3n (Ra &lt; 0,8\u03bcm) y texturizado antideslizante opcional.<\/li>\n\n\n\n<li class=\"has-ast-global-color-2-color has-text-color has-link-color wp-elements-18b2e42a777d3dac78aeb496030664c4\">Temperatura de funcionamiento: de -30\u00b0C a 90\u00b0C, resistente a la degradaci\u00f3n t\u00e9rmica y a los rayos UV.<\/li>\n<\/ul>\n\n\n\n<p><strong>Especificaciones de salida<\/strong>:<\/p>\n\n\n\n<ul class=\"wp-block-list has-ast-global-color-2-color has-text-color has-link-color wp-elements-185bf8b71b93a3067c5e361cf0e0f3bd\">\n<li>Compatibilidad de producci\u00f3n: Permite una producci\u00f3n de gran volumen (por ejemplo, 12.000-14.000 piezas\/d\u00eda de ladrillos de pavimentaci\u00f3n cuando se combina con m\u00e1quinas compatibles).<\/li>\n\n\n\n<li>Tipos de bloques a medida: Ladrillos de pavimentaci\u00f3n (200x100x60mm, 240x160x60mm, 300x300x80mm), patrones de enclavamiento (por ejemplo, espina de pescado, tejido de cesta), y bordillos, con opciones de acabados texturizados o coloreados.<\/li>\n<\/ul>","protected":false},"featured_media":1872,"parent":0,"template":"","meta":{"_acf_changed":true,"site-sidebar-layout":"default","site-content-layout":"","ast-site-content-layout":"default","site-content-style":"default","site-sidebar-style":"default","ast-global-header-display":"","ast-banner-title-visibility":"","ast-main-header-display":"","ast-hfb-above-header-display":"","ast-hfb-below-header-display":"","ast-hfb-mobile-header-display":"","site-post-title":"","ast-breadcrumbs-content":"","ast-featured-img":"","footer-sml-layout":"","theme-transparent-header-meta":"","adv-header-id-meta":"","stick-header-meta":"","header-above-stick-meta":"","header-main-stick-meta":"","header-below-stick-meta":"","astra-migrate-meta-layouts":"set","ast-page-background-enabled":"default","ast-page-background-meta":{"desktop":{"background-color":"var(--ast-global-color-4)","background-image":"","background-repeat":"repeat","background-position":"center center","background-size":"auto","background-attachment":"scroll","background-type":"","background-media":"","overlay-type":"","overlay-color":"","overlay-opacity":"","overlay-gradient":""},"tablet":{"background-color":"","background-image":"","background-repeat":"repeat","background-position":"center center","background-size":"auto","background-attachment":"scroll","background-type":"","background-media":"","overlay-type":"","overlay-color":"","overlay-opacity":"","overlay-gradient":""},"mobile":{"background-color":"","background-image":"","background-repeat":"repeat","background-position":"center center","background-size":"auto","background-attachment":"scroll","background-type":"","background-media":"","overlay-type":"","overlay-color":"","overlay-opacity":"","overlay-gradient":""}},"ast-content-background-meta":{"desktop":{"background-color":"var(--ast-global-color-5)","background-image":"","background-repeat":"repeat","background-position":"center center","background-size":"auto","background-attachment":"scroll","background-type":"","background-media":"","overlay-type":"","overlay-color":"","overlay-opacity":"","overlay-gradient":""},"tablet":{"background-color":"var(--ast-global-color-5)","background-image":"","background-repeat":"repeat","background-position":"center center","background-size":"auto","background-attachment":"scroll","background-type":"","background-media":"","overlay-type":"","overlay-color":"","overlay-opacity":"","overlay-gradient":""},"mobile":{"background-color":"var(--ast-global-color-5)","background-image":"","background-repeat":"repeat","background-position":"center center","background-size":"auto","background-attachment":"scroll","background-type":"","background-media":"","overlay-type":"","overlay-color":"","overlay-opacity":"","overlay-gradient":""}}},"product-categores":[79],"class_list":["post-2331","product","type-product","status-publish","has-post-thumbnail","hentry","product-categores-brick-machine-molds"],"acf":[],"_links":{"self":[{"href":"https:\/\/www.sotopmachine.com\/es\/wp-json\/wp\/v2\/product\/2331","targetHints":{"allow":["GET"]}}],"collection":[{"href":"https:\/\/www.sotopmachine.com\/es\/wp-json\/wp\/v2\/product"}],"about":[{"href":"https:\/\/www.sotopmachine.com\/es\/wp-json\/wp\/v2\/types\/product"}],"wp:featuredmedia":[{"embeddable":true,"href":"https:\/\/www.sotopmachine.com\/es\/wp-json\/wp\/v2\/media\/1872"}],"wp:attachment":[{"href":"https:\/\/www.sotopmachine.com\/es\/wp-json\/wp\/v2\/media?parent=2331"}],"wp:term":[{"taxonomy":"product-categores","embeddable":true,"href":"https:\/\/www.sotopmachine.com\/es\/wp-json\/wp\/v2\/product-categores?post=2331"}],"curies":[{"name":"wp","href":"https:\/\/api.w.org\/{rel}","templated":true}]}}