{"id":2357,"date":"2025-11-19T15:58:44","date_gmt":"2025-11-19T15:58:44","guid":{"rendered":"https:\/\/www.sotopmachine.com\/?post_type=product&#038;p=2357"},"modified":"2025-11-19T15:58:45","modified_gmt":"2025-11-19T15:58:45","slug":"interlocking-brick-molds","status":"publish","type":"product","link":"https:\/\/www.sotopmachine.com\/es\/product\/interlocking-brick-molds\/","title":{"rendered":"Moldes de ladrillos entrelazados"},"content":{"rendered":"<p><strong>Especificaciones t\u00e9cnicas<\/strong>:<\/p>\n\n\n\n<ul class=\"wp-block-list\">\n<li>Opciones de materiales: Acero de aleaci\u00f3n de alta resistencia (Q235\/Q345), pl\u00e1stico de polipropileno (PP) o pl\u00e1stico de ingenier\u00eda ABS estabilizado con UV para variantes ligeras.<\/li>\n\n\n\n<li>Grado de dureza: 62-68HRC (postcarburaci\u00f3n y temple), con tratamiento opcional de nitruro para una mayor protecci\u00f3n contra el desgaste.<\/li>\n\n\n\n<li>Distancia de la zapata: 0,5-0,8 mm (ajustable para una compactaci\u00f3n precisa).<\/li>\n\n\n\n<li>Dimensiones del molde: Personalizable (tama\u00f1os est\u00e1ndar: 400x200x200mm para ladrillos huecos entrelazados, 240x160x60mm para adoquines entrelazados; rango de longitud 200-400mm, espesor 3-8mm).<\/li>\n\n\n\n<li>Placa de red de sujeci\u00f3n: Atornillada, cambiable, con espesores de 3-10mm y refuerzos en las esquinas en forma de I para un enclavamiento tipo cadena.<\/li>\n\n\n\n<li>Zapata de seguridad: Intercambiable, con insertos de carburo opcionales o bordes biselados (2 cm) para evitar da\u00f1os.<\/li>\n\n\n\n<li>Dise\u00f1o de hoja de tracci\u00f3n: Opcional, con desbloqueo hidr\u00e1ulico o manual para un desmoldeo sin costuras.<\/li>\n\n\n\n<li>Compatibilidad: Admite sistemas de alta presi\u00f3n (25-50 MPa), vibraci\u00f3n electromagn\u00e9tica o de la mesa, y tama\u00f1os de pal\u00e9s de hasta 1100x800mm.<\/li>\n\n\n\n<li>Peso: 10-20 kg (dependiendo del tama\u00f1o y el material; por ejemplo, 12 kg para los modelos de pl\u00e1stico PP).<\/li>\n\n\n\n<li>Vida \u00fatil: 150.000-200.000 ciclos (hasta m\u00e1s de 50 reutilizaciones para las variantes de pl\u00e1stico), con kits de mantenimiento disponibles.<\/li>\n\n\n\n<li>Tratamiento de la superficie: Revestimiento epoxi resistente a los rayos UV, pulido de precisi\u00f3n (Ra &lt; 0,8\u03bcm) y texturizado antideslizante o galvanizado opcionales.<\/li>\n\n\n\n<li>Gama de temperaturas de funcionamiento: de -30 \u00b0C a 90 \u00b0C, con resistencia a los rayos UV para una mayor durabilidad en exteriores.<\/li>\n<\/ul>\n\n\n\n<p><strong>Especificaciones de salida<\/strong>:<\/p>\n\n\n\n<ul class=\"wp-block-list\">\n<li>Compatibilidad de producci\u00f3n: Permite una producci\u00f3n de gran volumen (por ejemplo, 8.000-12.000 piezas\/d\u00eda de ladrillos entrelazados cuando se combina con m\u00e1quinas compatibles).<\/li>\n\n\n\n<li>Tipos de bloques a medida: Ladrillo hueco entrelazado (400x200x200mm), adoqu\u00edn entrelazado (240x160x60mm), bloque tipo Lego (con tacos para apilar), e interbloques para bordillos, con opciones de acabados texturizados o de color.<\/li>\n<\/ul>\n\n\n\n<p><\/p>","protected":false},"featured_media":1875,"parent":0,"template":"","meta":{"_acf_changed":true,"site-sidebar-layout":"default","site-content-layout":"","ast-site-content-layout":"default","site-content-style":"default","site-sidebar-style":"default","ast-global-header-display":"","ast-banner-title-visibility":"","ast-main-header-display":"","ast-hfb-above-header-display":"","ast-hfb-below-header-display":"","ast-hfb-mobile-header-display":"","site-post-title":"","ast-breadcrumbs-content":"","ast-featured-img":"","footer-sml-layout":"","theme-transparent-header-meta":"","adv-header-id-meta":"","stick-header-meta":"","header-above-stick-meta":"","header-main-stick-meta":"","header-below-stick-meta":"","astra-migrate-meta-layouts":"set","ast-page-background-enabled":"default","ast-page-background-meta":{"desktop":{"background-color":"var(--ast-global-color-4)","background-image":"","background-repeat":"repeat","background-position":"center center","background-size":"auto","background-attachment":"scroll","background-type":"","background-media":"","overlay-type":"","overlay-color":"","overlay-opacity":"","overlay-gradient":""},"tablet":{"background-color":"","background-image":"","background-repeat":"repeat","background-position":"center center","background-size":"auto","background-attachment":"scroll","background-type":"","background-media":"","overlay-type":"","overlay-color":"","overlay-opacity":"","overlay-gradient":""},"mobile":{"background-color":"","background-image":"","background-repeat":"repeat","background-position":"center center","background-size":"auto","background-attachment":"scroll","background-type":"","background-media":"","overlay-type":"","overlay-color":"","overlay-opacity":"","overlay-gradient":""}},"ast-content-background-meta":{"desktop":{"background-color":"var(--ast-global-color-5)","background-image":"","background-repeat":"repeat","background-position":"center center","background-size":"auto","background-attachment":"scroll","background-type":"","background-media":"","overlay-type":"","overlay-color":"","overlay-opacity":"","overlay-gradient":""},"tablet":{"background-color":"var(--ast-global-color-5)","background-image":"","background-repeat":"repeat","background-position":"center center","background-size":"auto","background-attachment":"scroll","background-type":"","background-media":"","overlay-type":"","overlay-color":"","overlay-opacity":"","overlay-gradient":""},"mobile":{"background-color":"var(--ast-global-color-5)","background-image":"","background-repeat":"repeat","background-position":"center center","background-size":"auto","background-attachment":"scroll","background-type":"","background-media":"","overlay-type":"","overlay-color":"","overlay-opacity":"","overlay-gradient":""}}},"product-categores":[79],"class_list":["post-2357","product","type-product","status-publish","has-post-thumbnail","hentry","product-categores-brick-machine-molds"],"acf":[],"_links":{"self":[{"href":"https:\/\/www.sotopmachine.com\/es\/wp-json\/wp\/v2\/product\/2357","targetHints":{"allow":["GET"]}}],"collection":[{"href":"https:\/\/www.sotopmachine.com\/es\/wp-json\/wp\/v2\/product"}],"about":[{"href":"https:\/\/www.sotopmachine.com\/es\/wp-json\/wp\/v2\/types\/product"}],"wp:featuredmedia":[{"embeddable":true,"href":"https:\/\/www.sotopmachine.com\/es\/wp-json\/wp\/v2\/media\/1875"}],"wp:attachment":[{"href":"https:\/\/www.sotopmachine.com\/es\/wp-json\/wp\/v2\/media?parent=2357"}],"wp:term":[{"taxonomy":"product-categores","embeddable":true,"href":"https:\/\/www.sotopmachine.com\/es\/wp-json\/wp\/v2\/product-categores?post=2357"}],"curies":[{"name":"wp","href":"https:\/\/api.w.org\/{rel}","templated":true}]}}