{"id":2359,"date":"2025-11-19T16:15:39","date_gmt":"2025-11-19T16:15:39","guid":{"rendered":"https:\/\/www.sotopmachine.com\/?post_type=product&#038;p=2359"},"modified":"2025-12-03T02:53:30","modified_gmt":"2025-12-03T02:53:30","slug":"retaining-wall-brick-molds","status":"publish","type":"product","link":"https:\/\/www.sotopmachine.com\/es\/product\/retaining-wall-brick-molds\/","title":{"rendered":"Moldes para ladrillos de muros de contenci\u00f3n"},"content":{"rendered":"<ul class=\"wp-block-list\">\n<li>Opciones de material: Acero de aleaci\u00f3n de alta resistencia (Q345B \/ 42CrMo), pl\u00e1stico PP de alto impacto o acero h\u00edbrido + insertos de metal duro<\/li>\n\n\n\n<li>Grado de dureza: N\u00facleo 62-68 HRC (capa carburada \u22651,5 mm), tratamiento nitrurado opcional hasta 70 HRC.<\/li>\n\n\n\n<li>Distancia de la zapata: 0,5-0,8 mm (mm), ajustable con precisi\u00f3n<\/li>\n\n\n\n<li>Dimensiones del molde: Personalizable (gama est\u00e1ndar: 400\u00d7300\u00d7200 mm, 500\u00d7300\u00d7200 mm, 600\u00d7400\u00d7200 mm; grosor 5-12 mm)<\/li>\n\n\n\n<li>Sistema de enclavamiento: Dise\u00f1os incorporados de machihembrado, cola de milano o agujero de alfiler para un bloqueo vertical y horizontal perfecto.<\/li>\n\n\n\n<li>Placa de sujeci\u00f3n: Atornillada y reemplazable, reforzada 8-12 mm de espesor<\/li>\n\n\n\n<li>Zapata antisabotaje: Intercambiable, revestimiento opcional de carburo o cer\u00e1mica, protecci\u00f3n del borde biselado de 2 cm.<\/li>\n\n\n\n<li>Dise\u00f1o de la hoja de estirado: Desbloqueo hidr\u00e1ulico\/manual est\u00e1ndar para un \u00e1ngulo de tiro cero que facilita el desmoldeo<\/li>\n\n\n\n<li>Compatibilidad: Soporta presi\u00f3n de conformado de 30-60 MPa, vibraci\u00f3n de alta frecuencia, tama\u00f1o de palet de hasta 1200\u00d7900 mm.<\/li>\n\n\n\n<li>Peso: 15-25 kg por molde (acero), 8-12 kg (versi\u00f3n de pl\u00e1stico PP)<\/li>\n\n\n\n<li>Vida \u00fatil: 180.000-250.000 ciclos (acero), 80.000+ ciclos (PP)<\/li>\n\n\n\n<li>Tratamiento de la superficie: Epoxi anticorrosi\u00f3n + cromo PVD opcional, Ra \u2264 0,6 \u03bcm de pulido.<\/li>\n\n\n\n<li>Resistencia a la temperatura: de -40 \u00b0C a +100 \u00b0C (apto para climas extremos)<\/li>\n<\/ul>\n\n\n\n<p><strong>Especificaciones de salida<\/strong><\/p>\n\n\n\n<ul class=\"wp-block-list\">\n<li>Capacidad diaria (junto con la m\u00e1quina adecuada): 6.000-10.000 piezas\/d\u00eda (bloques de muro de contenci\u00f3n est\u00e1ndar de 400\u00d7300\u00d7200 mm)<\/li>\n\n\n\n<li>Tipos de bloques comunes: En forma de L, en forma de T, trapezoidales, curvos, bloques para jardineras, piedras de remate, bloques para esquinas<\/li>\n<\/ul>","protected":false},"featured_media":2530,"parent":0,"template":"","meta":{"_acf_changed":true,"site-sidebar-layout":"default","site-content-layout":"","ast-site-content-layout":"default","site-content-style":"default","site-sidebar-style":"default","ast-global-header-display":"","ast-banner-title-visibility":"","ast-main-header-display":"","ast-hfb-above-header-display":"","ast-hfb-below-header-display":"","ast-hfb-mobile-header-display":"","site-post-title":"","ast-breadcrumbs-content":"","ast-featured-img":"","footer-sml-layout":"","theme-transparent-header-meta":"","adv-header-id-meta":"","stick-header-meta":"","header-above-stick-meta":"","header-main-stick-meta":"","header-below-stick-meta":"","astra-migrate-meta-layouts":"set","ast-page-background-enabled":"default","ast-page-background-meta":{"desktop":{"background-color":"var(--ast-global-color-4)","background-image":"","background-repeat":"repeat","background-position":"center center","background-size":"auto","background-attachment":"scroll","background-type":"","background-media":"","overlay-type":"","overlay-color":"","overlay-opacity":"","overlay-gradient":""},"tablet":{"background-color":"","background-image":"","background-repeat":"repeat","background-position":"center center","background-size":"auto","background-attachment":"scroll","background-type":"","background-media":"","overlay-type":"","overlay-color":"","overlay-opacity":"","overlay-gradient":""},"mobile":{"background-color":"","background-image":"","background-repeat":"repeat","background-position":"center center","background-size":"auto","background-attachment":"scroll","background-type":"","background-media":"","overlay-type":"","overlay-color":"","overlay-opacity":"","overlay-gradient":""}},"ast-content-background-meta":{"desktop":{"background-color":"var(--ast-global-color-5)","background-image":"","background-repeat":"repeat","background-position":"center center","background-size":"auto","background-attachment":"scroll","background-type":"","background-media":"","overlay-type":"","overlay-color":"","overlay-opacity":"","overlay-gradient":""},"tablet":{"background-color":"var(--ast-global-color-5)","background-image":"","background-repeat":"repeat","background-position":"center center","background-size":"auto","background-attachment":"scroll","background-type":"","background-media":"","overlay-type":"","overlay-color":"","overlay-opacity":"","overlay-gradient":""},"mobile":{"background-color":"var(--ast-global-color-5)","background-image":"","background-repeat":"repeat","background-position":"center center","background-size":"auto","background-attachment":"scroll","background-type":"","background-media":"","overlay-type":"","overlay-color":"","overlay-opacity":"","overlay-gradient":""}}},"product-categores":[79],"class_list":["post-2359","product","type-product","status-publish","has-post-thumbnail","hentry","product-categores-brick-machine-molds"],"acf":[],"_links":{"self":[{"href":"https:\/\/www.sotopmachine.com\/es\/wp-json\/wp\/v2\/product\/2359","targetHints":{"allow":["GET"]}}],"collection":[{"href":"https:\/\/www.sotopmachine.com\/es\/wp-json\/wp\/v2\/product"}],"about":[{"href":"https:\/\/www.sotopmachine.com\/es\/wp-json\/wp\/v2\/types\/product"}],"wp:featuredmedia":[{"embeddable":true,"href":"https:\/\/www.sotopmachine.com\/es\/wp-json\/wp\/v2\/media\/2530"}],"wp:attachment":[{"href":"https:\/\/www.sotopmachine.com\/es\/wp-json\/wp\/v2\/media?parent=2359"}],"wp:term":[{"taxonomy":"product-categores","embeddable":true,"href":"https:\/\/www.sotopmachine.com\/es\/wp-json\/wp\/v2\/product-categores?post=2359"}],"curies":[{"name":"wp","href":"https:\/\/api.w.org\/{rel}","templated":true}]}}