{"id":2361,"date":"2025-11-19T16:22:21","date_gmt":"2025-11-19T16:22:21","guid":{"rendered":"https:\/\/www.sotopmachine.com\/?post_type=product&#038;p=2361"},"modified":"2025-11-19T16:22:22","modified_gmt":"2025-11-19T16:22:22","slug":"curb-stone-molds","status":"publish","type":"product","link":"https:\/\/www.sotopmachine.com\/es\/product\/curb-stone-molds\/","title":{"rendered":"Moldes para bordillos"},"content":{"rendered":"<ul class=\"wp-block-list\">\n<li>Opciones de material: Acero aleado 42CrMo (est\u00e1ndar), pl\u00e1stico PP de alto impacto opcional para la versi\u00f3n ligera<\/li>\n\n\n\n<li>Grado de dureza: N\u00facleo 62-68 HRC (profundidad de cementaci\u00f3n \u22651,8 mm), recubrimiento opcional de cromo PVD hasta 72 HRC.<\/li>\n\n\n\n<li>Distancia de la zapata: 0,5-0,8 mm, ajustable con precisi\u00f3n<\/li>\n\n\n\n<li>Dimensiones del molde: Totalmente personalizable (tama\u00f1os comunes: 1000\u00d7300\u00d7150 mm, 1000\u00d7250\u00d7120 mm, 800\u00d7400\u00d7180 mm, bordillos de radio, bordillos de drenaje)<\/li>\n\n\n\n<li>Espesor de la placa lateral: 10-15 mm reforzada, totalmente atornillada y reemplazable<\/li>\n\n\n\n<li>Zapata de seguridad: Inserto intercambiable de carburo o cer\u00e1mica, protecci\u00f3n de borde biselado de 2 cm.<\/li>\n\n\n\n<li>Sistema de liberaci\u00f3n: Tirador lateral hidr\u00e1ulico est\u00e1ndar de tiro cero + eyector superior para un desmoldeo perfecto en cada ciclo.<\/li>\n\n\n\n<li>Compatibilidad: presi\u00f3n de moldeo de 40-80 MPa, vibraci\u00f3n de alta frecuencia, tama\u00f1o de palet de hasta 1400\u00d7900 mm<\/li>\n\n\n\n<li>Peso: 28-45 kg (acero), 12-18 kg (versi\u00f3n de pl\u00e1stico PP)<\/li>\n\n\n\n<li>Vida \u00fatil: 200.000-300.000 ciclos (acero), 100.000+ ciclos (PP)<\/li>\n\n\n\n<li>Tratamiento de la superficie: Epoxi anticorrosi\u00f3n + cromo PVD opcional, Ra \u2264 0,6 \u03bcm de pulido.<\/li>\n\n\n\n<li>Resistencia a la temperatura: de -40 \u00b0C a +110 \u00b0C (apto para climas extremos)<\/li>\n<\/ul>\n\n\n\n<p><strong>Especificaciones de salida<\/strong><\/p>\n\n\n\n<ul class=\"wp-block-list\">\n<li>Capacidad diaria (con m\u00e1quina adecuada): 2.000-4.000 metros lineales \/ 8 horas (bordillo est\u00e1ndar de 1 metro)<\/li>\n\n\n\n<li>Tipos comunes: Bordillos de carretera, bordillos de jard\u00edn, bordillos de drenaje, bordillos de radio, bordillos de parada de autob\u00fas, bordillos de barrera<\/li>\n<\/ul>","protected":false},"featured_media":1877,"parent":0,"template":"","meta":{"_acf_changed":true,"site-sidebar-layout":"default","site-content-layout":"","ast-site-content-layout":"default","site-content-style":"default","site-sidebar-style":"default","ast-global-header-display":"","ast-banner-title-visibility":"","ast-main-header-display":"","ast-hfb-above-header-display":"","ast-hfb-below-header-display":"","ast-hfb-mobile-header-display":"","site-post-title":"","ast-breadcrumbs-content":"","ast-featured-img":"","footer-sml-layout":"","theme-transparent-header-meta":"","adv-header-id-meta":"","stick-header-meta":"","header-above-stick-meta":"","header-main-stick-meta":"","header-below-stick-meta":"","astra-migrate-meta-layouts":"set","ast-page-background-enabled":"default","ast-page-background-meta":{"desktop":{"background-color":"var(--ast-global-color-4)","background-image":"","background-repeat":"repeat","background-position":"center center","background-size":"auto","background-attachment":"scroll","background-type":"","background-media":"","overlay-type":"","overlay-color":"","overlay-opacity":"","overlay-gradient":""},"tablet":{"background-color":"","background-image":"","background-repeat":"repeat","background-position":"center center","background-size":"auto","background-attachment":"scroll","background-type":"","background-media":"","overlay-type":"","overlay-color":"","overlay-opacity":"","overlay-gradient":""},"mobile":{"background-color":"","background-image":"","background-repeat":"repeat","background-position":"center center","background-size":"auto","background-attachment":"scroll","background-type":"","background-media":"","overlay-type":"","overlay-color":"","overlay-opacity":"","overlay-gradient":""}},"ast-content-background-meta":{"desktop":{"background-color":"var(--ast-global-color-5)","background-image":"","background-repeat":"repeat","background-position":"center center","background-size":"auto","background-attachment":"scroll","background-type":"","background-media":"","overlay-type":"","overlay-color":"","overlay-opacity":"","overlay-gradient":""},"tablet":{"background-color":"var(--ast-global-color-5)","background-image":"","background-repeat":"repeat","background-position":"center center","background-size":"auto","background-attachment":"scroll","background-type":"","background-media":"","overlay-type":"","overlay-color":"","overlay-opacity":"","overlay-gradient":""},"mobile":{"background-color":"var(--ast-global-color-5)","background-image":"","background-repeat":"repeat","background-position":"center center","background-size":"auto","background-attachment":"scroll","background-type":"","background-media":"","overlay-type":"","overlay-color":"","overlay-opacity":"","overlay-gradient":""}}},"product-categores":[79],"class_list":["post-2361","product","type-product","status-publish","has-post-thumbnail","hentry","product-categores-brick-machine-molds"],"acf":[],"_links":{"self":[{"href":"https:\/\/www.sotopmachine.com\/es\/wp-json\/wp\/v2\/product\/2361","targetHints":{"allow":["GET"]}}],"collection":[{"href":"https:\/\/www.sotopmachine.com\/es\/wp-json\/wp\/v2\/product"}],"about":[{"href":"https:\/\/www.sotopmachine.com\/es\/wp-json\/wp\/v2\/types\/product"}],"wp:featuredmedia":[{"embeddable":true,"href":"https:\/\/www.sotopmachine.com\/es\/wp-json\/wp\/v2\/media\/1877"}],"wp:attachment":[{"href":"https:\/\/www.sotopmachine.com\/es\/wp-json\/wp\/v2\/media?parent=2361"}],"wp:term":[{"taxonomy":"product-categores","embeddable":true,"href":"https:\/\/www.sotopmachine.com\/es\/wp-json\/wp\/v2\/product-categores?post=2361"}],"curies":[{"name":"wp","href":"https:\/\/api.w.org\/{rel}","templated":true}]}}