{"id":2562,"date":"2026-01-28T05:25:36","date_gmt":"2026-01-28T05:25:36","guid":{"rendered":"https:\/\/www.sotopmachine.com\/?post_type=product&#038;p=2562"},"modified":"2026-01-28T05:25:37","modified_gmt":"2026-01-28T05:25:37","slug":"small-hydraulic-brick-making-machine","status":"publish","type":"product","link":"https:\/\/www.sotopmachine.com\/es\/product\/small-hydraulic-brick-making-machine\/","title":{"rendered":"M\u00e1quina hidr\u00e1ulica peque\u00f1a para fabricar ladrillos"},"content":{"rendered":"<figure class=\"wp-block-table\"><table class=\"has-fixed-layout\"><thead><tr><th>Par\u00e1metro<\/th><th>Especificaci\u00f3n<\/th><\/tr><\/thead><tbody><tr><td>Modelo<\/td><td>M\u00e1quina hidr\u00e1ulica peque\u00f1a para fabricar ladrillos<\/td><\/tr><tr><td>Presi\u00f3n nominal del sistema<\/td><td>25 MPa<\/td><\/tr><tr><td>Anfitri\u00f3n Presi\u00f3n m\u00e1xima<\/td><td>800KN \/ 1250KN (80 toneladas \/ 125 toneladas)<\/td><\/tr><tr><td>Ciclo de moldeo<\/td><td>15-20 segundos<\/td><\/tr><tr><td>\u00c1rea de moldeo<\/td><td>300 \u00d7 300 mm<\/td><\/tr><tr><td>Potencia de la m\u00e1quina anfitriona<\/td><td>5,5 kW<\/td><\/tr><tr><td>Dimensiones de la m\u00e1quina anfitriona<\/td><td>1800 \u00d7 1100 \u00d7 2150 mm<\/td><\/tr><tr><td>Sistema hidr\u00e1ulico<\/td><td>Bomba de alta presi\u00f3n + cilindros<\/td><\/tr><tr><td>Modo de funcionamiento<\/td><td>Semiautom\u00e1tico \/ Manual<\/td><\/tr><tr><td>Tipos de ladrillo<\/td><td>Ladrillos encajables, macizos, huecos, adoquines, de tierra, etc. (moldes a medida)<\/td><\/tr><\/tbody><\/table><\/figure>","protected":false},"featured_media":2563,"parent":0,"template":"","meta":{"_acf_changed":true,"site-sidebar-layout":"default","site-content-layout":"","ast-site-content-layout":"default","site-content-style":"default","site-sidebar-style":"default","ast-global-header-display":"","ast-banner-title-visibility":"","ast-main-header-display":"","ast-hfb-above-header-display":"","ast-hfb-below-header-display":"","ast-hfb-mobile-header-display":"","site-post-title":"","ast-breadcrumbs-content":"","ast-featured-img":"","footer-sml-layout":"","theme-transparent-header-meta":"","adv-header-id-meta":"","stick-header-meta":"","header-above-stick-meta":"","header-main-stick-meta":"","header-below-stick-meta":"","astra-migrate-meta-layouts":"set","ast-page-background-enabled":"default","ast-page-background-meta":{"desktop":{"background-color":"var(--ast-global-color-4)","background-image":"","background-repeat":"repeat","background-position":"center center","background-size":"auto","background-attachment":"scroll","background-type":"","background-media":"","overlay-type":"","overlay-color":"","overlay-opacity":"","overlay-gradient":""},"tablet":{"background-color":"","background-image":"","background-repeat":"repeat","background-position":"center center","background-size":"auto","background-attachment":"scroll","background-type":"","background-media":"","overlay-type":"","overlay-color":"","overlay-opacity":"","overlay-gradient":""},"mobile":{"background-color":"","background-image":"","background-repeat":"repeat","background-position":"center center","background-size":"auto","background-attachment":"scroll","background-type":"","background-media":"","overlay-type":"","overlay-color":"","overlay-opacity":"","overlay-gradient":""}},"ast-content-background-meta":{"desktop":{"background-color":"var(--ast-global-color-5)","background-image":"","background-repeat":"repeat","background-position":"center center","background-size":"auto","background-attachment":"scroll","background-type":"","background-media":"","overlay-type":"","overlay-color":"","overlay-opacity":"","overlay-gradient":""},"tablet":{"background-color":"var(--ast-global-color-5)","background-image":"","background-repeat":"repeat","background-position":"center center","background-size":"auto","background-attachment":"scroll","background-type":"","background-media":"","overlay-type":"","overlay-color":"","overlay-opacity":"","overlay-gradient":""},"mobile":{"background-color":"var(--ast-global-color-5)","background-image":"","background-repeat":"repeat","background-position":"center center","background-size":"auto","background-attachment":"scroll","background-type":"","background-media":"","overlay-type":"","overlay-color":"","overlay-opacity":"","overlay-gradient":""}}},"product-categores":[78],"class_list":["post-2562","product","type-product","status-publish","has-post-thumbnail","hentry","product-categores-brick-machine"],"acf":[],"_links":{"self":[{"href":"https:\/\/www.sotopmachine.com\/es\/wp-json\/wp\/v2\/product\/2562","targetHints":{"allow":["GET"]}}],"collection":[{"href":"https:\/\/www.sotopmachine.com\/es\/wp-json\/wp\/v2\/product"}],"about":[{"href":"https:\/\/www.sotopmachine.com\/es\/wp-json\/wp\/v2\/types\/product"}],"wp:featuredmedia":[{"embeddable":true,"href":"https:\/\/www.sotopmachine.com\/es\/wp-json\/wp\/v2\/media\/2563"}],"wp:attachment":[{"href":"https:\/\/www.sotopmachine.com\/es\/wp-json\/wp\/v2\/media?parent=2562"}],"wp:term":[{"taxonomy":"product-categores","embeddable":true,"href":"https:\/\/www.sotopmachine.com\/es\/wp-json\/wp\/v2\/product-categores?post=2562"}],"curies":[{"name":"wp","href":"https:\/\/api.w.org\/{rel}","templated":true}]}}