{"id":2320,"date":"2025-09-01T15:20:09","date_gmt":"2025-09-01T15:20:09","guid":{"rendered":"https:\/\/www.sotopmachine.com\/?post_type=product&#038;p=2320"},"modified":"2025-09-01T15:20:11","modified_gmt":"2025-09-01T15:20:11","slug":"hollow-block-molds","status":"publish","type":"product","link":"https:\/\/www.sotopmachine.com\/fr\/product\/hollow-block-molds\/","title":{"rendered":"Moules pour blocs creux"},"content":{"rendered":"<p>Les moules \u00e0 blocs creux SOTOP sont polyvalents et s'adaptent \u00e0 diverses mati\u00e8res premi\u00e8res, notamment la terre, le gravier, le ciment, les agr\u00e9gats et les d\u00e9chets industriels. Ils permettent de produire des blocs \u00e9cologiques et tr\u00e8s r\u00e9sistants pour la construction et l'am\u00e9nagement paysager, et ce, gr\u00e2ce \u00e0 un fabricant de moules \u00e0 blocs creux de premier plan.<\/p>\n\n\n\n<p><strong>Sp\u00e9cifications techniques<\/strong>:<\/p>\n\n\n\n<ul class=\"wp-block-list\">\n<li>Options de mat\u00e9riaux : Acier alli\u00e9 de haute qualit\u00e9 r\u00e9sistant \u00e0 l'usure, plastique ABS technique \u00e0 base de ciment, ou hybrides personnalisables.<\/li>\n\n\n\n<li>Duret\u00e9 : 62-68HRC (c\u00e9mentation pour une durabilit\u00e9 extr\u00eame).<\/li>\n\n\n\n<li>D\u00e9gagement du sabot d'inviolabilit\u00e9 : 0,5-0,8 mm (r\u00e9glable pour un compactage optimal).<\/li>\n\n\n\n<li>Dimensions du moule : Personnalisables (par exemple, tailles standard : 390x190x190 mm pour les briques creuses, 240x160x60 mm pour les pav\u00e9s ; longueur de 120 \u00e0 400 mm, \u00e9paisseur de 3 \u00e0 8 mm).<\/li>\n\n\n\n<li>Plaque de maintien de l'\u00e2me : Viss\u00e9e et interchangeable pour un remplacement rapide.<\/li>\n\n\n\n<li>Sabot d'inviolabilit\u00e9 : Changeable, avec des rev\u00eatements anti-usure en option.<\/li>\n\n\n\n<li>Conception de la feuille de dessin : En option, pour une meilleure lib\u00e9ration des blocs et une r\u00e9duction des d\u00e9fauts.<\/li>\n\n\n\n<li>Compatibilit\u00e9 : Convient aux machines \u00e0 briques manuelles, semi-automatiques ou enti\u00e8rement automatiques ; s'int\u00e8gre aux syst\u00e8mes de vibration \u00e0 haute fr\u00e9quence.<\/li>\n\n\n\n<li>Poids : Varie en fonction de la taille (par exemple, 11,8-15 kg pour les mod\u00e8les standard).<\/li>\n\n\n\n<li>Dur\u00e9e de vie : Jusqu'\u00e0 150 000 cycles avec un entretien ad\u00e9quat.<\/li>\n\n\n\n<li>Traitement de surface : Rev\u00eatement anticorrosion, polissage de pr\u00e9cision pour des finitions impeccables.<\/li>\n<\/ul>\n\n\n\n<p><strong>Sp\u00e9cifications de sortie :<\/strong><\/p>\n\n\n\n<ul class=\"wp-block-list\">\n<li>Compatibilit\u00e9 de production : Permet de produire des volumes importants (par exemple, 10 000-14 000 pi\u00e8ces\/jour pour les briques pleines, 8 000-12 000 pi\u00e8ces\/jour pour les briques creuses lorsqu'elles sont associ\u00e9es \u00e0 des machines compatibles).<\/li>\n\n\n\n<li>Types de blocs personnalis\u00e9s : Brique standard (390x190x190mm), brique creuse (390x190x190mm), pav\u00e9 (240x160x60mm), avec des options pour la ma\u00e7onnerie cellulaire, les blocs intercalaires et les bordures de trottoir.<\/li>\n<\/ul>","protected":false},"featured_media":1823,"parent":0,"template":"","meta":{"_acf_changed":true,"site-sidebar-layout":"default","site-content-layout":"","ast-site-content-layout":"default","site-content-style":"default","site-sidebar-style":"default","ast-global-header-display":"","ast-banner-title-visibility":"","ast-main-header-display":"","ast-hfb-above-header-display":"","ast-hfb-below-header-display":"","ast-hfb-mobile-header-display":"","site-post-title":"","ast-breadcrumbs-content":"","ast-featured-img":"","footer-sml-layout":"","theme-transparent-header-meta":"","adv-header-id-meta":"","stick-header-meta":"","header-above-stick-meta":"","header-main-stick-meta":"","header-below-stick-meta":"","astra-migrate-meta-layouts":"set","ast-page-background-enabled":"default","ast-page-background-meta":{"desktop":{"background-color":"var(--ast-global-color-4)","background-image":"","background-repeat":"repeat","background-position":"center center","background-size":"auto","background-attachment":"scroll","background-type":"","background-media":"","overlay-type":"","overlay-color":"","overlay-opacity":"","overlay-gradient":""},"tablet":{"background-color":"","background-image":"","background-repeat":"repeat","background-position":"center center","background-size":"auto","background-attachment":"scroll","background-type":"","background-media":"","overlay-type":"","overlay-color":"","overlay-opacity":"","overlay-gradient":""},"mobile":{"background-color":"","background-image":"","background-repeat":"repeat","background-position":"center center","background-size":"auto","background-attachment":"scroll","background-type":"","background-media":"","overlay-type":"","overlay-color":"","overlay-opacity":"","overlay-gradient":""}},"ast-content-background-meta":{"desktop":{"background-color":"var(--ast-global-color-5)","background-image":"","background-repeat":"repeat","background-position":"center center","background-size":"auto","background-attachment":"scroll","background-type":"","background-media":"","overlay-type":"","overlay-color":"","overlay-opacity":"","overlay-gradient":""},"tablet":{"background-color":"var(--ast-global-color-5)","background-image":"","background-repeat":"repeat","background-position":"center center","background-size":"auto","background-attachment":"scroll","background-type":"","background-media":"","overlay-type":"","overlay-color":"","overlay-opacity":"","overlay-gradient":""},"mobile":{"background-color":"var(--ast-global-color-5)","background-image":"","background-repeat":"repeat","background-position":"center center","background-size":"auto","background-attachment":"scroll","background-type":"","background-media":"","overlay-type":"","overlay-color":"","overlay-opacity":"","overlay-gradient":""}}},"product-categores":[79],"class_list":["post-2320","product","type-product","status-publish","has-post-thumbnail","hentry","product-categores-brick-machine-molds"],"acf":[],"_links":{"self":[{"href":"https:\/\/www.sotopmachine.com\/fr\/wp-json\/wp\/v2\/product\/2320","targetHints":{"allow":["GET"]}}],"collection":[{"href":"https:\/\/www.sotopmachine.com\/fr\/wp-json\/wp\/v2\/product"}],"about":[{"href":"https:\/\/www.sotopmachine.com\/fr\/wp-json\/wp\/v2\/types\/product"}],"wp:featuredmedia":[{"embeddable":true,"href":"https:\/\/www.sotopmachine.com\/fr\/wp-json\/wp\/v2\/media\/1823"}],"wp:attachment":[{"href":"https:\/\/www.sotopmachine.com\/fr\/wp-json\/wp\/v2\/media?parent=2320"}],"wp:term":[{"taxonomy":"product-categores","embeddable":true,"href":"https:\/\/www.sotopmachine.com\/fr\/wp-json\/wp\/v2\/product-categores?post=2320"}],"curies":[{"name":"wp","href":"https:\/\/api.w.org\/{rel}","templated":true}]}}