{"id":2321,"date":"2025-09-01T15:46:47","date_gmt":"2025-09-01T15:46:47","guid":{"rendered":"https:\/\/www.sotopmachine.com\/?post_type=product&#038;p=2321"},"modified":"2025-09-01T15:58:10","modified_gmt":"2025-09-01T15:58:10","slug":"solid-block-molds","status":"publish","type":"product","link":"https:\/\/www.sotopmachine.com\/fr\/product\/solid-block-molds\/","title":{"rendered":"Moules \u00e0 blocs solides"},"content":{"rendered":"<p><mark style=\"background-color:rgba(0, 0, 0, 0)\" class=\"has-inline-color has-ast-global-color-2-color\">Les moules \u00e0 blocs massifs SOTOP sont polyvalents pour les mati\u00e8res premi\u00e8res telles que la terre, le gravier, le ciment, les agr\u00e9gats et les d\u00e9chets industriels, produisant des blocs \u00e9cologiques de haute densit\u00e9 pour l'int\u00e9grit\u00e9 structurelle, le tout provenant d'un fabricant de moules \u00e0 blocs massifs de premier plan.<\/mark><\/p>\n\n\n\n<ul class=\"wp-block-list\">\n<li class=\"has-ast-global-color-2-color has-text-color has-link-color wp-elements-ced1698d37bf91ff0f3ecfbcaff25314\">Options de mat\u00e9riaux : Acier alli\u00e9 \u00e0 haute r\u00e9sistance (Q235\/Q345), acier au carbone ou plastique ABS technique avec composites renforc\u00e9s pour les variantes l\u00e9g\u00e8res.<\/li>\n\n\n\n<li class=\"has-ast-global-color-2-color has-text-color has-link-color wp-elements-b716dd8aeab9c464bec9229566207d37\">Duret\u00e9 : 62-68HRC (post-carburation et trempe), avec en option un traitement au nitrure pour une meilleure protection de la surface.<\/li>\n\n\n\n<li class=\"has-ast-global-color-2-color has-text-color has-link-color wp-elements-48a7de68b0a5cffe49ddcc66353ec71a\">D\u00e9gagement du sabot d'inviolabilit\u00e9 : 0,5-0,8 mm (r\u00e9glable par des vis de pr\u00e9cision).<\/li>\n\n\n\n<li class=\"has-ast-global-color-2-color has-text-color has-link-color wp-elements-317183fc7e678753078a92eaeacf87ae\">Dimensions du moule : Personnalisables (gammes standard : longueur 200-400 mm, largeur 100-200 mm, hauteur 60-200 mm ; par exemple, 240x115x53 mm pour les briques pleines).<\/li>\n\n\n\n<li class=\"has-ast-global-color-2-color has-text-color has-link-color wp-elements-40def3b2b24248053e3727c1afccf5da\">Plaque de maintien : Viss\u00e9e, interchangeable, d'une \u00e9paisseur de 3 \u00e0 8 mm pour le soutien structurel.<\/li>\n\n\n\n<li class=\"has-ast-global-color-2-color has-text-color has-link-color wp-elements-eb83cea214779c935c796264c8548e00\">Sabot d'inviolabilit\u00e9 : Interchangeable, avec en option des rev\u00eatements r\u00e9sistants \u00e0 l'usure (par exemple, des inserts en carbure ou en c\u00e9ramique).<\/li>\n\n\n\n<li class=\"has-ast-global-color-2-color has-text-color has-link-color wp-elements-b94cab5dd5e50c1273b1816e9d91d4b0\">Conception de la feuille de dessin : En option, avec d\u00e9clenchement hydraulique ou manuel pour un d\u00e9moulage sans d\u00e9faut.<\/li>\n\n\n\n<li class=\"has-ast-global-color-2-color has-text-color has-link-color wp-elements-37e9145d6ece0cad27a6f55f209a04f1\">Compatibilit\u00e9 : Convient aux syst\u00e8mes \u00e0 haute pression (25-50 MPa), aux types de vibrations \u00e9lectromagn\u00e9tiques ou de table, et aux tailles de palettes allant jusqu'\u00e0 1000x700 mm.<\/li>\n\n\n\n<li class=\"has-ast-global-color-2-color has-text-color has-link-color wp-elements-7076a20133518a164ab67ab4ef24caaf\">Poids : 10-15 kg (en fonction de la taille et du mat\u00e9riau ; par exemple, 11,8 kg pour les mod\u00e8les standard en acier alli\u00e9).<\/li>\n\n\n\n<li class=\"has-ast-global-color-2-color has-text-color has-link-color wp-elements-69461e2d84eeeca605b1c1fe2f7ca7b9\">Dur\u00e9e de vie : 150 000-200 000 cycles dans des conditions normales d'utilisation, avec des kits d'entretien disponibles.<\/li>\n\n\n\n<li class=\"has-ast-global-color-2-color has-text-color has-link-color wp-elements-1eaff4c17510c2b137578fc829f2680a\">Traitement de surface : Rev\u00eatement \u00e9poxy anticorrosion, polissage de pr\u00e9cision (Ra &lt; 0,8\u03bcm), et galvanisation en option pour les environnements difficiles.<\/li>\n\n\n\n<li class=\"has-ast-global-color-2-color has-text-color has-link-color wp-elements-de59881d62dd32ba2eb761d6ad88445b\">Temp\u00e9rature de fonctionnement : -20\u00b0C \u00e0 80\u00b0C, r\u00e9sistant \u00e0 la dilatation thermique.<\/li>\n<\/ul>\n\n\n\n<p><mark style=\"background-color:rgba(0, 0, 0, 0)\" class=\"has-inline-color has-ast-global-color-2-color\"><strong>Sp\u00e9cifications de sortie<\/strong>:<\/mark><\/p>\n\n\n\n<ul class=\"wp-block-list\">\n<li class=\"has-ast-global-color-2-color has-text-color has-link-color wp-elements-d39785f64ec3e0f93b7bb48653e18221\">Compatibilit\u00e9 de production : Permet de produire des volumes importants (par exemple, 10 000 \u00e0 14 000 pi\u00e8ces par jour pour les briques pleines lorsqu'elles sont associ\u00e9es \u00e0 des machines compatibles).<\/li>\n\n\n\n<li class=\"has-ast-global-color-2-color has-text-color has-link-color wp-elements-f5ad6d84913d52e0cd9d422e50468fd4\">Types de blocs personnalis\u00e9s : Brique pleine (240x115x53mm), bloc standard (390x190x190mm), pav\u00e9 (240x160x60mm), avec des options pour les variantes cellulaires, enchev\u00eatr\u00e9es et en bordure de trottoir.<\/li>\n<\/ul>","protected":false},"featured_media":1869,"parent":0,"template":"","meta":{"_acf_changed":true,"site-sidebar-layout":"default","site-content-layout":"","ast-site-content-layout":"default","site-content-style":"default","site-sidebar-style":"default","ast-global-header-display":"","ast-banner-title-visibility":"","ast-main-header-display":"","ast-hfb-above-header-display":"","ast-hfb-below-header-display":"","ast-hfb-mobile-header-display":"","site-post-title":"","ast-breadcrumbs-content":"","ast-featured-img":"","footer-sml-layout":"","theme-transparent-header-meta":"","adv-header-id-meta":"","stick-header-meta":"","header-above-stick-meta":"","header-main-stick-meta":"","header-below-stick-meta":"","astra-migrate-meta-layouts":"set","ast-page-background-enabled":"default","ast-page-background-meta":{"desktop":{"background-color":"var(--ast-global-color-4)","background-image":"","background-repeat":"repeat","background-position":"center center","background-size":"auto","background-attachment":"scroll","background-type":"","background-media":"","overlay-type":"","overlay-color":"","overlay-opacity":"","overlay-gradient":""},"tablet":{"background-color":"","background-image":"","background-repeat":"repeat","background-position":"center center","background-size":"auto","background-attachment":"scroll","background-type":"","background-media":"","overlay-type":"","overlay-color":"","overlay-opacity":"","overlay-gradient":""},"mobile":{"background-color":"","background-image":"","background-repeat":"repeat","background-position":"center center","background-size":"auto","background-attachment":"scroll","background-type":"","background-media":"","overlay-type":"","overlay-color":"","overlay-opacity":"","overlay-gradient":""}},"ast-content-background-meta":{"desktop":{"background-color":"var(--ast-global-color-5)","background-image":"","background-repeat":"repeat","background-position":"center center","background-size":"auto","background-attachment":"scroll","background-type":"","background-media":"","overlay-type":"","overlay-color":"","overlay-opacity":"","overlay-gradient":""},"tablet":{"background-color":"var(--ast-global-color-5)","background-image":"","background-repeat":"repeat","background-position":"center center","background-size":"auto","background-attachment":"scroll","background-type":"","background-media":"","overlay-type":"","overlay-color":"","overlay-opacity":"","overlay-gradient":""},"mobile":{"background-color":"var(--ast-global-color-5)","background-image":"","background-repeat":"repeat","background-position":"center center","background-size":"auto","background-attachment":"scroll","background-type":"","background-media":"","overlay-type":"","overlay-color":"","overlay-opacity":"","overlay-gradient":""}}},"product-categores":[79],"class_list":["post-2321","product","type-product","status-publish","has-post-thumbnail","hentry","product-categores-brick-machine-molds"],"acf":[],"_links":{"self":[{"href":"https:\/\/www.sotopmachine.com\/fr\/wp-json\/wp\/v2\/product\/2321","targetHints":{"allow":["GET"]}}],"collection":[{"href":"https:\/\/www.sotopmachine.com\/fr\/wp-json\/wp\/v2\/product"}],"about":[{"href":"https:\/\/www.sotopmachine.com\/fr\/wp-json\/wp\/v2\/types\/product"}],"wp:featuredmedia":[{"embeddable":true,"href":"https:\/\/www.sotopmachine.com\/fr\/wp-json\/wp\/v2\/media\/1869"}],"wp:attachment":[{"href":"https:\/\/www.sotopmachine.com\/fr\/wp-json\/wp\/v2\/media?parent=2321"}],"wp:term":[{"taxonomy":"product-categores","embeddable":true,"href":"https:\/\/www.sotopmachine.com\/fr\/wp-json\/wp\/v2\/product-categores?post=2321"}],"curies":[{"name":"wp","href":"https:\/\/api.w.org\/{rel}","templated":true}]}}