{"id":2331,"date":"2025-09-01T16:03:25","date_gmt":"2025-09-01T16:03:25","guid":{"rendered":"https:\/\/www.sotopmachine.com\/?post_type=product&#038;p=2331"},"modified":"2025-09-01T16:03:27","modified_gmt":"2025-09-01T16:03:27","slug":"paving-brick-molds","status":"publish","type":"product","link":"https:\/\/www.sotopmachine.com\/fr\/product\/paving-brick-molds\/","title":{"rendered":"Moules pour pav\u00e9s"},"content":{"rendered":"<p class=\"has-ast-global-color-2-color has-text-color has-link-color wp-elements-fb8f9efbb8e0ce09e23a094f918ea23a\"><strong>Sp\u00e9cifications techniques<\/strong>:<\/p>\n\n\n\n<ul class=\"wp-block-list\">\n<li class=\"has-ast-global-color-2-color has-text-color has-link-color wp-elements-565d3f61ec1b2b89e18148863d7a760c\">Options de mat\u00e9riaux : Acier alli\u00e9 \u00e0 haute r\u00e9sistance (Q235\/Q345), plastique technique ABS avec stabilisation aux UV, ou composites hybrides pour des climats sp\u00e9cifiques.<\/li>\n\n\n\n<li class=\"has-ast-global-color-2-color has-text-color has-link-color wp-elements-638345ef3f4a4fe02bef1a4b207c5cf5\">Duret\u00e9 : 62-68HRC (post-carburation et trempe), avec option nitrure ou chromage pour une protection accrue.<\/li>\n\n\n\n<li class=\"has-ast-global-color-2-color has-text-color has-link-color wp-elements-3ac2924093eff831a2de5b6e32c07eed\">D\u00e9gagement du sabot d'inviolabilit\u00e9 : 0,5-0,8 mm (r\u00e9glable avec pr\u00e9cision).<\/li>\n\n\n\n<li class=\"has-ast-global-color-2-color has-text-color has-link-color wp-elements-64f6ad4b563f092a6454080f3145fce8\">Dimensions du moule : Personnalisables (tailles standard : 200x100x60mm, 240x160x60mm, 300x300x80mm ; longueur 200-400mm, \u00e9paisseur 3-8mm).<\/li>\n\n\n\n<li class=\"has-ast-global-color-2-color has-text-color has-link-color wp-elements-12c46255a0f3d318f7834664b21d476d\">Plaque de maintien : Viss\u00e9e, interchangeable, avec des \u00e9paisseurs de 3 \u00e0 10 mm pour le soutien structurel.<\/li>\n\n\n\n<li class=\"has-ast-global-color-2-color has-text-color has-link-color wp-elements-0a21e022b19b11385617bb6ce065e588\">Patin d'inviolabilit\u00e9 : Interchangeable, avec des inserts en carbure ou en c\u00e9ramique pour la r\u00e9sistance \u00e0 l'usure.<\/li>\n\n\n\n<li class=\"has-ast-global-color-2-color has-text-color has-link-color wp-elements-de01d2d4d21e15db45b2d6efb69014a8\">Conception de la feuille de dessin : En option, avec d\u00e9clenchement hydraulique ou manuel pour un d\u00e9moulage en douceur.<\/li>\n\n\n\n<li class=\"has-ast-global-color-2-color has-text-color has-link-color wp-elements-56e0a77e055c43c2454eb4d3fc5a7ff1\">Compatibilit\u00e9 : Supporte les syst\u00e8mes \u00e0 haute pression (25-50 MPa), les vibrations \u00e9lectromagn\u00e9tiques ou de table, et les tailles de palettes jusqu'\u00e0 1100x800mm.<\/li>\n\n\n\n<li class=\"has-ast-global-color-2-color has-text-color has-link-color wp-elements-ccb2802418ca4cbd02c0d2ad0ad66921\">Poids : 10-18 kg (en fonction de la taille et du mat\u00e9riau ; par exemple, 12,5 kg pour les mod\u00e8les standard en acier alli\u00e9).<\/li>\n\n\n\n<li class=\"has-ast-global-color-2-color has-text-color has-link-color wp-elements-01c21dfd2ec42e93f845fddc05a53c2a\">Dur\u00e9e de vie : 150 000-200 000 cycles avec un entretien ad\u00e9quat, des kits d'entretien sont disponibles.<\/li>\n\n\n\n<li class=\"has-ast-global-color-2-color has-text-color has-link-color wp-elements-7516ff8adbe41583037f78454cf2e8ef\">Traitement de surface : Rev\u00eatement \u00e9poxy r\u00e9sistant aux UV, polissage de pr\u00e9cision (Ra &lt; 0,8\u03bcm), et textures antid\u00e9rapantes en option.<\/li>\n\n\n\n<li class=\"has-ast-global-color-2-color has-text-color has-link-color wp-elements-18b2e42a777d3dac78aeb496030664c4\">Plage de temp\u00e9rature de fonctionnement : -30\u00b0C \u00e0 90\u00b0C, r\u00e9sistant \u00e0 la d\u00e9gradation thermique et aux UV.<\/li>\n<\/ul>\n\n\n\n<p><strong>Sp\u00e9cifications de sortie<\/strong>:<\/p>\n\n\n\n<ul class=\"wp-block-list has-ast-global-color-2-color has-text-color has-link-color wp-elements-185bf8b71b93a3067c5e361cf0e0f3bd\">\n<li>Compatibilit\u00e9 de production : Permet de produire des volumes importants (par exemple, 12 000 \u00e0 14 000 pi\u00e8ces par jour pour les briques de pavage lorsqu'elles sont associ\u00e9es \u00e0 des machines compatibles).<\/li>\n\n\n\n<li>Types de blocs personnalis\u00e9s : Briques de pavage (200x100x60mm, 240x160x60mm, 300x300x80mm), motifs \u00e0 embo\u00eetement (par exemple, chevrons, tresses de panier) et bordures de trottoir, avec des options de finitions textur\u00e9es ou color\u00e9es.<\/li>\n<\/ul>","protected":false},"featured_media":1872,"parent":0,"template":"","meta":{"_acf_changed":true,"site-sidebar-layout":"default","site-content-layout":"","ast-site-content-layout":"default","site-content-style":"default","site-sidebar-style":"default","ast-global-header-display":"","ast-banner-title-visibility":"","ast-main-header-display":"","ast-hfb-above-header-display":"","ast-hfb-below-header-display":"","ast-hfb-mobile-header-display":"","site-post-title":"","ast-breadcrumbs-content":"","ast-featured-img":"","footer-sml-layout":"","theme-transparent-header-meta":"","adv-header-id-meta":"","stick-header-meta":"","header-above-stick-meta":"","header-main-stick-meta":"","header-below-stick-meta":"","astra-migrate-meta-layouts":"set","ast-page-background-enabled":"default","ast-page-background-meta":{"desktop":{"background-color":"var(--ast-global-color-4)","background-image":"","background-repeat":"repeat","background-position":"center center","background-size":"auto","background-attachment":"scroll","background-type":"","background-media":"","overlay-type":"","overlay-color":"","overlay-opacity":"","overlay-gradient":""},"tablet":{"background-color":"","background-image":"","background-repeat":"repeat","background-position":"center center","background-size":"auto","background-attachment":"scroll","background-type":"","background-media":"","overlay-type":"","overlay-color":"","overlay-opacity":"","overlay-gradient":""},"mobile":{"background-color":"","background-image":"","background-repeat":"repeat","background-position":"center center","background-size":"auto","background-attachment":"scroll","background-type":"","background-media":"","overlay-type":"","overlay-color":"","overlay-opacity":"","overlay-gradient":""}},"ast-content-background-meta":{"desktop":{"background-color":"var(--ast-global-color-5)","background-image":"","background-repeat":"repeat","background-position":"center center","background-size":"auto","background-attachment":"scroll","background-type":"","background-media":"","overlay-type":"","overlay-color":"","overlay-opacity":"","overlay-gradient":""},"tablet":{"background-color":"var(--ast-global-color-5)","background-image":"","background-repeat":"repeat","background-position":"center center","background-size":"auto","background-attachment":"scroll","background-type":"","background-media":"","overlay-type":"","overlay-color":"","overlay-opacity":"","overlay-gradient":""},"mobile":{"background-color":"var(--ast-global-color-5)","background-image":"","background-repeat":"repeat","background-position":"center center","background-size":"auto","background-attachment":"scroll","background-type":"","background-media":"","overlay-type":"","overlay-color":"","overlay-opacity":"","overlay-gradient":""}}},"product-categores":[79],"class_list":["post-2331","product","type-product","status-publish","has-post-thumbnail","hentry","product-categores-brick-machine-molds"],"acf":[],"_links":{"self":[{"href":"https:\/\/www.sotopmachine.com\/fr\/wp-json\/wp\/v2\/product\/2331","targetHints":{"allow":["GET"]}}],"collection":[{"href":"https:\/\/www.sotopmachine.com\/fr\/wp-json\/wp\/v2\/product"}],"about":[{"href":"https:\/\/www.sotopmachine.com\/fr\/wp-json\/wp\/v2\/types\/product"}],"wp:featuredmedia":[{"embeddable":true,"href":"https:\/\/www.sotopmachine.com\/fr\/wp-json\/wp\/v2\/media\/1872"}],"wp:attachment":[{"href":"https:\/\/www.sotopmachine.com\/fr\/wp-json\/wp\/v2\/media?parent=2331"}],"wp:term":[{"taxonomy":"product-categores","embeddable":true,"href":"https:\/\/www.sotopmachine.com\/fr\/wp-json\/wp\/v2\/product-categores?post=2331"}],"curies":[{"name":"wp","href":"https:\/\/api.w.org\/{rel}","templated":true}]}}