{"id":2357,"date":"2025-11-19T15:58:44","date_gmt":"2025-11-19T15:58:44","guid":{"rendered":"https:\/\/www.sotopmachine.com\/?post_type=product&#038;p=2357"},"modified":"2025-11-19T15:58:45","modified_gmt":"2025-11-19T15:58:45","slug":"interlocking-brick-molds","status":"publish","type":"product","link":"https:\/\/www.sotopmachine.com\/fr\/product\/interlocking-brick-molds\/","title":{"rendered":"Moules \u00e0 briques embo\u00eetables"},"content":{"rendered":"<p><strong>Sp\u00e9cifications techniques<\/strong>:<\/p>\n\n\n\n<ul class=\"wp-block-list\">\n<li>Options de mat\u00e9riaux : Acier alli\u00e9 \u00e0 haute r\u00e9sistance (Q235\/Q345), plastique polypropyl\u00e8ne (PP) ou plastique technique ABS stabilis\u00e9 aux UV pour les variantes l\u00e9g\u00e8res.<\/li>\n\n\n\n<li>Duret\u00e9 : 62-68HRC (post-carburation et trempe), avec en option un traitement au nitrure pour une meilleure protection contre l'usure.<\/li>\n\n\n\n<li>D\u00e9gagement du sabot d'inviolabilit\u00e9 : 0,5-0,8 mm (r\u00e9glable pour un compactage pr\u00e9cis).<\/li>\n\n\n\n<li>Dimensions du moule : Personnalisables (dimensions standard : 400x200x200mm pour les briques creuses \u00e0 embo\u00eetement, 240x160x60mm pour les briques de pavage ; longueur 200-400mm, \u00e9paisseur 3-8mm).<\/li>\n\n\n\n<li>Plaque de maintien : Viss\u00e9e, interchangeable, avec des \u00e9paisseurs de 3 \u00e0 10 mm et des renforts d'angle en forme de I pour un embo\u00eetement en cha\u00eene.<\/li>\n\n\n\n<li>Sabot d'inviolabilit\u00e9 : Interchangeable, avec en option des inserts en carbure ou des bords chanfrein\u00e9s (2 cm) pour \u00e9viter les dommages.<\/li>\n\n\n\n<li>Conception de la feuille de dessin : En option, avec d\u00e9clenchement hydraulique ou manuel pour un d\u00e9moulage en douceur.<\/li>\n\n\n\n<li>Compatibilit\u00e9 : Supporte les syst\u00e8mes \u00e0 haute pression (25-50 MPa), les vibrations \u00e9lectromagn\u00e9tiques ou de table, et les tailles de palettes jusqu'\u00e0 1100x800mm.<\/li>\n\n\n\n<li>Poids : 10-20 kg (en fonction de la taille et du mat\u00e9riau ; par exemple, 12 kg pour les mod\u00e8les en plastique PP).<\/li>\n\n\n\n<li>Dur\u00e9e de vie : 150 000-200 000 cycles (jusqu'\u00e0 plus de 50 r\u00e9utilisations pour les variantes en plastique), avec des kits d'entretien disponibles.<\/li>\n\n\n\n<li>Traitement de surface : Rev\u00eatement \u00e9poxy r\u00e9sistant aux UV, polissage de pr\u00e9cision (Ra &lt; 0,8\u03bcm), et textures antid\u00e9rapantes ou galvanisation en option.<\/li>\n\n\n\n<li>Plage de temp\u00e9rature de fonctionnement : -30\u00b0C \u00e0 90\u00b0C, avec une r\u00e9sistance aux UV pour une durabilit\u00e9 en ext\u00e9rieur.<\/li>\n<\/ul>\n\n\n\n<p><strong>Sp\u00e9cifications de sortie<\/strong>:<\/p>\n\n\n\n<ul class=\"wp-block-list\">\n<li>Compatibilit\u00e9 de production : Permet de produire des volumes importants (par exemple, 8 000 \u00e0 12 000 pi\u00e8ces par jour pour les briques \u00e0 embo\u00eetement lorsqu'elles sont associ\u00e9es \u00e0 des machines compatibles).<\/li>\n\n\n\n<li>Types de blocs personnalis\u00e9s : Brique creuse \u00e0 embo\u00eetement (400x200x200mm), pav\u00e9 autobloquant (240x160x60mm), bloc de type Lego (avec des goujons pour l'empilage), et blocs de bordure, avec des options de finitions textur\u00e9es ou color\u00e9es.<\/li>\n<\/ul>\n\n\n\n<p><\/p>","protected":false},"featured_media":1875,"parent":0,"template":"","meta":{"_acf_changed":true,"site-sidebar-layout":"default","site-content-layout":"","ast-site-content-layout":"default","site-content-style":"default","site-sidebar-style":"default","ast-global-header-display":"","ast-banner-title-visibility":"","ast-main-header-display":"","ast-hfb-above-header-display":"","ast-hfb-below-header-display":"","ast-hfb-mobile-header-display":"","site-post-title":"","ast-breadcrumbs-content":"","ast-featured-img":"","footer-sml-layout":"","theme-transparent-header-meta":"","adv-header-id-meta":"","stick-header-meta":"","header-above-stick-meta":"","header-main-stick-meta":"","header-below-stick-meta":"","astra-migrate-meta-layouts":"set","ast-page-background-enabled":"default","ast-page-background-meta":{"desktop":{"background-color":"var(--ast-global-color-4)","background-image":"","background-repeat":"repeat","background-position":"center center","background-size":"auto","background-attachment":"scroll","background-type":"","background-media":"","overlay-type":"","overlay-color":"","overlay-opacity":"","overlay-gradient":""},"tablet":{"background-color":"","background-image":"","background-repeat":"repeat","background-position":"center center","background-size":"auto","background-attachment":"scroll","background-type":"","background-media":"","overlay-type":"","overlay-color":"","overlay-opacity":"","overlay-gradient":""},"mobile":{"background-color":"","background-image":"","background-repeat":"repeat","background-position":"center center","background-size":"auto","background-attachment":"scroll","background-type":"","background-media":"","overlay-type":"","overlay-color":"","overlay-opacity":"","overlay-gradient":""}},"ast-content-background-meta":{"desktop":{"background-color":"var(--ast-global-color-5)","background-image":"","background-repeat":"repeat","background-position":"center center","background-size":"auto","background-attachment":"scroll","background-type":"","background-media":"","overlay-type":"","overlay-color":"","overlay-opacity":"","overlay-gradient":""},"tablet":{"background-color":"var(--ast-global-color-5)","background-image":"","background-repeat":"repeat","background-position":"center center","background-size":"auto","background-attachment":"scroll","background-type":"","background-media":"","overlay-type":"","overlay-color":"","overlay-opacity":"","overlay-gradient":""},"mobile":{"background-color":"var(--ast-global-color-5)","background-image":"","background-repeat":"repeat","background-position":"center center","background-size":"auto","background-attachment":"scroll","background-type":"","background-media":"","overlay-type":"","overlay-color":"","overlay-opacity":"","overlay-gradient":""}}},"product-categores":[79],"class_list":["post-2357","product","type-product","status-publish","has-post-thumbnail","hentry","product-categores-brick-machine-molds"],"acf":[],"_links":{"self":[{"href":"https:\/\/www.sotopmachine.com\/fr\/wp-json\/wp\/v2\/product\/2357","targetHints":{"allow":["GET"]}}],"collection":[{"href":"https:\/\/www.sotopmachine.com\/fr\/wp-json\/wp\/v2\/product"}],"about":[{"href":"https:\/\/www.sotopmachine.com\/fr\/wp-json\/wp\/v2\/types\/product"}],"wp:featuredmedia":[{"embeddable":true,"href":"https:\/\/www.sotopmachine.com\/fr\/wp-json\/wp\/v2\/media\/1875"}],"wp:attachment":[{"href":"https:\/\/www.sotopmachine.com\/fr\/wp-json\/wp\/v2\/media?parent=2357"}],"wp:term":[{"taxonomy":"product-categores","embeddable":true,"href":"https:\/\/www.sotopmachine.com\/fr\/wp-json\/wp\/v2\/product-categores?post=2357"}],"curies":[{"name":"wp","href":"https:\/\/api.w.org\/{rel}","templated":true}]}}