{"id":2359,"date":"2025-11-19T16:15:39","date_gmt":"2025-11-19T16:15:39","guid":{"rendered":"https:\/\/www.sotopmachine.com\/?post_type=product&#038;p=2359"},"modified":"2025-12-03T02:53:30","modified_gmt":"2025-12-03T02:53:30","slug":"retaining-wall-brick-molds","status":"publish","type":"product","link":"https:\/\/www.sotopmachine.com\/id\/product\/retaining-wall-brick-molds\/","title":{"rendered":"Cetakan Bata Tembok Penahan"},"content":{"rendered":"<ul class=\"wp-block-list\">\n<li>Pilihan Bahan: Baja paduan berkekuatan tinggi (Q345B \/ 42CrMo), plastik PP tahan benturan, atau baja hybrid + insersi karbida.<\/li>\n\n\n\n<li>Peringkat Keras: Inti 62\u201368 HRC (lapisan karburisasi \u22651,5 mm), perlakuan nitrida opsional hingga 70 HRC<\/li>\n\n\n\n<li>Jarak Bebas Sepatu Pengatur: 0,5\u20130,8 mm (mm), dapat disesuaikan dengan presisi<\/li>\n\n\n\n<li>Dimensi Cetakan: Dapat disesuaikan (rentang standar: 400\u00d7300\u00d7200 mm, 500\u00d7300\u00d7200 mm, 600\u00d7400\u00d7200 mm; ketebalan 5\u201312 mm)<\/li>\n\n\n\n<li>Sistem Interlocking: Desain lidah dan alur, sambungan burung, atau lubang pin yang terintegrasi untuk penguncian vertikal dan horizontal yang sempurna.<\/li>\n\n\n\n<li>Plat Web Penahan: Berulir dan dapat diganti, diperkuat dengan ketebalan 8\u201312 mm<\/li>\n\n\n\n<li>Sepatu Tamper: Dapat diganti, lapisan karbida atau keramik opsional, perlindungan tepi berlekuk 2 cm.<\/li>\n\n\n\n<li>Desain Lembar Gambar: Pelepasan hidraulik\/manual standar untuk sudut nol draft untuk memudahkan pelepasan cetakan.<\/li>\n\n\n\n<li>Kompatibilitas: Mendukung tekanan pembentukan 30\u201360 MPa, getaran frekuensi tinggi, ukuran palet hingga 1200\u00d7900 mm<\/li>\n\n\n\n<li>Berat: 15\u201325 kg per cetakan (baja), 8\u201312 kg (versi plastik PP)<\/li>\n\n\n\n<li>Umur pakai: 180.000\u2013250.000 siklus (baja), 80.000+ siklus (PP)<\/li>\n\n\n\n<li>Perawatan Permukaan: Epoxy anti-korosi + PVD krom opsional, pengamplasan dengan Ra \u2264 0,6 \u03bcm.<\/li>\n\n\n\n<li>Ketahanan Suhu: \u201340 \u00b0C hingga +100 \u00b0C (cocok untuk iklim ekstrem)<\/li>\n<\/ul>\n\n\n\n<p><strong>Spesifikasi Output<\/strong><\/p>\n\n\n\n<ul class=\"wp-block-list\">\n<li>Kapasitas Harian (dibandingkan dengan mesin yang sesuai): 6.000\u201310.000 buah\/hari (blok dinding penahan standar berukuran 400\u00d7300\u00d7200 mm)<\/li>\n\n\n\n<li>Jenis Blok Umum: Bentuk L, Bentuk T, trapezoidal, melengkung, blok penanam, batu penutup, blok sudut<\/li>\n<\/ul>","protected":false},"featured_media":2530,"parent":0,"template":"","meta":{"_acf_changed":true,"site-sidebar-layout":"default","site-content-layout":"","ast-site-content-layout":"default","site-content-style":"default","site-sidebar-style":"default","ast-global-header-display":"","ast-banner-title-visibility":"","ast-main-header-display":"","ast-hfb-above-header-display":"","ast-hfb-below-header-display":"","ast-hfb-mobile-header-display":"","site-post-title":"","ast-breadcrumbs-content":"","ast-featured-img":"","footer-sml-layout":"","theme-transparent-header-meta":"","adv-header-id-meta":"","stick-header-meta":"","header-above-stick-meta":"","header-main-stick-meta":"","header-below-stick-meta":"","astra-migrate-meta-layouts":"set","ast-page-background-enabled":"default","ast-page-background-meta":{"desktop":{"background-color":"var(--ast-global-color-4)","background-image":"","background-repeat":"repeat","background-position":"center center","background-size":"auto","background-attachment":"scroll","background-type":"","background-media":"","overlay-type":"","overlay-color":"","overlay-opacity":"","overlay-gradient":""},"tablet":{"background-color":"","background-image":"","background-repeat":"repeat","background-position":"center center","background-size":"auto","background-attachment":"scroll","background-type":"","background-media":"","overlay-type":"","overlay-color":"","overlay-opacity":"","overlay-gradient":""},"mobile":{"background-color":"","background-image":"","background-repeat":"repeat","background-position":"center center","background-size":"auto","background-attachment":"scroll","background-type":"","background-media":"","overlay-type":"","overlay-color":"","overlay-opacity":"","overlay-gradient":""}},"ast-content-background-meta":{"desktop":{"background-color":"var(--ast-global-color-5)","background-image":"","background-repeat":"repeat","background-position":"center center","background-size":"auto","background-attachment":"scroll","background-type":"","background-media":"","overlay-type":"","overlay-color":"","overlay-opacity":"","overlay-gradient":""},"tablet":{"background-color":"var(--ast-global-color-5)","background-image":"","background-repeat":"repeat","background-position":"center center","background-size":"auto","background-attachment":"scroll","background-type":"","background-media":"","overlay-type":"","overlay-color":"","overlay-opacity":"","overlay-gradient":""},"mobile":{"background-color":"var(--ast-global-color-5)","background-image":"","background-repeat":"repeat","background-position":"center center","background-size":"auto","background-attachment":"scroll","background-type":"","background-media":"","overlay-type":"","overlay-color":"","overlay-opacity":"","overlay-gradient":""}}},"product-categores":[79],"class_list":["post-2359","product","type-product","status-publish","has-post-thumbnail","hentry","product-categores-brick-machine-molds"],"acf":[],"_links":{"self":[{"href":"https:\/\/www.sotopmachine.com\/id\/wp-json\/wp\/v2\/product\/2359","targetHints":{"allow":["GET"]}}],"collection":[{"href":"https:\/\/www.sotopmachine.com\/id\/wp-json\/wp\/v2\/product"}],"about":[{"href":"https:\/\/www.sotopmachine.com\/id\/wp-json\/wp\/v2\/types\/product"}],"wp:featuredmedia":[{"embeddable":true,"href":"https:\/\/www.sotopmachine.com\/id\/wp-json\/wp\/v2\/media\/2530"}],"wp:attachment":[{"href":"https:\/\/www.sotopmachine.com\/id\/wp-json\/wp\/v2\/media?parent=2359"}],"wp:term":[{"taxonomy":"product-categores","embeddable":true,"href":"https:\/\/www.sotopmachine.com\/id\/wp-json\/wp\/v2\/product-categores?post=2359"}],"curies":[{"name":"wp","href":"https:\/\/api.w.org\/{rel}","templated":true}]}}