{"id":2361,"date":"2025-11-19T16:22:21","date_gmt":"2025-11-19T16:22:21","guid":{"rendered":"https:\/\/www.sotopmachine.com\/?post_type=product&#038;p=2361"},"modified":"2025-11-19T16:22:22","modified_gmt":"2025-11-19T16:22:22","slug":"curb-stone-molds","status":"publish","type":"product","link":"https:\/\/www.sotopmachine.com\/id\/product\/curb-stone-molds\/","title":{"rendered":"Cetakan Batu Trotoar"},"content":{"rendered":"<ul class=\"wp-block-list\">\n<li>Pilihan Bahan: Baja paduan 42CrMo (standar), plastik PP tahan benturan tinggi sebagai opsi untuk versi ringan.<\/li>\n\n\n\n<li>Peringkat Keras: Inti 62\u201368 HRC (kedalaman karburisasi \u22651,8 mm), lapisan krom PVD opsional hingga 72 HRC<\/li>\n\n\n\n<li>Jarak Bebas Sepatu Tamper: 0,5\u20130,8 mm, dapat disesuaikan dengan presisi<\/li>\n\n\n\n<li>Dimensi Cetakan: Sepenuhnya dapat disesuaikan (ukuran umum: 1000\u00d7300\u00d7150 mm, 1000\u00d7250\u00d7120 mm, 800\u00d7400\u00d7180 mm, tepi berlekuk, tepi drainase)<\/li>\n\n\n\n<li>Ketebalan Plat Samping: 10\u201315 mm diperkuat, sepenuhnya dipasang dengan sekrup &amp; dapat diganti<\/li>\n\n\n\n<li>Sepatu Tamper: Insert yang dapat diganti dengan lapisan karbida atau keramik, dilengkapi dengan perlindungan tepi yang dipotong miring sepanjang 2 cm.<\/li>\n\n\n\n<li>Sistem Pelepasan: Sistem hidraulik standar tanpa celah samping + pengeluaran atas untuk pelepasan cetakan yang sempurna pada setiap siklus.<\/li>\n\n\n\n<li>Kompatibilitas: Tekanan pembentukan 40\u201380 MPa, getaran frekuensi tinggi, ukuran palet hingga 1400\u00d7900 mm<\/li>\n\n\n\n<li>Berat: 28\u201345 kg (baja), 12\u201318 kg (versi plastik PP)<\/li>\n\n\n\n<li>Umur pakai: 200.000\u2013300.000 siklus (baja), 100.000+ siklus (PP)<\/li>\n\n\n\n<li>Perawatan Permukaan: Epoxy anti-korosi + lapisan krom PVD opsional, pengamplasan dengan Ra \u2264 0,6 \u03bcm.<\/li>\n\n\n\n<li>Ketahanan Suhu: \u201340 \u00b0C hingga +110 \u00b0C (cocok untuk iklim ekstrem)<\/li>\n<\/ul>\n\n\n\n<p><strong>Spesifikasi Output<\/strong><\/p>\n\n\n\n<ul class=\"wp-block-list\">\n<li>Kapasitas Harian (dengan mesin yang sesuai): 2.000\u20134.000 meter linier \/ 8 jam (standar trotoar 1 meter)<\/li>\n\n\n\n<li>Jenis Umum: Trotoar jalan, pembatas taman, trotoar drainase, trotoar berlekuk, trotoar halte bus, trotoar penghalang<\/li>\n<\/ul>","protected":false},"featured_media":1877,"parent":0,"template":"","meta":{"_acf_changed":true,"site-sidebar-layout":"default","site-content-layout":"","ast-site-content-layout":"default","site-content-style":"default","site-sidebar-style":"default","ast-global-header-display":"","ast-banner-title-visibility":"","ast-main-header-display":"","ast-hfb-above-header-display":"","ast-hfb-below-header-display":"","ast-hfb-mobile-header-display":"","site-post-title":"","ast-breadcrumbs-content":"","ast-featured-img":"","footer-sml-layout":"","theme-transparent-header-meta":"","adv-header-id-meta":"","stick-header-meta":"","header-above-stick-meta":"","header-main-stick-meta":"","header-below-stick-meta":"","astra-migrate-meta-layouts":"set","ast-page-background-enabled":"default","ast-page-background-meta":{"desktop":{"background-color":"var(--ast-global-color-4)","background-image":"","background-repeat":"repeat","background-position":"center center","background-size":"auto","background-attachment":"scroll","background-type":"","background-media":"","overlay-type":"","overlay-color":"","overlay-opacity":"","overlay-gradient":""},"tablet":{"background-color":"","background-image":"","background-repeat":"repeat","background-position":"center center","background-size":"auto","background-attachment":"scroll","background-type":"","background-media":"","overlay-type":"","overlay-color":"","overlay-opacity":"","overlay-gradient":""},"mobile":{"background-color":"","background-image":"","background-repeat":"repeat","background-position":"center center","background-size":"auto","background-attachment":"scroll","background-type":"","background-media":"","overlay-type":"","overlay-color":"","overlay-opacity":"","overlay-gradient":""}},"ast-content-background-meta":{"desktop":{"background-color":"var(--ast-global-color-5)","background-image":"","background-repeat":"repeat","background-position":"center center","background-size":"auto","background-attachment":"scroll","background-type":"","background-media":"","overlay-type":"","overlay-color":"","overlay-opacity":"","overlay-gradient":""},"tablet":{"background-color":"var(--ast-global-color-5)","background-image":"","background-repeat":"repeat","background-position":"center center","background-size":"auto","background-attachment":"scroll","background-type":"","background-media":"","overlay-type":"","overlay-color":"","overlay-opacity":"","overlay-gradient":""},"mobile":{"background-color":"var(--ast-global-color-5)","background-image":"","background-repeat":"repeat","background-position":"center center","background-size":"auto","background-attachment":"scroll","background-type":"","background-media":"","overlay-type":"","overlay-color":"","overlay-opacity":"","overlay-gradient":""}}},"product-categores":[79],"class_list":["post-2361","product","type-product","status-publish","has-post-thumbnail","hentry","product-categores-brick-machine-molds"],"acf":[],"_links":{"self":[{"href":"https:\/\/www.sotopmachine.com\/id\/wp-json\/wp\/v2\/product\/2361","targetHints":{"allow":["GET"]}}],"collection":[{"href":"https:\/\/www.sotopmachine.com\/id\/wp-json\/wp\/v2\/product"}],"about":[{"href":"https:\/\/www.sotopmachine.com\/id\/wp-json\/wp\/v2\/types\/product"}],"wp:featuredmedia":[{"embeddable":true,"href":"https:\/\/www.sotopmachine.com\/id\/wp-json\/wp\/v2\/media\/1877"}],"wp:attachment":[{"href":"https:\/\/www.sotopmachine.com\/id\/wp-json\/wp\/v2\/media?parent=2361"}],"wp:term":[{"taxonomy":"product-categores","embeddable":true,"href":"https:\/\/www.sotopmachine.com\/id\/wp-json\/wp\/v2\/product-categores?post=2361"}],"curies":[{"name":"wp","href":"https:\/\/api.w.org\/{rel}","templated":true}]}}