{"id":594,"date":"2025-06-11T06:22:02","date_gmt":"2025-06-11T06:22:02","guid":{"rendered":"https:\/\/www.sotopmachine.com\/about-us\/"},"modified":"2025-11-28T09:12:46","modified_gmt":"2025-11-28T09:12:46","slug":"about-us","status":"publish","type":"page","link":"https:\/\/www.sotopmachine.com\/pt\/about-us\/","title":{"rendered":"Sobre n\u00f3s"},"content":{"rendered":"<div data-elementor-type=\"wp-page\" data-elementor-id=\"594\" class=\"elementor elementor-594\" data-elementor-post-type=\"page\">\n\t\t\t\t<div data-particle_enable=\"false\" data-particle-mobile-disabled=\"false\" class=\"elementor-element elementor-element-071f7e0 e-flex e-con-boxed e-con e-parent\" data-id=\"071f7e0\" data-element_type=\"container\" data-e-type=\"container\" data-settings=\"{&quot;background_background&quot;:&quot;classic&quot;,&quot;ekit_has_onepagescroll_dot&quot;:&quot;yes&quot;}\">\n\t\t\t\t\t<div class=\"e-con-inner\">\n\t\t\t\t<div class=\"elementor-element elementor-element-df6742c elementor-widget elementor-widget-elementskit-heading\" data-id=\"df6742c\" data-element_type=\"widget\" data-e-type=\"widget\" data-settings=\"{&quot;ekit_we_effect_on&quot;:&quot;none&quot;}\" data-widget_type=\"elementskit-heading.default\">\n\t\t\t\t<div class=\"elementor-widget-container\">\n\t\t\t\t\t<div class=\"ekit-wid-con\" ><div class=\"ekit-heading elementskit-section-title-wraper text_left   ekit_heading_tablet-   ekit_heading_mobile-\"><h1 class=\"ekit-heading--title elementskit-section-title\">O seu Prime <span><span>Tijolos e pe\u00e7as<\/span><\/span> Fornecedor e inovador globalmente<\/h1><div class=\"ekit_heading_separetor_wraper ekit_heading_elementskit-border-divider ekit-dotted\"><div class=\"elementskit-border-divider ekit-dotted\"><\/div><\/div>\t\t\t\t<div class='ekit-heading__description'>\n\t\t\t\t\t<p>Destaca a SOTOP como l\u00edder global em m\u00e1quinas de constru\u00e7\u00e3o, abrangendo m\u00e1quinas de tijolos, moldes e pe\u00e7as de chassis.<\/p>\n<p>Mais de 20 anos de experi\u00eancia no com\u00e9rcio de m\u00e1quinas de constru\u00e7\u00e3o<\/p>\n\t\t\t\t<\/div>\n\t\t\t<\/div><\/div>\t\t\t\t<\/div>\n\t\t\t\t<\/div>\n\t\t\t\t<div class=\"elementor-element elementor-element-1674114 elementor-icon-list--layout-traditional elementor-list-item-link-full_width elementor-widget elementor-widget-icon-list\" data-id=\"1674114\" data-element_type=\"widget\" data-e-type=\"widget\" data-settings=\"{&quot;ekit_we_effect_on&quot;:&quot;none&quot;}\" data-widget_type=\"icon-list.default\">\n\t\t\t\t<div class=\"elementor-widget-container\">\n\t\t\t\t\t\t\t<ul class=\"elementor-icon-list-items\">\n\t\t\t\t\t\t\t<li class=\"elementor-icon-list-item\">\n\t\t\t\t\t\t\t\t\t\t\t<span class=\"elementor-icon-list-icon\">\n\t\t\t\t\t\t\t<i aria-hidden=\"true\" class=\"icon icon-check\"><\/i>\t\t\t\t\t\t<\/span>\n\t\t\t\t\t\t\t\t\t\t<span class=\"elementor-icon-list-text\">Mais de 200 profissionais qualificados na nossa equipa global<\/span>\n\t\t\t\t\t\t\t\t\t<\/li>\n\t\t\t\t\t\t\t\t<li class=\"elementor-icon-list-item\">\n\t\t\t\t\t\t\t\t\t\t\t<span class=\"elementor-icon-list-icon\">\n\t\t\t\t\t\t\t<i aria-hidden=\"true\" class=\"icon icon-check\"><\/i>\t\t\t\t\t\t<\/span>\n\t\t\t\t\t\t\t\t\t\t<span class=\"elementor-icon-list-text\">Tecnologia CNC avan\u00e7ada para fabrica\u00e7\u00e3o de precis\u00e3o<\/span>\n\t\t\t\t\t\t\t\t\t<\/li>\n\t\t\t\t\t\t\t\t<li class=\"elementor-icon-list-item\">\n\t\t\t\t\t\t\t\t\t\t\t<span class=\"elementor-icon-list-icon\">\n\t\t\t\t\t\t\t<i aria-hidden=\"true\" class=\"icon icon-check\"><\/i>\t\t\t\t\t\t<\/span>\n\t\t\t\t\t\t\t\t\t\t<span class=\"elementor-icon-list-text\">Atendendo clientes em mais de 40 pa\u00edses<\/span>\n\t\t\t\t\t\t\t\t\t<\/li>\n\t\t\t\t\t\t<\/ul>\n\t\t\t\t\t\t<\/div>\n\t\t\t\t<\/div>\n\t\t\t\t<div class=\"elementor-element elementor-element-6804a32 elementor-widget elementor-widget-button\" data-id=\"6804a32\" data-element_type=\"widget\" data-e-type=\"widget\" data-settings=\"{&quot;ekit_we_effect_on&quot;:&quot;none&quot;}\" data-widget_type=\"button.default\">\n\t\t\t\t<div class=\"elementor-widget-container\">\n\t\t\t\t\t\t\t\t\t<div class=\"elementor-button-wrapper\">\n\t\t\t\t\t<a class=\"elementor-button elementor-button-link elementor-size-sm\" href=\"#elementor-action%3Aaction%3Dpopup%3Aopen%26settings%3DeyJpZCI6IjE3MjQiLCJ0b2dnbGUiOmZhbHNlfQ%3D%3D\">\n\t\t\t\t\t\t<span class=\"elementor-button-content-wrapper\">\n\t\t\t\t\t\t<span class=\"elementor-button-icon\">\n\t\t\t\t<i aria-hidden=\"true\" class=\"icon icon-right-arrow\"><\/i>\t\t\t<\/span>\n\t\t\t\t\t\t\t\t\t<span class=\"elementor-button-text\">Obtenha uma cota\u00e7\u00e3o r\u00e1pida<\/span>\n\t\t\t\t\t<\/span>\n\t\t\t\t\t<\/a>\n\t\t\t\t<\/div>\n\t\t\t\t\t\t\t\t<\/div>\n\t\t\t\t<\/div>\n\t\t\t\t\t<\/div>\n\t\t\t\t<\/div>\n\t\t<div data-particle_enable=\"false\" data-particle-mobile-disabled=\"false\" class=\"elementor-element elementor-element-8bceba8 e-flex e-con-boxed e-con e-parent\" data-id=\"8bceba8\" data-element_type=\"container\" data-e-type=\"container\" data-settings=\"{&quot;background_background&quot;:&quot;classic&quot;,&quot;ekit_has_onepagescroll_dot&quot;:&quot;yes&quot;}\">\n\t\t\t\t\t<div class=\"e-con-inner\">\n\t\t\t\t<div class=\"elementor-element elementor-element-458cdae elementor-widget elementor-widget-elementskit-heading\" data-id=\"458cdae\" data-element_type=\"widget\" data-e-type=\"widget\" data-settings=\"{&quot;ekit_we_effect_on&quot;:&quot;none&quot;}\" data-widget_type=\"elementskit-heading.default\">\n\t\t\t\t<div class=\"elementor-widget-container\">\n\t\t\t\t\t<div class=\"ekit-wid-con\" ><div class=\"ekit-heading elementskit-section-title-wraper text_left   ekit_heading_tablet-   ekit_heading_mobile-\"><p class=\"ekit-heading--title elementskit-section-title\">Sobre n\u00f3s<\/p><div class=\"ekit_heading_separetor_wraper ekit_heading_elementskit-border-divider ekit-dotted\"><div class=\"elementskit-border-divider ekit-dotted\"><\/div><\/div><h3 class=\"ekit-heading--subtitle elementskit-section-subtitle\">\n\t\t\t\t\t\tSolu\u00e7\u00f5es de maquinaria SOTOP\n\t\t\t\t\t<\/h3><\/div><\/div>\t\t\t\t<\/div>\n\t\t\t\t<\/div>\n\t\t\t\t<div class=\"elementor-element elementor-element-0a03d4d elementor-widget elementor-widget-text-editor\" data-id=\"0a03d4d\" data-element_type=\"widget\" data-e-type=\"widget\" data-settings=\"{&quot;ekit_we_effect_on&quot;:&quot;none&quot;}\" data-widget_type=\"text-editor.default\">\n\t\t\t\t<div class=\"elementor-widget-container\">\n\t\t\t\t\t\t\t\t\t<p dir=\"auto\">Bem-vindo \u00e0 SOTOP Machinery, o seu parceiro global de confian\u00e7a em m\u00e1quinas de constru\u00e7\u00e3o avan\u00e7adas. Fundada em 2005 e sediada em Quanzhou, China \u2014 a capital cultural do Leste Asi\u00e1tico e um importante centro da ind\u00fastria de m\u00e1quinas para tijolos da China \u2014, a SOTOP tornou-se uma empresa comercial de primeira linha especializada em <strong>m\u00e1quinas de alta qualidade para fabrica\u00e7\u00e3o de tijolos<\/strong>\u00a0e <strong>moldes<\/strong>. Como uma empresa de alta tecnologia que integra P&amp;D, produ\u00e7\u00e3o, vendas e servi\u00e7os, operamos atrav\u00e9s da nossa subsidi\u00e1ria Quanzhou Qisheng Machinery Manufacturing Co., Ltd., uma empresa de alta tecnologia reconhecida nacionalmente e uma pequena e m\u00e9dia empresa baseada em ci\u00eancia e tecnologia de Fujian, listada na Straits Equity Trading Center (c\u00f3digo: 687416). Com quase duas d\u00e9cadas de experi\u00eancia no setor, estamos empenhados em fornecer solu\u00e7\u00f5es inovadoras, fi\u00e1veis e econ\u00f3micas a profissionais da constru\u00e7\u00e3o em todo o mundo.<\/p><p dir=\"auto\">A nossa equipa \u00e9 composta por mais de 150 engenheiros e t\u00e9cnicos qualificados, que utilizam tecnologia de ponta, como centros de usinagem CNC, sistemas de corte a laser e linhas de montagem automatizadas, para garantir precis\u00e3o e durabilidade em todos os produtos. Apoiada por parcerias estrat\u00e9gicas com universidades e institui\u00e7\u00f5es de pesquisa, a Qisheng Machinery obteve in\u00fameras patentes de inven\u00e7\u00e3o e modelos de utilidade, impulsionando a inova\u00e7\u00e3o cont\u00ednua na fabrica\u00e7\u00e3o de m\u00e1quinas para tijolos. As nossas ofertas principais incluem m\u00e1quinas de tijolos de \u00faltima gera\u00e7\u00e3o, moldes personaliz\u00e1veis e componentes robustos para chassis, projetados para atender \u00e0s diversas necessidades dos mercados globais, ao mesmo tempo em que seguem a filosofia de \u201cpioneirismo e inova\u00e7\u00e3o, integridade e ganho m\u00fatuo\u201d.\u201d<\/p><p dir=\"auto\">A SOTOP orgulhosamente atende clientes em mais de 40 pa\u00edses, com escrit\u00f3rios regionais na Indon\u00e9sia, \u00c1frica do Sul, Vietn\u00e3, Brasil e Estados Unidos. Esses centros estrategicamente localizados fornecem suporte localizado, incluindo assist\u00eancia t\u00e9cnica, orienta\u00e7\u00e3o para instala\u00e7\u00e3o e servi\u00e7o p\u00f3s-venda, garantindo opera\u00e7\u00f5es cont\u00ednuas para os nossos clientes. Como uma <strong>fabricante l\u00edder de m\u00e1quinas para tijolos<\/strong> Como fabricante e fornecedor, enfatizamos a economia de energia, a redu\u00e7\u00e3o de emiss\u00f5es, a alta efici\u00eancia e a prote\u00e7\u00e3o ambiental, alinhando-nos com os objetivos globais de sustentabilidade.<\/p><p dir=\"auto\">O nosso compromisso com a excel\u00eancia reflete-se na nossa certifica\u00e7\u00e3o ISO 9001:2015 e na ades\u00e3o \u00e0s normas internacionais de qualidade. Com uma filosofia centrada no cliente, priorizamos solu\u00e7\u00f5es personalizadas, entrega atempada e suporte cont\u00ednuo, capacitando os nossos parceiros a alcan\u00e7ar resultados excepcionais nos seus projetos. Atrav\u00e9s da experi\u00eancia da Qisheng Machinery em equipamentos de automa\u00e7\u00e3o para a produ\u00e7\u00e3o de blocos de bet\u00e3o e pavers, fornecemos produtos de suporte ideais que resolvem desafios reais na produ\u00e7\u00e3o de tijolos, maximizando o valor de cada equipamento.<\/p><p dir=\"auto\">Na SOTOP, imaginamos um futuro em que a constru\u00e7\u00e3o seja eficiente, sustent\u00e1vel e acess\u00edvel. Junte-se a n\u00f3s nesta jornada, \u00e0 medida que continuamos a inovar e expandir a nossa presen\u00e7a global, construindo parcerias duradouras com cada cliente. Quer esteja \u00e0 procura de solu\u00e7\u00f5es da Qisheng Machinery ou da oferta abrangente de m\u00e1quinas de tijolos da SOTOP, estamos aqui para apoiar o seu sucesso.<\/p>\t\t\t\t\t\t\t\t<\/div>\n\t\t\t\t<\/div>\n\t\t\t\t<div class=\"elementor-element elementor-element-cc091e6 elementor-widget elementor-widget-button\" data-id=\"cc091e6\" data-element_type=\"widget\" data-e-type=\"widget\" data-settings=\"{&quot;ekit_we_effect_on&quot;:&quot;none&quot;}\" data-widget_type=\"button.default\">\n\t\t\t\t<div class=\"elementor-widget-container\">\n\t\t\t\t\t\t\t\t\t<div class=\"elementor-button-wrapper\">\n\t\t\t\t\t<a class=\"elementor-button elementor-button-link elementor-size-sm\" href=\"#elementor-action%3Aaction%3Dpopup%3Aopen%26settings%3DeyJpZCI6IjE3MjQiLCJ0b2dnbGUiOmZhbHNlfQ%3D%3D\">\n\t\t\t\t\t\t<span class=\"elementor-button-content-wrapper\">\n\t\t\t\t\t\t<span class=\"elementor-button-icon\">\n\t\t\t\t<i aria-hidden=\"true\" class=\"icon icon-right-arrow\"><\/i>\t\t\t<\/span>\n\t\t\t\t\t\t\t\t\t<span class=\"elementor-button-text\">Obtenha uma cota\u00e7\u00e3o r\u00e1pida<\/span>\n\t\t\t\t\t<\/span>\n\t\t\t\t\t<\/a>\n\t\t\t\t<\/div>\n\t\t\t\t\t\t\t\t<\/div>\n\t\t\t\t<\/div>\n\t\t\t\t\t<\/div>\n\t\t\t\t<\/div>\n\t\t<div data-particle_enable=\"false\" data-particle-mobile-disabled=\"false\" class=\"elementor-element elementor-element-c6b81ec e-flex e-con-boxed e-con e-parent\" data-id=\"c6b81ec\" data-element_type=\"container\" data-e-type=\"container\" data-settings=\"{&quot;background_background&quot;:&quot;classic&quot;,&quot;ekit_has_onepagescroll_dot&quot;:&quot;yes&quot;}\">\n\t\t\t\t\t<div class=\"e-con-inner\">\n\t\t<div data-particle_enable=\"false\" data-particle-mobile-disabled=\"false\" class=\"elementor-element elementor-element-0ab103a e-con-full e-flex e-con e-child\" data-id=\"0ab103a\" data-element_type=\"container\" data-e-type=\"container\" data-settings=\"{&quot;ekit_has_onepagescroll_dot&quot;:&quot;yes&quot;}\">\n\t\t\t\t<div class=\"elementor-element elementor-element-07962e5 elementor-widget elementor-widget-elementskit-heading\" data-id=\"07962e5\" data-element_type=\"widget\" data-e-type=\"widget\" data-settings=\"{&quot;ekit_we_effect_on&quot;:&quot;none&quot;}\" data-widget_type=\"elementskit-heading.default\">\n\t\t\t\t<div class=\"elementor-widget-container\">\n\t\t\t\t\t<div class=\"ekit-wid-con\" ><div class=\"ekit-heading elementskit-section-title-wraper text_left   ekit_heading_tablet-   ekit_heading_mobile-\"><p class=\"ekit-heading--title elementskit-section-title\">Sobre n\u00f3s<\/p><div class=\"ekit_heading_separetor_wraper ekit_heading_elementskit-border-divider ekit-dotted\"><div class=\"elementskit-border-divider ekit-dotted\"><\/div><\/div><h3 class=\"ekit-heading--subtitle elementskit-section-subtitle\">\n\t\t\t\t\t\tEquipamento de processamento\n\t\t\t\t\t<\/h3><\/div><\/div>\t\t\t\t<\/div>\n\t\t\t\t<\/div>\n\t\t\t\t<\/div>\n\t\t<div data-particle_enable=\"false\" data-particle-mobile-disabled=\"false\" class=\"elementor-element elementor-element-55451b3 e-con-full e-flex e-con e-child\" data-id=\"55451b3\" data-element_type=\"container\" data-e-type=\"container\" data-settings=\"{&quot;ekit_has_onepagescroll_dot&quot;:&quot;yes&quot;}\">\n\t\t\t\t<div class=\"elementor-element elementor-element-54ce3d5 elementor-widget elementor-widget-image\" data-id=\"54ce3d5\" data-element_type=\"widget\" data-e-type=\"widget\" data-settings=\"{&quot;ekit_we_effect_on&quot;:&quot;none&quot;}\" data-widget_type=\"image.default\">\n\t\t\t\t<div class=\"elementor-widget-container\">\n\t\t\t\t\t\t\t\t\t\t\t\t\t\t\t<img fetchpriority=\"high\" decoding=\"async\" width=\"700\" height=\"255\" src=\"https:\/\/www.sotopmachine.com\/wp-content\/uploads\/2025\/06\/202206291546578538028.jpg\" class=\"elementor-animation-float attachment-full size-full wp-image-1396\" alt=\"\" srcset=\"https:\/\/www.sotopmachine.com\/wp-content\/uploads\/2025\/06\/202206291546578538028.jpg 700w, https:\/\/www.sotopmachine.com\/wp-content\/uploads\/2025\/06\/202206291546578538028-300x109.jpg 300w\" sizes=\"(max-width: 700px) 100vw, 700px\" \/>\t\t\t\t\t\t\t\t\t\t\t\t\t\t\t<\/div>\n\t\t\t\t<\/div>\n\t\t\t\t<\/div>\n\t\t<div data-particle_enable=\"false\" data-particle-mobile-disabled=\"false\" class=\"elementor-element elementor-element-8255d3b e-con-full e-flex e-con e-child\" data-id=\"8255d3b\" data-element_type=\"container\" data-e-type=\"container\" data-settings=\"{&quot;ekit_has_onepagescroll_dot&quot;:&quot;yes&quot;}\">\n\t\t\t\t<div class=\"elementor-element elementor-element-dda63ed elementor-widget elementor-widget-image\" data-id=\"dda63ed\" data-element_type=\"widget\" data-e-type=\"widget\" data-settings=\"{&quot;ekit_we_effect_on&quot;:&quot;none&quot;}\" data-widget_type=\"image.default\">\n\t\t\t\t<div class=\"elementor-widget-container\">\n\t\t\t\t\t\t\t\t\t\t\t\t\t\t\t<img decoding=\"async\" width=\"700\" height=\"255\" src=\"https:\/\/www.sotopmachine.com\/wp-content\/uploads\/2025\/06\/202206291546576781366.jpg\" class=\"elementor-animation-float attachment-large size-large wp-image-1395\" alt=\"\" srcset=\"https:\/\/www.sotopmachine.com\/wp-content\/uploads\/2025\/06\/202206291546576781366.jpg 700w, https:\/\/www.sotopmachine.com\/wp-content\/uploads\/2025\/06\/202206291546576781366-300x109.jpg 300w\" sizes=\"(max-width: 700px) 100vw, 700px\" \/>\t\t\t\t\t\t\t\t\t\t\t\t\t\t\t<\/div>\n\t\t\t\t<\/div>\n\t\t\t\t<div class=\"elementor-element elementor-element-5a24616 elementor-widget elementor-widget-image\" data-id=\"5a24616\" data-element_type=\"widget\" data-e-type=\"widget\" data-settings=\"{&quot;ekit_we_effect_on&quot;:&quot;none&quot;}\" data-widget_type=\"image.default\">\n\t\t\t\t<div class=\"elementor-widget-container\">\n\t\t\t\t\t\t\t\t\t\t\t\t\t\t\t<img decoding=\"async\" width=\"700\" height=\"255\" src=\"https:\/\/www.sotopmachine.com\/wp-content\/uploads\/2025\/06\/202206291546582266507.jpg\" class=\"elementor-animation-float attachment-large size-large wp-image-1397\" alt=\"\" srcset=\"https:\/\/www.sotopmachine.com\/wp-content\/uploads\/2025\/06\/202206291546582266507.jpg 700w, https:\/\/www.sotopmachine.com\/wp-content\/uploads\/2025\/06\/202206291546582266507-300x109.jpg 300w\" sizes=\"(max-width: 700px) 100vw, 700px\" \/>\t\t\t\t\t\t\t\t\t\t\t\t\t\t\t<\/div>\n\t\t\t\t<\/div>\n\t\t\t\t<div class=\"elementor-element elementor-element-eb16aa0 elementor-widget elementor-widget-image\" data-id=\"eb16aa0\" data-element_type=\"widget\" data-e-type=\"widget\" data-settings=\"{&quot;ekit_we_effect_on&quot;:&quot;none&quot;}\" data-widget_type=\"image.default\">\n\t\t\t\t<div class=\"elementor-widget-container\">\n\t\t\t\t\t\t\t\t\t\t\t\t\t\t\t<img loading=\"lazy\" decoding=\"async\" width=\"700\" height=\"255\" src=\"https:\/\/www.sotopmachine.com\/wp-content\/uploads\/2025\/06\/202206291546584523936.jpg\" class=\"elementor-animation-float attachment-large size-large wp-image-1399\" alt=\"\" srcset=\"https:\/\/www.sotopmachine.com\/wp-content\/uploads\/2025\/06\/202206291546584523936.jpg 700w, https:\/\/www.sotopmachine.com\/wp-content\/uploads\/2025\/06\/202206291546584523936-300x109.jpg 300w\" sizes=\"(max-width: 700px) 100vw, 700px\" \/>\t\t\t\t\t\t\t\t\t\t\t\t\t\t\t<\/div>\n\t\t\t\t<\/div>\n\t\t\t\t<\/div>\n\t\t<div data-particle_enable=\"false\" data-particle-mobile-disabled=\"false\" class=\"elementor-element elementor-element-1604558 e-con-full e-flex e-con e-child\" data-id=\"1604558\" data-element_type=\"container\" data-e-type=\"container\" data-settings=\"{&quot;ekit_has_onepagescroll_dot&quot;:&quot;yes&quot;}\">\n\t\t\t\t<div class=\"elementor-element elementor-element-724d4f6 elementor-widget elementor-widget-image\" data-id=\"724d4f6\" data-element_type=\"widget\" data-e-type=\"widget\" data-settings=\"{&quot;ekit_we_effect_on&quot;:&quot;none&quot;}\" data-widget_type=\"image.default\">\n\t\t\t\t<div class=\"elementor-widget-container\">\n\t\t\t\t\t\t\t\t\t\t\t\t\t\t\t<img loading=\"lazy\" decoding=\"async\" width=\"700\" height=\"255\" src=\"https:\/\/www.sotopmachine.com\/wp-content\/uploads\/2025\/06\/202206291546582767274.jpg\" class=\"elementor-animation-float attachment-large size-large wp-image-1401\" alt=\"\" srcset=\"https:\/\/www.sotopmachine.com\/wp-content\/uploads\/2025\/06\/202206291546582767274.jpg 700w, https:\/\/www.sotopmachine.com\/wp-content\/uploads\/2025\/06\/202206291546582767274-300x109.jpg 300w\" sizes=\"(max-width: 700px) 100vw, 700px\" \/>\t\t\t\t\t\t\t\t\t\t\t\t\t\t\t<\/div>\n\t\t\t\t<\/div>\n\t\t\t\t<div class=\"elementor-element elementor-element-d0aee65 elementor-widget elementor-widget-image\" data-id=\"d0aee65\" data-element_type=\"widget\" data-e-type=\"widget\" data-settings=\"{&quot;ekit_we_effect_on&quot;:&quot;none&quot;}\" data-widget_type=\"image.default\">\n\t\t\t\t<div class=\"elementor-widget-container\">\n\t\t\t\t\t\t\t\t\t\t\t\t\t\t\t<img loading=\"lazy\" decoding=\"async\" width=\"700\" height=\"255\" src=\"https:\/\/www.sotopmachine.com\/wp-content\/uploads\/2025\/06\/202206291546586280599.jpg\" class=\"elementor-animation-float attachment-large size-large wp-image-1398\" alt=\"\" srcset=\"https:\/\/www.sotopmachine.com\/wp-content\/uploads\/2025\/06\/202206291546586280599.jpg 700w, https:\/\/www.sotopmachine.com\/wp-content\/uploads\/2025\/06\/202206291546586280599-300x109.jpg 300w\" sizes=\"(max-width: 700px) 100vw, 700px\" \/>\t\t\t\t\t\t\t\t\t\t\t\t\t\t\t<\/div>\n\t\t\t\t<\/div>\n\t\t\t\t<div class=\"elementor-element elementor-element-6b5855c elementor-widget elementor-widget-image\" data-id=\"6b5855c\" data-element_type=\"widget\" data-e-type=\"widget\" data-settings=\"{&quot;ekit_we_effect_on&quot;:&quot;none&quot;}\" data-widget_type=\"image.default\">\n\t\t\t\t<div class=\"elementor-widget-container\">\n\t\t\t\t\t\t\t\t\t\t\t\t\t\t\t<img loading=\"lazy\" decoding=\"async\" width=\"700\" height=\"255\" src=\"https:\/\/www.sotopmachine.com\/wp-content\/uploads\/2025\/06\/202206291546581294691.jpg\" class=\"elementor-animation-float attachment-large size-large wp-image-1400\" alt=\"\" srcset=\"https:\/\/www.sotopmachine.com\/wp-content\/uploads\/2025\/06\/202206291546581294691.jpg 700w, https:\/\/www.sotopmachine.com\/wp-content\/uploads\/2025\/06\/202206291546581294691-300x109.jpg 300w\" sizes=\"(max-width: 700px) 100vw, 700px\" \/>\t\t\t\t\t\t\t\t\t\t\t\t\t\t\t<\/div>\n\t\t\t\t<\/div>\n\t\t\t\t<\/div>\n\t\t\t\t\t<\/div>\n\t\t\t\t<\/div>\n\t\t<div data-particle_enable=\"false\" data-particle-mobile-disabled=\"false\" class=\"elementor-element elementor-element-5d22111 e-flex e-con-boxed e-con e-parent\" data-id=\"5d22111\" data-element_type=\"container\" data-e-type=\"container\" data-settings=\"{&quot;background_background&quot;:&quot;classic&quot;,&quot;ekit_has_onepagescroll_dot&quot;:&quot;yes&quot;}\">\n\t\t\t\t\t<div class=\"e-con-inner\">\n\t\t\t\t<div class=\"elementor-element elementor-element-161e116 elementor-widget elementor-widget-heading\" data-id=\"161e116\" data-element_type=\"widget\" data-e-type=\"widget\" data-settings=\"{&quot;ekit_we_effect_on&quot;:&quot;none&quot;}\" data-widget_type=\"heading.default\">\n\t\t\t\t<div class=\"elementor-widget-container\">\n\t\t\t\t\t<h2 class=\"elementor-heading-title elementor-size-default\">Eleve o seu neg\u00f3cio com as solu\u00e7\u00f5es SOTOP<\/h2>\t\t\t\t<\/div>\n\t\t\t\t<\/div>\n\t\t\t\t<div class=\"elementor-element elementor-element-3e5fbee elementor-widget elementor-widget-heading\" data-id=\"3e5fbee\" data-element_type=\"widget\" data-e-type=\"widget\" data-settings=\"{&quot;ekit_we_effect_on&quot;:&quot;none&quot;}\" data-widget_type=\"heading.default\">\n\t\t\t\t<div class=\"elementor-widget-container\">\n\t\t\t\t\t<p class=\"elementor-heading-title elementor-size-default\">Envie a sua consulta hoje mesmo e tenha acesso a m\u00e1quinas de n\u00edvel empresarial para os seus projetos.<\/p>\t\t\t\t<\/div>\n\t\t\t\t<\/div>\n\t\t\t\t<div class=\"elementor-element elementor-element-414f36d elementor-align-left elementor-widget elementor-widget-button\" data-id=\"414f36d\" data-element_type=\"widget\" data-e-type=\"widget\" data-settings=\"{&quot;ekit_we_effect_on&quot;:&quot;none&quot;}\" data-widget_type=\"button.default\">\n\t\t\t\t<div class=\"elementor-widget-container\">\n\t\t\t\t\t\t\t\t\t<div class=\"elementor-button-wrapper\">\n\t\t\t\t\t<a class=\"elementor-button elementor-button-link elementor-size-sm\" href=\"#elementor-action%3Aaction%3Dpopup%3Aopen%26settings%3DeyJpZCI6IjE3MjQiLCJ0b2dnbGUiOmZhbHNlfQ%3D%3D\">\n\t\t\t\t\t\t<span class=\"elementor-button-content-wrapper\">\n\t\t\t\t\t\t<span class=\"elementor-button-icon\">\n\t\t\t\t<i aria-hidden=\"true\" class=\"icon icon-right-arrow\"><\/i>\t\t\t<\/span>\n\t\t\t\t\t\t\t\t\t<span class=\"elementor-button-text\">Entre em contacto connosco agora<\/span>\n\t\t\t\t\t<\/span>\n\t\t\t\t\t<\/a>\n\t\t\t\t<\/div>\n\t\t\t\t\t\t\t\t<\/div>\n\t\t\t\t<\/div>\n\t\t\t\t\t<\/div>\n\t\t\t\t<\/div>\n\t\t\t\t<\/div>","protected":false},"excerpt":{"rendered":"<p>Your Prime Brick &amp; Parts Supplier &amp; Innovator Globally Highlights SOTOP as a global leader in construction machinery, covering brick machines, molds, and undercarriage parts. 20+ Years\u2019 Experience in Construction Machinery Trade 200+ Skilled Professionals in Our Global Team Advanced CNC Technology for Precision Manufacturing Serving Clients in Over 40 Countries Get Quick Quote About [&hellip;]<\/p>\n","protected":false},"author":1,"featured_media":0,"parent":0,"menu_order":0,"comment_status":"closed","ping_status":"closed","template":"","meta":{"_acf_changed":false,"site-sidebar-layout":"no-sidebar","site-content-layout":"page-builder","ast-site-content-layout":"full-width-container","site-content-style":"default","site-sidebar-style":"default","ast-global-header-display":"","ast-banner-title-visibility":"disabled","ast-main-header-display":"","ast-hfb-above-header-display":"","ast-hfb-below-header-display":"","ast-hfb-mobile-header-display":"","site-post-title":"disabled","ast-breadcrumbs-content":"","ast-featured-img":"disabled","footer-sml-layout":"","theme-transparent-header-meta":"enabled","adv-header-id-meta":"","stick-header-meta":"","header-above-stick-meta":"","header-main-stick-meta":"","header-below-stick-meta":"","astra-migrate-meta-layouts":"set","ast-page-background-enabled":"default","ast-page-background-meta":{"desktop":{"background-color":"var(--ast-global-color-4)","background-image":"","background-repeat":"repeat","background-position":"center center","background-size":"auto","background-attachment":"scroll","background-type":"","background-media":"","overlay-type":"","overlay-color":"","overlay-opacity":"","overlay-gradient":""},"tablet":{"background-color":"","background-image":"","background-repeat":"repeat","background-position":"center center","background-size":"auto","background-attachment":"scroll","background-type":"","background-media":"","overlay-type":"","overlay-color":"","overlay-opacity":"","overlay-gradient":""},"mobile":{"background-color":"","background-image":"","background-repeat":"repeat","background-position":"center center","background-size":"auto","background-attachment":"scroll","background-type":"","background-media":"","overlay-type":"","overlay-color":"","overlay-opacity":"","overlay-gradient":""}},"ast-content-background-meta":{"desktop":{"background-color":"var(--ast-global-color-5)","background-image":"","background-repeat":"repeat","background-position":"center center","background-size":"auto","background-attachment":"scroll","background-type":"","background-media":"","overlay-type":"","overlay-color":"","overlay-opacity":"","overlay-gradient":""},"tablet":{"background-color":"var(--ast-global-color-5)","background-image":"","background-repeat":"repeat","background-position":"center center","background-size":"auto","background-attachment":"scroll","background-type":"","background-media":"","overlay-type":"","overlay-color":"","overlay-opacity":"","overlay-gradient":""},"mobile":{"background-color":"var(--ast-global-color-5)","background-image":"","background-repeat":"repeat","background-position":"center center","background-size":"auto","background-attachment":"scroll","background-type":"","background-media":"","overlay-type":"","overlay-color":"","overlay-opacity":"","overlay-gradient":""}},"footnotes":""},"class_list":["post-594","page","type-page","status-publish","hentry"],"acf":[],"_links":{"self":[{"href":"https:\/\/www.sotopmachine.com\/pt\/wp-json\/wp\/v2\/pages\/594","targetHints":{"allow":["GET"]}}],"collection":[{"href":"https:\/\/www.sotopmachine.com\/pt\/wp-json\/wp\/v2\/pages"}],"about":[{"href":"https:\/\/www.sotopmachine.com\/pt\/wp-json\/wp\/v2\/types\/page"}],"author":[{"embeddable":true,"href":"https:\/\/www.sotopmachine.com\/pt\/wp-json\/wp\/v2\/users\/1"}],"replies":[{"embeddable":true,"href":"https:\/\/www.sotopmachine.com\/pt\/wp-json\/wp\/v2\/comments?post=594"}],"version-history":[{"count":5,"href":"https:\/\/www.sotopmachine.com\/pt\/wp-json\/wp\/v2\/pages\/594\/revisions"}],"predecessor-version":[{"id":2379,"href":"https:\/\/www.sotopmachine.com\/pt\/wp-json\/wp\/v2\/pages\/594\/revisions\/2379"}],"wp:attachment":[{"href":"https:\/\/www.sotopmachine.com\/pt\/wp-json\/wp\/v2\/media?parent=594"}],"curies":[{"name":"wp","href":"https:\/\/api.w.org\/{rel}","templated":true}]}}