{"id":2054,"date":"2025-08-20T13:51:39","date_gmt":"2025-08-20T13:51:39","guid":{"rendered":"https:\/\/www.sotopmachine.com\/?post_type=product&#038;p=2054"},"modified":"2025-08-31T05:49:07","modified_gmt":"2025-08-31T05:49:07","slug":"automatic-concrete-brick-making-machine-qt6","status":"publish","type":"product","link":"https:\/\/www.sotopmachine.com\/pt\/product\/automatic-concrete-brick-making-machine-qt6\/","title":{"rendered":"M\u00e1quina autom\u00e1tica para fabricar tijolos de bet\u00e3o - QT6"},"content":{"rendered":"<figure class=\"wp-block-table\"><table class=\"has-fixed-layout\"><tbody><tr><td class=\"has-text-align-center\" data-align=\"center\">Dimens\u00e3o da m\u00e1quina anfitri\u00e3<\/td><td class=\"has-text-align-center\" data-align=\"center\">9450x3300x2700(mm)<\/td><td class=\"has-text-align-center\" data-align=\"center\">M\u00e1quina anfitri\u00e3 Pot\u00eancia<\/td><td class=\"has-text-align-center\" data-align=\"center\">42,6(kw)<\/td><\/tr><tr><td class=\"has-text-align-center\" data-align=\"center\">\u00c1rea de moldagem<\/td><td class=\"has-text-align-center\" data-align=\"center\">800 x 600(mm)<\/td><td class=\"has-text-align-center\" data-align=\"center\">For\u00e7a de vibra\u00e7\u00e3o<\/td><td class=\"has-text-align-center\" data-align=\"center\">50-70(KN)<\/td><\/tr><tr><td class=\"has-text-align-center\" data-align=\"center\">Per\u00edodo de moldagem<\/td><td class=\"has-text-align-center\" data-align=\"center\">15-20(S)<\/td><td class=\"has-text-align-center\" data-align=\"center\">Zona fabril<\/td><td class=\"has-text-align-center\" data-align=\"center\">600 (m\u2019)<\/td><\/tr><tr><td class=\"has-text-align-center\" data-align=\"center\">Especifica\u00e7\u00e3o das paletes<\/td><td class=\"has-text-align-center\" data-align=\"center\">920x780x20\/25(mm)<\/td><td class=\"has-text-align-center\" data-align=\"center\">Capacidade<\/td><td class=\"has-text-align-center\" data-align=\"center\">80(KVA)<\/td><\/tr><tr><td class=\"has-text-align-center\" data-align=\"center\">Peso da m\u00e1quina<\/td><td class=\"has-text-align-center\" data-align=\"center\">8.8 (T)<\/td><td class=\"has-text-align-center\" data-align=\"center\">Modelo de misturador<\/td><td class=\"has-text-align-center\" data-align=\"center\">JS1500<\/td><\/tr><\/tbody><\/table><\/figure>\n\n\n\n<figure class=\"wp-block-table aligncenter\"><table class=\"has-fixed-layout\"><tbody><tr><td class=\"has-text-align-center\" data-align=\"center\">Tipo (s\u00f3lido\/oco)<\/td><td class=\"has-text-align-center\" data-align=\"center\">Especifica\u00e7\u00e3o (mm)<\/td><td class=\"has-text-align-center\" data-align=\"center\">Pcs\/molde<\/td><td class=\"has-text-align-center\" data-align=\"center\">S\/Molde<\/td><td class=\"has-text-align-center\" data-align=\"center\">Pcs\/Hora<\/td><td class=\"has-text-align-center\" data-align=\"center\">8 horas\/aula Produ\u00e7\u00e3o<\/td><\/tr><tr><td class=\"has-text-align-center\" data-align=\"center\"><img decoding=\"async\" width=\"40\" height=\"40\" class=\"wp-image-2200\" style=\"width: 40px;\" src=\"https:\/\/www.sotopmachine.com\/wp-content\/uploads\/2025\/08\/solid-brick.webp\" alt=\"\" srcset=\"https:\/\/www.sotopmachine.com\/wp-content\/uploads\/2025\/08\/solid-brick.webp 255w, https:\/\/www.sotopmachine.com\/wp-content\/uploads\/2025\/08\/solid-brick-150x150.webp 150w\" sizes=\"(max-width: 40px) 100vw, 40px\" \/><\/td><td class=\"has-text-align-center\" data-align=\"center\">240x115x53<\/td><td class=\"has-text-align-center\" data-align=\"center\">36<\/td><td class=\"has-text-align-center\" data-align=\"center\">15-20<\/td><td class=\"has-text-align-center\" data-align=\"center\">6480-8640<\/td><td class=\"has-text-align-center\" data-align=\"center\">54720-69100<\/td><\/tr><tr><td class=\"has-text-align-center\" data-align=\"center\"><img decoding=\"async\" width=\"40\" height=\"40\" class=\"wp-image-2262\" style=\"width: 40px;\" src=\"https:\/\/www.sotopmachine.com\/wp-content\/uploads\/2025\/08\/hollow-BRICK.webp\" alt=\"\" srcset=\"https:\/\/www.sotopmachine.com\/wp-content\/uploads\/2025\/08\/hollow-BRICK.webp 255w, https:\/\/www.sotopmachine.com\/wp-content\/uploads\/2025\/08\/hollow-BRICK-150x150.webp 150w\" sizes=\"(max-width: 40px) 100vw, 40px\" \/><\/td><td class=\"has-text-align-center\" data-align=\"center\">390x190x190<\/td><td class=\"has-text-align-center\" data-align=\"center\">6<\/td><td class=\"has-text-align-center\" data-align=\"center\">15-20<\/td><td class=\"has-text-align-center\" data-align=\"center\">1080-1440<\/td><td class=\"has-text-align-center\" data-align=\"center\">8640-11520<\/td><\/tr><tr><td class=\"has-text-align-center\" data-align=\"center\"><img decoding=\"async\" width=\"40\" height=\"40\" class=\"wp-image-2263\" style=\"width: 40px;\" src=\"https:\/\/www.sotopmachine.com\/wp-content\/uploads\/2025\/08\/8-hole-hollow-brick.webp\" alt=\"\" srcset=\"https:\/\/www.sotopmachine.com\/wp-content\/uploads\/2025\/08\/8-hole-hollow-brick.webp 255w, https:\/\/www.sotopmachine.com\/wp-content\/uploads\/2025\/08\/8-hole-hollow-brick-150x150.webp 150w\" sizes=\"(max-width: 40px) 100vw, 40px\" \/><\/td><td class=\"has-text-align-center\" data-align=\"center\">240x115x90<\/td><td class=\"has-text-align-center\" data-align=\"center\">15<\/td><td class=\"has-text-align-center\" data-align=\"center\">15-20<\/td><td class=\"has-text-align-center\" data-align=\"center\">2700-3600<\/td><td class=\"has-text-align-center\" data-align=\"center\">21600-28800<\/td><\/tr><tr><td class=\"has-text-align-center\" data-align=\"center\"><img loading=\"lazy\" decoding=\"async\" width=\"40\" height=\"40\" class=\"wp-image-2264\" style=\"width: 40px;\" src=\"https:\/\/www.sotopmachine.com\/wp-content\/uploads\/2025\/08\/150x100x100.webp\" alt=\"\" srcset=\"https:\/\/www.sotopmachine.com\/wp-content\/uploads\/2025\/08\/150x100x100.webp 255w, https:\/\/www.sotopmachine.com\/wp-content\/uploads\/2025\/08\/150x100x100-150x150.webp 150w\" sizes=\"(max-width: 40px) 100vw, 40px\" \/><\/td><td class=\"has-text-align-center\" data-align=\"center\">150x100x100<\/td><td class=\"has-text-align-center\" data-align=\"center\">28<\/td><td class=\"has-text-align-center\" data-align=\"center\">15-20<\/td><td class=\"has-text-align-center\" data-align=\"center\">5040-6720<\/td><td class=\"has-text-align-center\" data-align=\"center\">40320-53760<\/td><\/tr><tr><td class=\"has-text-align-center\" data-align=\"center\"><img loading=\"lazy\" decoding=\"async\" width=\"40\" height=\"40\" class=\"wp-image-2265\" style=\"width: 40px;\" src=\"https:\/\/www.sotopmachine.com\/wp-content\/uploads\/2025\/08\/190x190x190.webp\" alt=\"\" srcset=\"https:\/\/www.sotopmachine.com\/wp-content\/uploads\/2025\/08\/190x190x190.webp 255w, https:\/\/www.sotopmachine.com\/wp-content\/uploads\/2025\/08\/190x190x190-150x150.webp 150w\" sizes=\"(max-width: 40px) 100vw, 40px\" \/><\/td><td class=\"has-text-align-center\" data-align=\"center\">190x190x190<br><\/td><td class=\"has-text-align-center\" data-align=\"center\">12<\/td><td class=\"has-text-align-center\" data-align=\"center\">15-20<\/td><td class=\"has-text-align-center\" data-align=\"center\">2160-2880<\/td><td class=\"has-text-align-center\" data-align=\"center\">17280-23040<\/td><\/tr><tr><td class=\"has-text-align-center\" data-align=\"center\"><img loading=\"lazy\" decoding=\"async\" width=\"40\" height=\"40\" class=\"wp-image-2266\" style=\"width: 40px;\" src=\"https:\/\/www.sotopmachine.com\/wp-content\/uploads\/2025\/08\/Solid-lawn-bricks.webp\" alt=\"\" srcset=\"https:\/\/www.sotopmachine.com\/wp-content\/uploads\/2025\/08\/Solid-lawn-bricks.webp 255w, https:\/\/www.sotopmachine.com\/wp-content\/uploads\/2025\/08\/Solid-lawn-bricks-150x150.webp 150w\" sizes=\"(max-width: 40px) 100vw, 40px\" \/><\/td><td class=\"has-text-align-center\" data-align=\"center\">200x100x60<\/td><td class=\"has-text-align-center\" data-align=\"center\">18<\/td><td class=\"has-text-align-center\" data-align=\"center\">20-25<\/td><td class=\"has-text-align-center\" data-align=\"center\">2592-3240<\/td><td class=\"has-text-align-center\" data-align=\"center\">20700-25900<\/td><\/tr><tr><td class=\"has-text-align-center\" data-align=\"center\"><img loading=\"lazy\" decoding=\"async\" width=\"40\" height=\"40\" class=\"wp-image-2267\" style=\"width: 40px;\" src=\"https:\/\/www.sotopmachine.com\/wp-content\/uploads\/2025\/08\/lawn-bricks.webp\" alt=\"\" srcset=\"https:\/\/www.sotopmachine.com\/wp-content\/uploads\/2025\/08\/lawn-bricks.webp 255w, https:\/\/www.sotopmachine.com\/wp-content\/uploads\/2025\/08\/lawn-bricks-150x150.webp 150w\" sizes=\"(max-width: 40px) 100vw, 40px\" \/><\/td><td class=\"has-text-align-center\" data-align=\"center\">200x200x60<\/td><td class=\"has-text-align-center\" data-align=\"center\">12<\/td><td class=\"has-text-align-center\" data-align=\"center\">20-25<\/td><td class=\"has-text-align-center\" data-align=\"center\">1728-2160<\/td><td class=\"has-text-align-center\" data-align=\"center\">13800-17200<\/td><\/tr><\/tbody><\/table><\/figure>","protected":false},"featured_media":2055,"parent":0,"template":"","meta":{"_acf_changed":false,"site-sidebar-layout":"default","site-content-layout":"","ast-site-content-layout":"default","site-content-style":"default","site-sidebar-style":"default","ast-global-header-display":"","ast-banner-title-visibility":"","ast-main-header-display":"","ast-hfb-above-header-display":"","ast-hfb-below-header-display":"","ast-hfb-mobile-header-display":"","site-post-title":"","ast-breadcrumbs-content":"","ast-featured-img":"","footer-sml-layout":"","theme-transparent-header-meta":"","adv-header-id-meta":"","stick-header-meta":"","header-above-stick-meta":"","header-main-stick-meta":"","header-below-stick-meta":"","astra-migrate-meta-layouts":"set","ast-page-background-enabled":"default","ast-page-background-meta":{"desktop":{"background-color":"var(--ast-global-color-4)","background-image":"","background-repeat":"repeat","background-position":"center center","background-size":"auto","background-attachment":"scroll","background-type":"","background-media":"","overlay-type":"","overlay-color":"","overlay-opacity":"","overlay-gradient":""},"tablet":{"background-color":"","background-image":"","background-repeat":"repeat","background-position":"center center","background-size":"auto","background-attachment":"scroll","background-type":"","background-media":"","overlay-type":"","overlay-color":"","overlay-opacity":"","overlay-gradient":""},"mobile":{"background-color":"","background-image":"","background-repeat":"repeat","background-position":"center center","background-size":"auto","background-attachment":"scroll","background-type":"","background-media":"","overlay-type":"","overlay-color":"","overlay-opacity":"","overlay-gradient":""}},"ast-content-background-meta":{"desktop":{"background-color":"var(--ast-global-color-5)","background-image":"","background-repeat":"repeat","background-position":"center center","background-size":"auto","background-attachment":"scroll","background-type":"","background-media":"","overlay-type":"","overlay-color":"","overlay-opacity":"","overlay-gradient":""},"tablet":{"background-color":"var(--ast-global-color-5)","background-image":"","background-repeat":"repeat","background-position":"center center","background-size":"auto","background-attachment":"scroll","background-type":"","background-media":"","overlay-type":"","overlay-color":"","overlay-opacity":"","overlay-gradient":""},"mobile":{"background-color":"var(--ast-global-color-5)","background-image":"","background-repeat":"repeat","background-position":"center center","background-size":"auto","background-attachment":"scroll","background-type":"","background-media":"","overlay-type":"","overlay-color":"","overlay-opacity":"","overlay-gradient":""}}},"product-categores":[78],"class_list":["post-2054","product","type-product","status-publish","has-post-thumbnail","hentry","product-categores-brick-machine"],"acf":[],"_links":{"self":[{"href":"https:\/\/www.sotopmachine.com\/pt\/wp-json\/wp\/v2\/product\/2054","targetHints":{"allow":["GET"]}}],"collection":[{"href":"https:\/\/www.sotopmachine.com\/pt\/wp-json\/wp\/v2\/product"}],"about":[{"href":"https:\/\/www.sotopmachine.com\/pt\/wp-json\/wp\/v2\/types\/product"}],"wp:featuredmedia":[{"embeddable":true,"href":"https:\/\/www.sotopmachine.com\/pt\/wp-json\/wp\/v2\/media\/2055"}],"wp:attachment":[{"href":"https:\/\/www.sotopmachine.com\/pt\/wp-json\/wp\/v2\/media?parent=2054"}],"wp:term":[{"taxonomy":"product-categores","embeddable":true,"href":"https:\/\/www.sotopmachine.com\/pt\/wp-json\/wp\/v2\/product-categores?post=2054"}],"curies":[{"name":"wp","href":"https:\/\/api.w.org\/{rel}","templated":true}]}}