{"id":2320,"date":"2025-09-01T15:20:09","date_gmt":"2025-09-01T15:20:09","guid":{"rendered":"https:\/\/www.sotopmachine.com\/?post_type=product&#038;p=2320"},"modified":"2025-09-01T15:20:11","modified_gmt":"2025-09-01T15:20:11","slug":"hollow-block-molds","status":"publish","type":"product","link":"https:\/\/www.sotopmachine.com\/pt\/product\/hollow-block-molds\/","title":{"rendered":"Moldes para blocos ocos"},"content":{"rendered":"<p>Os moldes para blocos ocos SOTOP s\u00e3o vers\u00e1teis para v\u00e1rias mat\u00e9rias-primas, incluindo solo, cascalho, cimento, agregados e res\u00edduos industriais, produzindo blocos ecol\u00f3gicos e de alta resist\u00eancia para constru\u00e7\u00e3o e paisagismo, tudo a partir de um fabricante l\u00edder de moldes para blocos ocos.<\/p>\n\n\n\n<p><strong>Especifica\u00e7\u00f5es t\u00e9cnicas<\/strong>:<\/p>\n\n\n\n<ul class=\"wp-block-list\">\n<li>Op\u00e7\u00f5es de materiais: Liga de a\u00e7o de alta qualidade resistente ao desgaste, pl\u00e1stico ABS de engenharia \u00e0 base de cimento ou h\u00edbridos personaliz\u00e1veis.<\/li>\n\n\n\n<li>Classifica\u00e7\u00e3o de dureza: 62-68HRC (caso endurecido para extrema durabilidade).<\/li>\n\n\n\n<li>Folga da sapata de tamper: 0,5-0,8 mm (ajust\u00e1vel para uma compacta\u00e7\u00e3o \u00f3ptima).<\/li>\n\n\n\n<li>Dimens\u00f5es do molde: Personaliz\u00e1veis (por exemplo, tamanhos padr\u00e3o: 390x190x190mm para tijolos ocos, 240x160x60mm para pedras de pavimenta\u00e7\u00e3o; intervalo de comprimento 120-400mm, espessura 3-8mm).<\/li>\n\n\n\n<li>Placa de suporte da banda: Aparafusada e amov\u00edvel para substitui\u00e7\u00f5es r\u00e1pidas.<\/li>\n\n\n\n<li>Sapata de prote\u00e7\u00e3o: Mut\u00e1vel, com revestimentos anti-desgaste opcionais.<\/li>\n\n\n\n<li>Desenho da folha de desenho: Opcional para uma melhor liberta\u00e7\u00e3o de blocos e redu\u00e7\u00e3o de defeitos.<\/li>\n\n\n\n<li>Compatibilidade: Adequado para m\u00e1quinas de tijolo manuais, semi-autom\u00e1ticas ou totalmente autom\u00e1ticas; integra-se com sistemas de vibra\u00e7\u00e3o de alta frequ\u00eancia.<\/li>\n\n\n\n<li>Peso: Varia consoante o tamanho (por exemplo, 11,8-15 kg para modelos padr\u00e3o).<\/li>\n\n\n\n<li>Vida \u00fatil: At\u00e9 150.000 ciclos com uma manuten\u00e7\u00e3o correta.<\/li>\n\n\n\n<li>Tratamento de superf\u00edcie: Revestimento anti-corros\u00e3o, polimento de precis\u00e3o para acabamentos perfeitos.<\/li>\n<\/ul>\n\n\n\n<p><strong>Especifica\u00e7\u00f5es de sa\u00edda:<\/strong><\/p>\n\n\n\n<ul class=\"wp-block-list\">\n<li>Compatibilidade de produ\u00e7\u00e3o: Permite a produ\u00e7\u00e3o de grandes volumes (por exemplo, 10.000-14.000 pcs\/dia para tijolos s\u00f3lidos, 8.000-12.000 pcs\/dia para tijolos ocos quando emparelhados com m\u00e1quinas compat\u00edveis).<\/li>\n\n\n\n<li>Tipos de blocos personalizados: Tijolo normal (390x190x190mm), tijolo oco (390x190x190mm), pedra de cal\u00e7ada (240x160x60mm), com op\u00e7\u00f5es de alvenaria celular, intertravamentos e lancis.<\/li>\n<\/ul>","protected":false},"featured_media":1823,"parent":0,"template":"","meta":{"_acf_changed":true,"site-sidebar-layout":"default","site-content-layout":"","ast-site-content-layout":"default","site-content-style":"default","site-sidebar-style":"default","ast-global-header-display":"","ast-banner-title-visibility":"","ast-main-header-display":"","ast-hfb-above-header-display":"","ast-hfb-below-header-display":"","ast-hfb-mobile-header-display":"","site-post-title":"","ast-breadcrumbs-content":"","ast-featured-img":"","footer-sml-layout":"","theme-transparent-header-meta":"","adv-header-id-meta":"","stick-header-meta":"","header-above-stick-meta":"","header-main-stick-meta":"","header-below-stick-meta":"","astra-migrate-meta-layouts":"set","ast-page-background-enabled":"default","ast-page-background-meta":{"desktop":{"background-color":"var(--ast-global-color-4)","background-image":"","background-repeat":"repeat","background-position":"center center","background-size":"auto","background-attachment":"scroll","background-type":"","background-media":"","overlay-type":"","overlay-color":"","overlay-opacity":"","overlay-gradient":""},"tablet":{"background-color":"","background-image":"","background-repeat":"repeat","background-position":"center center","background-size":"auto","background-attachment":"scroll","background-type":"","background-media":"","overlay-type":"","overlay-color":"","overlay-opacity":"","overlay-gradient":""},"mobile":{"background-color":"","background-image":"","background-repeat":"repeat","background-position":"center center","background-size":"auto","background-attachment":"scroll","background-type":"","background-media":"","overlay-type":"","overlay-color":"","overlay-opacity":"","overlay-gradient":""}},"ast-content-background-meta":{"desktop":{"background-color":"var(--ast-global-color-5)","background-image":"","background-repeat":"repeat","background-position":"center center","background-size":"auto","background-attachment":"scroll","background-type":"","background-media":"","overlay-type":"","overlay-color":"","overlay-opacity":"","overlay-gradient":""},"tablet":{"background-color":"var(--ast-global-color-5)","background-image":"","background-repeat":"repeat","background-position":"center center","background-size":"auto","background-attachment":"scroll","background-type":"","background-media":"","overlay-type":"","overlay-color":"","overlay-opacity":"","overlay-gradient":""},"mobile":{"background-color":"var(--ast-global-color-5)","background-image":"","background-repeat":"repeat","background-position":"center center","background-size":"auto","background-attachment":"scroll","background-type":"","background-media":"","overlay-type":"","overlay-color":"","overlay-opacity":"","overlay-gradient":""}}},"product-categores":[79],"class_list":["post-2320","product","type-product","status-publish","has-post-thumbnail","hentry","product-categores-brick-machine-molds"],"acf":[],"_links":{"self":[{"href":"https:\/\/www.sotopmachine.com\/pt\/wp-json\/wp\/v2\/product\/2320","targetHints":{"allow":["GET"]}}],"collection":[{"href":"https:\/\/www.sotopmachine.com\/pt\/wp-json\/wp\/v2\/product"}],"about":[{"href":"https:\/\/www.sotopmachine.com\/pt\/wp-json\/wp\/v2\/types\/product"}],"wp:featuredmedia":[{"embeddable":true,"href":"https:\/\/www.sotopmachine.com\/pt\/wp-json\/wp\/v2\/media\/1823"}],"wp:attachment":[{"href":"https:\/\/www.sotopmachine.com\/pt\/wp-json\/wp\/v2\/media?parent=2320"}],"wp:term":[{"taxonomy":"product-categores","embeddable":true,"href":"https:\/\/www.sotopmachine.com\/pt\/wp-json\/wp\/v2\/product-categores?post=2320"}],"curies":[{"name":"wp","href":"https:\/\/api.w.org\/{rel}","templated":true}]}}