{"id":2321,"date":"2025-09-01T15:46:47","date_gmt":"2025-09-01T15:46:47","guid":{"rendered":"https:\/\/www.sotopmachine.com\/?post_type=product&#038;p=2321"},"modified":"2025-09-01T15:58:10","modified_gmt":"2025-09-01T15:58:10","slug":"solid-block-molds","status":"publish","type":"product","link":"https:\/\/www.sotopmachine.com\/pt\/product\/solid-block-molds\/","title":{"rendered":"Moldes de bloco s\u00f3lido"},"content":{"rendered":"<p><mark style=\"background-color:rgba(0, 0, 0, 0)\" class=\"has-inline-color has-ast-global-color-2-color\">Os moldes para blocos s\u00f3lidos SOTOP s\u00e3o vers\u00e1teis para mat\u00e9rias-primas como solo, cascalho, cimento, agregados e res\u00edduos industriais, produzindo blocos ecol\u00f3gicos e de alta densidade para integridade estrutural, tudo a partir de um fabricante l\u00edder de moldes para blocos s\u00f3lidos.<\/mark><\/p>\n\n\n\n<ul class=\"wp-block-list\">\n<li class=\"has-ast-global-color-2-color has-text-color has-link-color wp-elements-ced1698d37bf91ff0f3ecfbcaff25314\">Op\u00e7\u00f5es de materiais: Liga de a\u00e7o de alta resist\u00eancia (Q235\/Q345), a\u00e7o carbono ou pl\u00e1stico ABS de engenharia com comp\u00f3sitos refor\u00e7ados para variantes leves.<\/li>\n\n\n\n<li class=\"has-ast-global-color-2-color has-text-color has-link-color wp-elements-b716dd8aeab9c464bec9229566207d37\">Classifica\u00e7\u00e3o de dureza: 62-68HRC (p\u00f3s-carboneta\u00e7\u00e3o e t\u00eampera), com tratamento de nitreto opcional para uma melhor prote\u00e7\u00e3o da superf\u00edcie.<\/li>\n\n\n\n<li class=\"has-ast-global-color-2-color has-text-color has-link-color wp-elements-48a7de68b0a5cffe49ddcc66353ec71a\">Folga da sapata de prote\u00e7\u00e3o: 0,5-0,8 mm (ajust\u00e1vel atrav\u00e9s de parafusos de precis\u00e3o).<\/li>\n\n\n\n<li class=\"has-ast-global-color-2-color has-text-color has-link-color wp-elements-317183fc7e678753078a92eaeacf87ae\">Dimens\u00f5es do molde: Personaliz\u00e1veis (intervalos padr\u00e3o: comprimento 200-400mm, largura 100-200mm, altura 60-200mm; por exemplo, 240x115x53mm para tijolos s\u00f3lidos).<\/li>\n\n\n\n<li class=\"has-ast-global-color-2-color has-text-color has-link-color wp-elements-40def3b2b24248053e3727c1afccf5da\">Placa de suporte de rede: Aparafusada, substitu\u00edvel, com espessuras de 3-8mm para suporte estrutural.<\/li>\n\n\n\n<li class=\"has-ast-global-color-2-color has-text-color has-link-color wp-elements-eb83cea214779c935c796264c8548e00\">Sapata de prote\u00e7\u00e3o: Intercambi\u00e1vel, com revestimentos opcionais resistentes ao desgaste (por exemplo, inser\u00e7\u00f5es de carboneto ou cer\u00e2mica).<\/li>\n\n\n\n<li class=\"has-ast-global-color-2-color has-text-color has-link-color wp-elements-b94cab5dd5e50c1273b1816e9d91d4b0\">Desenho da folha de desenho: Opcional, com liberta\u00e7\u00e3o hidr\u00e1ulica ou manual para desmoldagem sem defeitos.<\/li>\n\n\n\n<li class=\"has-ast-global-color-2-color has-text-color has-link-color wp-elements-37e9145d6ece0cad27a6f55f209a04f1\">Compatibilidade: Adapta-se a sistemas de alta press\u00e3o (25-50 MPa), tipos de vibra\u00e7\u00e3o electromagn\u00e9tica ou de mesa, e tamanhos de paletes at\u00e9 1000x700mm.<\/li>\n\n\n\n<li class=\"has-ast-global-color-2-color has-text-color has-link-color wp-elements-7076a20133518a164ab67ab4ef24caaf\">Peso: 10-15 kg (dependendo do tamanho e do material; por exemplo, 11,8 kg para modelos padr\u00e3o em a\u00e7o-liga).<\/li>\n\n\n\n<li class=\"has-ast-global-color-2-color has-text-color has-link-color wp-elements-69461e2d84eeeca605b1c1fe2f7ca7b9\">Vida \u00fatil: 150.000-200.000 ciclos em condi\u00e7\u00f5es normais de utiliza\u00e7\u00e3o, com kits de manuten\u00e7\u00e3o dispon\u00edveis.<\/li>\n\n\n\n<li class=\"has-ast-global-color-2-color has-text-color has-link-color wp-elements-1eaff4c17510c2b137578fc829f2680a\">Tratamento de superf\u00edcie: Revestimento ep\u00f3xi anti-corros\u00e3o, polimento de precis\u00e3o (Ra &lt; 0,8\u03bcm) e galvaniza\u00e7\u00e3o opcional para ambientes agressivos.<\/li>\n\n\n\n<li class=\"has-ast-global-color-2-color has-text-color has-link-color wp-elements-de59881d62dd32ba2eb761d6ad88445b\">Gama de temperaturas de funcionamento: -20\u00b0C a 80\u00b0C, resistente \u00e0 expans\u00e3o t\u00e9rmica.<\/li>\n<\/ul>\n\n\n\n<p><mark style=\"background-color:rgba(0, 0, 0, 0)\" class=\"has-inline-color has-ast-global-color-2-color\"><strong>Especifica\u00e7\u00f5es de sa\u00edda<\/strong>:<\/mark><\/p>\n\n\n\n<ul class=\"wp-block-list\">\n<li class=\"has-ast-global-color-2-color has-text-color has-link-color wp-elements-d39785f64ec3e0f93b7bb48653e18221\">Compatibilidade de produ\u00e7\u00e3o: Permite a produ\u00e7\u00e3o de grandes volumes (por exemplo, 10.000-14.000 pe\u00e7as\/dia para tijolos maci\u00e7os quando emparelhado com m\u00e1quinas compat\u00edveis).<\/li>\n\n\n\n<li class=\"has-ast-global-color-2-color has-text-color has-link-color wp-elements-f5ad6d84913d52e0cd9d422e50468fd4\">Tipos de blocos personalizados: Tijolo maci\u00e7o (240x115x53mm), bloco padr\u00e3o (390x190x190mm), pedra de pavimenta\u00e7\u00e3o (240x160x60mm), com op\u00e7\u00f5es para variantes celulares, interlock e curb stone.<\/li>\n<\/ul>","protected":false},"featured_media":1869,"parent":0,"template":"","meta":{"_acf_changed":true,"site-sidebar-layout":"default","site-content-layout":"","ast-site-content-layout":"default","site-content-style":"default","site-sidebar-style":"default","ast-global-header-display":"","ast-banner-title-visibility":"","ast-main-header-display":"","ast-hfb-above-header-display":"","ast-hfb-below-header-display":"","ast-hfb-mobile-header-display":"","site-post-title":"","ast-breadcrumbs-content":"","ast-featured-img":"","footer-sml-layout":"","theme-transparent-header-meta":"","adv-header-id-meta":"","stick-header-meta":"","header-above-stick-meta":"","header-main-stick-meta":"","header-below-stick-meta":"","astra-migrate-meta-layouts":"set","ast-page-background-enabled":"default","ast-page-background-meta":{"desktop":{"background-color":"var(--ast-global-color-4)","background-image":"","background-repeat":"repeat","background-position":"center center","background-size":"auto","background-attachment":"scroll","background-type":"","background-media":"","overlay-type":"","overlay-color":"","overlay-opacity":"","overlay-gradient":""},"tablet":{"background-color":"","background-image":"","background-repeat":"repeat","background-position":"center center","background-size":"auto","background-attachment":"scroll","background-type":"","background-media":"","overlay-type":"","overlay-color":"","overlay-opacity":"","overlay-gradient":""},"mobile":{"background-color":"","background-image":"","background-repeat":"repeat","background-position":"center center","background-size":"auto","background-attachment":"scroll","background-type":"","background-media":"","overlay-type":"","overlay-color":"","overlay-opacity":"","overlay-gradient":""}},"ast-content-background-meta":{"desktop":{"background-color":"var(--ast-global-color-5)","background-image":"","background-repeat":"repeat","background-position":"center center","background-size":"auto","background-attachment":"scroll","background-type":"","background-media":"","overlay-type":"","overlay-color":"","overlay-opacity":"","overlay-gradient":""},"tablet":{"background-color":"var(--ast-global-color-5)","background-image":"","background-repeat":"repeat","background-position":"center center","background-size":"auto","background-attachment":"scroll","background-type":"","background-media":"","overlay-type":"","overlay-color":"","overlay-opacity":"","overlay-gradient":""},"mobile":{"background-color":"var(--ast-global-color-5)","background-image":"","background-repeat":"repeat","background-position":"center center","background-size":"auto","background-attachment":"scroll","background-type":"","background-media":"","overlay-type":"","overlay-color":"","overlay-opacity":"","overlay-gradient":""}}},"product-categores":[79],"class_list":["post-2321","product","type-product","status-publish","has-post-thumbnail","hentry","product-categores-brick-machine-molds"],"acf":[],"_links":{"self":[{"href":"https:\/\/www.sotopmachine.com\/pt\/wp-json\/wp\/v2\/product\/2321","targetHints":{"allow":["GET"]}}],"collection":[{"href":"https:\/\/www.sotopmachine.com\/pt\/wp-json\/wp\/v2\/product"}],"about":[{"href":"https:\/\/www.sotopmachine.com\/pt\/wp-json\/wp\/v2\/types\/product"}],"wp:featuredmedia":[{"embeddable":true,"href":"https:\/\/www.sotopmachine.com\/pt\/wp-json\/wp\/v2\/media\/1869"}],"wp:attachment":[{"href":"https:\/\/www.sotopmachine.com\/pt\/wp-json\/wp\/v2\/media?parent=2321"}],"wp:term":[{"taxonomy":"product-categores","embeddable":true,"href":"https:\/\/www.sotopmachine.com\/pt\/wp-json\/wp\/v2\/product-categores?post=2321"}],"curies":[{"name":"wp","href":"https:\/\/api.w.org\/{rel}","templated":true}]}}