{"id":2331,"date":"2025-09-01T16:03:25","date_gmt":"2025-09-01T16:03:25","guid":{"rendered":"https:\/\/www.sotopmachine.com\/?post_type=product&#038;p=2331"},"modified":"2025-09-01T16:03:27","modified_gmt":"2025-09-01T16:03:27","slug":"paving-brick-molds","status":"publish","type":"product","link":"https:\/\/www.sotopmachine.com\/pt\/product\/paving-brick-molds\/","title":{"rendered":"Moldes para tijolos de pavimenta\u00e7\u00e3o"},"content":{"rendered":"<p class=\"has-ast-global-color-2-color has-text-color has-link-color wp-elements-fb8f9efbb8e0ce09e23a094f918ea23a\"><strong>Especifica\u00e7\u00f5es t\u00e9cnicas<\/strong>:<\/p>\n\n\n\n<ul class=\"wp-block-list\">\n<li class=\"has-ast-global-color-2-color has-text-color has-link-color wp-elements-565d3f61ec1b2b89e18148863d7a760c\">Op\u00e7\u00f5es de materiais: Liga de a\u00e7o de alta resist\u00eancia (Q235\/Q345), pl\u00e1stico de engenharia ABS com estabiliza\u00e7\u00e3o UV ou comp\u00f3sitos h\u00edbridos para climas espec\u00edficos.<\/li>\n\n\n\n<li class=\"has-ast-global-color-2-color has-text-color has-link-color wp-elements-638345ef3f4a4fe02bef1a4b207c5cf5\">Classifica\u00e7\u00e3o de dureza: 62-68HRC (p\u00f3s-carboneta\u00e7\u00e3o e t\u00eampera), com nitrura\u00e7\u00e3o ou cromagem opcionais para maior prote\u00e7\u00e3o.<\/li>\n\n\n\n<li class=\"has-ast-global-color-2-color has-text-color has-link-color wp-elements-3ac2924093eff831a2de5b6e32c07eed\">Folga da sapata de prote\u00e7\u00e3o: 0,5-0,8 mm (ajust\u00e1vel com precis\u00e3o).<\/li>\n\n\n\n<li class=\"has-ast-global-color-2-color has-text-color has-link-color wp-elements-64f6ad4b563f092a6454080f3145fce8\">Dimens\u00f5es do molde: Personaliz\u00e1veis (tamanhos padr\u00e3o: 200x100x60mm, 240x160x60mm, 300x300x80mm; intervalo de comprimento 200-400mm, espessura 3-8mm).<\/li>\n\n\n\n<li class=\"has-ast-global-color-2-color has-text-color has-link-color wp-elements-12c46255a0f3d318f7834664b21d476d\">Placa de suporte de rede: Aparafusada, substitu\u00edvel, com espessuras de 3-10mm para suporte estrutural.<\/li>\n\n\n\n<li class=\"has-ast-global-color-2-color has-text-color has-link-color wp-elements-0a21e022b19b11385617bb6ce065e588\">Sapata de prote\u00e7\u00e3o: Intercambi\u00e1vel, com inser\u00e7\u00f5es opcionais de carboneto ou cer\u00e2mica para resist\u00eancia ao desgaste.<\/li>\n\n\n\n<li class=\"has-ast-global-color-2-color has-text-color has-link-color wp-elements-de01d2d4d21e15db45b2d6efb69014a8\">Desenho da folha de desenho: Opcional, com liberta\u00e7\u00e3o hidr\u00e1ulica ou manual para uma desmoldagem suave.<\/li>\n\n\n\n<li class=\"has-ast-global-color-2-color has-text-color has-link-color wp-elements-56e0a77e055c43c2454eb4d3fc5a7ff1\">Compatibilidade: Suporta sistemas de alta press\u00e3o (25-50 MPa), vibra\u00e7\u00e3o electromagn\u00e9tica ou de mesa, e tamanhos de paletes at\u00e9 1100x800mm.<\/li>\n\n\n\n<li class=\"has-ast-global-color-2-color has-text-color has-link-color wp-elements-ccb2802418ca4cbd02c0d2ad0ad66921\">Peso: 10-18 kg (dependendo do tamanho e do material; por exemplo, 12,5 kg para modelos padr\u00e3o em a\u00e7o-liga).<\/li>\n\n\n\n<li class=\"has-ast-global-color-2-color has-text-color has-link-color wp-elements-01c21dfd2ec42e93f845fddc05a53c2a\">Vida \u00fatil: 150 000-200 000 ciclos com cuidados adequados, com kits de manuten\u00e7\u00e3o dispon\u00edveis.<\/li>\n\n\n\n<li class=\"has-ast-global-color-2-color has-text-color has-link-color wp-elements-7516ff8adbe41583037f78454cf2e8ef\">Tratamento de superf\u00edcie: Revestimento ep\u00f3xi resistente aos UV, polimento de precis\u00e3o (Ra &lt; 0,8\u03bcm) e texturiza\u00e7\u00e3o antiderrapante opcional.<\/li>\n\n\n\n<li class=\"has-ast-global-color-2-color has-text-color has-link-color wp-elements-18b2e42a777d3dac78aeb496030664c4\">Gama de temperaturas de funcionamento: -30\u00b0C a 90\u00b0C, resistente \u00e0 degrada\u00e7\u00e3o t\u00e9rmica e UV.<\/li>\n<\/ul>\n\n\n\n<p><strong>Especifica\u00e7\u00f5es de sa\u00edda<\/strong>:<\/p>\n\n\n\n<ul class=\"wp-block-list has-ast-global-color-2-color has-text-color has-link-color wp-elements-185bf8b71b93a3067c5e361cf0e0f3bd\">\n<li>Compatibilidade de produ\u00e7\u00e3o: Permite a produ\u00e7\u00e3o de grandes volumes (por exemplo, 12.000-14.000 pe\u00e7as\/dia para tijolos de pavimenta\u00e7\u00e3o quando emparelhado com m\u00e1quinas compat\u00edveis).<\/li>\n\n\n\n<li>Tipos de blocos personalizados: Tijolos de pavimenta\u00e7\u00e3o (200x100x60mm, 240x160x60mm, 300x300x80mm), padr\u00f5es de interbloqueio (por exemplo, espinha de peixe, rede de cestos) e lancis, com op\u00e7\u00f5es de acabamentos texturados ou coloridos.<\/li>\n<\/ul>","protected":false},"featured_media":1872,"parent":0,"template":"","meta":{"_acf_changed":true,"site-sidebar-layout":"default","site-content-layout":"","ast-site-content-layout":"default","site-content-style":"default","site-sidebar-style":"default","ast-global-header-display":"","ast-banner-title-visibility":"","ast-main-header-display":"","ast-hfb-above-header-display":"","ast-hfb-below-header-display":"","ast-hfb-mobile-header-display":"","site-post-title":"","ast-breadcrumbs-content":"","ast-featured-img":"","footer-sml-layout":"","theme-transparent-header-meta":"","adv-header-id-meta":"","stick-header-meta":"","header-above-stick-meta":"","header-main-stick-meta":"","header-below-stick-meta":"","astra-migrate-meta-layouts":"set","ast-page-background-enabled":"default","ast-page-background-meta":{"desktop":{"background-color":"var(--ast-global-color-4)","background-image":"","background-repeat":"repeat","background-position":"center center","background-size":"auto","background-attachment":"scroll","background-type":"","background-media":"","overlay-type":"","overlay-color":"","overlay-opacity":"","overlay-gradient":""},"tablet":{"background-color":"","background-image":"","background-repeat":"repeat","background-position":"center center","background-size":"auto","background-attachment":"scroll","background-type":"","background-media":"","overlay-type":"","overlay-color":"","overlay-opacity":"","overlay-gradient":""},"mobile":{"background-color":"","background-image":"","background-repeat":"repeat","background-position":"center center","background-size":"auto","background-attachment":"scroll","background-type":"","background-media":"","overlay-type":"","overlay-color":"","overlay-opacity":"","overlay-gradient":""}},"ast-content-background-meta":{"desktop":{"background-color":"var(--ast-global-color-5)","background-image":"","background-repeat":"repeat","background-position":"center center","background-size":"auto","background-attachment":"scroll","background-type":"","background-media":"","overlay-type":"","overlay-color":"","overlay-opacity":"","overlay-gradient":""},"tablet":{"background-color":"var(--ast-global-color-5)","background-image":"","background-repeat":"repeat","background-position":"center center","background-size":"auto","background-attachment":"scroll","background-type":"","background-media":"","overlay-type":"","overlay-color":"","overlay-opacity":"","overlay-gradient":""},"mobile":{"background-color":"var(--ast-global-color-5)","background-image":"","background-repeat":"repeat","background-position":"center center","background-size":"auto","background-attachment":"scroll","background-type":"","background-media":"","overlay-type":"","overlay-color":"","overlay-opacity":"","overlay-gradient":""}}},"product-categores":[79],"class_list":["post-2331","product","type-product","status-publish","has-post-thumbnail","hentry","product-categores-brick-machine-molds"],"acf":[],"_links":{"self":[{"href":"https:\/\/www.sotopmachine.com\/pt\/wp-json\/wp\/v2\/product\/2331","targetHints":{"allow":["GET"]}}],"collection":[{"href":"https:\/\/www.sotopmachine.com\/pt\/wp-json\/wp\/v2\/product"}],"about":[{"href":"https:\/\/www.sotopmachine.com\/pt\/wp-json\/wp\/v2\/types\/product"}],"wp:featuredmedia":[{"embeddable":true,"href":"https:\/\/www.sotopmachine.com\/pt\/wp-json\/wp\/v2\/media\/1872"}],"wp:attachment":[{"href":"https:\/\/www.sotopmachine.com\/pt\/wp-json\/wp\/v2\/media?parent=2331"}],"wp:term":[{"taxonomy":"product-categores","embeddable":true,"href":"https:\/\/www.sotopmachine.com\/pt\/wp-json\/wp\/v2\/product-categores?post=2331"}],"curies":[{"name":"wp","href":"https:\/\/api.w.org\/{rel}","templated":true}]}}