{"id":2357,"date":"2025-11-19T15:58:44","date_gmt":"2025-11-19T15:58:44","guid":{"rendered":"https:\/\/www.sotopmachine.com\/?post_type=product&#038;p=2357"},"modified":"2025-11-19T15:58:45","modified_gmt":"2025-11-19T15:58:45","slug":"interlocking-brick-molds","status":"publish","type":"product","link":"https:\/\/www.sotopmachine.com\/pt\/product\/interlocking-brick-molds\/","title":{"rendered":"Moldes de tijolos interligados"},"content":{"rendered":"<p><strong>Especifica\u00e7\u00f5es t\u00e9cnicas<\/strong>:<\/p>\n\n\n\n<ul class=\"wp-block-list\">\n<li>Op\u00e7\u00f5es de material: Liga de a\u00e7o de alta resist\u00eancia (Q235\/Q345), pl\u00e1stico de polipropileno (PP) ou pl\u00e1stico de engenharia ABS estabilizado aos raios UV para variantes leves.<\/li>\n\n\n\n<li>Classifica\u00e7\u00e3o de dureza: 62-68HRC (p\u00f3s-carboneta\u00e7\u00e3o e t\u00eampera), com tratamento opcional de nitreto para maior prote\u00e7\u00e3o contra o desgaste.<\/li>\n\n\n\n<li>Folga da sapata de tamper: 0,5-0,8 mm (ajust\u00e1vel para uma compacta\u00e7\u00e3o precisa).<\/li>\n\n\n\n<li>Dimens\u00f5es do molde: Personaliz\u00e1veis (tamanhos padr\u00e3o: 400x200x200mm para tijolos ocos de interbloqueio, 240x160x60mm para tijolos de pavimenta\u00e7\u00e3o; intervalo de comprimento 200-400mm, espessura 3-8mm).<\/li>\n\n\n\n<li>Placa de suporte de rede: Aparafusada, substitu\u00edvel, com espessuras de 3 a 10 mm e refor\u00e7os de canto em forma de I para um encadeamento semelhante a uma corrente.<\/li>\n\n\n\n<li>Sapata de prote\u00e7\u00e3o: Intercambi\u00e1vel, com inser\u00e7\u00f5es opcionais de carboneto ou arestas chanfradas (2 cm) para evitar danos.<\/li>\n\n\n\n<li>Desenho de folha de desenho: Opcional, com liberta\u00e7\u00e3o hidr\u00e1ulica ou manual para uma desmoldagem perfeita.<\/li>\n\n\n\n<li>Compatibilidade: Suporta sistemas de alta press\u00e3o (25-50 MPa), vibra\u00e7\u00e3o electromagn\u00e9tica ou de mesa, e tamanhos de paletes at\u00e9 1100x800mm.<\/li>\n\n\n\n<li>Peso: 10-20 kg (dependendo do tamanho e do material; por exemplo, 12 kg para modelos de pl\u00e1stico PP).<\/li>\n\n\n\n<li>Vida \u00fatil: 150.000-200.000 ciclos (at\u00e9 50+ reutiliza\u00e7\u00f5es para as variantes de pl\u00e1stico), com kits de manuten\u00e7\u00e3o dispon\u00edveis.<\/li>\n\n\n\n<li>Tratamento de superf\u00edcie: Revestimento ep\u00f3xi resistente aos raios UV, polimento de precis\u00e3o (Ra &lt; 0,8\u03bcm) e texturiza\u00e7\u00e3o ou galvaniza\u00e7\u00e3o antiderrapante opcional.<\/li>\n\n\n\n<li>Gama de temperaturas de funcionamento: -30\u00b0C a 90\u00b0C, com resist\u00eancia aos raios UV para durabilidade no exterior.<\/li>\n<\/ul>\n\n\n\n<p><strong>Especifica\u00e7\u00f5es de sa\u00edda<\/strong>:<\/p>\n\n\n\n<ul class=\"wp-block-list\">\n<li>Compatibilidade de produ\u00e7\u00e3o: Permite a produ\u00e7\u00e3o de grandes volumes (por exemplo, 8.000-12.000 pe\u00e7as\/dia para tijolos de encravamento quando emparelhados com m\u00e1quinas compat\u00edveis).<\/li>\n\n\n\n<li>Tipos de blocos personalizados: Tijolo oco com interbloqueio (400x200x200mm), interbloqueio para pavimenta\u00e7\u00e3o (240x160x60mm), bloco estilo Lego (com pregos para empilhar) e bloqueios de cal\u00e7ada, com op\u00e7\u00f5es de acabamentos texturados ou coloridos.<\/li>\n<\/ul>\n\n\n\n<p><\/p>","protected":false},"featured_media":1875,"parent":0,"template":"","meta":{"_acf_changed":true,"site-sidebar-layout":"default","site-content-layout":"","ast-site-content-layout":"default","site-content-style":"default","site-sidebar-style":"default","ast-global-header-display":"","ast-banner-title-visibility":"","ast-main-header-display":"","ast-hfb-above-header-display":"","ast-hfb-below-header-display":"","ast-hfb-mobile-header-display":"","site-post-title":"","ast-breadcrumbs-content":"","ast-featured-img":"","footer-sml-layout":"","theme-transparent-header-meta":"","adv-header-id-meta":"","stick-header-meta":"","header-above-stick-meta":"","header-main-stick-meta":"","header-below-stick-meta":"","astra-migrate-meta-layouts":"set","ast-page-background-enabled":"default","ast-page-background-meta":{"desktop":{"background-color":"var(--ast-global-color-4)","background-image":"","background-repeat":"repeat","background-position":"center center","background-size":"auto","background-attachment":"scroll","background-type":"","background-media":"","overlay-type":"","overlay-color":"","overlay-opacity":"","overlay-gradient":""},"tablet":{"background-color":"","background-image":"","background-repeat":"repeat","background-position":"center center","background-size":"auto","background-attachment":"scroll","background-type":"","background-media":"","overlay-type":"","overlay-color":"","overlay-opacity":"","overlay-gradient":""},"mobile":{"background-color":"","background-image":"","background-repeat":"repeat","background-position":"center center","background-size":"auto","background-attachment":"scroll","background-type":"","background-media":"","overlay-type":"","overlay-color":"","overlay-opacity":"","overlay-gradient":""}},"ast-content-background-meta":{"desktop":{"background-color":"var(--ast-global-color-5)","background-image":"","background-repeat":"repeat","background-position":"center center","background-size":"auto","background-attachment":"scroll","background-type":"","background-media":"","overlay-type":"","overlay-color":"","overlay-opacity":"","overlay-gradient":""},"tablet":{"background-color":"var(--ast-global-color-5)","background-image":"","background-repeat":"repeat","background-position":"center center","background-size":"auto","background-attachment":"scroll","background-type":"","background-media":"","overlay-type":"","overlay-color":"","overlay-opacity":"","overlay-gradient":""},"mobile":{"background-color":"var(--ast-global-color-5)","background-image":"","background-repeat":"repeat","background-position":"center center","background-size":"auto","background-attachment":"scroll","background-type":"","background-media":"","overlay-type":"","overlay-color":"","overlay-opacity":"","overlay-gradient":""}}},"product-categores":[79],"class_list":["post-2357","product","type-product","status-publish","has-post-thumbnail","hentry","product-categores-brick-machine-molds"],"acf":[],"_links":{"self":[{"href":"https:\/\/www.sotopmachine.com\/pt\/wp-json\/wp\/v2\/product\/2357","targetHints":{"allow":["GET"]}}],"collection":[{"href":"https:\/\/www.sotopmachine.com\/pt\/wp-json\/wp\/v2\/product"}],"about":[{"href":"https:\/\/www.sotopmachine.com\/pt\/wp-json\/wp\/v2\/types\/product"}],"wp:featuredmedia":[{"embeddable":true,"href":"https:\/\/www.sotopmachine.com\/pt\/wp-json\/wp\/v2\/media\/1875"}],"wp:attachment":[{"href":"https:\/\/www.sotopmachine.com\/pt\/wp-json\/wp\/v2\/media?parent=2357"}],"wp:term":[{"taxonomy":"product-categores","embeddable":true,"href":"https:\/\/www.sotopmachine.com\/pt\/wp-json\/wp\/v2\/product-categores?post=2357"}],"curies":[{"name":"wp","href":"https:\/\/api.w.org\/{rel}","templated":true}]}}