{"id":2040,"date":"2025-08-20T13:29:13","date_gmt":"2025-08-20T13:29:13","guid":{"rendered":"https:\/\/www.sotopmachine.com\/?post_type=product&#038;p=2040"},"modified":"2025-08-31T07:10:25","modified_gmt":"2025-08-31T07:10:25","slug":"automatic-concrete-brick-making-machine-kt10-15","status":"publish","type":"product","link":"https:\/\/www.sotopmachine.com\/tr\/product\/automatic-concrete-brick-making-machine-kt10-15\/","title":{"rendered":"Otomatik beton tu\u011fla yapma makinesi-KT10-15"},"content":{"rendered":"<figure class=\"wp-block-table\"><table class=\"has-fixed-layout\"><tbody><tr><td class=\"has-text-align-center\" data-align=\"center\">Ana makinenin boyutu<\/td><td class=\"has-text-align-center\" data-align=\"center\">3200 x 2510 x 2750 mm<\/td><td class=\"has-text-align-center\" data-align=\"center\">Ana makine G\u00fcc\u00fc<\/td><td class=\"has-text-align-center\" data-align=\"center\">53(kw)<\/td><\/tr><tr><td class=\"has-text-align-center\" data-align=\"center\">Kal\u0131plama alan\u0131<\/td><td class=\"has-text-align-center\" data-align=\"center\">800 x 1100 mm<\/td><td class=\"has-text-align-center\" data-align=\"center\">Titre\u015fim kuvveti<\/td><td class=\"has-text-align-center\" data-align=\"center\">75-110 (KN)<\/td><\/tr><tr><td class=\"has-text-align-center\" data-align=\"center\">Kal\u0131plama s\u00fcresi<\/td><td class=\"has-text-align-center\" data-align=\"center\">15-20(S)<\/td><td class=\"has-text-align-center\" data-align=\"center\">Titre\u015fim sekmesi<\/td><td class=\"has-text-align-center\" data-align=\"center\">Servo Motor Titre\u015fimi<\/td><\/tr><tr><td class=\"has-text-align-center\" data-align=\"center\">Kontrol Sistemi<\/td><td class=\"has-text-align-center\" data-align=\"center\">PLC Kontrol\u00fc<\/td><td class=\"has-text-align-center\" data-align=\"center\">Hidrolik Sistem<\/td><td class=\"has-text-align-center\" data-align=\"center\">Entegre Hidrolik Kontrol<\/td><\/tr><tr><td class=\"has-text-align-center\" data-align=\"center\">Palet \u00f6zellikleri<\/td><td class=\"has-text-align-center\" data-align=\"center\">1250 x 860 x 20\/25 mm<\/td><td class=\"has-text-align-center\" data-align=\"center\">Kapasite<\/td><td class=\"has-text-align-center\" data-align=\"center\">110 kVA<\/td><\/tr><tr><td class=\"has-text-align-center\" data-align=\"center\">Makine a\u011f\u0131rl\u0131\u011f\u0131<\/td><td class=\"has-text-align-center\" data-align=\"center\">11.8(T)<\/td><td class=\"has-text-align-center\" data-align=\"center\">Mikser modeli<\/td><td class=\"has-text-align-center\" data-align=\"center\">JS1000\/JS1500<\/td><\/tr><\/tbody><\/table><\/figure>\n\n\n\n<figure class=\"wp-block-table aligncenter\"><table class=\"has-fixed-layout\"><tbody><tr><td class=\"has-text-align-center\" data-align=\"center\">Tip (kat\u0131\/i\u00e7i bo\u015f)<\/td><td class=\"has-text-align-center\" data-align=\"center\">\u00d6zellikler (mm)<\/td><td class=\"has-text-align-center\" data-align=\"center\">Adet\/kal\u0131p<\/td><td class=\"has-text-align-center\" data-align=\"center\">S\/Kal\u0131p<\/td><td class=\"has-text-align-center\" data-align=\"center\">Adet\/Saat<\/td><td class=\"has-text-align-center\" data-align=\"center\">8 saat\/ders \u00c7\u0131kt\u0131<\/td><\/tr><tr><td class=\"has-text-align-center\" data-align=\"center\"><img decoding=\"async\" width=\"40\" height=\"40\" class=\"wp-image-2200\" style=\"width: 40px;\" src=\"https:\/\/www.sotopmachine.com\/wp-content\/uploads\/2025\/08\/solid-brick.webp\" alt=\"\" srcset=\"https:\/\/www.sotopmachine.com\/wp-content\/uploads\/2025\/08\/solid-brick.webp 255w, https:\/\/www.sotopmachine.com\/wp-content\/uploads\/2025\/08\/solid-brick-150x150.webp 150w\" sizes=\"(max-width: 40px) 100vw, 40px\" \/><\/td><td class=\"has-text-align-center\" data-align=\"center\">240 x 115 x 53<\/td><td class=\"has-text-align-center\" data-align=\"center\">54<\/td><td class=\"has-text-align-center\" data-align=\"center\">15-20<\/td><td class=\"has-text-align-center\" data-align=\"center\">10000-13000<\/td><td class=\"has-text-align-center\" data-align=\"center\">80000-104000<\/td><\/tr><tr><td class=\"has-text-align-center\" data-align=\"center\"><img decoding=\"async\" width=\"40\" height=\"40\" class=\"wp-image-2262\" style=\"width: 40px;\" src=\"https:\/\/www.sotopmachine.com\/wp-content\/uploads\/2025\/08\/hollow-BRICK.webp\" alt=\"\" srcset=\"https:\/\/www.sotopmachine.com\/wp-content\/uploads\/2025\/08\/hollow-BRICK.webp 255w, https:\/\/www.sotopmachine.com\/wp-content\/uploads\/2025\/08\/hollow-BRICK-150x150.webp 150w\" sizes=\"(max-width: 40px) 100vw, 40px\" \/><\/td><td class=\"has-text-align-center\" data-align=\"center\">390 x 190 x 190<\/td><td class=\"has-text-align-center\" data-align=\"center\">10<\/td><td class=\"has-text-align-center\" data-align=\"center\">15-20<\/td><td class=\"has-text-align-center\" data-align=\"center\">1800-2400<\/td><td class=\"has-text-align-center\" data-align=\"center\">14000-19200<\/td><\/tr><tr><td class=\"has-text-align-center\" data-align=\"center\"><img decoding=\"async\" width=\"40\" height=\"40\" class=\"wp-image-2263\" style=\"width: 40px;\" src=\"https:\/\/www.sotopmachine.com\/wp-content\/uploads\/2025\/08\/8-hole-hollow-brick.webp\" alt=\"\" srcset=\"https:\/\/www.sotopmachine.com\/wp-content\/uploads\/2025\/08\/8-hole-hollow-brick.webp 255w, https:\/\/www.sotopmachine.com\/wp-content\/uploads\/2025\/08\/8-hole-hollow-brick-150x150.webp 150w\" sizes=\"(max-width: 40px) 100vw, 40px\" \/><\/td><td class=\"has-text-align-center\" data-align=\"center\">240 x 115 x 90<\/td><td class=\"has-text-align-center\" data-align=\"center\">27<\/td><td class=\"has-text-align-center\" data-align=\"center\">15-20<\/td><td class=\"has-text-align-center\" data-align=\"center\">4860-6480<\/td><td class=\"has-text-align-center\" data-align=\"center\">38880-51840<\/td><\/tr><tr><td class=\"has-text-align-center\" data-align=\"center\"><img loading=\"lazy\" decoding=\"async\" width=\"40\" height=\"40\" class=\"wp-image-2264\" style=\"width: 40px;\" src=\"https:\/\/www.sotopmachine.com\/wp-content\/uploads\/2025\/08\/150x100x100.webp\" alt=\"\" srcset=\"https:\/\/www.sotopmachine.com\/wp-content\/uploads\/2025\/08\/150x100x100.webp 255w, https:\/\/www.sotopmachine.com\/wp-content\/uploads\/2025\/08\/150x100x100-150x150.webp 150w\" sizes=\"(max-width: 40px) 100vw, 40px\" \/><\/td><td class=\"has-text-align-center\" data-align=\"center\">150x100x100<\/td><td class=\"has-text-align-center\" data-align=\"center\">42<\/td><td class=\"has-text-align-center\" data-align=\"center\">15-20<\/td><td class=\"has-text-align-center\" data-align=\"center\">7560-10080<\/td><td class=\"has-text-align-center\" data-align=\"center\">60480-80640<\/td><\/tr><tr><td class=\"has-text-align-center\" data-align=\"center\"><img loading=\"lazy\" decoding=\"async\" width=\"40\" height=\"40\" class=\"wp-image-2265\" style=\"width: 40px;\" src=\"https:\/\/www.sotopmachine.com\/wp-content\/uploads\/2025\/08\/190x190x190.webp\" alt=\"\" srcset=\"https:\/\/www.sotopmachine.com\/wp-content\/uploads\/2025\/08\/190x190x190.webp 255w, https:\/\/www.sotopmachine.com\/wp-content\/uploads\/2025\/08\/190x190x190-150x150.webp 150w\" sizes=\"(max-width: 40px) 100vw, 40px\" \/><\/td><td class=\"has-text-align-center\" data-align=\"center\">190x190x190<br><\/td><td class=\"has-text-align-center\" data-align=\"center\">20<\/td><td class=\"has-text-align-center\" data-align=\"center\">15-20<\/td><td class=\"has-text-align-center\" data-align=\"center\">3600-4800<\/td><td class=\"has-text-align-center\" data-align=\"center\">2800-38400<\/td><\/tr><tr><td class=\"has-text-align-center\" data-align=\"center\"><img loading=\"lazy\" decoding=\"async\" width=\"40\" height=\"40\" class=\"wp-image-2266\" style=\"width: 40px;\" src=\"https:\/\/www.sotopmachine.com\/wp-content\/uploads\/2025\/08\/Solid-lawn-bricks.webp\" alt=\"\" srcset=\"https:\/\/www.sotopmachine.com\/wp-content\/uploads\/2025\/08\/Solid-lawn-bricks.webp 255w, https:\/\/www.sotopmachine.com\/wp-content\/uploads\/2025\/08\/Solid-lawn-bricks-150x150.webp 150w\" sizes=\"(max-width: 40px) 100vw, 40px\" \/><\/td><td class=\"has-text-align-center\" data-align=\"center\">200x100x60<\/td><td class=\"has-text-align-center\" data-align=\"center\">35<\/td><td class=\"has-text-align-center\" data-align=\"center\">20-25<\/td><td class=\"has-text-align-center\" data-align=\"center\">5040-6300<\/td><td class=\"has-text-align-center\" data-align=\"center\">40320-50400<\/td><\/tr><tr><td class=\"has-text-align-center\" data-align=\"center\"><img loading=\"lazy\" decoding=\"async\" width=\"40\" height=\"40\" class=\"wp-image-2267\" style=\"width: 40px;\" src=\"https:\/\/www.sotopmachine.com\/wp-content\/uploads\/2025\/08\/lawn-bricks.webp\" alt=\"\" srcset=\"https:\/\/www.sotopmachine.com\/wp-content\/uploads\/2025\/08\/lawn-bricks.webp 255w, https:\/\/www.sotopmachine.com\/wp-content\/uploads\/2025\/08\/lawn-bricks-150x150.webp 150w\" sizes=\"(max-width: 40px) 100vw, 40px\" \/><\/td><td class=\"has-text-align-center\" data-align=\"center\">200x200x60<\/td><td class=\"has-text-align-center\" data-align=\"center\">15<\/td><td class=\"has-text-align-center\" data-align=\"center\">20-25<\/td><td class=\"has-text-align-center\" data-align=\"center\">2160-2700<\/td><td class=\"has-text-align-center\" data-align=\"center\">17280-21600<\/td><\/tr><\/tbody><\/table><\/figure>","protected":false},"featured_media":2041,"parent":0,"template":"","meta":{"_acf_changed":false,"site-sidebar-layout":"default","site-content-layout":"","ast-site-content-layout":"default","site-content-style":"default","site-sidebar-style":"default","ast-global-header-display":"","ast-banner-title-visibility":"","ast-main-header-display":"","ast-hfb-above-header-display":"","ast-hfb-below-header-display":"","ast-hfb-mobile-header-display":"","site-post-title":"","ast-breadcrumbs-content":"","ast-featured-img":"","footer-sml-layout":"","theme-transparent-header-meta":"","adv-header-id-meta":"","stick-header-meta":"","header-above-stick-meta":"","header-main-stick-meta":"","header-below-stick-meta":"","astra-migrate-meta-layouts":"set","ast-page-background-enabled":"default","ast-page-background-meta":{"desktop":{"background-color":"var(--ast-global-color-4)","background-image":"","background-repeat":"repeat","background-position":"center center","background-size":"auto","background-attachment":"scroll","background-type":"","background-media":"","overlay-type":"","overlay-color":"","overlay-opacity":"","overlay-gradient":""},"tablet":{"background-color":"","background-image":"","background-repeat":"repeat","background-position":"center center","background-size":"auto","background-attachment":"scroll","background-type":"","background-media":"","overlay-type":"","overlay-color":"","overlay-opacity":"","overlay-gradient":""},"mobile":{"background-color":"","background-image":"","background-repeat":"repeat","background-position":"center center","background-size":"auto","background-attachment":"scroll","background-type":"","background-media":"","overlay-type":"","overlay-color":"","overlay-opacity":"","overlay-gradient":""}},"ast-content-background-meta":{"desktop":{"background-color":"var(--ast-global-color-5)","background-image":"","background-repeat":"repeat","background-position":"center center","background-size":"auto","background-attachment":"scroll","background-type":"","background-media":"","overlay-type":"","overlay-color":"","overlay-opacity":"","overlay-gradient":""},"tablet":{"background-color":"var(--ast-global-color-5)","background-image":"","background-repeat":"repeat","background-position":"center center","background-size":"auto","background-attachment":"scroll","background-type":"","background-media":"","overlay-type":"","overlay-color":"","overlay-opacity":"","overlay-gradient":""},"mobile":{"background-color":"var(--ast-global-color-5)","background-image":"","background-repeat":"repeat","background-position":"center center","background-size":"auto","background-attachment":"scroll","background-type":"","background-media":"","overlay-type":"","overlay-color":"","overlay-opacity":"","overlay-gradient":""}}},"product-categores":[78],"class_list":["post-2040","product","type-product","status-publish","has-post-thumbnail","hentry","product-categores-brick-machine"],"acf":[],"_links":{"self":[{"href":"https:\/\/www.sotopmachine.com\/tr\/wp-json\/wp\/v2\/product\/2040","targetHints":{"allow":["GET"]}}],"collection":[{"href":"https:\/\/www.sotopmachine.com\/tr\/wp-json\/wp\/v2\/product"}],"about":[{"href":"https:\/\/www.sotopmachine.com\/tr\/wp-json\/wp\/v2\/types\/product"}],"wp:featuredmedia":[{"embeddable":true,"href":"https:\/\/www.sotopmachine.com\/tr\/wp-json\/wp\/v2\/media\/2041"}],"wp:attachment":[{"href":"https:\/\/www.sotopmachine.com\/tr\/wp-json\/wp\/v2\/media?parent=2040"}],"wp:term":[{"taxonomy":"product-categores","embeddable":true,"href":"https:\/\/www.sotopmachine.com\/tr\/wp-json\/wp\/v2\/product-categores?post=2040"}],"curies":[{"name":"wp","href":"https:\/\/api.w.org\/{rel}","templated":true}]}}