{"id":2320,"date":"2025-09-01T15:20:09","date_gmt":"2025-09-01T15:20:09","guid":{"rendered":"https:\/\/www.sotopmachine.com\/?post_type=product&#038;p=2320"},"modified":"2025-09-01T15:20:11","modified_gmt":"2025-09-01T15:20:11","slug":"hollow-block-molds","status":"publish","type":"product","link":"https:\/\/www.sotopmachine.com\/tr\/product\/hollow-block-molds\/","title":{"rendered":"\u0130\u00e7i Bo\u015f Blok Kal\u0131plar\u0131"},"content":{"rendered":"<p>SOTOP \u0130\u00e7i Bo\u015f Blok Kal\u0131plar\u0131, toprak, \u00e7ak\u0131l, \u00e7imento, agrega ve end\u00fcstriyel at\u0131klar dahil olmak \u00fczere \u00e7e\u015fitli hammaddeler i\u00e7in \u00e7ok y\u00f6nl\u00fcd\u00fcr ve in\u015faat ve peyzaj i\u00e7in \u00e7evre dostu, y\u00fcksek mukavemetli bloklar \u00fcretir. T\u00fcm bunlar, \u00f6nde gelen i\u00e7i bo\u015f blok kal\u0131p \u00fcreticisinden sa\u011flanmaktad\u0131r.<\/p>\n\n\n\n<p><strong>Teknik \u00d6zellikler<\/strong>:<\/p>\n\n\n\n<ul class=\"wp-block-list\">\n<li>Malzeme Se\u00e7enekleri: Y\u00fcksek kaliteli a\u015f\u0131nmaya dayan\u0131kl\u0131 ala\u015f\u0131ml\u0131 \u00e7elik, \u00e7imento bazl\u0131 m\u00fchendislik ABS plastik veya \u00f6zelle\u015ftirilebilir hibritler.<\/li>\n\n\n\n<li>Sertlik Derecesi: 62-68HRC (a\u015f\u0131r\u0131 dayan\u0131kl\u0131l\u0131k i\u00e7in sertle\u015ftirilmi\u015f).<\/li>\n\n\n\n<li>S\u0131k\u0131\u015ft\u0131rma Ayakkab\u0131s\u0131 Bo\u015flu\u011fu: 0,5-0,8 mm (optimum s\u0131k\u0131\u015ft\u0131rma i\u00e7in ayarlanabilir).<\/li>\n\n\n\n<li>Kal\u0131p Boyutlar\u0131: \u00d6zelle\u015ftirilebilir (\u00f6rne\u011fin, standart boyutlar: i\u00e7i bo\u015f tu\u011flalar i\u00e7in 390x190x190 mm, kald\u0131r\u0131m ta\u015flar\u0131 i\u00e7in 240x160x60 mm; uzunluk aral\u0131\u011f\u0131 120-400 mm, kal\u0131nl\u0131k 3-8 mm).<\/li>\n\n\n\n<li>Web Plakas\u0131 Tutucu: H\u0131zl\u0131 de\u011fi\u015ftirme i\u00e7in vidal\u0131 ve de\u011fi\u015ftirilebilir.<\/li>\n\n\n\n<li>Tamper Ayakkab\u0131: De\u011fi\u015ftirilebilir, iste\u011fe ba\u011fl\u0131 a\u015f\u0131nma \u00f6nleyici kaplamalarla.<\/li>\n\n\n\n<li>\u00c7izim Sayfas\u0131 Tasar\u0131m\u0131: Blok serbest b\u0131rakma ve kusurlar\u0131n azalt\u0131lmas\u0131 i\u00e7in iste\u011fe ba\u011fl\u0131d\u0131r.<\/li>\n\n\n\n<li>Uyumluluk: Manuel, yar\u0131 otomatik veya tam otomatik tu\u011fla makineleri i\u00e7in uygundur; y\u00fcksek frekansl\u0131 titre\u015fim sistemleriyle entegre olur.<\/li>\n\n\n\n<li>A\u011f\u0131rl\u0131k: Boyuta g\u00f6re de\u011fi\u015fir (\u00f6rne\u011fin, standart modeller i\u00e7in 11,8-15 kg).<\/li>\n\n\n\n<li>Kullan\u0131m \u00f6mr\u00fc: Uygun bak\u0131m ile 150.000 d\u00f6ng\u00fcye kadar.<\/li>\n\n\n\n<li>Y\u00fczey \u0130\u015flemi: Korozyon \u00f6nleyici kaplama, kusursuz y\u00fczeyler i\u00e7in hassas parlatma.<\/li>\n<\/ul>\n\n\n\n<p><strong>\u00c7\u0131k\u0131\u015f \u00d6zellikleri:<\/strong><\/p>\n\n\n\n<ul class=\"wp-block-list\">\n<li>\u00dcretim Uyumlulu\u011fu: Y\u00fcksek hacimli \u00fcretim sa\u011flar (\u00f6rne\u011fin, uyumlu makinelerle birlikte kullan\u0131ld\u0131\u011f\u0131nda kat\u0131 tu\u011flalar i\u00e7in 10.000-14.000 adet\/g\u00fcn, i\u00e7i bo\u015f tu\u011flalar i\u00e7in 8.000-12.000 adet\/g\u00fcn).<\/li>\n\n\n\n<li>\u00d6zel Blok T\u00fcrleri: Standart tu\u011fla (390x190x190 mm), delikli tu\u011fla (390x190x190 mm), kald\u0131r\u0131m ta\u015f\u0131 (240x160x60 mm), h\u00fccresel duvarc\u0131l\u0131k, kilit ta\u015flar\u0131 ve bord\u00fcr ta\u015flar\u0131 se\u00e7enekleri ile.<\/li>\n<\/ul>","protected":false},"featured_media":1823,"parent":0,"template":"","meta":{"_acf_changed":true,"site-sidebar-layout":"default","site-content-layout":"","ast-site-content-layout":"default","site-content-style":"default","site-sidebar-style":"default","ast-global-header-display":"","ast-banner-title-visibility":"","ast-main-header-display":"","ast-hfb-above-header-display":"","ast-hfb-below-header-display":"","ast-hfb-mobile-header-display":"","site-post-title":"","ast-breadcrumbs-content":"","ast-featured-img":"","footer-sml-layout":"","theme-transparent-header-meta":"","adv-header-id-meta":"","stick-header-meta":"","header-above-stick-meta":"","header-main-stick-meta":"","header-below-stick-meta":"","astra-migrate-meta-layouts":"set","ast-page-background-enabled":"default","ast-page-background-meta":{"desktop":{"background-color":"var(--ast-global-color-4)","background-image":"","background-repeat":"repeat","background-position":"center center","background-size":"auto","background-attachment":"scroll","background-type":"","background-media":"","overlay-type":"","overlay-color":"","overlay-opacity":"","overlay-gradient":""},"tablet":{"background-color":"","background-image":"","background-repeat":"repeat","background-position":"center center","background-size":"auto","background-attachment":"scroll","background-type":"","background-media":"","overlay-type":"","overlay-color":"","overlay-opacity":"","overlay-gradient":""},"mobile":{"background-color":"","background-image":"","background-repeat":"repeat","background-position":"center center","background-size":"auto","background-attachment":"scroll","background-type":"","background-media":"","overlay-type":"","overlay-color":"","overlay-opacity":"","overlay-gradient":""}},"ast-content-background-meta":{"desktop":{"background-color":"var(--ast-global-color-5)","background-image":"","background-repeat":"repeat","background-position":"center center","background-size":"auto","background-attachment":"scroll","background-type":"","background-media":"","overlay-type":"","overlay-color":"","overlay-opacity":"","overlay-gradient":""},"tablet":{"background-color":"var(--ast-global-color-5)","background-image":"","background-repeat":"repeat","background-position":"center center","background-size":"auto","background-attachment":"scroll","background-type":"","background-media":"","overlay-type":"","overlay-color":"","overlay-opacity":"","overlay-gradient":""},"mobile":{"background-color":"var(--ast-global-color-5)","background-image":"","background-repeat":"repeat","background-position":"center center","background-size":"auto","background-attachment":"scroll","background-type":"","background-media":"","overlay-type":"","overlay-color":"","overlay-opacity":"","overlay-gradient":""}}},"product-categores":[79],"class_list":["post-2320","product","type-product","status-publish","has-post-thumbnail","hentry","product-categores-brick-machine-molds"],"acf":[],"_links":{"self":[{"href":"https:\/\/www.sotopmachine.com\/tr\/wp-json\/wp\/v2\/product\/2320","targetHints":{"allow":["GET"]}}],"collection":[{"href":"https:\/\/www.sotopmachine.com\/tr\/wp-json\/wp\/v2\/product"}],"about":[{"href":"https:\/\/www.sotopmachine.com\/tr\/wp-json\/wp\/v2\/types\/product"}],"wp:featuredmedia":[{"embeddable":true,"href":"https:\/\/www.sotopmachine.com\/tr\/wp-json\/wp\/v2\/media\/1823"}],"wp:attachment":[{"href":"https:\/\/www.sotopmachine.com\/tr\/wp-json\/wp\/v2\/media?parent=2320"}],"wp:term":[{"taxonomy":"product-categores","embeddable":true,"href":"https:\/\/www.sotopmachine.com\/tr\/wp-json\/wp\/v2\/product-categores?post=2320"}],"curies":[{"name":"wp","href":"https:\/\/api.w.org\/{rel}","templated":true}]}}