{"id":2321,"date":"2025-09-01T15:46:47","date_gmt":"2025-09-01T15:46:47","guid":{"rendered":"https:\/\/www.sotopmachine.com\/?post_type=product&#038;p=2321"},"modified":"2025-09-01T15:58:10","modified_gmt":"2025-09-01T15:58:10","slug":"solid-block-molds","status":"publish","type":"product","link":"https:\/\/www.sotopmachine.com\/tr\/product\/solid-block-molds\/","title":{"rendered":"Kat\u0131 Blok Kal\u0131plar\u0131"},"content":{"rendered":"<p><mark style=\"background-color:rgba(0, 0, 0, 0)\" class=\"has-inline-color has-ast-global-color-2-color\">SOTOP Kat\u0131 Blok Kal\u0131plar\u0131 toprak, \u00e7ak\u0131l, \u00e7imento, agrega ve end\u00fcstriyel at\u0131k gibi hammaddeler i\u00e7in \u00e7ok y\u00f6nl\u00fcd\u00fcr ve yap\u0131sal b\u00fct\u00fcnl\u00fck i\u00e7in \u00e7evre dostu, y\u00fcksek yo\u011funluklu bloklar \u00fcretir, hepsi de lider bir kat\u0131 blok kal\u0131p \u00fcreticisinden.<\/mark><\/p>\n\n\n\n<ul class=\"wp-block-list\">\n<li class=\"has-ast-global-color-2-color has-text-color has-link-color wp-elements-ced1698d37bf91ff0f3ecfbcaff25314\">Malzeme Se\u00e7enekleri: Y\u00fcksek mukavemetli ala\u015f\u0131ml\u0131 \u00e7elik (Q235\/Q345), karbon \u00e7eli\u011fi veya hafif varyantlar i\u00e7in g\u00fc\u00e7lendirilmi\u015f kompozitlere sahip m\u00fchendislik ABS plasti\u011fi.<\/li>\n\n\n\n<li class=\"has-ast-global-color-2-color has-text-color has-link-color wp-elements-b716dd8aeab9c464bec9229566207d37\">Sertlik Derecesi: 62-68HRC (karbonlama sonras\u0131 ve su verme), geli\u015fmi\u015f y\u00fczey korumas\u0131 i\u00e7in iste\u011fe ba\u011fl\u0131 nitr\u00fcr i\u015flemi ile.<\/li>\n\n\n\n<li class=\"has-ast-global-color-2-color has-text-color has-link-color wp-elements-48a7de68b0a5cffe49ddcc66353ec71a\">Kurcalama Pabucu A\u00e7\u0131kl\u0131\u011f\u0131: 0,5-0,8 mm (hassas vidalarla ayarlanabilir).<\/li>\n\n\n\n<li class=\"has-ast-global-color-2-color has-text-color has-link-color wp-elements-317183fc7e678753078a92eaeacf87ae\">Kal\u0131p Boyutlar\u0131: \u00d6zelle\u015ftirilebilir (standart aral\u0131klar: uzunluk 200-400 mm, geni\u015flik 100-200 mm, y\u00fckseklik 60-200 mm; \u00f6rne\u011fin, masif tu\u011flalar i\u00e7in 240x115x53 mm).<\/li>\n\n\n\n<li class=\"has-ast-global-color-2-color has-text-color has-link-color wp-elements-40def3b2b24248053e3727c1afccf5da\">Tutma A\u011f\u0131 Plakas\u0131: Vidal\u0131, de\u011fi\u015ftirilebilir, yap\u0131sal destek i\u00e7in 3-8 mm aras\u0131 kal\u0131nl\u0131klarda.<\/li>\n\n\n\n<li class=\"has-ast-global-color-2-color has-text-color has-link-color wp-elements-eb83cea214779c935c796264c8548e00\">Sabotaj Pabucu: \u0130ste\u011fe ba\u011fl\u0131 a\u015f\u0131nmaya dayan\u0131kl\u0131 kaplamalarla (\u00f6rn. karb\u00fcr veya seramik u\u00e7lar) de\u011fi\u015ftirilebilir.<\/li>\n\n\n\n<li class=\"has-ast-global-color-2-color has-text-color has-link-color wp-elements-b94cab5dd5e50c1273b1816e9d91d4b0\">\u00c7izim Sayfas\u0131 Tasar\u0131m\u0131: Kusursuz kal\u0131ptan \u00e7\u0131karma i\u00e7in hidrolik veya manuel serbest b\u0131rakma ile iste\u011fe ba\u011fl\u0131.<\/li>\n\n\n\n<li class=\"has-ast-global-color-2-color has-text-color has-link-color wp-elements-37e9145d6ece0cad27a6f55f209a04f1\">Uyumluluk: Y\u00fcksek bas\u0131n\u00e7l\u0131 sistemlere (25-50 MPa), elektromanyetik veya masa titre\u015fimli tiplere ve 1000x700 mm'ye kadar palet boyutlar\u0131na uyar.<\/li>\n\n\n\n<li class=\"has-ast-global-color-2-color has-text-color has-link-color wp-elements-7076a20133518a164ab67ab4ef24caaf\">A\u011f\u0131rl\u0131k: 10-15 kg (boyut ve malzemeye ba\u011fl\u0131 olarak; \u00f6rne\u011fin, standart ala\u015f\u0131ml\u0131 \u00e7elik modeller i\u00e7in 11,8 kg).<\/li>\n\n\n\n<li class=\"has-ast-global-color-2-color has-text-color has-link-color wp-elements-69461e2d84eeeca605b1c1fe2f7ca7b9\">Kullan\u0131m \u00d6mr\u00fc: Normal kullan\u0131mda 150.000-200.000 d\u00f6ng\u00fc, bak\u0131m kitleri mevcuttur.<\/li>\n\n\n\n<li class=\"has-ast-global-color-2-color has-text-color has-link-color wp-elements-1eaff4c17510c2b137578fc829f2680a\">Y\u00fczey \u0130\u015flemi: Korozyon \u00f6nleyici epoksi kaplama, hassas parlatma (Ra &lt; 0,8\u03bcm) ve zorlu ortamlar i\u00e7in iste\u011fe ba\u011fl\u0131 galvanizleme.<\/li>\n\n\n\n<li class=\"has-ast-global-color-2-color has-text-color has-link-color wp-elements-de59881d62dd32ba2eb761d6ad88445b\">\u00c7al\u0131\u015fma S\u0131cakl\u0131\u011f\u0131 Aral\u0131\u011f\u0131: -20\u00b0C ila 80\u00b0C, termal genle\u015fmeye dayan\u0131kl\u0131.<\/li>\n<\/ul>\n\n\n\n<p><mark style=\"background-color:rgba(0, 0, 0, 0)\" class=\"has-inline-color has-ast-global-color-2-color\"><strong>\u00c7\u0131k\u0131\u015f \u00d6zellikleri<\/strong>:<\/mark><\/p>\n\n\n\n<ul class=\"wp-block-list\">\n<li class=\"has-ast-global-color-2-color has-text-color has-link-color wp-elements-d39785f64ec3e0f93b7bb48653e18221\">\u00dcretim Uyumlulu\u011fu: Y\u00fcksek hacimli \u00e7\u0131kt\u0131 sa\u011flar (\u00f6rne\u011fin, uyumlu makinelerle e\u015fle\u015ftirildi\u011finde kat\u0131 tu\u011flalar i\u00e7in 10.000-14.000 adet\/g\u00fcn).<\/li>\n\n\n\n<li class=\"has-ast-global-color-2-color has-text-color has-link-color wp-elements-f5ad6d84913d52e0cd9d422e50468fd4\">\u00d6zel Blok Tipleri: Masif tu\u011fla (240x115x53mm), standart blok (390x190x190mm), kald\u0131r\u0131m ta\u015f\u0131 (240x160x60mm), h\u00fccresel, kilitli ve bord\u00fcr ta\u015f\u0131 \u00e7e\u015fitleri i\u00e7in se\u00e7enekler.<\/li>\n<\/ul>","protected":false},"featured_media":1869,"parent":0,"template":"","meta":{"_acf_changed":true,"site-sidebar-layout":"default","site-content-layout":"","ast-site-content-layout":"default","site-content-style":"default","site-sidebar-style":"default","ast-global-header-display":"","ast-banner-title-visibility":"","ast-main-header-display":"","ast-hfb-above-header-display":"","ast-hfb-below-header-display":"","ast-hfb-mobile-header-display":"","site-post-title":"","ast-breadcrumbs-content":"","ast-featured-img":"","footer-sml-layout":"","theme-transparent-header-meta":"","adv-header-id-meta":"","stick-header-meta":"","header-above-stick-meta":"","header-main-stick-meta":"","header-below-stick-meta":"","astra-migrate-meta-layouts":"set","ast-page-background-enabled":"default","ast-page-background-meta":{"desktop":{"background-color":"var(--ast-global-color-4)","background-image":"","background-repeat":"repeat","background-position":"center center","background-size":"auto","background-attachment":"scroll","background-type":"","background-media":"","overlay-type":"","overlay-color":"","overlay-opacity":"","overlay-gradient":""},"tablet":{"background-color":"","background-image":"","background-repeat":"repeat","background-position":"center center","background-size":"auto","background-attachment":"scroll","background-type":"","background-media":"","overlay-type":"","overlay-color":"","overlay-opacity":"","overlay-gradient":""},"mobile":{"background-color":"","background-image":"","background-repeat":"repeat","background-position":"center center","background-size":"auto","background-attachment":"scroll","background-type":"","background-media":"","overlay-type":"","overlay-color":"","overlay-opacity":"","overlay-gradient":""}},"ast-content-background-meta":{"desktop":{"background-color":"var(--ast-global-color-5)","background-image":"","background-repeat":"repeat","background-position":"center center","background-size":"auto","background-attachment":"scroll","background-type":"","background-media":"","overlay-type":"","overlay-color":"","overlay-opacity":"","overlay-gradient":""},"tablet":{"background-color":"var(--ast-global-color-5)","background-image":"","background-repeat":"repeat","background-position":"center center","background-size":"auto","background-attachment":"scroll","background-type":"","background-media":"","overlay-type":"","overlay-color":"","overlay-opacity":"","overlay-gradient":""},"mobile":{"background-color":"var(--ast-global-color-5)","background-image":"","background-repeat":"repeat","background-position":"center center","background-size":"auto","background-attachment":"scroll","background-type":"","background-media":"","overlay-type":"","overlay-color":"","overlay-opacity":"","overlay-gradient":""}}},"product-categores":[79],"class_list":["post-2321","product","type-product","status-publish","has-post-thumbnail","hentry","product-categores-brick-machine-molds"],"acf":[],"_links":{"self":[{"href":"https:\/\/www.sotopmachine.com\/tr\/wp-json\/wp\/v2\/product\/2321","targetHints":{"allow":["GET"]}}],"collection":[{"href":"https:\/\/www.sotopmachine.com\/tr\/wp-json\/wp\/v2\/product"}],"about":[{"href":"https:\/\/www.sotopmachine.com\/tr\/wp-json\/wp\/v2\/types\/product"}],"wp:featuredmedia":[{"embeddable":true,"href":"https:\/\/www.sotopmachine.com\/tr\/wp-json\/wp\/v2\/media\/1869"}],"wp:attachment":[{"href":"https:\/\/www.sotopmachine.com\/tr\/wp-json\/wp\/v2\/media?parent=2321"}],"wp:term":[{"taxonomy":"product-categores","embeddable":true,"href":"https:\/\/www.sotopmachine.com\/tr\/wp-json\/wp\/v2\/product-categores?post=2321"}],"curies":[{"name":"wp","href":"https:\/\/api.w.org\/{rel}","templated":true}]}}