{"id":2331,"date":"2025-09-01T16:03:25","date_gmt":"2025-09-01T16:03:25","guid":{"rendered":"https:\/\/www.sotopmachine.com\/?post_type=product&#038;p=2331"},"modified":"2025-09-01T16:03:27","modified_gmt":"2025-09-01T16:03:27","slug":"paving-brick-molds","status":"publish","type":"product","link":"https:\/\/www.sotopmachine.com\/tr\/product\/paving-brick-molds\/","title":{"rendered":"Kald\u0131r\u0131m Ta\u015f\u0131 Kal\u0131plar\u0131"},"content":{"rendered":"<p class=\"has-ast-global-color-2-color has-text-color has-link-color wp-elements-fb8f9efbb8e0ce09e23a094f918ea23a\"><strong>Teknik \u00d6zellikler<\/strong>:<\/p>\n\n\n\n<ul class=\"wp-block-list\">\n<li class=\"has-ast-global-color-2-color has-text-color has-link-color wp-elements-565d3f61ec1b2b89e18148863d7a760c\">Malzeme Se\u00e7enekleri: Y\u00fcksek mukavemetli ala\u015f\u0131ml\u0131 \u00e7elik (Q235\/Q345), UV stabilizasyonlu ABS m\u00fchendislik plasti\u011fi veya belirli iklimler i\u00e7in hibrit kompozitler.<\/li>\n\n\n\n<li class=\"has-ast-global-color-2-color has-text-color has-link-color wp-elements-638345ef3f4a4fe02bef1a4b207c5cf5\">Sertlik Derecesi: 62-68HRC (karb\u00fcrleme ve su verme sonras\u0131), ek koruma i\u00e7in iste\u011fe ba\u011fl\u0131 nitr\u00fcr veya krom kaplama.<\/li>\n\n\n\n<li class=\"has-ast-global-color-2-color has-text-color has-link-color wp-elements-3ac2924093eff831a2de5b6e32c07eed\">Tamper Ayakkab\u0131 Bo\u015flu\u011fu: 0,5-0,8 mm (hassas ayarlanabilir).<\/li>\n\n\n\n<li class=\"has-ast-global-color-2-color has-text-color has-link-color wp-elements-64f6ad4b563f092a6454080f3145fce8\">Kal\u0131p Boyutlar\u0131: \u00d6zelle\u015ftirilebilir (standart boyutlar: 200x100x60mm, 240x160x60mm, 300x300x80mm; uzunluk aral\u0131\u011f\u0131 200-400mm, kal\u0131nl\u0131k 3-8mm).<\/li>\n\n\n\n<li class=\"has-ast-global-color-2-color has-text-color has-link-color wp-elements-12c46255a0f3d318f7834664b21d476d\">Web Plakas\u0131 Tutucu: Vidal\u0131, de\u011fi\u015ftirilebilir, yap\u0131sal destek i\u00e7in 3-10 mm kal\u0131nl\u0131kta.<\/li>\n\n\n\n<li class=\"has-ast-global-color-2-color has-text-color has-link-color wp-elements-0a21e022b19b11385617bb6ce065e588\">Tamper Ayakkab\u0131: De\u011fi\u015ftirilebilir, a\u015f\u0131nma direnci i\u00e7in iste\u011fe ba\u011fl\u0131 karb\u00fcr veya seramik ekler.<\/li>\n\n\n\n<li class=\"has-ast-global-color-2-color has-text-color has-link-color wp-elements-de01d2d4d21e15db45b2d6efb69014a8\">\u00c7izim Sayfas\u0131 Tasar\u0131m\u0131: \u0130ste\u011fe ba\u011fl\u0131, p\u00fcr\u00fczs\u00fcz kal\u0131p \u00e7\u0131karma i\u00e7in hidrolik veya manuel serbest b\u0131rakma \u00f6zelli\u011fi.<\/li>\n\n\n\n<li class=\"has-ast-global-color-2-color has-text-color has-link-color wp-elements-56e0a77e055c43c2454eb4d3fc5a7ff1\">Uyumluluk: Y\u00fcksek bas\u0131n\u00e7l\u0131 sistemleri (25-50 MPa), elektromanyetik veya masa titre\u015fimini ve 1100x800 mm'ye kadar palet boyutlar\u0131n\u0131 destekler.<\/li>\n\n\n\n<li class=\"has-ast-global-color-2-color has-text-color has-link-color wp-elements-ccb2802418ca4cbd02c0d2ad0ad66921\">A\u011f\u0131rl\u0131k: 10-18 kg (boyut ve malzemeye ba\u011fl\u0131 olarak; \u00f6rne\u011fin, standart ala\u015f\u0131ml\u0131 \u00e7elik modeller i\u00e7in 12,5 kg).<\/li>\n\n\n\n<li class=\"has-ast-global-color-2-color has-text-color has-link-color wp-elements-01c21dfd2ec42e93f845fddc05a53c2a\">Kullan\u0131m \u00f6mr\u00fc: Uygun bak\u0131m ile 150.000-200.000 d\u00f6ng\u00fc, bak\u0131m kitleri mevcuttur.<\/li>\n\n\n\n<li class=\"has-ast-global-color-2-color has-text-color has-link-color wp-elements-7516ff8adbe41583037f78454cf2e8ef\">Y\u00fczey \u0130\u015flemi: UV diren\u00e7li epoksi kaplama, hassas parlatma (Ra &lt; 0,8\u03bcm) ve iste\u011fe ba\u011fl\u0131 kaymaz doku.<\/li>\n\n\n\n<li class=\"has-ast-global-color-2-color has-text-color has-link-color wp-elements-18b2e42a777d3dac78aeb496030664c4\">\u00c7al\u0131\u015fma S\u0131cakl\u0131\u011f\u0131 Aral\u0131\u011f\u0131: -30\u00b0C ila 90\u00b0C, termal ve UV bozulmas\u0131na dayan\u0131kl\u0131.<\/li>\n<\/ul>\n\n\n\n<p><strong>\u00c7\u0131k\u0131\u015f \u00d6zellikleri<\/strong>:<\/p>\n\n\n\n<ul class=\"wp-block-list has-ast-global-color-2-color has-text-color has-link-color wp-elements-185bf8b71b93a3067c5e361cf0e0f3bd\">\n<li>\u00dcretim Uyumlulu\u011fu: Y\u00fcksek hacimli \u00fcretim sa\u011flar (\u00f6rne\u011fin, uyumlu makinelerle birlikte kullan\u0131ld\u0131\u011f\u0131nda kald\u0131r\u0131m tu\u011flalar\u0131 i\u00e7in 12.000-14.000 adet\/g\u00fcn).<\/li>\n\n\n\n<li>\u00d6zel Blok T\u00fcrleri: Kald\u0131r\u0131m tu\u011flalar\u0131 (200x100x60 mm, 240x160x60 mm, 300x300x80 mm), kilitli desenler (\u00f6r. bal\u0131ks\u0131rt\u0131, sepet \u00f6rg\u00fcs\u00fc) ve bord\u00fcr ta\u015flar\u0131, dokulu veya renkli y\u00fczey se\u00e7enekleri ile.<\/li>\n<\/ul>","protected":false},"featured_media":1872,"parent":0,"template":"","meta":{"_acf_changed":true,"site-sidebar-layout":"default","site-content-layout":"","ast-site-content-layout":"default","site-content-style":"default","site-sidebar-style":"default","ast-global-header-display":"","ast-banner-title-visibility":"","ast-main-header-display":"","ast-hfb-above-header-display":"","ast-hfb-below-header-display":"","ast-hfb-mobile-header-display":"","site-post-title":"","ast-breadcrumbs-content":"","ast-featured-img":"","footer-sml-layout":"","theme-transparent-header-meta":"","adv-header-id-meta":"","stick-header-meta":"","header-above-stick-meta":"","header-main-stick-meta":"","header-below-stick-meta":"","astra-migrate-meta-layouts":"set","ast-page-background-enabled":"default","ast-page-background-meta":{"desktop":{"background-color":"var(--ast-global-color-4)","background-image":"","background-repeat":"repeat","background-position":"center center","background-size":"auto","background-attachment":"scroll","background-type":"","background-media":"","overlay-type":"","overlay-color":"","overlay-opacity":"","overlay-gradient":""},"tablet":{"background-color":"","background-image":"","background-repeat":"repeat","background-position":"center center","background-size":"auto","background-attachment":"scroll","background-type":"","background-media":"","overlay-type":"","overlay-color":"","overlay-opacity":"","overlay-gradient":""},"mobile":{"background-color":"","background-image":"","background-repeat":"repeat","background-position":"center center","background-size":"auto","background-attachment":"scroll","background-type":"","background-media":"","overlay-type":"","overlay-color":"","overlay-opacity":"","overlay-gradient":""}},"ast-content-background-meta":{"desktop":{"background-color":"var(--ast-global-color-5)","background-image":"","background-repeat":"repeat","background-position":"center center","background-size":"auto","background-attachment":"scroll","background-type":"","background-media":"","overlay-type":"","overlay-color":"","overlay-opacity":"","overlay-gradient":""},"tablet":{"background-color":"var(--ast-global-color-5)","background-image":"","background-repeat":"repeat","background-position":"center center","background-size":"auto","background-attachment":"scroll","background-type":"","background-media":"","overlay-type":"","overlay-color":"","overlay-opacity":"","overlay-gradient":""},"mobile":{"background-color":"var(--ast-global-color-5)","background-image":"","background-repeat":"repeat","background-position":"center center","background-size":"auto","background-attachment":"scroll","background-type":"","background-media":"","overlay-type":"","overlay-color":"","overlay-opacity":"","overlay-gradient":""}}},"product-categores":[79],"class_list":["post-2331","product","type-product","status-publish","has-post-thumbnail","hentry","product-categores-brick-machine-molds"],"acf":[],"_links":{"self":[{"href":"https:\/\/www.sotopmachine.com\/tr\/wp-json\/wp\/v2\/product\/2331","targetHints":{"allow":["GET"]}}],"collection":[{"href":"https:\/\/www.sotopmachine.com\/tr\/wp-json\/wp\/v2\/product"}],"about":[{"href":"https:\/\/www.sotopmachine.com\/tr\/wp-json\/wp\/v2\/types\/product"}],"wp:featuredmedia":[{"embeddable":true,"href":"https:\/\/www.sotopmachine.com\/tr\/wp-json\/wp\/v2\/media\/1872"}],"wp:attachment":[{"href":"https:\/\/www.sotopmachine.com\/tr\/wp-json\/wp\/v2\/media?parent=2331"}],"wp:term":[{"taxonomy":"product-categores","embeddable":true,"href":"https:\/\/www.sotopmachine.com\/tr\/wp-json\/wp\/v2\/product-categores?post=2331"}],"curies":[{"name":"wp","href":"https:\/\/api.w.org\/{rel}","templated":true}]}}