{"id":2320,"date":"2025-09-01T15:20:09","date_gmt":"2025-09-01T15:20:09","guid":{"rendered":"https:\/\/www.sotopmachine.com\/?post_type=product&#038;p=2320"},"modified":"2025-09-01T15:20:11","modified_gmt":"2025-09-01T15:20:11","slug":"hollow-block-molds","status":"publish","type":"product","link":"https:\/\/www.sotopmachine.com\/vi\/product\/hollow-block-molds\/","title":{"rendered":"Khu\u00f4n \u0111\u00fac g\u1ea1ch r\u1ed7ng"},"content":{"rendered":"<p>C\u00e1c khu\u00f4n \u0111\u00fac g\u1ea1ch r\u1ed7ng SOTOP c\u00f3 t\u00ednh linh ho\u1ea1t cao, ph\u00f9 h\u1ee3p v\u1edbi nhi\u1ec1u lo\u1ea1i nguy\u00ean li\u1ec7u th\u00f4 nh\u01b0 \u0111\u1ea5t, s\u1ecfi, xi m\u0103ng, v\u1eadt li\u1ec7u h\u1ea1t v\u00e0 ch\u1ea5t th\u1ea3i c\u00f4ng nghi\u1ec7p, s\u1ea3n xu\u1ea5t ra c\u00e1c kh\u1ed1i g\u1ea1ch th\u00e2n thi\u1ec7n v\u1edbi m\u00f4i tr\u01b0\u1eddng, c\u00f3 \u0111\u1ed9 b\u1ec1n cao, ph\u1ee5c v\u1ee5 cho x\u00e2y d\u1ef1ng v\u00e0 c\u1ea3nh quan, t\u1ea5t c\u1ea3 \u0111\u1ec1u \u0111\u01b0\u1ee3c s\u1ea3n xu\u1ea5t b\u1edfi nh\u00e0 s\u1ea3n xu\u1ea5t khu\u00f4n \u0111\u00fac g\u1ea1ch r\u1ed7ng h\u00e0ng \u0111\u1ea7u.<\/p>\n\n\n\n<p><strong>Th\u00f4ng s\u1ed1 k\u1ef9 thu\u1eadt<\/strong>:<\/p>\n\n\n\n<ul class=\"wp-block-list\">\n<li>T\u00f9y ch\u1ecdn v\u1eadt li\u1ec7u: Th\u00e9p h\u1ee3p kim ch\u1ed1ng m\u00e0i m\u00f2n cao c\u1ea5p, nh\u1ef1a k\u1ef9 thu\u1eadt ABS g\u1ed1c xi m\u0103ng, ho\u1eb7c c\u00e1c lo\u1ea1i v\u1eadt li\u1ec7u lai c\u00f3 th\u1ec3 t\u00f9y ch\u1ec9nh.<\/li>\n\n\n\n<li>\u0110\u1ed9 c\u1ee9ng: 62-68 HRC (\u0111\u01b0\u1ee3c t\u00f4i c\u1ee9ng b\u1ec1 m\u1eb7t \u0111\u1ec3 \u0111\u1ea1t \u0111\u1ed9 b\u1ec1n c\u1ef1c cao).<\/li>\n\n\n\n<li>Kho\u1ea3ng c\u00e1ch gi\u1eefa gi\u00e0y n\u00e9n: 0,5-0,8 mm (c\u00f3 th\u1ec3 \u0111i\u1ec1u ch\u1ec9nh \u0111\u1ec3 \u0111\u1ea1t \u0111\u1ed9 n\u00e9n t\u1ed1i \u01b0u).<\/li>\n\n\n\n<li>K\u00edch th\u01b0\u1edbc khu\u00f4n: C\u00f3 th\u1ec3 t\u00f9y ch\u1ec9nh (v\u00ed d\u1ee5: k\u00edch th\u01b0\u1edbc ti\u00eau chu\u1ea9n: 390x190x190mm cho g\u1ea1ch r\u1ed7ng, 240x160x60mm cho g\u1ea1ch l\u00e1t; chi\u1ec1u d\u00e0i t\u1eeb 120-400mm, \u0111\u1ed9 d\u00e0y t\u1eeb 3-8mm).<\/li>\n\n\n\n<li>B\u1ea3ng \u0111\u1ee1 web: \u0110\u01b0\u1ee3c c\u1ed1 \u0111\u1ecbnh b\u1eb1ng \u1ed1c v\u00edt v\u00e0 c\u00f3 th\u1ec3 th\u00e1o l\u1eafp d\u1ec5 d\u00e0ng \u0111\u1ec3 thay th\u1ebf nhanh ch\u00f3ng.<\/li>\n\n\n\n<li>Gi\u00e0y ch\u1ed1ng m\u00e0i m\u00f2n: C\u00f3 th\u1ec3 thay th\u1ebf, v\u1edbi l\u1edbp ph\u1ee7 ch\u1ed1ng m\u00e0i m\u00f2n t\u00f9y ch\u1ecdn.<\/li>\n\n\n\n<li>Thi\u1ebft k\u1ebf b\u1ea3n v\u1ebd: T\u00f9y ch\u1ecdn \u0111\u1ec3 c\u1ea3i thi\u1ec7n qu\u00e1 tr\u00ecnh gi\u1ea3i ph\u00f3ng kh\u1ed1i v\u00e0 gi\u1ea3m thi\u1ec3u l\u1ed7i.<\/li>\n\n\n\n<li>T\u01b0\u01a1ng th\u00edch: Ph\u00f9 h\u1ee3p v\u1edbi m\u00e1y l\u00e0m g\u1ea1ch th\u1ee7 c\u00f4ng, b\u00e1n t\u1ef1 \u0111\u1ed9ng ho\u1eb7c t\u1ef1 \u0111\u1ed9ng ho\u00e0n to\u00e0n; t\u00edch h\u1ee3p v\u1edbi h\u1ec7 th\u1ed1ng rung t\u1ea7n s\u1ed1 cao.<\/li>\n\n\n\n<li>Tr\u1ecdng l\u01b0\u1ee3ng: Thay \u0111\u1ed5i t\u00f9y theo k\u00edch th\u01b0\u1edbc (v\u00ed d\u1ee5: 11,8-15 kg cho c\u00e1c m\u1eabu ti\u00eau chu\u1ea9n).<\/li>\n\n\n\n<li>Tu\u1ed5i th\u1ecd: L\u00ean \u0111\u1ebfn 150.000 chu k\u1ef3 v\u1edbi b\u1ea3o d\u01b0\u1ee1ng \u0111\u00fang c\u00e1ch.<\/li>\n\n\n\n<li>X\u1eed l\u00fd b\u1ec1 m\u1eb7t: L\u1edbp ph\u1ee7 ch\u1ed1ng \u0103n m\u00f2n, \u0111\u00e1nh b\u00f3ng ch\u00ednh x\u00e1c \u0111\u1ec3 \u0111\u1ea1t \u0111\u01b0\u1ee3c b\u1ec1 m\u1eb7t ho\u00e0n h\u1ea3o.<\/li>\n<\/ul>\n\n\n\n<p><strong>Th\u00f4ng s\u1ed1 k\u1ef9 thu\u1eadt \u0111\u1ea7u ra:<\/strong><\/p>\n\n\n\n<ul class=\"wp-block-list\">\n<li>Kh\u1ea3 n\u0103ng t\u01b0\u01a1ng th\u00edch s\u1ea3n xu\u1ea5t: Cho ph\u00e9p s\u1ea3n xu\u1ea5t v\u1edbi kh\u1ed1i l\u01b0\u1ee3ng l\u1edbn (v\u00ed d\u1ee5: 10.000-14.000 s\u1ea3n ph\u1ea9m\/ng\u00e0y cho g\u1ea1ch \u0111\u1eb7c, 8.000-12.000 s\u1ea3n ph\u1ea9m\/ng\u00e0y cho g\u1ea1ch r\u1ed7ng khi k\u1ebft h\u1ee3p v\u1edbi c\u00e1c m\u00e1y m\u00f3c t\u01b0\u01a1ng th\u00edch).<\/li>\n\n\n\n<li>Lo\u1ea1i g\u1ea1ch t\u00f9y ch\u1ec9nh: G\u1ea1ch ti\u00eau chu\u1ea9n (390x190x190mm), g\u1ea1ch r\u1ed7ng (390x190x190mm), g\u1ea1ch l\u00e1t \u0111\u01b0\u1eddng (240x160x60mm), v\u1edbi c\u00e1c t\u00f9y ch\u1ecdn cho g\u1ea1ch x\u00e2y t\u1ed5 ong, g\u1ea1ch li\u00ean k\u1ebft v\u00e0 g\u1ea1ch vi\u1ec1n.<\/li>\n<\/ul>","protected":false},"featured_media":1823,"parent":0,"template":"","meta":{"_acf_changed":true,"site-sidebar-layout":"default","site-content-layout":"","ast-site-content-layout":"default","site-content-style":"default","site-sidebar-style":"default","ast-global-header-display":"","ast-banner-title-visibility":"","ast-main-header-display":"","ast-hfb-above-header-display":"","ast-hfb-below-header-display":"","ast-hfb-mobile-header-display":"","site-post-title":"","ast-breadcrumbs-content":"","ast-featured-img":"","footer-sml-layout":"","theme-transparent-header-meta":"","adv-header-id-meta":"","stick-header-meta":"","header-above-stick-meta":"","header-main-stick-meta":"","header-below-stick-meta":"","astra-migrate-meta-layouts":"set","ast-page-background-enabled":"default","ast-page-background-meta":{"desktop":{"background-color":"var(--ast-global-color-4)","background-image":"","background-repeat":"repeat","background-position":"center center","background-size":"auto","background-attachment":"scroll","background-type":"","background-media":"","overlay-type":"","overlay-color":"","overlay-opacity":"","overlay-gradient":""},"tablet":{"background-color":"","background-image":"","background-repeat":"repeat","background-position":"center center","background-size":"auto","background-attachment":"scroll","background-type":"","background-media":"","overlay-type":"","overlay-color":"","overlay-opacity":"","overlay-gradient":""},"mobile":{"background-color":"","background-image":"","background-repeat":"repeat","background-position":"center center","background-size":"auto","background-attachment":"scroll","background-type":"","background-media":"","overlay-type":"","overlay-color":"","overlay-opacity":"","overlay-gradient":""}},"ast-content-background-meta":{"desktop":{"background-color":"var(--ast-global-color-5)","background-image":"","background-repeat":"repeat","background-position":"center center","background-size":"auto","background-attachment":"scroll","background-type":"","background-media":"","overlay-type":"","overlay-color":"","overlay-opacity":"","overlay-gradient":""},"tablet":{"background-color":"var(--ast-global-color-5)","background-image":"","background-repeat":"repeat","background-position":"center center","background-size":"auto","background-attachment":"scroll","background-type":"","background-media":"","overlay-type":"","overlay-color":"","overlay-opacity":"","overlay-gradient":""},"mobile":{"background-color":"var(--ast-global-color-5)","background-image":"","background-repeat":"repeat","background-position":"center center","background-size":"auto","background-attachment":"scroll","background-type":"","background-media":"","overlay-type":"","overlay-color":"","overlay-opacity":"","overlay-gradient":""}}},"product-categores":[79],"class_list":["post-2320","product","type-product","status-publish","has-post-thumbnail","hentry","product-categores-brick-machine-molds"],"acf":[],"_links":{"self":[{"href":"https:\/\/www.sotopmachine.com\/vi\/wp-json\/wp\/v2\/product\/2320","targetHints":{"allow":["GET"]}}],"collection":[{"href":"https:\/\/www.sotopmachine.com\/vi\/wp-json\/wp\/v2\/product"}],"about":[{"href":"https:\/\/www.sotopmachine.com\/vi\/wp-json\/wp\/v2\/types\/product"}],"wp:featuredmedia":[{"embeddable":true,"href":"https:\/\/www.sotopmachine.com\/vi\/wp-json\/wp\/v2\/media\/1823"}],"wp:attachment":[{"href":"https:\/\/www.sotopmachine.com\/vi\/wp-json\/wp\/v2\/media?parent=2320"}],"wp:term":[{"taxonomy":"product-categores","embeddable":true,"href":"https:\/\/www.sotopmachine.com\/vi\/wp-json\/wp\/v2\/product-categores?post=2320"}],"curies":[{"name":"wp","href":"https:\/\/api.w.org\/{rel}","templated":true}]}}