{"id":2321,"date":"2025-09-01T15:46:47","date_gmt":"2025-09-01T15:46:47","guid":{"rendered":"https:\/\/www.sotopmachine.com\/?post_type=product&#038;p=2321"},"modified":"2025-09-01T15:58:10","modified_gmt":"2025-09-01T15:58:10","slug":"solid-block-molds","status":"publish","type":"product","link":"https:\/\/www.sotopmachine.com\/vi\/product\/solid-block-molds\/","title":{"rendered":"Khu\u00f4n \u0111\u00fac kh\u1ed1i \u0111\u1eb7c"},"content":{"rendered":"<p><mark style=\"background-color:rgba(0, 0, 0, 0)\" class=\"has-inline-color has-ast-global-color-2-color\">C\u00e1c khu\u00f4n \u0111\u00fac kh\u1ed1i b\u00ea t\u00f4ng SOTOP c\u00f3 t\u00ednh linh ho\u1ea1t cao, ph\u00f9 h\u1ee3p v\u1edbi c\u00e1c nguy\u00ean li\u1ec7u th\u00f4 nh\u01b0 \u0111\u1ea5t, s\u1ecfi, xi m\u0103ng, v\u1eadt li\u1ec7u h\u1ea1t v\u00e0 ch\u1ea5t th\u1ea3i c\u00f4ng nghi\u1ec7p, s\u1ea3n xu\u1ea5t ra c\u00e1c kh\u1ed1i b\u00ea t\u00f4ng th\u00e2n thi\u1ec7n v\u1edbi m\u00f4i tr\u01b0\u1eddng, c\u00f3 \u0111\u1ed9 d\u00e0y cao, \u0111\u1ea3m b\u1ea3o t\u00ednh to\u00e0n v\u1eb9n k\u1ebft c\u1ea5u, t\u1ea5t c\u1ea3 \u0111\u1ec1u \u0111\u01b0\u1ee3c s\u1ea3n xu\u1ea5t b\u1edfi nh\u00e0 s\u1ea3n xu\u1ea5t khu\u00f4n \u0111\u00fac kh\u1ed1i b\u00ea t\u00f4ng h\u00e0ng \u0111\u1ea7u.<\/mark><\/p>\n\n\n\n<ul class=\"wp-block-list\">\n<li class=\"has-ast-global-color-2-color has-text-color has-link-color wp-elements-ced1698d37bf91ff0f3ecfbcaff25314\">T\u00f9y ch\u1ecdn v\u1eadt li\u1ec7u: Th\u00e9p h\u1ee3p kim c\u01b0\u1eddng \u0111\u1ed9 cao (Q235\/Q345), th\u00e9p carbon ho\u1eb7c nh\u1ef1a ABS k\u1ef9 thu\u1eadt k\u1ebft h\u1ee3p v\u1edbi v\u1eadt li\u1ec7u composite gia c\u01b0\u1eddng cho c\u00e1c bi\u1ebfn th\u1ec3 nh\u1eb9.<\/li>\n\n\n\n<li class=\"has-ast-global-color-2-color has-text-color has-link-color wp-elements-b716dd8aeab9c464bec9229566207d37\">\u0110\u1ed9 c\u1ee9ng: 62-68 HRC (sau khi th\u1ea5m cacbon v\u00e0 t\u00f4i c\u1ee9ng), c\u00f3 th\u1ec3 t\u00f9y ch\u1ecdn x\u1eed l\u00fd nitrua \u0111\u1ec3 t\u0103ng c\u01b0\u1eddng b\u1ea3o v\u1ec7 b\u1ec1 m\u1eb7t.<\/li>\n\n\n\n<li class=\"has-ast-global-color-2-color has-text-color has-link-color wp-elements-48a7de68b0a5cffe49ddcc66353ec71a\">Kho\u1ea3ng c\u00e1ch gi\u1eefa \u0111\u1ebf gi\u00e0y v\u00e0 \u0111\u1ebf gi\u00e0y: 0,5-0,8 mm (c\u00f3 th\u1ec3 \u0111i\u1ec1u ch\u1ec9nh b\u1eb1ng \u1ed1c v\u00edt ch\u00ednh x\u00e1c).<\/li>\n\n\n\n<li class=\"has-ast-global-color-2-color has-text-color has-link-color wp-elements-317183fc7e678753078a92eaeacf87ae\">K\u00edch th\u01b0\u1edbc khu\u00f4n: C\u00f3 th\u1ec3 t\u00f9y ch\u1ec9nh (k\u00edch th\u01b0\u1edbc ti\u00eau chu\u1ea9n: chi\u1ec1u d\u00e0i 200-400mm, chi\u1ec1u r\u1ed9ng 100-200mm, chi\u1ec1u cao 60-200mm; v\u00ed d\u1ee5: 240x115x53mm cho g\u1ea1ch \u0111\u1eb7c).<\/li>\n\n\n\n<li class=\"has-ast-global-color-2-color has-text-color has-link-color wp-elements-40def3b2b24248053e3727c1afccf5da\">B\u1ea3ng \u0111\u1ee1 web: G\u1eafn b\u1eb1ng \u1ed1c v\u00edt, c\u00f3 th\u1ec3 th\u00e1o l\u1eafp, v\u1edbi \u0111\u1ed9 d\u00e0y t\u1eeb 3-8mm \u0111\u1ec3 h\u1ed7 tr\u1ee3 k\u1ebft c\u1ea5u.<\/li>\n\n\n\n<li class=\"has-ast-global-color-2-color has-text-color has-link-color wp-elements-eb83cea214779c935c796264c8548e00\">Gi\u00e0y ch\u1ed1ng m\u00e0i m\u00f2n: C\u00f3 th\u1ec3 thay th\u1ebf, v\u1edbi l\u1edbp ph\u1ee7 ch\u1ed1ng m\u00e0i m\u00f2n t\u00f9y ch\u1ecdn (v\u00ed d\u1ee5: l\u1edbp ph\u1ee7 carbide ho\u1eb7c g\u1ed1m).<\/li>\n\n\n\n<li class=\"has-ast-global-color-2-color has-text-color has-link-color wp-elements-b94cab5dd5e50c1273b1816e9d91d4b0\">Thi\u1ebft k\u1ebf b\u1ea3n v\u1ebd khu\u00f4n: T\u00f9y ch\u1ecdn, v\u1edbi c\u01a1 ch\u1ebf gi\u1ea3i ph\u00f3ng th\u1ee7y l\u1ef1c ho\u1eb7c th\u1ee7 c\u00f4ng \u0111\u1ec3 \u0111\u1ea3m b\u1ea3o th\u00e1o khu\u00f4n kh\u00f4ng b\u1ecb h\u01b0 h\u1ecfng.<\/li>\n\n\n\n<li class=\"has-ast-global-color-2-color has-text-color has-link-color wp-elements-37e9145d6ece0cad27a6f55f209a04f1\">T\u01b0\u01a1ng th\u00edch: Ph\u00f9 h\u1ee3p v\u1edbi h\u1ec7 th\u1ed1ng \u00e1p su\u1ea5t cao (25-50 MPa), lo\u1ea1i rung \u0111i\u1ec7n t\u1eeb ho\u1eb7c rung b\u00e0n, v\u00e0 k\u00edch th\u01b0\u1edbc pallet l\u00ean \u0111\u1ebfn 1000x700mm.<\/li>\n\n\n\n<li class=\"has-ast-global-color-2-color has-text-color has-link-color wp-elements-7076a20133518a164ab67ab4ef24caaf\">Tr\u1ecdng l\u01b0\u1ee3ng: 10-15 kg (t\u00f9y thu\u1ed9c v\u00e0o k\u00edch th\u01b0\u1edbc v\u00e0 v\u1eadt li\u1ec7u; v\u00ed d\u1ee5: 11,8 kg cho c\u00e1c m\u1eabu th\u00e9p h\u1ee3p kim ti\u00eau chu\u1ea9n).<\/li>\n\n\n\n<li class=\"has-ast-global-color-2-color has-text-color has-link-color wp-elements-69461e2d84eeeca605b1c1fe2f7ca7b9\">Tu\u1ed5i th\u1ecd: 150.000-200.000 chu k\u1ef3 trong \u0111i\u1ec1u ki\u1ec7n s\u1eed d\u1ee5ng b\u00ecnh th\u01b0\u1eddng, v\u1edbi b\u1ed9 d\u1ee5ng c\u1ee5 b\u1ea3o tr\u00ec c\u00f3 s\u1eb5n.<\/li>\n\n\n\n<li class=\"has-ast-global-color-2-color has-text-color has-link-color wp-elements-1eaff4c17510c2b137578fc829f2680a\">X\u1eed l\u00fd b\u1ec1 m\u1eb7t: L\u1edbp ph\u1ee7 epoxy ch\u1ed1ng \u0103n m\u00f2n, \u0111\u00e1nh b\u00f3ng ch\u00ednh x\u00e1c (Ra &lt; 0,8 \u03bcm) v\u00e0 m\u1ea1 k\u1ebdm t\u00f9y ch\u1ecdn cho m\u00f4i tr\u01b0\u1eddng kh\u1eafc nghi\u1ec7t.<\/li>\n\n\n\n<li class=\"has-ast-global-color-2-color has-text-color has-link-color wp-elements-de59881d62dd32ba2eb761d6ad88445b\">Ph\u1ea1m vi nhi\u1ec7t \u0111\u1ed9 ho\u1ea1t \u0111\u1ed9ng: -20\u00b0C \u0111\u1ebfn 80\u00b0C, ch\u1ecbu \u0111\u01b0\u1ee3c s\u1ef1 gi\u00e3n n\u1edf nhi\u1ec7t.<\/li>\n<\/ul>\n\n\n\n<p><mark style=\"background-color:rgba(0, 0, 0, 0)\" class=\"has-inline-color has-ast-global-color-2-color\"><strong>Th\u00f4ng s\u1ed1 k\u1ef9 thu\u1eadt \u0111\u1ea7u ra<\/strong>:<\/mark><\/p>\n\n\n\n<ul class=\"wp-block-list\">\n<li class=\"has-ast-global-color-2-color has-text-color has-link-color wp-elements-d39785f64ec3e0f93b7bb48653e18221\">Kh\u1ea3 n\u0103ng t\u01b0\u01a1ng th\u00edch s\u1ea3n xu\u1ea5t: Cho ph\u00e9p s\u1ea3n xu\u1ea5t v\u1edbi kh\u1ed1i l\u01b0\u1ee3ng l\u1edbn (v\u00ed d\u1ee5: 10.000-14.000 s\u1ea3n ph\u1ea9m\/ng\u00e0y cho g\u1ea1ch \u0111\u1eb7c khi k\u1ebft h\u1ee3p v\u1edbi c\u00e1c m\u00e1y m\u00f3c t\u01b0\u01a1ng th\u00edch).<\/li>\n\n\n\n<li class=\"has-ast-global-color-2-color has-text-color has-link-color wp-elements-f5ad6d84913d52e0cd9d422e50468fd4\">Lo\u1ea1i kh\u1ed1i t\u00f9y ch\u1ec9nh: G\u1ea1ch block \u0111\u1eb7c (240x115x53mm), kh\u1ed1i ti\u00eau chu\u1ea9n (390x190x190mm), g\u1ea1ch l\u00e1t \u0111\u01b0\u1eddng (240x160x60mm), v\u1edbi c\u00e1c t\u00f9y ch\u1ecdn cho c\u00e1c bi\u1ebfn th\u1ec3 g\u1ea1ch block x\u1ed1p, g\u1ea1ch block li\u00ean k\u1ebft v\u00e0 g\u1ea1ch block vi\u1ec1n.<\/li>\n<\/ul>","protected":false},"featured_media":1869,"parent":0,"template":"","meta":{"_acf_changed":true,"site-sidebar-layout":"default","site-content-layout":"","ast-site-content-layout":"default","site-content-style":"default","site-sidebar-style":"default","ast-global-header-display":"","ast-banner-title-visibility":"","ast-main-header-display":"","ast-hfb-above-header-display":"","ast-hfb-below-header-display":"","ast-hfb-mobile-header-display":"","site-post-title":"","ast-breadcrumbs-content":"","ast-featured-img":"","footer-sml-layout":"","theme-transparent-header-meta":"","adv-header-id-meta":"","stick-header-meta":"","header-above-stick-meta":"","header-main-stick-meta":"","header-below-stick-meta":"","astra-migrate-meta-layouts":"set","ast-page-background-enabled":"default","ast-page-background-meta":{"desktop":{"background-color":"var(--ast-global-color-4)","background-image":"","background-repeat":"repeat","background-position":"center center","background-size":"auto","background-attachment":"scroll","background-type":"","background-media":"","overlay-type":"","overlay-color":"","overlay-opacity":"","overlay-gradient":""},"tablet":{"background-color":"","background-image":"","background-repeat":"repeat","background-position":"center center","background-size":"auto","background-attachment":"scroll","background-type":"","background-media":"","overlay-type":"","overlay-color":"","overlay-opacity":"","overlay-gradient":""},"mobile":{"background-color":"","background-image":"","background-repeat":"repeat","background-position":"center center","background-size":"auto","background-attachment":"scroll","background-type":"","background-media":"","overlay-type":"","overlay-color":"","overlay-opacity":"","overlay-gradient":""}},"ast-content-background-meta":{"desktop":{"background-color":"var(--ast-global-color-5)","background-image":"","background-repeat":"repeat","background-position":"center center","background-size":"auto","background-attachment":"scroll","background-type":"","background-media":"","overlay-type":"","overlay-color":"","overlay-opacity":"","overlay-gradient":""},"tablet":{"background-color":"var(--ast-global-color-5)","background-image":"","background-repeat":"repeat","background-position":"center center","background-size":"auto","background-attachment":"scroll","background-type":"","background-media":"","overlay-type":"","overlay-color":"","overlay-opacity":"","overlay-gradient":""},"mobile":{"background-color":"var(--ast-global-color-5)","background-image":"","background-repeat":"repeat","background-position":"center center","background-size":"auto","background-attachment":"scroll","background-type":"","background-media":"","overlay-type":"","overlay-color":"","overlay-opacity":"","overlay-gradient":""}}},"product-categores":[79],"class_list":["post-2321","product","type-product","status-publish","has-post-thumbnail","hentry","product-categores-brick-machine-molds"],"acf":[],"_links":{"self":[{"href":"https:\/\/www.sotopmachine.com\/vi\/wp-json\/wp\/v2\/product\/2321","targetHints":{"allow":["GET"]}}],"collection":[{"href":"https:\/\/www.sotopmachine.com\/vi\/wp-json\/wp\/v2\/product"}],"about":[{"href":"https:\/\/www.sotopmachine.com\/vi\/wp-json\/wp\/v2\/types\/product"}],"wp:featuredmedia":[{"embeddable":true,"href":"https:\/\/www.sotopmachine.com\/vi\/wp-json\/wp\/v2\/media\/1869"}],"wp:attachment":[{"href":"https:\/\/www.sotopmachine.com\/vi\/wp-json\/wp\/v2\/media?parent=2321"}],"wp:term":[{"taxonomy":"product-categores","embeddable":true,"href":"https:\/\/www.sotopmachine.com\/vi\/wp-json\/wp\/v2\/product-categores?post=2321"}],"curies":[{"name":"wp","href":"https:\/\/api.w.org\/{rel}","templated":true}]}}